{"id":10997,"date":"2022-05-27T14:27:12","date_gmt":"2022-05-27T11:27:12","guid":{"rendered":"https:\/\/www.fmsdocumentation.com\/grundlagen\/login-seite\/"},"modified":"2022-06-17T12:06:47","modified_gmt":"2022-06-17T09:06:47","slug":"login-seite","status":"publish","type":"page","link":"https:\/\/www.fmsdocumentation.com\/de\/grundlagen\/login-seite\/","title":{"rendered":"Login-Seite"},"content":{"rendered":"\n<p>Tippen Sie die Adresse in Ihren Browser ein, die von Ihrem Dienstleistungsanbieter angeboten wird, um auf die Login-Seite des Flottenmanagementsystems zuzugreifen.<\/p>\n\n<figure class=\"wp-block-image size-large\"><a href=\"https:\/\/www.fmsdocumentation.com\/wp-content\/uploads\/2019\/04\/LoginEN-1.png\"><img loading=\"lazy\" decoding=\"async\" width=\"1024\" height=\"628\" src=\"https:\/\/www.fmsdocumentation.com\/wp-content\/uploads\/2019\/04\/LoginEN-1-1024x628.png\" alt=\"\" class=\"wp-image-7473\" srcset=\"https:\/\/www.fmsdocumentation.com\/wp-content\/uploads\/2019\/04\/LoginEN-1-1024x628.png 1024w, https:\/\/www.fmsdocumentation.com\/wp-content\/uploads\/2019\/04\/LoginEN-1-300x184.png 300w, https:\/\/www.fmsdocumentation.com\/wp-content\/uploads\/2019\/04\/LoginEN-1-768x471.png 768w, https:\/\/www.fmsdocumentation.com\/wp-content\/uploads\/2019\/04\/LoginEN-1.png 1379w\" sizes=\"auto, (max-width: 1024px) 100vw, 1024px\" \/><\/a><\/figure>\n\n<p>Um sich ins FMS anzumelden, muss der Benutzer seine Anmeldedaten in die Login-Felder eingeben:<\/p>\n\n<ul class=\"wp-block-list\"><li>Benutzername oder E-Mail \u2013 der Benutzername, der vom Dienstleistungsanbieter bereitgestellt wird, oder die verifizierte E-Mail-Adresse<\/li><li>Passwort \u2013 das Passwort, das vom Dienstleistungsanbieter an den betreffenden Benutzer bereitgestellt wird. Durch das Anklicken des Augen-Symbols wird das Passwort in Textform angezeigt.<\/li><\/ul>\n\n<p>Die Login-Sitzung wird f\u00fcr 24 Stunden gespeichert. Wenn das \u201eRemember me\u201c-Markierungsfeld gekennzeichnet ist, werden bei jedem Mal, wenn FMS gestartet wird, die Login-Daten des Benutzers gespeichert<\/p>\n\n<p>Klicken Sie nach Eingabe der Login-Daten auf die Taste <strong>Anmelden<\/strong>, um in das FMS einzutreten.<\/p>\n\n<p>K\u00f6nnen Benutzer, deren E-Mail verifiziert wurde, ihr Passwort durch Anklicken von <strong>Passwort vergessen<\/strong> zur\u00fccksetzen? Nach Eingabe der verifizierten E-Mail-Adresse und anklicken von <strong>Mein Passwort zur\u00fccksetzen<\/strong>, wird der Benutzer eine E-Mail mit einem Link zum Zur\u00fccksetzen des Passworts erhalten.<\/p>\n\n<figure class=\"wp-block-image is-resized\"><a href=\"https:\/\/www.fmsdocumentation.com\/wp-content\/uploads\/2019\/04\/391.png\"><img loading=\"lazy\" decoding=\"async\" src=\"https:\/\/www.fmsdocumentation.com\/wp-content\/uploads\/2019\/04\/391.png\" alt=\"\" class=\"wp-image-7482\" width=\"580\" height=\"288\" srcset=\"https:\/\/www.fmsdocumentation.com\/wp-content\/uploads\/2019\/04\/391.png 600w, https:\/\/www.fmsdocumentation.com\/wp-content\/uploads\/2019\/04\/391-300x149.png 300w\" sizes=\"auto, (max-width: 580px) 100vw, 580px\" \/><\/a><\/figure>\n\n<p><p class=\"note\">Hinweis<br\/>Wenn der Benutzer \u00fcber nicht bezahlte Rechnungen verf\u00fcgt, wird das System den Zugriff auf das FMS sperren. Der Benutzer wird hier\u00fcber mit einer Warnmitteilung beim Login informiert. Benachrichtigungen \u00fcber anstehende Zahlungen werden auch nach dem Login ins System angezeigt. Benachrichtigungen erscheinen, wenn es noch 14 Tage bis zur n\u00e4chsten Zahlungsfrist sind. <\/p><\/p>\n\n<hr class=\"wp-block-separator\"\/>\n\n<p><div class=\"alignleft\"><a href=\"https:\/\/www.fmsdocumentation.com\/de\/grundlagen\/\" title=\"Grundlagen\"><span class=\"arrow\">\u2039 &nbsp <\/span> Grundlagen <\/a><\/div> <div class=\"alignright\"><a href=\"https:\/\/www.fmsdocumentation.com\/de\/grundlagen\/log-out\/\" title=\"Log-out\">Log-out <span class=\"arrow\"> &nbsp\u203a <\/span> <\/a><\/div><\/p>\n","protected":false},"excerpt":{"rendered":"<p>Tippen Sie die Adresse in Ihren Browser ein, die von Ihrem Dienstleistungsanbieter angeboten wird, um auf die Login-Seite des Flottenmanagementsystems zuzugreifen. Um sich ins FMS anzumelden, muss der Benutzer seine Anmeldedaten in die Login-Felder eingeben: Benutzername oder E-Mail \u2013 der Benutzername, der vom Dienstleistungsanbieter bereitgestellt wird, oder die verifizierte E-Mail-Adresse Passwort \u2013 das Passwort, das &hellip; <a href=\"https:\/\/www.fmsdocumentation.com\/de\/grundlagen\/login-seite\/\" class=\"more-link\"><span class=\"screen-reader-text\">Login-Seite<\/span> weiterlesen<\/a><\/p>\n","protected":false},"author":1,"featured_media":0,"parent":10993,"menu_order":1,"comment_status":"closed","ping_status":"closed","template":"","meta":{"footnotes":""},"class_list":["post-10997","page","type-page","status-publish","hentry"],"_links":{"self":[{"href":"https:\/\/www.fmsdocumentation.com\/de\/wp-json\/wp\/v2\/pages\/10997","targetHints":{"allow":["GET"]}}],"collection":[{"href":"https:\/\/www.fmsdocumentation.com\/de\/wp-json\/wp\/v2\/pages"}],"about":[{"href":"https:\/\/www.fmsdocumentation.com\/de\/wp-json\/wp\/v2\/types\/page"}],"author":[{"embeddable":true,"href":"https:\/\/www.fmsdocumentation.com\/de\/wp-json\/wp\/v2\/users\/1"}],"replies":[{"embeddable":true,"href":"https:\/\/www.fmsdocumentation.com\/de\/wp-json\/wp\/v2\/comments?post=10997"}],"version-history":[{"count":5,"href":"https:\/\/www.fmsdocumentation.com\/de\/wp-json\/wp\/v2\/pages\/10997\/revisions"}],"predecessor-version":[{"id":12012,"href":"https:\/\/www.fmsdocumentation.com\/de\/wp-json\/wp\/v2\/pages\/10997\/revisions\/12012"}],"up":[{"embeddable":true,"href":"https:\/\/www.fmsdocumentation.com\/de\/wp-json\/wp\/v2\/pages\/10993"}],"wp:attachment":[{"href":"https:\/\/www.fmsdocumentation.com\/de\/wp-json\/wp\/v2\/media?parent=10997"}],"curies":[{"name":"wp","href":"https:\/\/api.w.org\/{rel}","templated":true}]}}