{"id":11027,"date":"2022-05-27T16:09:22","date_gmt":"2022-05-27T13:09:22","guid":{"rendered":"https:\/\/www.fmsdocumentation.com\/grundlagen\/mobil-app\/"},"modified":"2022-05-27T16:09:23","modified_gmt":"2022-05-27T13:09:23","slug":"mobil-app","status":"publish","type":"page","link":"https:\/\/www.fmsdocumentation.com\/de\/grundlagen\/mobil-app\/","title":{"rendered":"Mobil-App"},"content":{"rendered":"<p>Es gibt eine Mobil-App, die dazu entwickelt wurde, um die Nutzung des Flottenmanagementsystems f\u00fcr Mobilbenutzer zu erleichtern. Im Grunde entspricht diese App genau der Mobilversion des Flottenmanagementsystems, das Benutzer \u00fcber den mobilen Browser sehen, aber ohne sich mit der Nutzung eines Browsers herumplagen zu m\u00fcssen. Die App stellt eine prim\u00e4re Anforderung:<\/p>\n<ul>\n<li>Eine Internetverbindung;<\/li>\n<\/ul>\n<p><a href=\"https:\/\/www.fmsdocumentation.com\/wp-content\/uploads\/2019\/03\/tt-logo-1.png\"><img loading=\"lazy\" decoding=\"async\" class=\"alignnone wp-image-7362 size-full\" src=\"https:\/\/www.fmsdocumentation.com\/wp-content\/uploads\/2019\/03\/tt-logo-1.png\" alt=\"\" width=\"300\" height=\"325\" srcset=\"https:\/\/www.fmsdocumentation.com\/wp-content\/uploads\/2019\/03\/tt-logo-1.png 300w, https:\/\/www.fmsdocumentation.com\/wp-content\/uploads\/2019\/03\/tt-logo-1-277x300.png 277w\" sizes=\"auto, (max-width: 300px) 100vw, 300px\" \/><\/a><\/p>\n<p>Mobile App-Funktionen:<\/p>\n<ul>\n<li>Die F\u00e4higkeit einen Prim\u00e4rserver des Flottenmanagementsystems einzustellen. Beschrieben im Abschnitt <a href=\"https:\/\/www.fmsdocumentation.com\/de\/nutzung-der-mobilen-app\/\">\u201eVerwendung der Mobil-App\u201c;<\/a><\/li>\n<li>Volle Funktionalit\u00e4t, identisch mit der FMS-Mobilversion. Die Beschr\u00e4nkungen der Mobilversion werden im Abschnitt<a href=\"https:\/\/www.fmsdocumentation.com\/de\/grundlagen\/beschraenkungen-der-mobilversion\/\">\u201eBeschr\u00e4nkungen der Mobil-Version\u201c<\/a> beschrieben;<\/li>\n<\/ul>\n<p>Eine kurze Beschreibung der Nutzung der Mobil-App wird im Abschnitt <a href=\"https:\/\/www.fmsdocumentation.com\/de\/nutzung-der-mobilen-app\/\">\u201eVerwendung der Mobil-App\u201c<\/a> bereitgestellt.<br \/>\n<p class=\"note\">Hinweis<br \/>\nDie Mobil-App unterst\u00fctzt keine Push-Benachrichtigungen. Folglich erscheinen Benachrichtigungen \u00fcber Nachrichten, Veranstaltungen usw. nicht auf dem Telefon des Benutzers.<\/p><\/p>\n<p>Die Mobil-App ist f\u00fcr zum Download auf <a href=\"https:\/\/play.google.com\/store\/apps\/details?id=com.ruptela.mobile.trusttrack\">Google play<\/a> verf\u00fcgbar<\/p>\n<hr>\n<p><div class=\"alignleft\"><a href=\"https:\/\/www.fmsdocumentation.com\/de\/grundlagen\/log-out\/\" title=\"Log-out\"><span class=\"arrow\">\u2039 &nbsp <\/span> Log-out <\/a><\/div> <div class=\"alignright\"><a href=\"https:\/\/www.fmsdocumentation.com\/de\/grundlagen\/beschraenkungen-der-mobilversion\/\" title=\"Beschr\u00e4nkungen der Mobilversion\">Beschr\u00e4nkungen der Mobilversion <span class=\"arrow\"> &nbsp\u203a <\/span> <\/a><\/div><\/p>\n","protected":false},"excerpt":{"rendered":"<p>Es gibt eine Mobil-App, die dazu entwickelt wurde, um die Nutzung des Flottenmanagementsystems f\u00fcr Mobilbenutzer zu erleichtern. Im Grunde entspricht diese App genau der Mobilversion des Flottenmanagementsystems, das Benutzer \u00fcber den mobilen Browser sehen, aber ohne sich mit der Nutzung eines Browsers herumplagen zu m\u00fcssen. Die App stellt eine prim\u00e4re Anforderung: Eine Internetverbindung; Mobile App-Funktionen: &hellip; <a href=\"https:\/\/www.fmsdocumentation.com\/de\/grundlagen\/mobil-app\/\" class=\"more-link\"><span class=\"screen-reader-text\">Mobil-App<\/span> weiterlesen<\/a><\/p>\n","protected":false},"author":1,"featured_media":0,"parent":10993,"menu_order":4,"comment_status":"closed","ping_status":"closed","template":"","meta":{"footnotes":""},"class_list":["post-11027","page","type-page","status-publish","hentry"],"_links":{"self":[{"href":"https:\/\/www.fmsdocumentation.com\/de\/wp-json\/wp\/v2\/pages\/11027","targetHints":{"allow":["GET"]}}],"collection":[{"href":"https:\/\/www.fmsdocumentation.com\/de\/wp-json\/wp\/v2\/pages"}],"about":[{"href":"https:\/\/www.fmsdocumentation.com\/de\/wp-json\/wp\/v2\/types\/page"}],"author":[{"embeddable":true,"href":"https:\/\/www.fmsdocumentation.com\/de\/wp-json\/wp\/v2\/users\/1"}],"replies":[{"embeddable":true,"href":"https:\/\/www.fmsdocumentation.com\/de\/wp-json\/wp\/v2\/comments?post=11027"}],"version-history":[{"count":1,"href":"https:\/\/www.fmsdocumentation.com\/de\/wp-json\/wp\/v2\/pages\/11027\/revisions"}],"predecessor-version":[{"id":11031,"href":"https:\/\/www.fmsdocumentation.com\/de\/wp-json\/wp\/v2\/pages\/11027\/revisions\/11031"}],"up":[{"embeddable":true,"href":"https:\/\/www.fmsdocumentation.com\/de\/wp-json\/wp\/v2\/pages\/10993"}],"wp:attachment":[{"href":"https:\/\/www.fmsdocumentation.com\/de\/wp-json\/wp\/v2\/media?parent=11027"}],"curies":[{"name":"wp","href":"https:\/\/api.w.org\/{rel}","templated":true}]}}