{"id":11032,"date":"2022-05-30T08:24:28","date_gmt":"2022-05-30T05:24:28","guid":{"rendered":"https:\/\/www.fmsdocumentation.com\/grundlagen\/beschraenkungen-der-mobilversion\/"},"modified":"2022-05-30T08:24:29","modified_gmt":"2022-05-30T05:24:29","slug":"beschraenkungen-der-mobilversion","status":"publish","type":"page","link":"https:\/\/www.fmsdocumentation.com\/de\/grundlagen\/beschraenkungen-der-mobilversion\/","title":{"rendered":"Beschr\u00e4nkungen der Mobilversion"},"content":{"rendered":"<p>Das Flottenmanagementsystem unterst\u00fctzt eine mobile Ansicht, die einige Beschr\u00e4nkungen aufweist. Einige Module und Funktionen, die h\u00f6here Bildschirmaufl\u00f6sungen erfordern, sind in der Mobilversion deaktiviert.<\/p>\n<p>Die deaktivierten Funktionen und Module umfassen Folgendes:<\/p>\n<ul>\n<li>Wartungsaufgaben-Modul &#8211; au\u00dfer Wartungsaufgaben, die Fahrzeugen zugewiesen sind werden im \u00dcbersichtsmodul &#8211; Bereich Wartung angezeigt ;<\/li>\n<li>Berichtsmodul;<\/li>\n<li>Eco-Driving-Modul;<\/li>\n<li>Von HCV-Fahrzeugen heruntergeladene Fahrtenschreiberdateien;<\/li>\n<li>Nach Koordinaten analysieren\u201c-Funktion in der Verlaufs\u00fcbersicht;<\/li>\n<li>Graphabschnitt in der Kraftstoff\u00fcbersicht;<\/li>\n<li>Bearbeitung von Wartungsaufgaben in der Wartungs\u00fcbersicht;<\/li>\n<li>Erstellung oder Bearbeitung von Fahrern im Fahrermen\u00fc;<\/li>\n<li>Massennachrichten im Kommunikationsmen\u00fc;<\/li>\n<li>Erstellung oder Bearbeitung von Aufgaben im Aufgabenmen\u00fc;<\/li>\n<li>Erstellung oder Bearbeitung von Geozonen im Geozonenmen\u00fc.<\/li>\n<li>Erstellung oder Bearbeitung von Ereignissen \u2013 Aktivierung\/Deaktivierung von Ereignissen ist erlaubt.<\/li>\n<\/ul>\n<p>Weitere wichtige Informationen in Bezug auf die Nutzung der Mobil-App wird im Abschnitt <a href=\"https:\/\/www.fmsdocumentation.com\/de\/nutzung-der-mobilen-app\/\">\u201eVerwendung der Mobil-App\u201c<\/a> bereitgestellt.<\/p>\n<hr>\n<p><div class=\"alignleft\"><a href=\"https:\/\/www.fmsdocumentation.com\/de\/grundlagen\/mobil-app\/\" title=\"Mobil-App\"><span class=\"arrow\">\u2039 &nbsp <\/span> Mobil-App <\/a><\/div> <div class=\"alignright\"><a href=\"https:\/\/www.fmsdocumentation.com\/de\/grundlagen\/abrechnungsplaene\/\" title=\"Abrechnungspl\u00e4ne\">Abrechnungspl\u00e4ne <span class=\"arrow\"> &nbsp\u203a <\/span> <\/a><\/div><\/p>\n","protected":false},"excerpt":{"rendered":"<p>Das Flottenmanagementsystem unterst\u00fctzt eine mobile Ansicht, die einige Beschr\u00e4nkungen aufweist. Einige Module und Funktionen, die h\u00f6here Bildschirmaufl\u00f6sungen erfordern, sind in der Mobilversion deaktiviert. Die deaktivierten Funktionen und Module umfassen Folgendes: Wartungsaufgaben-Modul &#8211; au\u00dfer Wartungsaufgaben, die Fahrzeugen zugewiesen sind werden im \u00dcbersichtsmodul &#8211; Bereich Wartung angezeigt ; Berichtsmodul; Eco-Driving-Modul; Von HCV-Fahrzeugen heruntergeladene Fahrtenschreiberdateien; Nach Koordinaten analysieren\u201c-Funktion &hellip; <a href=\"https:\/\/www.fmsdocumentation.com\/de\/grundlagen\/beschraenkungen-der-mobilversion\/\" class=\"more-link\"><span class=\"screen-reader-text\">Beschr\u00e4nkungen der Mobilversion<\/span> weiterlesen<\/a><\/p>\n","protected":false},"author":1,"featured_media":0,"parent":10993,"menu_order":5,"comment_status":"closed","ping_status":"closed","template":"","meta":{"footnotes":""},"class_list":["post-11032","page","type-page","status-publish","hentry"],"_links":{"self":[{"href":"https:\/\/www.fmsdocumentation.com\/de\/wp-json\/wp\/v2\/pages\/11032","targetHints":{"allow":["GET"]}}],"collection":[{"href":"https:\/\/www.fmsdocumentation.com\/de\/wp-json\/wp\/v2\/pages"}],"about":[{"href":"https:\/\/www.fmsdocumentation.com\/de\/wp-json\/wp\/v2\/types\/page"}],"author":[{"embeddable":true,"href":"https:\/\/www.fmsdocumentation.com\/de\/wp-json\/wp\/v2\/users\/1"}],"replies":[{"embeddable":true,"href":"https:\/\/www.fmsdocumentation.com\/de\/wp-json\/wp\/v2\/comments?post=11032"}],"version-history":[{"count":1,"href":"https:\/\/www.fmsdocumentation.com\/de\/wp-json\/wp\/v2\/pages\/11032\/revisions"}],"predecessor-version":[{"id":11033,"href":"https:\/\/www.fmsdocumentation.com\/de\/wp-json\/wp\/v2\/pages\/11032\/revisions\/11033"}],"up":[{"embeddable":true,"href":"https:\/\/www.fmsdocumentation.com\/de\/wp-json\/wp\/v2\/pages\/10993"}],"wp:attachment":[{"href":"https:\/\/www.fmsdocumentation.com\/de\/wp-json\/wp\/v2\/media?parent=11032"}],"curies":[{"name":"wp","href":"https:\/\/api.w.org\/{rel}","templated":true}]}}