{"id":11034,"date":"2022-05-30T08:37:46","date_gmt":"2022-05-30T05:37:46","guid":{"rendered":"https:\/\/www.fmsdocumentation.com\/grundlagen\/abrechnungsplaene\/"},"modified":"2022-05-30T08:37:48","modified_gmt":"2022-05-30T05:37:48","slug":"abrechnungsplaene","status":"publish","type":"page","link":"https:\/\/www.fmsdocumentation.com\/de\/grundlagen\/abrechnungsplaene\/","title":{"rendered":"Abrechnungspl\u00e4ne"},"content":{"rendered":"<p>Abrechnungspl\u00e4ne gelten individuell f\u00fcr jedes Objekt in der Flotte. Das bedeutet, dass ein Benutzer \u00fcber einige Objekte mit einem h\u00f6heren Plan verf\u00fcgen kann, w\u00e4hrend andere Objekte einen niedrigeren Plan haben. Dies ist vor allem in F\u00e4llen praktisch, in denen einige Fahrzeuge zus\u00e4tzliche Kontrolle und Aufmerksamkeit erfordert, w\u00e4hrend bei anderen eine Grund\u00fcberwachung ausreicht. Objekte (Fahrzeuge) sind in ihrer Funktionalit\u00e4t auf ihren ausgew\u00e4hlten Abrechnungspl\u00e4nen basierend beschr\u00e4nkt (oder nicht beschr\u00e4nkt). Wenn f\u00fcr ein Objekt ein h\u00f6herer Abrechnungsplan vorhanden ist, entsperrt nicht alle Premium-Funktionalit\u00e4ten f\u00fcr Objekte mit einem niedrigeren Plan.<br \/>\n<p class=\"note\">Beispiel: Objekt A hat einen Premium-Plan, w\u00e4hrend Objekt B \u00fcber einen Grundplan verf\u00fcgt. Der Benutzer wird in der Lage sein, sich einen \u00dcberblick zu verschaffen \u00fcber die Eco-Driving-Daten f\u00fcr Objekt A, aber dies wird nicht f\u00fcr Objekt B zur Verf\u00fcgung stehen, zumal das \u00d6ko-Fahrmodul nicht im Basic Plus-Plan enthalten ist.<\/p><\/p>\n<p>Derzeit gibt es sechs Abrechnungspl\u00e4ne:<\/p>\n<ul>\n<li>Basic (LC)<\/li>\n<li>Basic Plus<\/li>\n<li>Standard<\/li>\n<li>Premium<\/li>\n<li>Basic USA<\/li>\n<li>Standard USA<\/li>\n<\/ul>\n<p><p class=\"note\">Hinweis<br \/>\nAlle Funktionalit\u00e4ten eines niedrigeren Plans stehen f\u00fcr einen h\u00f6heren Plan zur Verf\u00fcgung. Der Premium-Plan wird auch alle Funktionalit\u00e4ten von Standard-, Basic Plus-, und Basic (LC)-Pl\u00e4nen enthalten.<\/p><\/p>\n<p>Eine Tabelle mit den Funktionalit\u00e4ten f\u00fcr jeden Plan wird nachfolgend dargestellt:<\/p>\n<p><a href=\"https:\/\/www.fmsdocumentation.com\/wp-content\/uploads\/2021\/03\/265LC-744x1024.png\"><img loading=\"lazy\" decoding=\"async\" class=\"alignnone wp-image-10650 size-large\" src=\"https:\/\/www.fmsdocumentation.com\/wp-content\/uploads\/2021\/03\/265LC-744x1024.png\" alt=\"\" width=\"660\" height=\"908\" srcset=\"https:\/\/www.fmsdocumentation.com\/wp-content\/uploads\/2021\/03\/265LC-744x1024.png 744w, https:\/\/www.fmsdocumentation.com\/wp-content\/uploads\/2021\/03\/265LC-218x300.png 218w, https:\/\/www.fmsdocumentation.com\/wp-content\/uploads\/2021\/03\/265LC-768x1057.png 768w, https:\/\/www.fmsdocumentation.com\/wp-content\/uploads\/2021\/03\/265LC.png 802w\" sizes=\"auto, (max-width: 660px) 100vw, 660px\" \/><\/a><\/p>\n<p>Sie k\u00f6nnen Objekte in einem Web-Benutzer mit verschiedenen Pl\u00e4nen sehen. Wenn allerdings mindestens ein Objekt mit einem BASIC (LC)-Plan (OSM-L\u00f6sung ohne Google-Maps) vorhanden ist \u2013 werden alle Objekte als BASIC (LC)-Plan angesehen und Sie werden nur die g\u00fcnstige L\u00f6sung sehen (kein Google-Maps und keine anderen Funktionalit\u00e4ten, die h\u00f6heren Pl\u00e4nen vorbehalten sind, sogar dann, wenn ein oder mehr Objekte mit einem BASIC PLUS oder h\u00f6heren Pl\u00e4nen vorhanden sind).<\/p>\n<p>Der Web-Benutzer wird Funktionalit\u00e4ten im System gem\u00e4\u00df dem h\u00f6chsten Plan seiner Objekte sehen (au\u00dfer, wenn es Objekte mit einem BASIC (LC)-Plan gibt, in diesem Fall, siehe vorherige Regel). Wenn f\u00fcr den Web-Benutzer Objekte mit verschiedenen Zahlungsplanniveaus sichtbar sind &#8211; k\u00f6nnen einige Funktionalit\u00e4ten f\u00fcr manche Objekte sichtbar f\u00fcr andere aber gesperrt sein, falls diese \u00fcber einen geringeren Zahlungsplan im Vergleich zu anderen Objekten haben, die f\u00fcr den Web-Benutzer sichtbar sind.<\/p>\n<p>Wenn der Web-Benutzer z.B. 2 BASIC PLUS-Objekte und 1 STANDARD-Objekt sieht, so wird der Web-Benutzer alle Funktionen und Tasten sehen, die im STANDARD-Plan verf\u00fcgbar sind, aber diese Funktionen\/Tasten werden nur f\u00fcr Objekte mit dem STANDARD-Plan entsperrt (alle Funktionen von PREMIUM) bleiben verborgen, bis Sie mindestens ein Objekt mit diesem Plan erwerben).<\/p>\n<p><p class=\"note\">Hinweis<br \/>\nIn F\u00e4llen, in denen ein Benutzer einen Plan f\u00fcr ein Objekt absenkt, zum Beispiel Standard zu Basic Plus, werden Daten, die f\u00fcr das Fahrzeug verf\u00fcgbar waren, als es noch \u00fcber einen h\u00f6heren Plan verf\u00fcgte, gel\u00f6scht und k\u00f6nnen nicht wiederhergestellt werden. In diesem Fall w\u00fcrde dies die Eco-Driving-Daten, Reisezusammenfassung, Geozonen und Kraftstoffberichte sowie heruntergeladene Tachodaten und Wartungsaufgaben umfassen.<\/p><\/p>\n<p>Kunden werden \u00fcber \u00fcberf\u00e4llige Zahlungen f\u00fcr Dienste \u00fcber ein Popup-Fenster direkt nach dem Einloggen ins System informiert. Dieses Fenster wird den Benutzer \u00fcber die festgelegten zeitlichen Fristen informieren, innerhalb derer Sie die Dienste bezahlen m\u00fcssen. Wenn die Zahlung nicht innerhalb des festgelegten Zeitraums durchgef\u00fchrt wird, wird der Benutzer vom Zugang zum Flottenmanagementsystem gesperrt. Um den Plan eines Objekts zu \u00e4ndern, einen unbezahlten Account zu entsperren oder bei allen anderen rechnungs- und verwaltungsbezogenen Bed\u00fcrfnissen, setzen Sie sich bitte direkt mit Ihrem Dienstleistungsanbieter in Verbindung.<\/p>\n<hr>\n<p><div class=\"alignleft\"><a href=\"https:\/\/www.fmsdocumentation.com\/de\/grundlagen\/beschraenkungen-der-mobilversion\/\" title=\"Beschr\u00e4nkungen der Mobilversion\"><span class=\"arrow\">\u2039 &nbsp <\/span> Beschr\u00e4nkungen der Mobilversion <\/a><\/div> <div class=\"alignright\"><a href=\"https:\/\/www.fmsdocumentation.com\/de\/grundlagen\/besondere-bedingungen\/\" title=\"Besondere Bedingungen\">Besondere Bedingungen <span class=\"arrow\"> &nbsp\u203a <\/span> <\/a><\/div><\/p>\n<p>&nbsp;<\/p>\n","protected":false},"excerpt":{"rendered":"<p>Abrechnungspl\u00e4ne gelten individuell f\u00fcr jedes Objekt in der Flotte. Das bedeutet, dass ein Benutzer \u00fcber einige Objekte mit einem h\u00f6heren Plan verf\u00fcgen kann, w\u00e4hrend andere Objekte einen niedrigeren Plan haben. Dies ist vor allem in F\u00e4llen praktisch, in denen einige Fahrzeuge zus\u00e4tzliche Kontrolle und Aufmerksamkeit erfordert, w\u00e4hrend bei anderen eine Grund\u00fcberwachung ausreicht. Objekte (Fahrzeuge) sind &hellip; <a href=\"https:\/\/www.fmsdocumentation.com\/de\/grundlagen\/abrechnungsplaene\/\" class=\"more-link\"><span class=\"screen-reader-text\">Abrechnungspl\u00e4ne<\/span> weiterlesen<\/a><\/p>\n","protected":false},"author":1,"featured_media":0,"parent":10993,"menu_order":6,"comment_status":"closed","ping_status":"closed","template":"","meta":{"footnotes":""},"class_list":["post-11034","page","type-page","status-publish","hentry"],"_links":{"self":[{"href":"https:\/\/www.fmsdocumentation.com\/de\/wp-json\/wp\/v2\/pages\/11034","targetHints":{"allow":["GET"]}}],"collection":[{"href":"https:\/\/www.fmsdocumentation.com\/de\/wp-json\/wp\/v2\/pages"}],"about":[{"href":"https:\/\/www.fmsdocumentation.com\/de\/wp-json\/wp\/v2\/types\/page"}],"author":[{"embeddable":true,"href":"https:\/\/www.fmsdocumentation.com\/de\/wp-json\/wp\/v2\/users\/1"}],"replies":[{"embeddable":true,"href":"https:\/\/www.fmsdocumentation.com\/de\/wp-json\/wp\/v2\/comments?post=11034"}],"version-history":[{"count":1,"href":"https:\/\/www.fmsdocumentation.com\/de\/wp-json\/wp\/v2\/pages\/11034\/revisions"}],"predecessor-version":[{"id":11041,"href":"https:\/\/www.fmsdocumentation.com\/de\/wp-json\/wp\/v2\/pages\/11034\/revisions\/11041"}],"up":[{"embeddable":true,"href":"https:\/\/www.fmsdocumentation.com\/de\/wp-json\/wp\/v2\/pages\/10993"}],"wp:attachment":[{"href":"https:\/\/www.fmsdocumentation.com\/de\/wp-json\/wp\/v2\/media?parent=11034"}],"curies":[{"name":"wp","href":"https:\/\/api.w.org\/{rel}","templated":true}]}}