{"id":11042,"date":"2022-05-30T19:05:32","date_gmt":"2022-05-30T16:05:32","guid":{"rendered":"https:\/\/www.fmsdocumentation.com\/grundlagen\/besondere-bedingungen\/"},"modified":"2022-05-30T19:05:33","modified_gmt":"2022-05-30T16:05:33","slug":"besondere-bedingungen","status":"publish","type":"page","link":"https:\/\/www.fmsdocumentation.com\/de\/grundlagen\/besondere-bedingungen\/","title":{"rendered":"Besondere Bedingungen"},"content":{"rendered":"<p>Einige der Funktionalit\u00e4ten oder Objekte k\u00f6nnen \u00fcber besondere Bedingungen oder Beschr\u00e4nkungen in Bezug auf die Nutzung des Flottenmanagementsystems verf\u00fcgen. Diese besonderen Bedingungen werden auf dieser Seite beschrieben. Bitte beachten Sie, dass nur allgemeine Bedingungen, die einen gro\u00dfen Teil des FMS betreffen, beschrieben werden, geringf\u00fcgigeren Themen werden in den entsprechenden Abschnitten angezeigt.<\/p>\n<hr>\n<h3>Anh\u00e4nger<\/h3>\n<p>K\u00fcrzlich wurden dem Flottenmanagementsystem Anh\u00e4nger hinzugef\u00fcgt. Sie werden innerhalb des Systems als Objekte angezeigt. Aber nicht alle Funktionalit\u00e4ten sind f\u00fcr Anh\u00e4nger verf\u00fcgbar. Eine Liste der Beschr\u00e4nkungen wird zur Verf\u00fcgung gestellt:<\/p>\n<ul>\n<li>Einem Anh\u00e4nger kann kein Fahrer zugewiesen werden;<\/li>\n<li>Einem Anh\u00e4nger k\u00f6nnen keine Aufgaben zugewiesen werden und Anh\u00e4nger werden bei der Auswahl \u201edas am n\u00e4chsten gelegene Fahrzeug\u201c nicht angezeigt;<\/li>\n<li>Anh\u00e4nger k\u00f6nnen im Fahrtenschreibermodul nicht ausgew\u00e4hlt werden;<\/li>\n<li>Die Kommunikation mit einem Anh\u00e4nger ist unm\u00f6glich;<\/li>\n<li>Anh\u00e4nger k\u00f6nnen im Eco-Driving-Abschnitt nicht ausgew\u00e4hlt werden;<\/li>\n<\/ul>\n<p>Andere besondere Bedingungen:<\/p>\n<ul>\n<li>Anh\u00e4nger werden einem Fahrzeug automatisch zugewiesen, sobald ein Peilsender im Fahrzeug beginnt, die Anh\u00e4nger-ID zu senden. Das System \u00fcberpr\u00fcft st\u00e4ndig, ob eine Anh\u00e4nger-ID in den Aufzeichnungen vorhanden ist.<\/li>\n<li>Zur gleichen Zeit kann nur ein Anh\u00e4nger einem Fahrzeug zugewiesen sein. Wenn eine neue Zuweisung erkannt wird, wird die vorherige Zuweisung entfernt;<\/li>\n<li>Die Zuweisung eines Anh\u00e4ngers zu einem Fahrzeug wird aufgehoben, sobald ein Datenpaket mit einer neuen Koordinate ohne vorliegender Anh\u00e4nger-ID empfangen wird.<\/li>\n<\/ul>\n<hr>\n<h3>Gruppen<\/h3>\n<p>Besondere Bedingungen gelten, wenn ein Anh\u00e4nger und ein Fahrzeug aus verschiedenen Gruppen angef\u00fcgt werden. Wenn der Benutzer von nur einer Gruppe ausw\u00e4hlt, bei der eines dieser Objekte sichtbar ist, es aber danach dem anderen angef\u00fcgt wird, werden automatisch beide Gruppen f\u00fcr die Anzeige ausgew\u00e4hlt. Die gleiche Logik gilt, wenn eine Gruppe mit einem Objekt ausgew\u00e4hlt wird, die \u00fcber ein anderes Objekt verf\u00fcgt, dass aus einer anderen Gruppe an es angef\u00fcgt ist. In diesem Fall werden beide Gruppen automatisch ausgew\u00e4hlt.<\/p>\n<hr>\n<p><div class=\"alignleft\"><a href=\"https:\/\/www.fmsdocumentation.com\/de\/grundlagen\/abrechnungsplaene\/\" title=\"Abrechnungspl\u00e4ne\"><span class=\"arrow\">\u2039 &nbsp <\/span> Abrechnungspl\u00e4ne <\/a><\/div> <div class=\"alignright\"><a href=\"https:\/\/www.fmsdocumentation.com\/de\/haupt-fms-fenster\/\" title=\"Haupt-FMS-Fenster\">Haupt-FMS-Fenster <span class=\"arrow\"> &nbsp\u203a <\/span> <\/a><\/div><\/p>\n","protected":false},"excerpt":{"rendered":"<p>Einige der Funktionalit\u00e4ten oder Objekte k\u00f6nnen \u00fcber besondere Bedingungen oder Beschr\u00e4nkungen in Bezug auf die Nutzung des Flottenmanagementsystems verf\u00fcgen. Diese besonderen Bedingungen werden auf dieser Seite beschrieben. Bitte beachten Sie, dass nur allgemeine Bedingungen, die einen gro\u00dfen Teil des FMS betreffen, beschrieben werden, geringf\u00fcgigeren Themen werden in den entsprechenden Abschnitten angezeigt. Anh\u00e4nger K\u00fcrzlich wurden dem &hellip; <a href=\"https:\/\/www.fmsdocumentation.com\/de\/grundlagen\/besondere-bedingungen\/\" class=\"more-link\"><span class=\"screen-reader-text\">Besondere Bedingungen<\/span> weiterlesen<\/a><\/p>\n","protected":false},"author":1,"featured_media":0,"parent":10993,"menu_order":7,"comment_status":"closed","ping_status":"closed","template":"","meta":{"footnotes":""},"class_list":["post-11042","page","type-page","status-publish","hentry"],"_links":{"self":[{"href":"https:\/\/www.fmsdocumentation.com\/de\/wp-json\/wp\/v2\/pages\/11042","targetHints":{"allow":["GET"]}}],"collection":[{"href":"https:\/\/www.fmsdocumentation.com\/de\/wp-json\/wp\/v2\/pages"}],"about":[{"href":"https:\/\/www.fmsdocumentation.com\/de\/wp-json\/wp\/v2\/types\/page"}],"author":[{"embeddable":true,"href":"https:\/\/www.fmsdocumentation.com\/de\/wp-json\/wp\/v2\/users\/1"}],"replies":[{"embeddable":true,"href":"https:\/\/www.fmsdocumentation.com\/de\/wp-json\/wp\/v2\/comments?post=11042"}],"version-history":[{"count":1,"href":"https:\/\/www.fmsdocumentation.com\/de\/wp-json\/wp\/v2\/pages\/11042\/revisions"}],"predecessor-version":[{"id":11043,"href":"https:\/\/www.fmsdocumentation.com\/de\/wp-json\/wp\/v2\/pages\/11042\/revisions\/11043"}],"up":[{"embeddable":true,"href":"https:\/\/www.fmsdocumentation.com\/de\/wp-json\/wp\/v2\/pages\/10993"}],"wp:attachment":[{"href":"https:\/\/www.fmsdocumentation.com\/de\/wp-json\/wp\/v2\/media?parent=11042"}],"curies":[{"name":"wp","href":"https:\/\/api.w.org\/{rel}","templated":true}]}}