{"id":11047,"date":"2022-06-05T15:19:45","date_gmt":"2022-06-05T12:19:45","guid":{"rendered":"https:\/\/www.fmsdocumentation.com\/haupt-fms-fenster\/"},"modified":"2022-06-07T20:17:34","modified_gmt":"2022-06-07T17:17:34","slug":"haupt-fms-fenster","status":"publish","type":"page","link":"https:\/\/www.fmsdocumentation.com\/de\/haupt-fms-fenster\/","title":{"rendered":"Haupt-FMS-Fenster"},"content":{"rendered":"<p>Nach einem erfolgreichen Login wird dem Benutzer das Hauptfenster des Flottenmanagementsystems angezeigt. Dieses Fenster verf\u00fcgt \u00fcber zwei Hauptsystemkomponenten und vier andere Systemtools f\u00fcr einen Schnellzugriff:<\/p>\n<ol>\n<li>Die Karte und das seitliche Navigationsfeld \u2013 beschrieben in diesem Kapitel;<\/li>\n<li>2. Die Suchleiste \u2013 beschrieben in dem Abschnitt <a href=\"https:\/\/www.fmsdocumentation.com\/de\/haupt-fms-fenster\/suchleiste\/\">\u201eSuchleiste\u201c<\/a>;<\/li>\n<li>Link zum Online-FMS-Guide;<\/li>\n<li>Web-Benutzer-Management-Bereich \u2013 dieses Symbol wird nur gezeigt, wenn ein Benutzer mit Verwaltungsrechten sich eingeloggt hat, dies wird <a href=\"https:\/\/www.fmsdocumentation.com\/de\/haupt-fms-fenster\/webuser-verwaltungskonsole\/\">hier<\/a> beschrieben;<\/li>\n<li>Alarmtaste \u2013 zeigt die tats\u00e4chliche Anzahl an ungelesenen Alarmen an, und erm\u00f6glicht dem Benutzer, sie durchzulesen, die Beschreibung finden Sie <a href=\"https:\/\/www.fmsdocumentation.com\/de\/haupt-fms-fenster\/alarme-von-objekten\/\">hier<\/a>.<\/li>\n<li>Dropdown-Auswahl, auf der der Benutzer auf die \u201eAccount-Einstellungen\u201c zugreifen kann, die <a href=\"https:\/\/www.fmsdocumentation.com\/de\/haupt-fms-fenster\/account-einstellungen\/\">hier<\/a> beschrieben werden, Zugriff auf <a href=\"https:\/\/www.fmsdocumentation.com\/de\/haupt-fms-fenster\/generierte-links\/\">generierte Links<\/a> oder Logout aus dem System.<\/li>\n<\/ol>\n<p><a href=\"https:\/\/www.fmsdocumentation.com\/wp-content\/uploads\/2017\/04\/Main-FMS-window.jpg\"><img loading=\"lazy\" decoding=\"async\" class=\"alignnone wp-image-3071 size-full\" src=\"https:\/\/www.fmsdocumentation.com\/wp-content\/uploads\/2017\/04\/Main-FMS-window.jpg\" alt=\"\" width=\"1067\" height=\"666\" srcset=\"https:\/\/www.fmsdocumentation.com\/wp-content\/uploads\/2017\/04\/Main-FMS-window.jpg 1067w, https:\/\/www.fmsdocumentation.com\/wp-content\/uploads\/2017\/04\/Main-FMS-window-300x187.jpg 300w, https:\/\/www.fmsdocumentation.com\/wp-content\/uploads\/2017\/04\/Main-FMS-window-768x479.jpg 768w, https:\/\/www.fmsdocumentation.com\/wp-content\/uploads\/2017\/04\/Main-FMS-window-1024x639.jpg 1024w\" sizes=\"auto, (max-width: 1067px) 100vw, 1067px\" \/><\/a><\/p>\n<hr>\n<h3>Karte<\/h3>\n<p>Die Karte ist ein Schl\u00fcsselelement des Flottenmanagementsystems. Auf die meisten Systemfunktionen kann direkt von hier aus zugegriffen werden. Es ist so konzipiert, dass es Ihnen dabei behilflich ist, die relevantesten Daten \u00fcber Ihre gesamte Flotte einzusehen.<\/p>\n<hr>\n<p><div class=\"alignleft\"><a href=\"https:\/\/www.fmsdocumentation.com\/de\/grundlagen\/besondere-bedingungen\/\" title=\"Besondere Bedingungen\"><span class=\"arrow\">\u2039 &nbsp <\/span> Besondere Bedingungen <\/a><\/div>  <div class=\"alignright\"><a href=\"https:\/\/www.fmsdocumentation.com\/de\/haupt-fms-fenster\/suchleiste\/\" title=\"Suchleiste\">Suchleiste <span class=\"arrow\"> &nbsp\u203a <\/span> <\/a><\/div><\/p>\n","protected":false},"excerpt":{"rendered":"<p>Nach einem erfolgreichen Login wird dem Benutzer das Hauptfenster des Flottenmanagementsystems angezeigt. Dieses Fenster verf\u00fcgt \u00fcber zwei Hauptsystemkomponenten und vier andere Systemtools f\u00fcr einen Schnellzugriff: Die Karte und das seitliche Navigationsfeld \u2013 beschrieben in diesem Kapitel; 2. Die Suchleiste \u2013 beschrieben in dem Abschnitt \u201eSuchleiste\u201c; Link zum Online-FMS-Guide; Web-Benutzer-Management-Bereich \u2013 dieses Symbol wird nur gezeigt, &hellip; <a href=\"https:\/\/www.fmsdocumentation.com\/de\/haupt-fms-fenster\/\" class=\"more-link\"><span class=\"screen-reader-text\">Haupt-FMS-Fenster<\/span> weiterlesen<\/a><\/p>\n","protected":false},"author":1,"featured_media":0,"parent":0,"menu_order":24,"comment_status":"closed","ping_status":"closed","template":"","meta":{"footnotes":""},"class_list":["post-11047","page","type-page","status-publish","hentry"],"_links":{"self":[{"href":"https:\/\/www.fmsdocumentation.com\/de\/wp-json\/wp\/v2\/pages\/11047","targetHints":{"allow":["GET"]}}],"collection":[{"href":"https:\/\/www.fmsdocumentation.com\/de\/wp-json\/wp\/v2\/pages"}],"about":[{"href":"https:\/\/www.fmsdocumentation.com\/de\/wp-json\/wp\/v2\/types\/page"}],"author":[{"embeddable":true,"href":"https:\/\/www.fmsdocumentation.com\/de\/wp-json\/wp\/v2\/users\/1"}],"replies":[{"embeddable":true,"href":"https:\/\/www.fmsdocumentation.com\/de\/wp-json\/wp\/v2\/comments?post=11047"}],"version-history":[{"count":1,"href":"https:\/\/www.fmsdocumentation.com\/de\/wp-json\/wp\/v2\/pages\/11047\/revisions"}],"predecessor-version":[{"id":11065,"href":"https:\/\/www.fmsdocumentation.com\/de\/wp-json\/wp\/v2\/pages\/11047\/revisions\/11065"}],"wp:attachment":[{"href":"https:\/\/www.fmsdocumentation.com\/de\/wp-json\/wp\/v2\/media?parent=11047"}],"curies":[{"name":"wp","href":"https:\/\/api.w.org\/{rel}","templated":true}]}}