{"id":11066,"date":"2022-06-07T20:41:17","date_gmt":"2022-06-07T17:41:17","guid":{"rendered":"https:\/\/www.fmsdocumentation.com\/haupt-fms-fenster\/suchleiste\/"},"modified":"2022-06-07T20:41:18","modified_gmt":"2022-06-07T17:41:18","slug":"suchleiste","status":"publish","type":"page","link":"https:\/\/www.fmsdocumentation.com\/de\/haupt-fms-fenster\/suchleiste\/","title":{"rendered":"Suchleiste"},"content":{"rendered":"<p>Die Suchleiste ist das zweite Schl\u00fcsselelement f\u00fcr das System. Sie verf\u00fcgt \u00fcber eine intelligente Suche nach Fahrzeug und Standort. Sie ist eine einfaches, aber trotzdem sehr leistungsstarkes Tool, das Ihnen dabei hilft, schnell jedes Objekt zu lokalisieren.<\/p>\n<hr>\n<h3>Suchlogik<\/h3>\n<p>Wenn Sie ein Schl\u00fcsselwort in die Suchleiste eingeben, sucht das System nach \u00e4hnlichen Namen unter Ihren Objekten oder Adressen innerhalb der Datenbank. Die Suche startet automatisch, wenn 3 oder mehr Zeichen eingegeben werden. Sie k\u00f6nnen so viele Schl\u00fcsselw\u00f6rter eingeben, wie Sie m\u00f6chten. Jedes Schl\u00fcsselwort ist mit einem logischen \u201eUND\u201c-Betrieb verbunden. Ergebnisse, die allen eingegebenen Schl\u00fcsselw\u00f6rtern entsprechen, werden angezeigt.<\/p>\n<hr>\n<h3>Beschreibung der Suchergebnisse<\/h3>\n<p>F\u00fcr die Abfrage wird der Name des Standortes oder der Name des Objekts verwendet. Wir geben z. B. \u201eLitauen\u201c ein. Das System zeigt zwei m\u00f6gliche S\u00e4tze an \u00dcbereinstimmungen an. Einer ist f\u00fcr die <strong>Fahrzeuge<\/strong> und der andere f\u00fcr die <strong>Adressenvorgesehen<\/strong>.<\/p>\n<p>In diesem Fall zeigt das System im Abschnitt \u201eFahrzeuge\u201c bis zu drei Fahrzeuge an, die sich in Litauen befinden. Es kann nur eine begrenzte Anzahl an Objekten gezeigt werden, daher m\u00fcssen Sie eventuell zus\u00e4tzliche Schl\u00fcsselw\u00f6rter eingeben, um die Suche einzugrenzen, wenn das erforderliche Fahrzeug nicht erscheint.<br \/>\n<p class=\"note\">Hinweis<br \/>\nDas Fahrzeug und die Standorte erscheinen in den Suchergebnissen nur dann, wenn die Schl\u00fcsselw\u00f6rter auf Englisch geschrieben werden. Die Verwendung jeder anderen Sprache wird in den Suchergebnissen nur Standorte anzeigen.<\/p><\/p>\n<p>Es gilt das Gleiche wie f\u00fcr den Abschnitt \u201eFahrzeuge\u201c Es kann erforderlich sein, zus\u00e4tzliche Schl\u00fcsselw\u00f6rter einzugeben, um einen bestimmten Standort genau zu bestimmen.<\/p>\n<p><a href=\"https:\/\/www.fmsdocumentation.com\/wp-content\/uploads\/2017\/04\/23-3.png\"><img loading=\"lazy\" decoding=\"async\" class=\"alignnone wp-image-1124 size-large\" src=\"https:\/\/www.fmsdocumentation.com\/wp-content\/uploads\/2017\/04\/23-3-1024x506.png\" alt=\"\" width=\"660\" height=\"326\" srcset=\"https:\/\/www.fmsdocumentation.com\/wp-content\/uploads\/2017\/04\/23-3-1024x506.png 1024w, https:\/\/www.fmsdocumentation.com\/wp-content\/uploads\/2017\/04\/23-3-300x148.png 300w, https:\/\/www.fmsdocumentation.com\/wp-content\/uploads\/2017\/04\/23-3-768x380.png 768w, https:\/\/www.fmsdocumentation.com\/wp-content\/uploads\/2017\/04\/23-3.png 1920w\" sizes=\"auto, (max-width: 660px) 100vw, 660px\" \/><\/a><\/p>\n<hr>\n<p><div class=\"alignleft\"><a href=\"https:\/\/www.fmsdocumentation.com\/de\/haupt-fms-fenster\/\" title=\"Haupt-FMS-Fenster\"><span class=\"arrow\">\u2039 &nbsp <\/span> Haupt-FMS-Fenster <\/a><\/div> <div class=\"alignright\"><a href=\"https:\/\/www.fmsdocumentation.com\/de\/haupt-fms-fenster\/objekt-cluster\/\" title=\"Objekt-Cluster\">Objekt-Cluster <span class=\"arrow\"> &nbsp\u203a <\/span> <\/a><\/div><\/p>\n","protected":false},"excerpt":{"rendered":"<p>Die Suchleiste ist das zweite Schl\u00fcsselelement f\u00fcr das System. Sie verf\u00fcgt \u00fcber eine intelligente Suche nach Fahrzeug und Standort. Sie ist eine einfaches, aber trotzdem sehr leistungsstarkes Tool, das Ihnen dabei hilft, schnell jedes Objekt zu lokalisieren. Suchlogik Wenn Sie ein Schl\u00fcsselwort in die Suchleiste eingeben, sucht das System nach \u00e4hnlichen Namen unter Ihren Objekten &hellip; <a href=\"https:\/\/www.fmsdocumentation.com\/de\/haupt-fms-fenster\/suchleiste\/\" class=\"more-link\"><span class=\"screen-reader-text\">Suchleiste<\/span> weiterlesen<\/a><\/p>\n","protected":false},"author":1,"featured_media":0,"parent":11047,"menu_order":1,"comment_status":"closed","ping_status":"closed","template":"","meta":{"footnotes":""},"class_list":["post-11066","page","type-page","status-publish","hentry"],"_links":{"self":[{"href":"https:\/\/www.fmsdocumentation.com\/de\/wp-json\/wp\/v2\/pages\/11066","targetHints":{"allow":["GET"]}}],"collection":[{"href":"https:\/\/www.fmsdocumentation.com\/de\/wp-json\/wp\/v2\/pages"}],"about":[{"href":"https:\/\/www.fmsdocumentation.com\/de\/wp-json\/wp\/v2\/types\/page"}],"author":[{"embeddable":true,"href":"https:\/\/www.fmsdocumentation.com\/de\/wp-json\/wp\/v2\/users\/1"}],"replies":[{"embeddable":true,"href":"https:\/\/www.fmsdocumentation.com\/de\/wp-json\/wp\/v2\/comments?post=11066"}],"version-history":[{"count":1,"href":"https:\/\/www.fmsdocumentation.com\/de\/wp-json\/wp\/v2\/pages\/11066\/revisions"}],"predecessor-version":[{"id":11071,"href":"https:\/\/www.fmsdocumentation.com\/de\/wp-json\/wp\/v2\/pages\/11066\/revisions\/11071"}],"up":[{"embeddable":true,"href":"https:\/\/www.fmsdocumentation.com\/de\/wp-json\/wp\/v2\/pages\/11047"}],"wp:attachment":[{"href":"https:\/\/www.fmsdocumentation.com\/de\/wp-json\/wp\/v2\/media?parent=11066"}],"curies":[{"name":"wp","href":"https:\/\/api.w.org\/{rel}","templated":true}]}}