{"id":11097,"date":"2022-06-09T08:55:29","date_gmt":"2022-06-09T05:55:29","guid":{"rendered":"https:\/\/www.fmsdocumentation.com\/haupt-fms-fenster\/alarme-von-objekten\/"},"modified":"2022-06-09T08:55:31","modified_gmt":"2022-06-09T05:55:31","slug":"alarme-von-objekten","status":"publish","type":"page","link":"https:\/\/www.fmsdocumentation.com\/de\/haupt-fms-fenster\/alarme-von-objekten\/","title":{"rendered":"Alarme von Objekten"},"content":{"rendered":"<p>Das Alarme-Symbol befindet sich auf dem Bildschirm oben rechts. Dieses Symbol zeigt die Anzahl aller ungelesenen Alarme f\u00fcr alle Objekte des derzeit eingeloggten Benutzers. Die Zahl in der unteren rechten Ecke des Symbols zeigt, wie viele ungelesene Alarme derzeit vorhanden sind.<\/p>\n<p><a href=\"https:\/\/www.fmsdocumentation.com\/wp-content\/uploads\/2017\/04\/11-1.png\"><img loading=\"lazy\" decoding=\"async\" class=\"alignnone size-full wp-image-3467\" src=\"https:\/\/www.fmsdocumentation.com\/wp-content\/uploads\/2017\/04\/11-1.png\" alt=\"\" width=\"1920\" height=\"170\" srcset=\"https:\/\/www.fmsdocumentation.com\/wp-content\/uploads\/2017\/04\/11-1.png 1920w, https:\/\/www.fmsdocumentation.com\/wp-content\/uploads\/2017\/04\/11-1-300x27.png 300w, https:\/\/www.fmsdocumentation.com\/wp-content\/uploads\/2017\/04\/11-1-768x68.png 768w, https:\/\/www.fmsdocumentation.com\/wp-content\/uploads\/2017\/04\/11-1-1024x91.png 1024w\" sizes=\"auto, (max-width: 1920px) 100vw, 1920px\" \/><\/a><\/p>\n<p>Durch Anklicken des Symbols wird die Alarmtafel ge\u00f6ffnet. Diese Tafel zeigt, welches Objekt ein Ereignis ausgel\u00f6st hat, welches Ereignis ausgel\u00f6st wurde und wann es ausgel\u00f6st wurde. Es ist m\u00f6glich, Alarme in drei Gruppen zu sortieren:<\/p>\n<ul>\n<li>Alle \u2013 Zeigt alle Alarme an;<\/li>\n<li>Gelesen \u2013 Zeigt nur gelesene Alarme an;<\/li>\n<li>Nicht gelesen \u2013 Zeigt nur nicht gelesene Alarme an.<\/li>\n<\/ul>\n<p><a href=\"https:\/\/www.fmsdocumentation.com\/wp-content\/uploads\/2017\/04\/12.png\"><img loading=\"lazy\" decoding=\"async\" class=\"alignnone wp-image-57 size-full\" src=\"https:\/\/www.fmsdocumentation.com\/wp-content\/uploads\/2017\/04\/12.png\" alt=\"\" width=\"385\" height=\"411\" srcset=\"https:\/\/www.fmsdocumentation.com\/wp-content\/uploads\/2017\/04\/12.png 385w, https:\/\/www.fmsdocumentation.com\/wp-content\/uploads\/2017\/04\/12-281x300.png 281w\" sizes=\"auto, (max-width: 385px) 100vw, 385px\" \/><\/a><\/p>\n<p>Eine Taste \u201eAls gelesen kennzeichnen\u201c ist rechts von den Filtern vorhanden.<\/p>\n<hr>\n<h3>Alarmfarbcode<\/h3>\n<p>Verschiedene Farbcodes werden benutzt, um Alarme in 2 Gruppen zu trennen.<\/p>\n\n<table id=\"tablepress-2\" class=\"tablepress tablepress-id-2\">\n<thead>\n<tr class=\"row-1\">\n\t<th class=\"column-1\">Color code<\/th><th class=\"column-2\">Alert condition<\/th>\n<\/tr>\n<\/thead>\n<tbody>\n<tr class=\"row-2\">\n\t<td class=\"column-1\"><img loading=\"lazy\" decoding=\"async\" src=\"http:\/\/www.fmsdocumentation.com\/wp-content\/uploads\/2017\/04\/13.png\" alt=\"\" width=\"28\" height=\"28\" class=\"aligncenter size-full wp-image-247\" \/><\/td><td class=\"column-2\">Unread alerts<\/td>\n<\/tr>\n<tr class=\"row-3\">\n\t<td class=\"column-1\"><img loading=\"lazy\" decoding=\"async\" src=\"http:\/\/www.fmsdocumentation.com\/wp-content\/uploads\/2017\/04\/14.png\" alt=\"\" width=\"28\" height=\"28\" class=\"aligncenter size-full wp-image-248\" \/><\/td><td class=\"column-2\">Read alerts<\/td>\n<\/tr>\n<\/tbody>\n<\/table>\n<!-- #tablepress-2 from cache -->\n<p>Wenn Sie auf ein Ereignis klicken, wird es als \u201eGelesen\u201c gekennzeichnet und Folgendes passiert:<\/p>\n<ul>\n<li>Die Ereignistafel \u00f6ffnet sich f\u00fcr das Objekt, welches das Ereignis ausl\u00f6ste;<\/li>\n<li>Die Karte wird auf den Punkt heranzoomen, an dem das Ereignis ausgel\u00f6st wurde.<\/li>\n<\/ul>\n<p>Die Ereignistafel wird im Abschnitt <a href=\"https:\/\/www.fmsdocumentation.com\/de\/ereignismenue\/\">\u201eEreignisse-Men\u00fc\u201c<\/a> vollst\u00e4ndig beschrieben.<\/p>\n<hr>\n<p><div class=\"alignleft\"><a href=\"https:\/\/www.fmsdocumentation.com\/de\/haupt-fms-fenster\/individuelle-objekte\/\" title=\"Individuelle Objekte\"><span class=\"arrow\">\u2039 &nbsp <\/span> Individuelle Objekte <\/a><\/div> <div class=\"alignright\"><a href=\"https:\/\/www.fmsdocumentation.com\/de\/haupt-fms-fenster\/karteneigenschaften-und-tools\/\" title=\"Karteneigenschaften und -tools\">Karteneigenschaften und -tools <span class=\"arrow\"> &nbsp\u203a <\/span> <\/a><\/div><\/p>\n","protected":false},"excerpt":{"rendered":"<p>Das Alarme-Symbol befindet sich auf dem Bildschirm oben rechts. Dieses Symbol zeigt die Anzahl aller ungelesenen Alarme f\u00fcr alle Objekte des derzeit eingeloggten Benutzers. Die Zahl in der unteren rechten Ecke des Symbols zeigt, wie viele ungelesene Alarme derzeit vorhanden sind. Durch Anklicken des Symbols wird die Alarmtafel ge\u00f6ffnet. Diese Tafel zeigt, welches Objekt ein &hellip; <a href=\"https:\/\/www.fmsdocumentation.com\/de\/haupt-fms-fenster\/alarme-von-objekten\/\" class=\"more-link\"><span class=\"screen-reader-text\">Alarme von Objekten<\/span> weiterlesen<\/a><\/p>\n","protected":false},"author":1,"featured_media":0,"parent":11047,"menu_order":5,"comment_status":"closed","ping_status":"closed","template":"","meta":{"footnotes":""},"class_list":["post-11097","page","type-page","status-publish","hentry"],"_links":{"self":[{"href":"https:\/\/www.fmsdocumentation.com\/de\/wp-json\/wp\/v2\/pages\/11097","targetHints":{"allow":["GET"]}}],"collection":[{"href":"https:\/\/www.fmsdocumentation.com\/de\/wp-json\/wp\/v2\/pages"}],"about":[{"href":"https:\/\/www.fmsdocumentation.com\/de\/wp-json\/wp\/v2\/types\/page"}],"author":[{"embeddable":true,"href":"https:\/\/www.fmsdocumentation.com\/de\/wp-json\/wp\/v2\/users\/1"}],"replies":[{"embeddable":true,"href":"https:\/\/www.fmsdocumentation.com\/de\/wp-json\/wp\/v2\/comments?post=11097"}],"version-history":[{"count":1,"href":"https:\/\/www.fmsdocumentation.com\/de\/wp-json\/wp\/v2\/pages\/11097\/revisions"}],"predecessor-version":[{"id":11101,"href":"https:\/\/www.fmsdocumentation.com\/de\/wp-json\/wp\/v2\/pages\/11097\/revisions\/11101"}],"up":[{"embeddable":true,"href":"https:\/\/www.fmsdocumentation.com\/de\/wp-json\/wp\/v2\/pages\/11047"}],"wp:attachment":[{"href":"https:\/\/www.fmsdocumentation.com\/de\/wp-json\/wp\/v2\/media?parent=11097"}],"curies":[{"name":"wp","href":"https:\/\/api.w.org\/{rel}","templated":true}]}}