{"id":11102,"date":"2022-06-09T09:36:11","date_gmt":"2022-06-09T06:36:11","guid":{"rendered":"https:\/\/www.fmsdocumentation.com\/haupt-fms-fenster\/karteneigenschaften-und-tools\/"},"modified":"2022-06-09T09:36:11","modified_gmt":"2022-06-09T06:36:11","slug":"karteneigenschaften-und-tools","status":"publish","type":"page","link":"https:\/\/www.fmsdocumentation.com\/de\/haupt-fms-fenster\/karteneigenschaften-und-tools\/","title":{"rendered":"Karteneigenschaften und -tools"},"content":{"rendered":"<p>Derzeit ist eine Auswahl von zwei Kartenquellen verf\u00fcgbar. Dies ist entweder die \u201eOSM\u201c-Weltkarte <em>(Standardoption)<\/em>oder die Karte von Google Map. Der Wechsel zwischen beiden ist einfach, klicken Sie einfach auf die gestapelten Karten im unteren rechten Bereich der Karte. Die aktuell angezeigte Karte wird ganz oben angezeigt. Der Benutzer kann aus vier Kartenarten ausw\u00e4hlen:<\/p>\n<ul>\n<li>OSM \u2013 Open Street Map;<\/li>\n<li>Satellit \u2013 Zeigt die Google-Satellitenbildkarte ohne Stra\u00dfenmarkierung an;<\/li>\n<li>Hybrid \u2013 Zeigt die Google-Satellitenbildkarte mit Stra\u00dfenmarkierungen von der Stra\u00dfenkartographierung an;<\/li>\n<li>Stra\u00dfe \u2013 Zeigt die Google-Stra\u00dfenkartographierung ohne Satellitenabbildung an.<\/li>\n<\/ul>\n\n<table id=\"tablepress-3\" class=\"tablepress tablepress-id-3\">\n<thead>\n<tr class=\"row-1\">\n\t<th class=\"column-1\">Icon<\/th><th class=\"column-2\">Description<\/th>\n<\/tr>\n<\/thead>\n<tbody>\n<tr class=\"row-2\">\n\t<td class=\"column-1\"><img loading=\"lazy\" decoding=\"async\" src=\"http:\/\/www.fmsdocumentation.com\/wp-content\/uploads\/2017\/04\/18.png\" alt=\"\" width=\"36\" height=\"63\" class=\"aligncenter size-full wp-image-252\" \/><\/td><td class=\"column-2\">Buttons to \"zoom in\" or \"zoom out\" of the map.<\/td>\n<\/tr>\n<tr class=\"row-3\">\n\t<td class=\"column-1\"><img loading=\"lazy\" decoding=\"async\" src=\"http:\/\/www.fmsdocumentation.com\/wp-content\/uploads\/2017\/04\/19.png\" alt=\"\" width=\"34\" height=\"33\" class=\"aligncenter size-full wp-image-253\" \/><\/td><td class=\"column-2\">Google \u201eStreet View\u201c. (Works on all maps, except OSM). To use Google Street View, click and hold this icon and then frag the icon to the street you want to observe. To exit Google Street View, the user must click the grey arrow located at the top right side of the screen.<\/td>\n<\/tr>\n<tr class=\"row-4\">\n\t<td class=\"column-1\"><img loading=\"lazy\" decoding=\"async\" src=\"http:\/\/www.fmsdocumentation.com\/wp-content\/uploads\/2017\/04\/20.png\" alt=\"\" width=\"32\" height=\"31\" class=\"aligncenter size-full wp-image-254\" \/><\/td><td class=\"column-2\">Traffic information. To activate this function, simply click the icon (This function works only on the Hybrid or the Street map). This function display traffic intensity  (in places where this information is available) by displaying colored lines on the map. Green and similar colors indicate low traffic intensity, while Red and darker colors indicate high traffic intensity. <\/td>\n<\/tr>\n<tr class=\"row-5\">\n\t<td class=\"column-1\"><img loading=\"lazy\" decoding=\"async\" src=\"http:\/\/www.fmsdocumentation.com\/wp-content\/uploads\/2017\/04\/21.png\" alt=\"\" width=\"32\" height=\"32\" class=\"aligncenter size-full wp-image-24\" \/><\/td><td class=\"column-2\">Routing &amp; Tasks. Clicking this icon will open the routing &amp; tasks menu on the left side of the screen. Routing &amp; Tasks menu is described in a <a href=\"https:\/\/www.fmsdocumentation.com\/routing-tasks-menu\/\">separate section<\/a>. <\/td>\n<\/tr>\n<tr class=\"row-6\">\n\t<td class=\"column-1\"><img loading=\"lazy\" decoding=\"async\" src=\"http:\/\/www.fmsdocumentation.com\/wp-content\/uploads\/2017\/04\/188.png\" alt=\"\" width=\"32\" height=\"32\" class=\"aligncenter size-full wp-image-24\" \/><\/td><td class=\"column-2\">Measure area. Clicking this icon activates the measuring tool. While it is activated, the user can mark a territory on the map (similar to how geozones are marked), by connecting several dots. Once the dots are connected, the covered territory is highlighted and additional perimeter dots appear. The user can move these dots (click &amp; drag) to change the measuring area (After moving a dot, a \"Undo\" button appears, clicking which allows to return the dot to the previous position). Moving the mouse over the highlighted area will display its size. An example is shown below.<\/td>\n<\/tr>\n<tr class=\"row-7\">\n\t<td class=\"column-1\"><img loading=\"lazy\" decoding=\"async\" src=\"http:\/\/www.fmsdocumentation.com\/wp-content\/uploads\/2017\/07\/267.png\" alt=\"\" width=\"32\" height=\"32\" class=\"aligncenter size-full wp-image-24\" \/><\/td><td class=\"column-2\">Geozones. Clicking this icon will expand the right side of the screen, where a list of all existing geozones for the current user is located. An example with a description is provided further below.<\/td>\n<\/tr>\n<\/tbody>\n<\/table>\n<!-- #tablepress-3 from cache -->\n<p><a href=\"https:\/\/www.fmsdocumentation.com\/wp-content\/uploads\/2017\/04\/189.png\"><img loading=\"lazy\" decoding=\"async\" class=\"alignnone wp-image-339 size-full\" src=\"https:\/\/www.fmsdocumentation.com\/wp-content\/uploads\/2017\/04\/189.png\" alt=\"\" width=\"765\" height=\"536\" srcset=\"https:\/\/www.fmsdocumentation.com\/wp-content\/uploads\/2017\/04\/189.png 765w, https:\/\/www.fmsdocumentation.com\/wp-content\/uploads\/2017\/04\/189-300x210.png 300w\" sizes=\"auto, (max-width: 765px) 100vw, 765px\" \/><\/a><\/p>\n<p>Wie in der vorherigen Tabelle erw\u00e4hnt, \u00f6ffnet das Anklicken der Taste \u201eGeozonen\u201c ein Seitenfenster wie unten angezeigt.<\/p>\n<p><a href=\"https:\/\/www.fmsdocumentation.com\/wp-content\/uploads\/2017\/04\/268-2.png\"><img loading=\"lazy\" decoding=\"async\" class=\"alignnone wp-image-1133 size-large\" src=\"https:\/\/www.fmsdocumentation.com\/wp-content\/uploads\/2017\/04\/268-2-1024x506.png\" alt=\"\" width=\"660\" height=\"326\" srcset=\"https:\/\/www.fmsdocumentation.com\/wp-content\/uploads\/2017\/04\/268-2-1024x506.png 1024w, https:\/\/www.fmsdocumentation.com\/wp-content\/uploads\/2017\/04\/268-2-300x148.png 300w, https:\/\/www.fmsdocumentation.com\/wp-content\/uploads\/2017\/04\/268-2-768x380.png 768w, https:\/\/www.fmsdocumentation.com\/wp-content\/uploads\/2017\/04\/268-2.png 1920w\" sizes=\"auto, (max-width: 660px) 100vw, 660px\" \/><\/a><\/p>\n<p>Hier kann der Benutzer ausw\u00e4hlen, jede beliebige Geozone auf der Karte anzuzeigen oder zu verbergen. Wenn ausgew\u00e4hlt, werden die Geozonen jetzt auf der Karte angezeigt, unabh\u00e4ngig davon, ob die Geozonen-Tafel offen ist oder nicht. Geozonen werden mit blauen Markierungen gekennzeichnet, ballonf\u00f6rmige Geozonen sind POI, w\u00e4hrend sechseckige vieleckige Geozonen sind.<\/p>\n<p><a href=\"https:\/\/www.fmsdocumentation.com\/wp-content\/uploads\/2017\/12\/301RU.png\"><img loading=\"lazy\" decoding=\"async\" class=\"alignnone size-full wp-image-4063\" src=\"https:\/\/www.fmsdocumentation.com\/wp-content\/uploads\/2017\/12\/301RU.png\" alt=\"\" width=\"483\" height=\"420\" srcset=\"https:\/\/www.fmsdocumentation.com\/wp-content\/uploads\/2017\/12\/301RU.png 483w, https:\/\/www.fmsdocumentation.com\/wp-content\/uploads\/2017\/12\/301RU-300x261.png 300w\" sizes=\"auto, (max-width: 483px) 100vw, 483px\" \/><\/a><\/p>\n<p>Wenn der Benuzer eine Geozone von der seitlichen Tafel ausw\u00e4hlt, die Karte wird automatisch Heranzoomen, um alle ausgew\u00e4hlten Geozonen auf den Bildschirm zu bringen Durch Anklicken eines Geozonen-Markers wird ein Informations-Tooltip \u00fcber die Geozone angezeigt. Der Tooltip enth\u00e4lt die folgenden Informationen:<\/p>\n<ul>\n<li>Name;<\/li>\n<li>Standort;<\/li>\n<li>Koordinaten \u2013 k\u00f6nnen kopiert werden, indem man auf sie klickt;<\/li>\n<li>Radius oder Fl\u00e4che;<\/li>\n<li>Hinweise (falls hinzugef\u00fcgt).<\/li>\n<\/ul>\n<p>Das Anklicken von \u201eGeozonen-Details\u201c wird die Geozonentafel mit detaillierten Informationen \u00fcber die Geozone \u00f6ffnen.<\/p>\n<p><a href=\"https:\/\/www.fmsdocumentation.com\/wp-content\/uploads\/2019\/06\/319.png\"><img loading=\"lazy\" decoding=\"async\" class=\"alignnone size-full wp-image-8033\" src=\"https:\/\/www.fmsdocumentation.com\/wp-content\/uploads\/2019\/06\/319.png\" alt=\"\" width=\"473\" height=\"358\" srcset=\"https:\/\/www.fmsdocumentation.com\/wp-content\/uploads\/2019\/06\/319.png 473w, https:\/\/www.fmsdocumentation.com\/wp-content\/uploads\/2019\/06\/319-300x227.png 300w\" sizes=\"auto, (max-width: 473px) 100vw, 473px\" \/><\/a><\/p>\n<p>Durch Rechtsklicken auf irgendeinen Punkt auf der Karte wird ein Popup mit den exakten Koordinaten dieses Punktes ge\u00f6ffnet. Der Benutzer kann die Koordinaten durch Anklicken kopieren oder sie zu einer <a href=\"https:\/\/www.fmsdocumentation.com\/?page_id=204\">Route<\/a> durch Anklicken von \u201ePunkt der Route hinzuf\u00fcgen\u201c hinzuf\u00fcgen.<\/p>\n<p><a href=\"https:\/\/www.fmsdocumentation.com\/wp-content\/uploads\/2018\/11\/379.png\"><img loading=\"lazy\" decoding=\"async\" class=\"alignnone wp-image-6236 size-full\" src=\"https:\/\/www.fmsdocumentation.com\/wp-content\/uploads\/2018\/11\/379.png\" alt=\"\" width=\"264\" height=\"124\"><\/a><\/p>\n<hr>\n<p><div class=\"alignleft\"><a href=\"https:\/\/www.fmsdocumentation.com\/de\/haupt-fms-fenster\/alarme-von-objekten\/\" title=\"Alarme von Objekten\"><span class=\"arrow\">\u2039 &nbsp <\/span> Alarme von Objekten <\/a><\/div> <div class=\"alignright\"><a href=\"https:\/\/www.fmsdocumentation.com\/de\/haupt-fms-fenster\/webuser-verwaltungskonsole\/\" title=\"Webuser-Verwaltungskonsole\">Webuser-Verwaltungskonsole <span class=\"arrow\"> &nbsp\u203a <\/span> <\/a><\/div><\/p>\n","protected":false},"excerpt":{"rendered":"<p>Derzeit ist eine Auswahl von zwei Kartenquellen verf\u00fcgbar. Dies ist entweder die \u201eOSM\u201c-Weltkarte (Standardoption)oder die Karte von Google Map. Der Wechsel zwischen beiden ist einfach, klicken Sie einfach auf die gestapelten Karten im unteren rechten Bereich der Karte. Die aktuell angezeigte Karte wird ganz oben angezeigt. Der Benutzer kann aus vier Kartenarten ausw\u00e4hlen: OSM \u2013 &hellip; <a href=\"https:\/\/www.fmsdocumentation.com\/de\/haupt-fms-fenster\/karteneigenschaften-und-tools\/\" class=\"more-link\"><span class=\"screen-reader-text\">Karteneigenschaften und -tools<\/span> weiterlesen<\/a><\/p>\n","protected":false},"author":1,"featured_media":0,"parent":11047,"menu_order":6,"comment_status":"closed","ping_status":"closed","template":"","meta":{"footnotes":""},"class_list":["post-11102","page","type-page","status-publish","hentry"],"_links":{"self":[{"href":"https:\/\/www.fmsdocumentation.com\/de\/wp-json\/wp\/v2\/pages\/11102","targetHints":{"allow":["GET"]}}],"collection":[{"href":"https:\/\/www.fmsdocumentation.com\/de\/wp-json\/wp\/v2\/pages"}],"about":[{"href":"https:\/\/www.fmsdocumentation.com\/de\/wp-json\/wp\/v2\/types\/page"}],"author":[{"embeddable":true,"href":"https:\/\/www.fmsdocumentation.com\/de\/wp-json\/wp\/v2\/users\/1"}],"replies":[{"embeddable":true,"href":"https:\/\/www.fmsdocumentation.com\/de\/wp-json\/wp\/v2\/comments?post=11102"}],"version-history":[{"count":0,"href":"https:\/\/www.fmsdocumentation.com\/de\/wp-json\/wp\/v2\/pages\/11102\/revisions"}],"up":[{"embeddable":true,"href":"https:\/\/www.fmsdocumentation.com\/de\/wp-json\/wp\/v2\/pages\/11047"}],"wp:attachment":[{"href":"https:\/\/www.fmsdocumentation.com\/de\/wp-json\/wp\/v2\/media?parent=11102"}],"curies":[{"name":"wp","href":"https:\/\/api.w.org\/{rel}","templated":true}]}}