{"id":11113,"date":"2022-06-09T10:01:20","date_gmt":"2022-06-09T07:01:20","guid":{"rendered":"https:\/\/www.fmsdocumentation.com\/haupt-fms-fenster\/webuser-verwaltungskonsole\/"},"modified":"2022-06-09T10:01:21","modified_gmt":"2022-06-09T07:01:21","slug":"webuser-verwaltungskonsole","status":"publish","type":"page","link":"https:\/\/www.fmsdocumentation.com\/de\/haupt-fms-fenster\/webuser-verwaltungskonsole\/","title":{"rendered":"Webuser-Verwaltungskonsole"},"content":{"rendered":"\n<p>Die Webbenutzer-Verwaltungskonsole ist nur f\u00fcr Benutzer mit Verwaltungsrechten verf\u00fcgbar. \u00dcber diese Konsole kann der Benutzer alle Webbenutzer sehen, die mit dem aktuell benutzten Konto benutzt werden. Die Hauptwebbenutzerkonsole bietet die folgenden Funktionalit\u00e4ten und Informationen:<\/p>\n\n<ul class=\"wp-block-list\"><li>Erstellung eines neuen Webbenutzers<\/li><li>Liste der Webbenutzer<\/li><li>Webbenutzer suchen<\/li><\/ul>\n\n<figure class=\"wp-block-image is-resized\"><img loading=\"lazy\" decoding=\"async\" src=\"https:\/\/www.fmsdocumentation.com\/wp-content\/uploads\/2020\/09\/252-1.png\" alt=\"\" class=\"wp-image-9851\" width=\"358\" height=\"499\" srcset=\"https:\/\/www.fmsdocumentation.com\/wp-content\/uploads\/2020\/09\/252-1.png 445w, https:\/\/www.fmsdocumentation.com\/wp-content\/uploads\/2020\/09\/252-1-215x300.png 215w\" sizes=\"auto, (max-width: 358px) 100vw, 358px\" \/><\/figure>\n\n<h2 class=\"wp-block-heading\">Erstellung eines neuen Webbenutzers<\/h2>\n\n<p>Um einen neuen Webbenutzer zu erzeugen, klicken Sie auf Neuer <strong>Webbenutzer<\/strong>. Es \u00f6ffnet sich rechts ein neues Feld, in das Sie die folgenden Details f\u00fcr den neuen Webbenutzer eingeben k\u00f6nnen.<\/p>\n\n<ul class=\"wp-block-list\"><li>Name \u2013 der Name des Webbenutzers<\/li><li>Benutzerart &#8211; Admin oder Benutzer<\/li><li>\u2022 Login \u2013 Login-Name, der beim Einloggen verwendet werden soll<\/li><li>E-Mail \u2013 die E-Mail des Webbenutzers. Ein Markierungsfeld kann unten gekennzeichnet werden, um eine E-Mail mit einem Link zu versenden, um das Passwort einzustellen.<\/li><li>Sprache \u2013 Schnittstellensprache f\u00fcr den Webbenutzer. Beachten Sie, dass dies auch die Datums- und Zahlenformatierung \u00e4ndern kann, je nach ausgew\u00e4hlter Sprache. (optional)<\/li><li>Telefon \u2013 Telefonnummer des Webbenutzers (optional)<\/li><li>Rolle \u2013 Zuweisung einer bestehenden Rolle an den Webbenutzer. F\u00fcr das Rollenmanagement kontaktieren Sie bitte den Support. (optional)<\/li><\/ul>\n\n<figure class=\"wp-block-image is-resized\"><a href=\"https:\/\/www.fmsdocumentation.com\/wp-content\/uploads\/2020\/09\/447.png\"><img loading=\"lazy\" decoding=\"async\" src=\"https:\/\/www.fmsdocumentation.com\/wp-content\/uploads\/2020\/09\/447-772x1024.png\" alt=\"\" class=\"wp-image-9852\" width=\"462\" height=\"612\" srcset=\"https:\/\/www.fmsdocumentation.com\/wp-content\/uploads\/2020\/09\/447-772x1024.png 772w, https:\/\/www.fmsdocumentation.com\/wp-content\/uploads\/2020\/09\/447-226x300.png 226w, https:\/\/www.fmsdocumentation.com\/wp-content\/uploads\/2020\/09\/447-768x1019.png 768w, https:\/\/www.fmsdocumentation.com\/wp-content\/uploads\/2020\/09\/447.png 891w\" sizes=\"auto, (max-width: 462px) 100vw, 462px\" \/><\/a><\/figure>\n\n<p>Klicken Sie, nachdem alle erforderlichen Details ausgef\u00fcllt sind, <strong>Speichern<\/strong>, um den neuen Webbenutzer hinzuzuf\u00fcgen. Um die Ver\u00e4nderungen zu verwerfen, klicken Sie auf <strong>Abbrechen<\/strong>.<\/p>\n\n<h2 class=\"wp-block-heading\">Liste der Webbenutzer<\/h2>\n\n<p>Die Liste zeigt die folgenden Informationen \u00fcber jeden Webbenutzer an:<\/p>\n\n<ul class=\"wp-block-list\"><li>Name des Webbenutzers<\/li><li>Rolle des Webbenutzers \u2013 Benutzer oder Admin, Admins haben Kronen in ihren Benuzersymbolen.<\/li><li>Die Zahl der sichtbaren Objekte f\u00fcr diesen Benutzer<\/li><\/ul>\n\n<figure class=\"wp-block-image\"><a href=\"https:\/\/www.fmsdocumentation.com\/wp-content\/uploads\/2020\/09\/448.png\"><img loading=\"lazy\" decoding=\"async\" width=\"435\" height=\"180\" src=\"https:\/\/www.fmsdocumentation.com\/wp-content\/uploads\/2020\/09\/448.png\" alt=\"\" class=\"wp-image-9853\" srcset=\"https:\/\/www.fmsdocumentation.com\/wp-content\/uploads\/2020\/09\/448.png 435w, https:\/\/www.fmsdocumentation.com\/wp-content\/uploads\/2020\/09\/448-300x124.png 300w\" sizes=\"auto, (max-width: 435px) 100vw, 435px\" \/><\/a><\/figure>\n\n<p>Gesperrte Benutzer haben einen roten Ring neben ihren Symbolen und ein Status <strong>Gesperrt<\/strong> wird angezeigt, wie auf dem Bild unten gezeigt.<\/p>\n\n<figure class=\"wp-block-image\"><a href=\"https:\/\/www.fmsdocumentation.com\/wp-content\/uploads\/2018\/08\/365.png\"><img loading=\"lazy\" decoding=\"async\" width=\"450\" height=\"89\" src=\"https:\/\/www.fmsdocumentation.com\/wp-content\/uploads\/2018\/08\/365.png\" alt=\"\" class=\"wp-image-5772\" srcset=\"https:\/\/www.fmsdocumentation.com\/wp-content\/uploads\/2018\/08\/365.png 450w, https:\/\/www.fmsdocumentation.com\/wp-content\/uploads\/2018\/08\/365-300x59.png 300w\" sizes=\"auto, (max-width: 450px) 100vw, 450px\" \/><\/a><\/figure>\n\n<p>Durch Anklicken eines Benutzers auf der Liste, wird das Feld erweitert, um zus\u00e4tzliche Informationen und Einstellungen anzuzeigen, wie z. B.:<\/p>\n\n<ul class=\"wp-block-list\"><li>Name des Webbenutzers<\/li><li>Benutzerart &#8211; Admin oder Benutzer<\/li><li>Login \u2013 Login-Name, der beim Einloggen verwendet werden soll<\/li><li>E-Mail \u2013 mit dem Benutzer verbundene E-Mail. Eine Status-Taste neben der E-Mail zeigt an, ob sie verifiziert ist <img loading=\"lazy\" decoding=\"async\" width=\"20\" height=\"20\" class=\"alignnone wp-image-9848\" src=\"https:\/\/www.fmsdocumentation.com\/wp-content\/uploads\/2020\/09\/check-1.png\" alt=\"\"\/> oder nicht <img loading=\"lazy\" decoding=\"async\" width=\"20\" height=\"20\" class=\"alignnone wp-image-9849\" src=\"https:\/\/www.fmsdocumentation.com\/wp-content\/uploads\/2020\/09\/warning.png\" alt=\"\"\/>.<\/li><li>Sprache \u2013 Schnittstellensprache des Webbenutzers<\/li><li>Telefon \u2013 Telefonnummer des Webbenutzers<\/li><li>Erstellungsdatum \u2013 Datum &amp; Uhrzeit der Erstellung des Benutzers<\/li><li>Dem Benutzer zugewiesene Fahrzeuggruppen<\/li><li>Eine Umschaltleiste f\u00fcr den API-Schl\u00fcsselzugang. Wenn aktiviert, wird der Benutzer in der Lage sein, API-Schl\u00fcssel zu erstellen, wie in <a href=\"https:\/\/www.fmsdocumentation.com\/de\/haupt-fms-fenster\/account-einstellungen\/\">Account-Einstellungen<\/a>beschrieben.<\/li><\/ul>\n\n<p><a href=\"https:\/\/www.fmsdocumentation.com\/wp-content\/uploads\/2020\/09\/253.png\"><img loading=\"lazy\" decoding=\"async\" class=\"alignnone wp-image-9854 \" src=\"https:\/\/www.fmsdocumentation.com\/wp-content\/uploads\/2020\/09\/253.png\" alt=\"\" width=\"540\" height=\"483\" srcset=\"https:\/\/www.fmsdocumentation.com\/wp-content\/uploads\/2020\/09\/253.png 895w, https:\/\/www.fmsdocumentation.com\/wp-content\/uploads\/2020\/09\/253-300x268.png 300w, https:\/\/www.fmsdocumentation.com\/wp-content\/uploads\/2020\/09\/253-768x687.png 768w\" sizes=\"auto, (max-width: 540px) 100vw, 540px\" \/><\/a><br\/><p class=\"note\">Hinweis<br\/>Wenn dem Benutzer keine Fahrzeuggruppe zugewiesen ist, werden f\u00fcr diesen Benutzer alle Fahrzeuge sichtbar werden.<\/p><\/p>\n\n<p>Sie k\u00f6nnen in Bezug auf einen vorhandenen Benutzer <strong>k\u00f6nnen Fahrzeuggruppen zuweisen oder die Zuweisung aufheben<\/strong>, klicken Sie hierf\u00fcr auf das Symbol <strong>+<\/strong> in der Reihe Fahrzeuggruppen.<\/p>\n\n<figure class=\"wp-block-image\"><a href=\"https:\/\/www.fmsdocumentation.com\/wp-content\/uploads\/2017\/06\/254.png\"><img loading=\"lazy\" decoding=\"async\" width=\"360\" height=\"71\" src=\"https:\/\/www.fmsdocumentation.com\/wp-content\/uploads\/2017\/06\/254.png\" alt=\"\" class=\"wp-image-782\" srcset=\"https:\/\/www.fmsdocumentation.com\/wp-content\/uploads\/2017\/06\/254.png 360w, https:\/\/www.fmsdocumentation.com\/wp-content\/uploads\/2017\/06\/254-300x59.png 300w\" sizes=\"auto, (max-width: 360px) 100vw, 360px\" \/><\/a><\/figure>\n\n<p>Dies wird ein neues Fenster mit einer Liste aller Fahrzeuggruppen \u00f6ffnen, die f\u00fcr dieses Konto erstellt wurden. Um die Gruppen schnell zu durchsuchen wurde eine Suchleiste eingesetzt, die die Liste mit jedem eingegebenen Buchstaben filtern wird.<\/p>\n\n<p>Wenn eine Gruppe bereits dem Benutzer zugewiesen wurde, wird diese mit einem blauen H\u00e4kchen gekennzeichnet. Um mehr Fahrzeuggruppen zuzuweisen, setzen Sie einfach H\u00e4kchen in die N\u00e4he er Gruppen, die Sie dem Benutzer zuweisen m\u00f6chten. Um die Zuweisung einer Gruppe aufzuheben, entfernen Sie das H\u00e4kchen einfach. Sie k\u00f6nnen auch ein H\u00e4kchen bei <strong>Alle ausw\u00e4hlen<\/strong> setzen, um alle Fahrzeuge zuzuweisen oder die Zuweisung aufzuheben. Nach allen Ver\u00e4nderungen muss die Taste <strong>Fertig<\/strong> angeklickt werden, um die Ver\u00e4nderungen zu speichern.<\/p>\n\n<figure class=\"wp-block-image is-resized\"><a href=\"https:\/\/www.fmsdocumentation.com\/wp-content\/uploads\/2020\/09\/255.png\"><img loading=\"lazy\" decoding=\"async\" src=\"https:\/\/www.fmsdocumentation.com\/wp-content\/uploads\/2020\/09\/255.png\" alt=\"\" class=\"wp-image-9855\" width=\"485\" height=\"405\" srcset=\"https:\/\/www.fmsdocumentation.com\/wp-content\/uploads\/2020\/09\/255.png 913w, https:\/\/www.fmsdocumentation.com\/wp-content\/uploads\/2020\/09\/255-300x251.png 300w, https:\/\/www.fmsdocumentation.com\/wp-content\/uploads\/2020\/09\/255-768x643.png 768w\" sizes=\"auto, (max-width: 485px) 100vw, 485px\" \/><\/a><\/figure>\n\n<p>Um Ver\u00e4nderungen zu verwerfen, klicken Sie entweder auf die Taste <strong>Abbrechen<\/strong> oder klicken Sie einfach irgendwo au\u00dferhalb des Zuweisungsfensters.<\/p>\n\n<p>Die Zuweisung der Fahrzeuggruppe wird im <a href=\"https:\/\/www.fmsdocumentation.com\/de\/flottenstatusmenue\/\">\u00dcbersichtsmen\u00fc<\/a>beschrieben.<\/p>\n\n<p>Sie k\u00f6nnen bestehende Webbenutzer auch bearbeiten oder l\u00f6schen. Klicken Sie zum Bearbeiten <strong>Bearbeiten<\/strong> unten auf dem erweiterten Benutzerinformationen-Fenster. Sie werden zu einem Feld gef\u00fchrt, dass dem Feld <strong>Neuer Webbenutzer<\/strong>\u00e4hnelt. Nach der Ausf\u00fchrung von Ver\u00e4nderungen, klicken Sie auf <strong>Speichern<\/strong> oder auf <strong>Abbrechen<\/strong>, um die Ver\u00e4nderungen zu speichern bzw. zu verwerfen. Klicken Sie zum <strong>L\u00f6schen<\/strong>eines Webbenutzers L\u00f6schen unten auf dem erweiterten Benutzerinformationen-Fenster.<\/p>\n\n<figure class=\"wp-block-image is-resized\"><a href=\"https:\/\/www.fmsdocumentation.com\/wp-content\/uploads\/2020\/09\/449.png\"><img loading=\"lazy\" decoding=\"async\" src=\"https:\/\/www.fmsdocumentation.com\/wp-content\/uploads\/2020\/09\/449-775x1024.png\" alt=\"\" class=\"wp-image-9856\" width=\"427\" height=\"564\" srcset=\"https:\/\/www.fmsdocumentation.com\/wp-content\/uploads\/2020\/09\/449-775x1024.png 775w, https:\/\/www.fmsdocumentation.com\/wp-content\/uploads\/2020\/09\/449-227x300.png 227w, https:\/\/www.fmsdocumentation.com\/wp-content\/uploads\/2020\/09\/449-768x1015.png 768w, https:\/\/www.fmsdocumentation.com\/wp-content\/uploads\/2020\/09\/449.png 896w\" sizes=\"auto, (max-width: 427px) 100vw, 427px\" \/><\/a><\/figure>\n\n<h2 class=\"wp-block-heading\">Webbenutzer suchen<\/h2>\n\n<p>Um Webbenutzer zu finden, fangen Sie an, den Namen des Benutzers in die Suchleiste einzugeben, die sich \u00fcber der Benutzerliste befindet. Die Liste wird noch w\u00e4hrend Sie eintippen aktualisiert und gefiltert.<\/p>\n\n<figure class=\"wp-block-image is-resized\"><a href=\"https:\/\/www.fmsdocumentation.com\/wp-content\/uploads\/2020\/09\/450.png\"><img loading=\"lazy\" decoding=\"async\" src=\"https:\/\/www.fmsdocumentation.com\/wp-content\/uploads\/2020\/09\/450.png\" alt=\"\" class=\"wp-image-9857\" width=\"340\" height=\"346\" srcset=\"https:\/\/www.fmsdocumentation.com\/wp-content\/uploads\/2020\/09\/450.png 448w, https:\/\/www.fmsdocumentation.com\/wp-content\/uploads\/2020\/09\/450-295x300.png 295w\" sizes=\"auto, (max-width: 340px) 100vw, 340px\" \/><\/a><\/figure>\n\n<hr class=\"wp-block-separator\"\/>\n\n<p><div class=\"alignleft\"><a href=\"https:\/\/www.fmsdocumentation.com\/de\/haupt-fms-fenster\/karteneigenschaften-und-tools\/\" title=\"Karteneigenschaften und -tools\"><span class=\"arrow\">\u2039 &nbsp <\/span> Karteneigenschaften und -tools <\/a><\/div> <div class=\"alignright\"><a href=\"https:\/\/www.fmsdocumentation.com\/de\/haupt-fms-fenster\/account-einstellungen\/\" title=\"Account-Einstellungen\">Account-Einstellungen <span class=\"arrow\"> &nbsp\u203a <\/span> <\/a><\/div><\/p>\n","protected":false},"excerpt":{"rendered":"<p>Die Webbenutzer-Verwaltungskonsole ist nur f\u00fcr Benutzer mit Verwaltungsrechten verf\u00fcgbar. \u00dcber diese Konsole kann der Benutzer alle Webbenutzer sehen, die mit dem aktuell benutzten Konto benutzt werden. Die Hauptwebbenutzerkonsole bietet die folgenden Funktionalit\u00e4ten und Informationen: Erstellung eines neuen Webbenutzers Liste der Webbenutzer Webbenutzer suchen Erstellung eines neuen Webbenutzers Um einen neuen Webbenutzer zu erzeugen, klicken Sie &hellip; <a href=\"https:\/\/www.fmsdocumentation.com\/de\/haupt-fms-fenster\/webuser-verwaltungskonsole\/\" class=\"more-link\"><span class=\"screen-reader-text\">Webuser-Verwaltungskonsole<\/span> weiterlesen<\/a><\/p>\n","protected":false},"author":1,"featured_media":0,"parent":11047,"menu_order":7,"comment_status":"closed","ping_status":"closed","template":"","meta":{"footnotes":""},"class_list":["post-11113","page","type-page","status-publish","hentry"],"_links":{"self":[{"href":"https:\/\/www.fmsdocumentation.com\/de\/wp-json\/wp\/v2\/pages\/11113","targetHints":{"allow":["GET"]}}],"collection":[{"href":"https:\/\/www.fmsdocumentation.com\/de\/wp-json\/wp\/v2\/pages"}],"about":[{"href":"https:\/\/www.fmsdocumentation.com\/de\/wp-json\/wp\/v2\/types\/page"}],"author":[{"embeddable":true,"href":"https:\/\/www.fmsdocumentation.com\/de\/wp-json\/wp\/v2\/users\/1"}],"replies":[{"embeddable":true,"href":"https:\/\/www.fmsdocumentation.com\/de\/wp-json\/wp\/v2\/comments?post=11113"}],"version-history":[{"count":1,"href":"https:\/\/www.fmsdocumentation.com\/de\/wp-json\/wp\/v2\/pages\/11113\/revisions"}],"predecessor-version":[{"id":11114,"href":"https:\/\/www.fmsdocumentation.com\/de\/wp-json\/wp\/v2\/pages\/11113\/revisions\/11114"}],"up":[{"embeddable":true,"href":"https:\/\/www.fmsdocumentation.com\/de\/wp-json\/wp\/v2\/pages\/11047"}],"wp:attachment":[{"href":"https:\/\/www.fmsdocumentation.com\/de\/wp-json\/wp\/v2\/media?parent=11113"}],"curies":[{"name":"wp","href":"https:\/\/api.w.org\/{rel}","templated":true}]}}