{"id":11133,"date":"2022-06-09T10:58:27","date_gmt":"2022-06-09T07:58:27","guid":{"rendered":"https:\/\/www.fmsdocumentation.com\/haupt-fms-fenster\/account-einstellungen\/"},"modified":"2022-06-09T10:58:28","modified_gmt":"2022-06-09T07:58:28","slug":"account-einstellungen","status":"publish","type":"page","link":"https:\/\/www.fmsdocumentation.com\/de\/haupt-fms-fenster\/account-einstellungen\/","title":{"rendered":"Account-Einstellungen"},"content":{"rendered":"\n<p>Die Account-Einstellungen erm\u00f6glichen die Ver\u00e4nderung einiger allgemeiner Einstellungen, die einige der gezeigten Daten innerhalb des Flottenmanagementsystems betreffen. Die folgenden Einstellungen k\u00f6nnen modifiziert werden:<\/p>\n<hr class=\"wp-block-separator\">\n\n<h3 class=\"wp-block-heading\">Account<\/h3>\n\n<p>Die Account-Seite erm\u00f6glicht es Ihnen, Ihre E-Mail anzusehen und Ihr Passwort zu \u00e4ndern.<\/p>\n\n<figure class=\"wp-block-image is-resized\"><a href=\"https:\/\/www.fmsdocumentation.com\/wp-content\/uploads\/2020\/11\/433.png\"><img loading=\"lazy\" decoding=\"async\" class=\"alignnone wp-image-10451 \" src=\"https:\/\/www.fmsdocumentation.com\/wp-content\/uploads\/2020\/11\/433-1024x518.png\" alt=\"\" width=\"652\" height=\"330\" srcset=\"https:\/\/www.fmsdocumentation.com\/wp-content\/uploads\/2020\/11\/433-1024x518.png 1024w, https:\/\/www.fmsdocumentation.com\/wp-content\/uploads\/2020\/11\/433-300x152.png 300w, https:\/\/www.fmsdocumentation.com\/wp-content\/uploads\/2020\/11\/433-768x389.png 768w, https:\/\/www.fmsdocumentation.com\/wp-content\/uploads\/2020\/11\/433-1536x778.png 1536w, https:\/\/www.fmsdocumentation.com\/wp-content\/uploads\/2020\/11\/433-2048x1037.png 2048w\" sizes=\"auto, (max-width: 652px) 100vw, 652px\" \/><\/a><\/figure>\n\n<p>Um Ihr Passwort zu \u00e4ndern, klicken Sie auf den Link <strong>Passwort \u00e4ndern<\/strong>. Ein neues Fenster erscheint, das Sie auffordert, Ihr aktuelles und Ihr neues Passwort einzugeben.<\/p>\n\n<ul class=\"wp-block-list\"><li>Aktuelles Passwort \u2013 geben Sie das aktuelle Passwort ein, das Sie benutzen, um sich einzuloggen.<\/li><li>Neues Passwort \u2013 geben Sie ein neues Passwort f\u00fcr Ihr Konto ein. Es darf nicht mit Ihrem aktuellen Passwort identisch sein und muss die nachfolgend aufgef\u00fchrten Anforderungen f\u00fcr Passw\u00f6rter erf\u00fcllen.<\/li><li>Neues Passwort erneut eingeben \u2013 geben Sie Ihr neues Passwort noch einmal ein. Es muss mit dem zuvor eingegeben Passwort \u00fcbereinstimmen.<\/li><\/ul>\n\n<figure class=\"wp-block-image is-resized\"><img loading=\"lazy\" decoding=\"async\" src=\"https:\/\/www.fmsdocumentation.com\/wp-content\/uploads\/2020\/08\/434.png\" alt=\"\" class=\"wp-image-9269\" width=\"409\" height=\"599\" srcset=\"https:\/\/www.fmsdocumentation.com\/wp-content\/uploads\/2020\/08\/434.png 502w, https:\/\/www.fmsdocumentation.com\/wp-content\/uploads\/2020\/08\/434-205x300.png 205w\" sizes=\"auto, (max-width: 409px) 100vw, 409px\" \/><\/figure>\n\n<p>Klicken Sie, nachdem alle drei Felder gef\u00fcllt sind, auf die Taste <strong>Passwort \u00e4ndern<\/strong>. Wenn alle Informationen korrekt eingegeben wurden, wird Ihr Passwort ge\u00e4ndert. Klicken Sie auf <strong>Schlie\u00dfen<\/strong>, um die Durchf\u00fchrung von Ver\u00e4nderungen zu beenden.<\/p>\n\n<hr class=\"wp-block-separator\"\/>\n\n<h3 class=\"wp-block-heading\">Systemkonfiguration<\/h3>\n\n<ul class=\"wp-block-list\"><li>Systemlokalisierung \u2013 kann nach Land eingestellt werden. Eine Suchleiste wird eingesetzt, um dabei zu helfen, ein Land schnell zu finden. Diese Lokalisierung wird insbesondere f\u00fcr Google Maps verwendet, um sicherzustellen, dass die Einstellung mit den Gesetzen und Bestimmungen der ausgew\u00e4hlten L\u00e4nder \u00fcbereinstimmt. Wenn diese Einstellung nicht vorgenommen wird, synchronisiert das System die Lokalisierungseinstellungen vom Login-Computer bei jedem Login. Sobald die Lokalisierung ausgew\u00e4hlt ist, wird die automatische Synchronisierung beendet.<\/li><li>Zeitzonen \u2013 diese Einstellungen erm\u00f6glichen es dem Benutzer, seine derzeitige Zeitzone auszuw\u00e4hlen. Sobald die Zeitzone eingestellt ist, passt das System die empfangenen Aufzeichnungen an, damit sie der ausgew\u00e4hlten Zeitzone entsprechen.<\/li><li>Systemsprache \u2013 der Benutzer kann die Systemsprache ausw\u00e4hlen. Das System wird das entsprechende Datenformat gem\u00e4\u00df der ausgew\u00e4hlten Sprache automatisch anzeigen.<\/li><li>Ma\u00dfeinheit \u2013 hier kann der Benutzer ausw\u00e4hlen, in welchem Format die Einheiten innerhalb des Systems angezeigt werden. Es k\u00f6nnen britische, metrische Einheiten, metrische Einheiten mit Verbrauchsangabe in km\/l oder US-Standardeinheiten ausgew\u00e4hlt werden.<\/li><\/ul>\n\n<figure class=\"wp-block-image is-resized\"><a href=\"https:\/\/www.fmsdocumentation.com\/wp-content\/uploads\/2020\/11\/273.png\"><img loading=\"lazy\" decoding=\"async\" class=\"alignnone wp-image-10452 \" src=\"https:\/\/www.fmsdocumentation.com\/wp-content\/uploads\/2020\/11\/273-1024x518.png\" alt=\"\" width=\"652\" height=\"330\" srcset=\"https:\/\/www.fmsdocumentation.com\/wp-content\/uploads\/2020\/11\/273-1024x518.png 1024w, https:\/\/www.fmsdocumentation.com\/wp-content\/uploads\/2020\/11\/273-300x152.png 300w, https:\/\/www.fmsdocumentation.com\/wp-content\/uploads\/2020\/11\/273-768x389.png 768w, https:\/\/www.fmsdocumentation.com\/wp-content\/uploads\/2020\/11\/273-1536x777.png 1536w, https:\/\/www.fmsdocumentation.com\/wp-content\/uploads\/2020\/11\/273-2048x1036.png 2048w\" sizes=\"auto, (max-width: 652px) 100vw, 652px\" \/><\/a><\/figure>\n\n<p>Nachdem Ver\u00e4nderungen vorgenommen wurden, muss die Taste <strong>Speichern<\/strong> angeklickt werden, da ansonsten die Ver\u00e4nderungen verworfen werden, wenn der Benutzer die Seite verl\u00e4sst. Wenn der Benutzer versucht, die Seite nach der Durchf\u00fchrung von Ver\u00e4nderungen zu verlassen, ohne sie zu speichern, erscheint ein Popup-Fenster, das den Benutzer \u00fcber die nicht gespeicherten Ver\u00e4nderungen informiert.<\/p>\n\n<hr class=\"wp-block-separator\"\/>\n\n<h3 class=\"wp-block-heading\">Karteneinstellungen<\/h3>\n\n<p>Die Karteneinstellungen erlauben die Ver\u00e4nderung einiger Anzeigefunktionen auf der Karte. Die folgenden Optionen k\u00f6nnen modifiziert werden:<\/p>\n\n<ul class=\"wp-block-list\"><li>Cluster-Fahrzeugmarkierungen \u2013 aktiviert\/deaktiviert die Anzeige von Clustern auf der Karte;<\/li><li>Fahrzeuge sind in Cluster gepackt bis \u2013 diese Einstellung definiert, bei welcher Zoom-Ebene ein Cluster angezeigt wird, je kleiner die Zahl, umso n\u00e4her die Zoom-Ebene. Das Beispielfenster neben der Einstellung zeigt die Zahl der aktuellen Zoom-Ebene, die es dem Benutzer erm\u00f6glicht, die Zoom-Ebene einzustellen;<\/li><li>Symbol in Fahrzeugmarkierung zeigen \u2013 aktiviert\/deaktiviert die Anzeige des Fahrzeugtyps auf der Karte;<\/li><li>Name in Fahrzeugmarkierung zeigen \u2013 aktiviert\/deaktiviert die Anzeige des Fahrzeugnamens auf der Karte;<\/li><li>Kompakte Fahrzeugmarkierungen \u2013 aktiviert\/deaktiviert die Anzeige von kleineren und kompakteren Fahrzeugsymbolen auf der Karte.<\/li><li>Geozonenmarkierungen zeigen \u2013 aktiviert\/deaktiviert die Anzeige von Geozonen auf der Karte.<\/li><\/ul>\n\n<p><p class=\"note\">Hinweis<br\/>Man kann sich alle Ver\u00e4nderungen auf der Minikarte neben den Einstellungen ansehen.<\/p><\/p>\n\n<figure class=\"wp-block-image is-resized\"><a href=\"https:\/\/www.fmsdocumentation.com\/wp-content\/uploads\/2020\/11\/290.png\"><img loading=\"lazy\" decoding=\"async\" class=\"alignnone wp-image-10453 \" src=\"https:\/\/www.fmsdocumentation.com\/wp-content\/uploads\/2020\/11\/290-1024x516.png\" alt=\"\" width=\"632\" height=\"319\" srcset=\"https:\/\/www.fmsdocumentation.com\/wp-content\/uploads\/2020\/11\/290-1024x516.png 1024w, https:\/\/www.fmsdocumentation.com\/wp-content\/uploads\/2020\/11\/290-300x151.png 300w, https:\/\/www.fmsdocumentation.com\/wp-content\/uploads\/2020\/11\/290-768x387.png 768w, https:\/\/www.fmsdocumentation.com\/wp-content\/uploads\/2020\/11\/290-1536x775.png 1536w, https:\/\/www.fmsdocumentation.com\/wp-content\/uploads\/2020\/11\/290-2048x1033.png 2048w\" sizes=\"auto, (max-width: 632px) 100vw, 632px\" \/><\/a><\/figure>\n\n<p>Nachdem alle Ver\u00e4nderungen vorgenommen sind, muss die Taste <strong>Speichern<\/strong> angeklickt werden. Wenn Ver\u00e4nderungen vorgenommen werden und der Benutzer sich entscheidet, die Seite zu verlassen, erscheint ein Warnfenster, das den Benutzer \u00fcber nicht gespeicherte Ver\u00e4nderungen informiert.<\/p>\n\n<hr class=\"wp-block-separator\"\/>\n\n<h3 class=\"wp-block-heading\">Adresseinstellungen<\/h3>\n\n<p>Die <strong>Adresseinstellungen<\/strong> erm\u00f6glichen die Ver\u00e4nderung dessen, wie einige der Adressinformationen im System angezeigt werden.<\/p>\n\n<figure class=\"wp-block-image is-resized\"><a href=\"https:\/\/www.fmsdocumentation.com\/wp-content\/uploads\/2020\/11\/320.png\"><img loading=\"lazy\" decoding=\"async\" class=\"alignnone wp-image-10454 \" src=\"https:\/\/www.fmsdocumentation.com\/wp-content\/uploads\/2020\/11\/320-1024x520.png\" alt=\"\" width=\"652\" height=\"331\" srcset=\"https:\/\/www.fmsdocumentation.com\/wp-content\/uploads\/2020\/11\/320-1024x520.png 1024w, https:\/\/www.fmsdocumentation.com\/wp-content\/uploads\/2020\/11\/320-300x152.png 300w, https:\/\/www.fmsdocumentation.com\/wp-content\/uploads\/2020\/11\/320-768x390.png 768w, https:\/\/www.fmsdocumentation.com\/wp-content\/uploads\/2020\/11\/320-1536x780.png 1536w, https:\/\/www.fmsdocumentation.com\/wp-content\/uploads\/2020\/11\/320-2048x1040.png 2048w\" sizes=\"auto, (max-width: 652px) 100vw, 652px\" \/><\/a><\/figure>\n\n<p>Insbesondere kann der Benutzer ausw\u00e4hlen, wie der aktuelle Standort der Fahrzeuge in den Berichten (lange Adresse) und die Fahrzeugliste (kurze Adresse) angezeigt wird.<\/p>\n\n<p>Eine lange Adresse kann bestehen aus:<\/p>\n\n<ul class=\"wp-block-list\"><li>Nur Adresse \u2013 zeigt in Berichten nur die Adresse des Fahrzeugs an;<\/li><li>Nur Geozonen \u2013 zeigt in Berichten nur die Geozone(n) des Fahrzeugs an. Wenn das Fahrzeug nicht in einer Geozone war, ist das Feld leer;<\/li><li>Adresse und Geozonen \u2013 zeigt sowohl Adressen als auch Geozonen in Berichten an.<\/li><\/ul>\n\n<p>Beispiele f\u00fcr den gleichen Bericht anzeigen: <strong>Adresse nur ganz oben anzeigen, Geozone nur in der Mitte anzeigen, Adresse und Geozone unten anzeigen.<\/strong><\/p>\n\n<figure class=\"wp-block-image is-resized\"><a href=\"https:\/\/www.fmsdocumentation.com\/wp-content\/uploads\/2018\/02\/326.png\"><img loading=\"lazy\" decoding=\"async\" src=\"https:\/\/www.fmsdocumentation.com\/wp-content\/uploads\/2018\/02\/326-1024x444.png\" alt=\"\" class=\"wp-image-4411\" width=\"580\" height=\"251\" srcset=\"https:\/\/www.fmsdocumentation.com\/wp-content\/uploads\/2018\/02\/326-1024x444.png 1024w, https:\/\/www.fmsdocumentation.com\/wp-content\/uploads\/2018\/02\/326-300x130.png 300w, https:\/\/www.fmsdocumentation.com\/wp-content\/uploads\/2018\/02\/326-768x333.png 768w, https:\/\/www.fmsdocumentation.com\/wp-content\/uploads\/2018\/02\/326.png 1276w\" sizes=\"auto, (max-width: 580px) 100vw, 580px\" \/><\/a><\/figure>\n\n<p>Eine kurze Adresse kann bestehen aus:<\/p>\n\n<ul class=\"wp-block-list\"><li>Nur Adresse \u2013 zeigt die Adresse des Fahrzeugs auf der Fahrzeugliste im Flottenstatusmen\u00fc an<\/li><li>Nur Geozonen \u2013 zeigt den Namen der Geozone an, in dem sich das Fahrzeug derzeit befindet. Wenn das Fahrzeug sich nicht in einer Geozone befindet, ist das Feld leer<\/li><\/ul>\n\n<p>Beispiele f\u00fcr die gleichen Fahrzeuge anzeigen: <strong>Geozone nur links anzeigen, Adresse nur rechts anzeigen.<\/strong><\/p>\n\n<figure class=\"wp-block-image is-resized\"><a href=\"https:\/\/www.fmsdocumentation.com\/wp-content\/uploads\/2018\/01\/321.png\"><img loading=\"lazy\" decoding=\"async\" src=\"https:\/\/www.fmsdocumentation.com\/wp-content\/uploads\/2018\/01\/321.png\" alt=\"\" class=\"wp-image-4306\" width=\"580\" height=\"177\" srcset=\"https:\/\/www.fmsdocumentation.com\/wp-content\/uploads\/2018\/01\/321.png 691w, https:\/\/www.fmsdocumentation.com\/wp-content\/uploads\/2018\/01\/321-300x92.png 300w\" sizes=\"auto, (max-width: 580px) 100vw, 580px\" \/><\/a><\/figure>\n\n<hr class=\"wp-block-separator\"\/>\n\n<h3 class=\"wp-block-heading\">API-Schl\u00fcsseleinstellungen<\/h3>\n\n<p>Die API-Schl\u00fcssel-Einstellungen erm\u00f6glichten die Erstellung von API-Schl\u00fcsseln, die bei Integrationen verwendet werden k\u00f6nnen.<\/p>\n\n<p><p class=\"note\">Hinweis<br\/>Die Erstellung des API-Schl\u00fcssels muss f\u00fcr jeden Benutzer einzeln aktiviert werden, ansonsten sind die Einstellungen nicht verf\u00fcgbar. Dies wird im <a href=\"https:\/\/www.fmsdocumentation.com\/haupt-fms-fenster\/webuser-verwaltungskonsole\/?lang=de\">Verwaltungsbereich der Webbenutzer beschrieben<\/a>. Die Einstellungen sind per Standard f\u00fcr Admins verf\u00fcgbar. <\/p><\/p>\n\n<p>Der Benutzer kann einen <strong>neuen API-Schl\u00fcssel<\/strong>erstellen, indem er die Taste Neuer API-Schl\u00fcssel oben rechts auf dem Fenster anklickt. Das Fenster <strong>Neuer API-Schl\u00fcssel<\/strong> wird ge\u00f6ffnet, in dem der Benutzer dem neuen API-Schl\u00fcssel einen Namen geben muss. Die Taste <strong>Speichern<\/strong> muss angeklickt werden, um die Taste zu speichern.<\/p>\n\n<figure class=\"wp-block-image is-resized\"><a href=\"https:\/\/www.fmsdocumentation.com\/wp-content\/uploads\/2020\/11\/387.png\"><img loading=\"lazy\" decoding=\"async\" class=\"alignnone wp-image-10455 size-large\" src=\"https:\/\/www.fmsdocumentation.com\/wp-content\/uploads\/2020\/11\/387-1024x519.png\" alt=\"\" width=\"660\" height=\"335\" srcset=\"https:\/\/www.fmsdocumentation.com\/wp-content\/uploads\/2020\/11\/387-1024x519.png 1024w, https:\/\/www.fmsdocumentation.com\/wp-content\/uploads\/2020\/11\/387-300x152.png 300w, https:\/\/www.fmsdocumentation.com\/wp-content\/uploads\/2020\/11\/387-768x389.png 768w, https:\/\/www.fmsdocumentation.com\/wp-content\/uploads\/2020\/11\/387-1536x778.png 1536w, https:\/\/www.fmsdocumentation.com\/wp-content\/uploads\/2020\/11\/387-2048x1038.png 2048w\" sizes=\"auto, (max-width: 660px) 100vw, 660px\" \/><\/a><\/figure>\n\n<p>Alle vom Benutzer erstellten API-Schl\u00fcssel werden in einer Tabelle angezeigt. Wenn der Schl\u00fcssel selbst angeklickt wird, wird der vollst\u00e4ndige Schl\u00fcssel in einem Popup angezeigt. Das Anklicken des Schl\u00fcssels im Popup wird ihn kopieren. Schl\u00fcssel k\u00f6nnen durch Anklicken des M\u00fclleimer-Symbols gel\u00f6scht werden. Es erscheint eine Warnmitteilung, der Benutzer muss auf <strong>L\u00f6schen<\/strong> klicken, um den Schl\u00fcssel zu l\u00f6schen.<\/p>\n\n<figure class=\"wp-block-image is-resized\"><a href=\"https:\/\/www.fmsdocumentation.com\/wp-content\/uploads\/2020\/11\/388.png\"><img loading=\"lazy\" decoding=\"async\" class=\"alignnone wp-image-10456 \" src=\"https:\/\/www.fmsdocumentation.com\/wp-content\/uploads\/2020\/11\/388-1024x453.png\" alt=\"\" width=\"631\" height=\"279\" srcset=\"https:\/\/www.fmsdocumentation.com\/wp-content\/uploads\/2020\/11\/388-1024x453.png 1024w, https:\/\/www.fmsdocumentation.com\/wp-content\/uploads\/2020\/11\/388-300x133.png 300w, https:\/\/www.fmsdocumentation.com\/wp-content\/uploads\/2020\/11\/388-768x340.png 768w, https:\/\/www.fmsdocumentation.com\/wp-content\/uploads\/2020\/11\/388-1536x680.png 1536w, https:\/\/www.fmsdocumentation.com\/wp-content\/uploads\/2020\/11\/388-2048x906.png 2048w\" sizes=\"auto, (max-width: 631px) 100vw, 631px\" \/><\/a><\/figure>&#13;\n<p>\u00a0<\/p>\n<hr class=\"wp-block-separator\">\n\n<h3 class=\"wp-block-heading\">Tachoeinstellungen<\/h3>\n\n<p>Das Fenster <strong>Tachoeinstellungen<\/strong> erm\u00f6glicht die Konfiguration von Daten in Bezug auf die Fahrtenschreiber.<\/p>\n\n<p><strong>Benennung der Tachodatei<\/strong> \u2013 w\u00e4hlen Sie aus, wie die erstellten Fahrtenschreiberdateien benannt werden sollen. Die verf\u00fcgbaren Optionen sind:<\/p>\n\n<ul class=\"wp-block-list\"><li>Objekttitel mit Dateizeitraum<\/li><li>Europ\u00e4isch<\/li><li>Spanisch<\/li><li>Franz\u00f6sisch<\/li><\/ul>\n\n<p><strong>Fahrer<\/strong>\u2013 der UNBEKANNT-Status jedes ausgew\u00e4hlten Fahrers wird in PAUSE ge\u00e4ndert. Dies betrifft nicht die DDD-Datei selbst. Sie k\u00f6nnen auf <strong>Automatisch alle neuen Fahrer aktivieren<\/strong> klicken, so dass diese Einstellung automatisch f\u00fcr jeden neu erstellten Fahrer angewandt wird.<\/p>\n\n<figure class=\"wp-block-image is-resized size-large\"><a href=\"https:\/\/www.fmsdocumentation.com\/wp-content\/uploads\/2020\/11\/454-1.png\"><img loading=\"lazy\" decoding=\"async\" src=\"https:\/\/www.fmsdocumentation.com\/wp-content\/uploads\/2020\/11\/454-1-1024x530.png\" alt=\"\" class=\"wp-image-10450\" width=\"576\" height=\"298\" srcset=\"https:\/\/www.fmsdocumentation.com\/wp-content\/uploads\/2020\/11\/454-1-1024x530.png 1024w, https:\/\/www.fmsdocumentation.com\/wp-content\/uploads\/2020\/11\/454-1-300x155.png 300w, https:\/\/www.fmsdocumentation.com\/wp-content\/uploads\/2020\/11\/454-1-768x398.png 768w, https:\/\/www.fmsdocumentation.com\/wp-content\/uploads\/2020\/11\/454-1-1536x796.png 1536w, https:\/\/www.fmsdocumentation.com\/wp-content\/uploads\/2020\/11\/454-1-2048x1061.png 2048w\" sizes=\"auto, (max-width: 576px) 100vw, 576px\" \/><\/a><\/figure>\n\n<hr class=\"wp-block-separator\"\/>\n\n<p><div class=\"alignleft\"><a href=\"https:\/\/www.fmsdocumentation.com\/de\/haupt-fms-fenster\/webuser-verwaltungskonsole\/\" title=\"Webuser-Verwaltungskonsole\"><span class=\"arrow\">\u2039 &nbsp <\/span> Webuser-Verwaltungskonsole <\/a><\/div> <div class=\"alignright\"><a href=\"https:\/\/www.fmsdocumentation.com\/de\/haupt-fms-fenster\/generierte-links-2\/\" title=\"Generierte Links\">Generierte Links <span class=\"arrow\"> &nbsp\u203a <\/span> <\/a><\/div><\/p>\n","protected":false},"excerpt":{"rendered":"<p>Die Account-Einstellungen erm\u00f6glichen die Ver\u00e4nderung einiger allgemeiner Einstellungen, die einige der gezeigten Daten innerhalb des Flottenmanagementsystems betreffen. Die folgenden Einstellungen k\u00f6nnen modifiziert werden: Account Die Account-Seite erm\u00f6glicht es Ihnen, Ihre E-Mail anzusehen und Ihr Passwort zu \u00e4ndern. Um Ihr Passwort zu \u00e4ndern, klicken Sie auf den Link Passwort \u00e4ndern. Ein neues Fenster erscheint, das Sie &hellip; <a href=\"https:\/\/www.fmsdocumentation.com\/de\/haupt-fms-fenster\/account-einstellungen\/\" class=\"more-link\"><span class=\"screen-reader-text\">Account-Einstellungen<\/span> weiterlesen<\/a><\/p>\n","protected":false},"author":1,"featured_media":0,"parent":11047,"menu_order":8,"comment_status":"closed","ping_status":"closed","template":"","meta":{"footnotes":""},"class_list":["post-11133","page","type-page","status-publish","hentry"],"_links":{"self":[{"href":"https:\/\/www.fmsdocumentation.com\/de\/wp-json\/wp\/v2\/pages\/11133","targetHints":{"allow":["GET"]}}],"collection":[{"href":"https:\/\/www.fmsdocumentation.com\/de\/wp-json\/wp\/v2\/pages"}],"about":[{"href":"https:\/\/www.fmsdocumentation.com\/de\/wp-json\/wp\/v2\/types\/page"}],"author":[{"embeddable":true,"href":"https:\/\/www.fmsdocumentation.com\/de\/wp-json\/wp\/v2\/users\/1"}],"replies":[{"embeddable":true,"href":"https:\/\/www.fmsdocumentation.com\/de\/wp-json\/wp\/v2\/comments?post=11133"}],"version-history":[{"count":1,"href":"https:\/\/www.fmsdocumentation.com\/de\/wp-json\/wp\/v2\/pages\/11133\/revisions"}],"predecessor-version":[{"id":11134,"href":"https:\/\/www.fmsdocumentation.com\/de\/wp-json\/wp\/v2\/pages\/11133\/revisions\/11134"}],"up":[{"embeddable":true,"href":"https:\/\/www.fmsdocumentation.com\/de\/wp-json\/wp\/v2\/pages\/11047"}],"wp:attachment":[{"href":"https:\/\/www.fmsdocumentation.com\/de\/wp-json\/wp\/v2\/media?parent=11133"}],"curies":[{"name":"wp","href":"https:\/\/api.w.org\/{rel}","templated":true}]}}