{"id":11167,"date":"2022-06-09T13:51:12","date_gmt":"2022-06-09T10:51:12","guid":{"rendered":"https:\/\/www.fmsdocumentation.com\/haupt-fms-fenster\/generierte-links\/"},"modified":"2022-06-22T15:25:58","modified_gmt":"2022-06-22T12:25:58","slug":"generierte-links-2","status":"publish","type":"page","link":"https:\/\/www.fmsdocumentation.com\/de\/haupt-fms-fenster\/generierte-links-2\/","title":{"rendered":"Generierte Links"},"content":{"rendered":"<p>Hier kann der Benutzer teilbare Links mit Fahrzeugstandorten erstellen sowie bereits erstellte Links verwalten. F\u00fcr jeden Link werden die folgenden Informationen angezeigt:<\/p>\n<ul>\n<li>Erstellt von \u2013 der Benutzer, der den Link erstellt hat;<\/li>\n<li>Status \u2013 der Status des Links. Der Status kann <em>L\u00e4uft ab in (verbliebene Zeit)<\/em>oder <em>Abgelaufen sein<\/em>. Durch Bewegen des Mauszeigers \u00fcber den Status, werden das genaue Datum und die Uhrzeit seiner G\u00fcltigkeit angezeigt;<\/li>\n<li>Fahrzeuge \u2013 die Fahrzeuge, die in dem Link angezeigt werden;<\/li>\n<li>E-Mail \u2013 die E-Mail-Adressen, an die der Link gesendet wird;<\/li>\n<li>Link \u2013 der tats\u00e4chliche Link, durch Anklicken wird er auf das Clipboard kopiert.<\/li>\n<\/ul>\n<p><a href=\"https:\/\/www.fmsdocumentation.com\/wp-content\/uploads\/2018\/03\/336.png\"><img loading=\"lazy\" decoding=\"async\" class=\"alignnone size-large wp-image-4525\" src=\"https:\/\/www.fmsdocumentation.com\/wp-content\/uploads\/2018\/03\/336-1024x506.png\" alt=\"\" width=\"660\" height=\"326\" srcset=\"https:\/\/www.fmsdocumentation.com\/wp-content\/uploads\/2018\/03\/336-1024x506.png 1024w, https:\/\/www.fmsdocumentation.com\/wp-content\/uploads\/2018\/03\/336-300x148.png 300w, https:\/\/www.fmsdocumentation.com\/wp-content\/uploads\/2018\/03\/336-768x380.png 768w, https:\/\/www.fmsdocumentation.com\/wp-content\/uploads\/2018\/03\/336.png 1920w\" sizes=\"auto, (max-width: 660px) 100vw, 660px\" \/><\/a><\/p>\n<p>Neue Links k\u00f6nnen durch Anklicken der Taste \u201eNeuer Link\u201c erstellt werden. Der Linkerstellungsvorgang wird beschrieben in <a href=\"https:\/\/www.fmsdocumentation.com\/overview-menu\/\">\u201eFlottenstatusmen\u00fc\u201c<\/a>. Links k\u00f6nnen gel\u00f6scht werden, indem die Markierungsfelder neben den unerw\u00fcnschten Links gekennzeichnet und die Taste \u201eAusgew\u00e4hlte l\u00f6schen\u201c angeklickt wird. Die Kennzeichnung des Markierungsfeldes neben \u201eErstellt von\u201c w\u00e4hlt alle Links aus oder hebt die Auswahl auf.<\/p>\n<p><a href=\"https:\/\/www.fmsdocumentation.com\/wp-content\/uploads\/2018\/03\/337.png\"><img loading=\"lazy\" decoding=\"async\" class=\"alignnone size-large wp-image-4526\" src=\"https:\/\/www.fmsdocumentation.com\/wp-content\/uploads\/2018\/03\/337-1024x262.png\" alt=\"\" width=\"660\" height=\"169\" srcset=\"https:\/\/www.fmsdocumentation.com\/wp-content\/uploads\/2018\/03\/337-1024x262.png 1024w, https:\/\/www.fmsdocumentation.com\/wp-content\/uploads\/2018\/03\/337-300x77.png 300w, https:\/\/www.fmsdocumentation.com\/wp-content\/uploads\/2018\/03\/337-768x196.png 768w, https:\/\/www.fmsdocumentation.com\/wp-content\/uploads\/2018\/03\/337.png 1860w\" sizes=\"auto, (max-width: 660px) 100vw, 660px\" \/><\/a><\/p>\n<p>Es ist m\u00f6glich, das Datum und die Uhrzeit f\u00fcr den Verfall zu \u00e4ndern, indem der Status eines Linkes angeklickt und ein neues Datum und eine neue Uhrzeit ausgew\u00e4hlt werden. Dies kann auch mit abgelaufenen Links vorgenommen werden, d. h. das abgelaufene Links erneut aktiviert werden k\u00f6nnen.<\/p>\n<p><a href=\"https:\/\/www.fmsdocumentation.com\/wp-content\/uploads\/2018\/03\/338.png\"><img loading=\"lazy\" decoding=\"async\" class=\"alignnone size-full wp-image-4527\" src=\"https:\/\/www.fmsdocumentation.com\/wp-content\/uploads\/2018\/03\/338.png\" alt=\"\" width=\"277\" height=\"82\" \/><\/a><\/p>\n<hr \/>\n<p><div class=\"alignleft\"><a href=\"https:\/\/www.fmsdocumentation.com\/de\/haupt-fms-fenster\/account-einstellungen\/\" title=\"Account-Einstellungen\"><span class=\"arrow\">\u2039 &nbsp <\/span> Account-Einstellungen <\/a><\/div> <div class=\"alignright\"><a href=\"https:\/\/www.fmsdocumentation.com\/de\/haupt-fms-fenster\/generierte-links\/\" title=\"Generierte Links\">Generierte Links <span class=\"arrow\"> &nbsp\u203a <\/span> <\/a><\/div><\/p>\n","protected":false},"excerpt":{"rendered":"<p>Hier kann der Benutzer teilbare Links mit Fahrzeugstandorten erstellen sowie bereits erstellte Links verwalten. F\u00fcr jeden Link werden die folgenden Informationen angezeigt: Erstellt von \u2013 der Benutzer, der den Link erstellt hat; Status \u2013 der Status des Links. Der Status kann L\u00e4uft ab in (verbliebene Zeit)oder Abgelaufen sein. Durch Bewegen des Mauszeigers \u00fcber den Status, &hellip; <a href=\"https:\/\/www.fmsdocumentation.com\/de\/haupt-fms-fenster\/generierte-links-2\/\" class=\"more-link\"><span class=\"screen-reader-text\">Generierte Links<\/span> weiterlesen<\/a><\/p>\n","protected":false},"author":5,"featured_media":0,"parent":11047,"menu_order":9,"comment_status":"closed","ping_status":"closed","template":"","meta":{"footnotes":""},"class_list":["post-11167","page","type-page","status-publish","hentry"],"_links":{"self":[{"href":"https:\/\/www.fmsdocumentation.com\/de\/wp-json\/wp\/v2\/pages\/11167","targetHints":{"allow":["GET"]}}],"collection":[{"href":"https:\/\/www.fmsdocumentation.com\/de\/wp-json\/wp\/v2\/pages"}],"about":[{"href":"https:\/\/www.fmsdocumentation.com\/de\/wp-json\/wp\/v2\/types\/page"}],"author":[{"embeddable":true,"href":"https:\/\/www.fmsdocumentation.com\/de\/wp-json\/wp\/v2\/users\/5"}],"replies":[{"embeddable":true,"href":"https:\/\/www.fmsdocumentation.com\/de\/wp-json\/wp\/v2\/comments?post=11167"}],"version-history":[{"count":1,"href":"https:\/\/www.fmsdocumentation.com\/de\/wp-json\/wp\/v2\/pages\/11167\/revisions"}],"predecessor-version":[{"id":13258,"href":"https:\/\/www.fmsdocumentation.com\/de\/wp-json\/wp\/v2\/pages\/11167\/revisions\/13258"}],"up":[{"embeddable":true,"href":"https:\/\/www.fmsdocumentation.com\/de\/wp-json\/wp\/v2\/pages\/11047"}],"wp:attachment":[{"href":"https:\/\/www.fmsdocumentation.com\/de\/wp-json\/wp\/v2\/media?parent=11167"}],"curies":[{"name":"wp","href":"https:\/\/api.w.org\/{rel}","templated":true}]}}