{"id":11278,"date":"2022-06-11T23:57:13","date_gmt":"2022-06-11T20:57:13","guid":{"rendered":"https:\/\/www.fmsdocumentation.com\/flottenstatusmenue\/zusammenfassungsuebersicht\/"},"modified":"2022-06-11T23:57:13","modified_gmt":"2022-06-11T20:57:13","slug":"zusammenfassungsuebersicht","status":"publish","type":"page","link":"https:\/\/www.fmsdocumentation.com\/de\/flottenstatusmenue\/zusammenfassungsuebersicht\/","title":{"rendered":"Zusammenfassungs\u00fcbersicht"},"content":{"rendered":"&#13;\n<p>Dieses \u00dcbersichtsfeld erweitert die grundlegenden Informationen und f\u00fcgt zus\u00e4tzliche Informationen hinzu, wie z. B.:<\/p>&#13;\n&#13;\n<ul class=\"wp-block-list\">&#13;\n<li>Aktuelle Fahrzeugstandortadresse<\/li>&#13;\n<li>Name der Geozone, wenn das Fahrzeug sich innerhalb einer solchen befindet<\/li>&#13;\n<li>Erster Fahrer und Status \u2013 zeigt den Fahrer an, der dem Fahrzeug zugewiesen wurde, gemeinsam mit dem aktuellen Fahrtenschreiberstatus-Informationssymbol (nachfolgend beschrieben) und der Statusdauer. Status und die Dauer werden nur f\u00fcr Fahrzeuge mit einem in Betrieb befindlichen Fahrtenschreibern angezeigt.<\/li>&#13;\n<li>Zweiter Fahrer und Status &#8211; erscheint nur, wenn zwei Fahrer sich \u00fcber einen Fahrtenschreiber registriert haben. Das Symbol f\u00fcr die aktuellen Fahrtenschreiberstatusinformationen und seine Dauer werden ebenfalls f\u00fcr den zweiten Fahrer angezeigt.<\/li>&#13;\n<li>Name des Fahrzeugs<\/li>&#13;\n<li>Fahrzeugplan<\/li>&#13;\n<li>\u2022 Verbliebene Fahrtzeit\/Gefahrene Zeit \u00fcber dem Limit heute (gezeigt, wenn die Funktionalit\u00e4t <a href=\"https:\/\/www.fmsdocumentation.com\/de\/flottenstatusmenue\/zeitanalysenuebersicht\/\">Zeitanalyse<\/a> gezeigt wird)<\/li>&#13;\n<li>Verbliebene Fahrtzeit\/Gefahrene Zeit \u00fcber dem Limit diese Woche (gezeigt, wenn die Funktionalit\u00e4t <a href=\"https:\/\/www.fmsdocumentation.com\/de\/flottenstatusmenue\/zeitanalysenuebersicht\/\">Zeitanalyse<\/a> gezeigt wird)<\/li>&#13;\n<li>Option, um das Fahrzeug zu sperren (falls im FM-Ger\u00e4t konfiguriert)<\/li>&#13;\n<li>Aktueller Status \u2013 Status k\u00f6nnen sein: in Bewegung, im Leerlauf, Z\u00fcndung aus, kein Signal oder Z\u00fcndung gesperrt<\/li>&#13;\n<li>Dauer im aktuellen Status<\/li>&#13;\n<li>Letztes Signal Synchr. (mit Informationssymbol, welches das exakte Datum und die Uhrzeit der letzten Synchronisation anzeigt)<\/li>&#13;\n<li>Koordinaten der letzten Synchronisation<\/li>&#13;\n<li>Signalquelle &#8211; Honeywell &#8211; wird nur gezeigt, wenn die letzte Koordinate vom Honeywell-Service empfangen wurde<\/li>&#13;\n<li>Fahrttyp<\/li>&#13;\n<li>Versuchszeitraum \u2013 dies wird nur f\u00fcr Objekte gezeigt, die vor\u00fcbergehend von einem alten System zu FMS bewegt werden, um das neue System oder einfach neue Objekte in einem Versuchszeitraum kennenzulernen. Der Versuchszeitraum wird nur angezeigt, wenn er aktiv ist.<\/li>&#13;\n<\/ul>&#13;\n&#13;\n<figure class=\"wp-block-image is-resized\"><a href=\"https:\/\/www.fmsdocumentation.com\/wp-content\/uploads\/2020\/09\/29.png\"><img loading=\"lazy\" decoding=\"async\" class=\"wp-image-9905\" src=\"https:\/\/www.fmsdocumentation.com\/wp-content\/uploads\/2020\/09\/29-1024x502.png\" alt=\"\" width=\"580\" height=\"284\" srcset=\"https:\/\/www.fmsdocumentation.com\/wp-content\/uploads\/2020\/09\/29-1024x502.png 1024w, https:\/\/www.fmsdocumentation.com\/wp-content\/uploads\/2020\/09\/29-300x147.png 300w, https:\/\/www.fmsdocumentation.com\/wp-content\/uploads\/2020\/09\/29-768x377.png 768w, https:\/\/www.fmsdocumentation.com\/wp-content\/uploads\/2020\/09\/29-1536x754.png 1536w, https:\/\/www.fmsdocumentation.com\/wp-content\/uploads\/2020\/09\/29-2048x1005.png 2048w\" sizes=\"auto, (max-width: 580px) 100vw, 580px\" \/><\/a><\/figure>&#13;\n&#13;\n<p>Sie Symbole, die den Fahrtenschreiberstatus anzeigen, sind definiert als:<\/p>&#13;\n&#13;\n<figure class=\"wp-block-image is-resized\"><a href=\"https:\/\/www.fmsdocumentation.com\/wp-content\/uploads\/2020\/09\/451-3.png\"><img loading=\"lazy\" decoding=\"async\" class=\"wp-image-10014\" src=\"https:\/\/www.fmsdocumentation.com\/wp-content\/uploads\/2020\/09\/451-3.png\" alt=\"\" width=\"178\" height=\"259\"\/><\/a><\/figure>&#13;\n&#13;\n<p>Wenn das Pfeilsymbol neben dem Namen des Fahrzeugs geklickt wird, gelangt der Benutzer zum Men\u00fc <a href=\"https:\/\/www.fmsdocumentation.com\/de\/routenplanungs-aufgabenmenue\/\">Routenplanungs- &amp; Aufgaben<\/a>, die aktuelle Fahrzeugposition wird bereits als Startpunkt gekennzeichnet.<\/p>&#13;\n&#13;\n<figure class=\"wp-block-image is-resized\"><a href=\"https:\/\/www.fmsdocumentation.com\/wp-content\/uploads\/2018\/10\/376.png\"><img loading=\"lazy\" decoding=\"async\" class=\"wp-image-5937\" src=\"https:\/\/www.fmsdocumentation.com\/wp-content\/uploads\/2018\/10\/376.png\" alt=\"\" width=\"397\" height=\"296\" srcset=\"https:\/\/www.fmsdocumentation.com\/wp-content\/uploads\/2018\/10\/376.png 397w, https:\/\/www.fmsdocumentation.com\/wp-content\/uploads\/2018\/10\/376-300x224.png 300w\" sizes=\"auto, (max-width: 397px) 100vw, 397px\" \/><\/a><\/figure>&#13;\n&#13;\n<p>In F\u00e4llen, in denen ein Fahrzeug ausgew\u00e4hlt wird, das mit einem Anh\u00e4nger verbunden ist, wird der Benutzer oben an der Spitze des Feldes einen Wahlschalter sehen. Hier kann der Benutzer ausw\u00e4hlen, ob die Informationen f\u00fcr das Fahrzeug oder f\u00fcr den Anh\u00e4nger gezeigt werden sollen.<\/p>&#13;\n&#13;\n<figure class=\"wp-block-image is-resized\"><a href=\"https:\/\/www.fmsdocumentation.com\/wp-content\/uploads\/2017\/04\/287.png\"><img loading=\"lazy\" decoding=\"async\" class=\"wp-image-1103\" src=\"https:\/\/www.fmsdocumentation.com\/wp-content\/uploads\/2017\/04\/287.png\" alt=\"\" width=\"365\" height=\"474\" srcset=\"https:\/\/www.fmsdocumentation.com\/wp-content\/uploads\/2017\/04\/287.png 365w, https:\/\/www.fmsdocumentation.com\/wp-content\/uploads\/2017\/04\/287-231x300.png 231w\" sizes=\"auto, (max-width: 365px) 100vw, 365px\" \/><\/a><\/figure>&#13;\n&#13;\n<p><p class=\"note\">Hinweis<br\/>Koordinaten f\u00fcr den Lkw und den Anh\u00e4nger k\u00f6nnen aufgrund verschiedener Landschaftsfaktoren, abweichender Installationsorte und anderer Faktoren abweichen. Diese Unterschiede sind meist gering, k\u00f6nnen aber auftreten.<\/p><\/p>&#13;\n&#13;\n<p>Zus\u00e4tzlich zu den erweiterten Informationen wird der Benutzer in der Lage sein, Fahrzeugdetails vorab zu sehen. Hierf\u00fcr muss er einfach die Taste <strong>Fahrzeugdetails<\/strong> dr\u00fccken, die sich im unteren Bereich des \u00dcbersichtsabschnitts befindet. Dies wird einen neuen Abschnitt \u00fcber der Karte mit Details zum ausgew\u00e4hlten Fahrzeug \u00f6ffnen. Standardm\u00e4\u00dfig sind nur grundlegende Informationen zu sehen, die w\u00e4hrend der Erstellung des Objekts eingegeben wurden. Die Bearbeitung erlaubt jetzt die Ver\u00e4nderung aller Fahrzeugdetails, so wie die Auswahl eines Fahrzeugtyps. Eine Unternehmenskarte kann f\u00fcr das Herunterladen von Fahrtenschreiberdateien zugewiesen werden. Der Benutzer kann auch zus\u00e4tzliche Hinweise \u00fcber das Fahrzeug eingeben, die Details zur Frachtkapazit\u00e4t einstellen oder Details zum Kraftstoffverbrauch eingeben. Beachten Sie, dass die Details zum Kraftstoffverbrauch in den Berichten vorhanden sein werden, selbst wenn das Fahrzeug keine CAN-Daten \u00fcber die Kraftstoffnutzung bereitstellt.<\/p>&#13;\n&#13;\n<p><p class=\"note\">Hinweis<br\/>Zus\u00e4tzliche Informationen sind auch f\u00fcr Anh\u00e4nger verf\u00fcgbar, in diesem Fall wird die Taste \u201eAnh\u00e4ngerdetails\u201c genannt.<\/p><\/p>&#13;\n&#13;\n<p>Jeder Abschnitt wird getrennt bearbeitet und muss gespeichert werden, nachdem alle \u00c4nderungen vorgenommen wurden. Der Abschnitt wird in einem dunkleren in einem dunkleren Grauton hervorgehoben, sobald die Bearbeitung beginnt. Ein Best\u00e4tigungsfenster erscheint, falls der Benutzer sich daf\u00fcr entscheidet, das System zu verlassen, ohne die vorgenommenen \u00c4nderungen zu speichern.<\/p>&#13;\n&#13;\n<figure class=\"wp-block-image size-large is-resized\"><a href=\"https:\/\/www.fmsdocumentation.com\/wp-content\/uploads\/2020\/09\/282.png\"><img loading=\"lazy\" decoding=\"async\" class=\"alignnone wp-image-10080\" src=\"https:\/\/www.fmsdocumentation.com\/wp-content\/uploads\/2020\/09\/282-1024x507.png\" alt=\"\" width=\"568\" height=\"281\" srcset=\"https:\/\/www.fmsdocumentation.com\/wp-content\/uploads\/2020\/09\/282-1024x507.png 1024w, https:\/\/www.fmsdocumentation.com\/wp-content\/uploads\/2020\/09\/282-300x148.png 300w, https:\/\/www.fmsdocumentation.com\/wp-content\/uploads\/2020\/09\/282-768x380.png 768w, https:\/\/www.fmsdocumentation.com\/wp-content\/uploads\/2020\/09\/282-1536x760.png 1536w, https:\/\/www.fmsdocumentation.com\/wp-content\/uploads\/2020\/09\/282-2048x1013.png 2048w\" sizes=\"auto, (max-width: 568px) 100vw, 568px\" \/><\/a><\/figure>&#13;\n&#13;\n<p>Damit alle FMS-Module korrekt funktionieren ist es notwendig, die Details zur Frachtkapazit\u00e4t so genau wie m\u00f6glich einzustellen. Die hier eingegebenen Daten werden sp\u00e4ter im System f\u00fcr Fracht- und Bestellberechnungen verwendet.<\/p>&#13;\n&#13;\n<figure class=\"wp-block-image is-resized\"><a href=\"https:\/\/www.fmsdocumentation.com\/wp-content\/uploads\/2017\/12\/314.png\"><img loading=\"lazy\" decoding=\"async\" class=\"wp-image-4135\" src=\"https:\/\/www.fmsdocumentation.com\/wp-content\/uploads\/2017\/12\/314-1024x216.png\" alt=\"\" width=\"580\" height=\"122\" srcset=\"https:\/\/www.fmsdocumentation.com\/wp-content\/uploads\/2017\/12\/314-1024x216.png 1024w, https:\/\/www.fmsdocumentation.com\/wp-content\/uploads\/2017\/12\/314-300x63.png 300w, https:\/\/www.fmsdocumentation.com\/wp-content\/uploads\/2017\/12\/314-768x162.png 768w, https:\/\/www.fmsdocumentation.com\/wp-content\/uploads\/2017\/12\/314.png 1182w\" sizes=\"auto, (max-width: 580px) 100vw, 580px\" \/><\/a><\/figure>&#13;\n&#13;\n<p>Der Benutzer kann den Kilometerstand des Fahrzeugs korrigieren und den Verlauf der vorherigen Ver\u00e4nderungen pr\u00fcfen. Der Verlauf der Ver\u00e4nderungen kann gepr\u00fcft werden, indem das Verlauf-Symbol neben der \u201eKilometerstandkorrektur\u201c angeklickt wird. Es werden bis zu 5 der aktuellsten Ver\u00e4nderungen angezeigt.<\/p>&#13;\n&#13;\n<figure class=\"wp-block-image is-resized\"><a href=\"https:\/\/www.fmsdocumentation.com\/wp-content\/uploads\/2017\/04\/288.png\"><img loading=\"lazy\" decoding=\"async\" class=\"wp-image-1160\" src=\"https:\/\/www.fmsdocumentation.com\/wp-content\/uploads\/2017\/04\/288.png\" alt=\"\" width=\"580\" height=\"224\" srcset=\"https:\/\/www.fmsdocumentation.com\/wp-content\/uploads\/2017\/04\/288.png 784w, https:\/\/www.fmsdocumentation.com\/wp-content\/uploads\/2017\/04\/288-300x116.png 300w, https:\/\/www.fmsdocumentation.com\/wp-content\/uploads\/2017\/04\/288-768x297.png 768w\" sizes=\"auto, (max-width: 580px) 100vw, 580px\" \/><\/a><\/figure>&#13;\n&#13;\n<p>Um den Kilometerstand zu korrigieren, bewegen Sie die Maus \u00fcber den aktuellen Kilometerstand und es erscheint ein Bearbeiten-Symbol, klicken Sie das Symbol, um das Korrekturmen\u00fc zu \u00f6ffnen. Hier kann der Benutzer den neuen Kilometerstandswert und das Datum festlegen, ab dem der neue Kilometerstandswert anzuwenden ist.<\/p>&#13;\n&#13;\n<figure class=\"wp-block-image is-resized\"><a href=\"https:\/\/www.fmsdocumentation.com\/wp-content\/uploads\/2017\/04\/289.png\"><img loading=\"lazy\" decoding=\"async\" class=\"wp-image-1161\" src=\"https:\/\/www.fmsdocumentation.com\/wp-content\/uploads\/2017\/04\/289.png\" alt=\"\" width=\"501\" height=\"280\" srcset=\"https:\/\/www.fmsdocumentation.com\/wp-content\/uploads\/2017\/04\/289.png 501w, https:\/\/www.fmsdocumentation.com\/wp-content\/uploads\/2017\/04\/289-300x168.png 300w\" sizes=\"auto, (max-width: 501px) 100vw, 501px\" \/><\/a><\/figure>&#13;\n&#13;\n<p>Sobald eine Ver\u00e4nderung vorgenommen wurde, muss Sie durch Anklicken des Symbols <b>\u2713<\/b> gespeichert werden. Es gelten mehrere Regeln, f\u00fcr die Kilometerstandskorrektur:<\/p>&#13;\n&#13;\n<ul class=\"wp-block-list\">&#13;\n<li>Der Kilometerstand kann f\u00fcr jedes Fahrzeug alle 24 Stunden nur einmal ge\u00e4ndert werden<\/li>&#13;\n<li>Das Korrekturdatum kann bis zu 35 Tage in der Vergangenheit liegen.<\/li>&#13;\n<li>Die Korrektur des Kilometerstands kann nur von Admins vorgenommen werden.<\/li>&#13;\n<li>Die Kilometerstandkorrektur ist nur f\u00fcr Fahrzeuge verf\u00fcgbar, die Informationen zum Kilometerstand vom virtuellen Kilometerz\u00e4hler aus senden<\/li>&#13;\n<\/ul>&#13;\n&#13;\n<p>Um den Abschnitt Fahrzeugdetails zu verlassen, klicken Sie die Taste <strong>Schlie\u00dfen<\/strong>, die sich oben rechts vom Bildschirm befindet.<\/p>&#13;\n&#13;\n<p>Andere Bereiche k\u00f6nnen im \u00dcbersichtsbereich ge\u00f6ffnet werden:<\/p>&#13;\n&#13;\n<ol class=\"wp-block-list\">&#13;\n<li>Zusammenfassung (standardm\u00e4\u00dfig ge\u00f6ffnet)<\/li>&#13;\n<li>Verlauf<\/li>&#13;\n<li>Ereignisse<\/li>&#13;\n<li>Kraftstoff<\/li>&#13;\n<li>Wartung<\/li>&#13;\n<li>Zeitanalyse (nur f\u00fcr Fahrzeuge mit Fahrtenschreiberdaten)<\/li>&#13;\n<\/ol>&#13;\n&#13;\n<p>Der aktuell ge\u00f6ffnete Bereich wird in einem helleren Blauton hervorgehoben.<\/p>&#13;\n&#13;\n<figure class=\"wp-block-image is-resized\"><a href=\"https:\/\/www.fmsdocumentation.com\/wp-content\/uploads\/2018\/11\/30.png\"><img loading=\"lazy\" decoding=\"async\" class=\"wp-image-6184\" src=\"https:\/\/www.fmsdocumentation.com\/wp-content\/uploads\/2018\/11\/30.png\" alt=\"\" width=\"360\" height=\"60\" srcset=\"https:\/\/www.fmsdocumentation.com\/wp-content\/uploads\/2018\/11\/30.png 360w, https:\/\/www.fmsdocumentation.com\/wp-content\/uploads\/2018\/11\/30-300x50.png 300w\" sizes=\"auto, (max-width: 360px) 100vw, 360px\" \/><\/a><\/figure>&#13;\n<hr class=\"wp-block-separator\" \/>&#13;\n<p><div class=\"alignleft\"><a href=\"https:\/\/www.fmsdocumentation.com\/de\/flottenstatusmenue\/\" title=\"Flottenstatusmen\u00fc\"><span class=\"arrow\">\u2039 &nbsp <\/span> Flottenstatusmen\u00fc <\/a><\/div> <div class=\"alignright\"><a href=\"https:\/\/www.fmsdocumentation.com\/de\/flottenstatusmenue\/verlaufsuebersicht\/\" title=\"Verlaufs\u00fcbersicht\">Verlaufs\u00fcbersicht <span class=\"arrow\"> &nbsp\u203a <\/span> <\/a><\/div><\/p>&#13;\n","protected":false},"excerpt":{"rendered":"<p>&#13; Dieses \u00dcbersichtsfeld erweitert die grundlegenden Informationen und f\u00fcgt zus\u00e4tzliche Informationen hinzu, wie z. B.: &#13; &#13; &#13; Aktuelle Fahrzeugstandortadresse &#13; Name der Geozone, wenn das Fahrzeug sich innerhalb einer solchen befindet &#13; Erster Fahrer und Status \u2013 zeigt den Fahrer an, der dem Fahrzeug zugewiesen wurde, gemeinsam mit dem aktuellen Fahrtenschreiberstatus-Informationssymbol (nachfolgend beschrieben) und &hellip; <a href=\"https:\/\/www.fmsdocumentation.com\/de\/flottenstatusmenue\/zusammenfassungsuebersicht\/\" class=\"more-link\"><span class=\"screen-reader-text\">Zusammenfassungs\u00fcbersicht<\/span> weiterlesen<\/a><\/p>\n","protected":false},"author":1,"featured_media":0,"parent":11175,"menu_order":2,"comment_status":"closed","ping_status":"closed","template":"","meta":{"footnotes":""},"class_list":["post-11278","page","type-page","status-publish","hentry"],"_links":{"self":[{"href":"https:\/\/www.fmsdocumentation.com\/de\/wp-json\/wp\/v2\/pages\/11278","targetHints":{"allow":["GET"]}}],"collection":[{"href":"https:\/\/www.fmsdocumentation.com\/de\/wp-json\/wp\/v2\/pages"}],"about":[{"href":"https:\/\/www.fmsdocumentation.com\/de\/wp-json\/wp\/v2\/types\/page"}],"author":[{"embeddable":true,"href":"https:\/\/www.fmsdocumentation.com\/de\/wp-json\/wp\/v2\/users\/1"}],"replies":[{"embeddable":true,"href":"https:\/\/www.fmsdocumentation.com\/de\/wp-json\/wp\/v2\/comments?post=11278"}],"version-history":[{"count":1,"href":"https:\/\/www.fmsdocumentation.com\/de\/wp-json\/wp\/v2\/pages\/11278\/revisions"}],"predecessor-version":[{"id":11279,"href":"https:\/\/www.fmsdocumentation.com\/de\/wp-json\/wp\/v2\/pages\/11278\/revisions\/11279"}],"up":[{"embeddable":true,"href":"https:\/\/www.fmsdocumentation.com\/de\/wp-json\/wp\/v2\/pages\/11175"}],"wp:attachment":[{"href":"https:\/\/www.fmsdocumentation.com\/de\/wp-json\/wp\/v2\/media?parent=11278"}],"curies":[{"name":"wp","href":"https:\/\/api.w.org\/{rel}","templated":true}]}}