{"id":11439,"date":"2022-06-12T20:40:15","date_gmt":"2022-06-12T17:40:15","guid":{"rendered":"https:\/\/www.fmsdocumentation.com\/flottenstatusmenue\/zeitanalysenuebersicht\/"},"modified":"2022-06-12T20:40:15","modified_gmt":"2022-06-12T17:40:15","slug":"zeitanalysenuebersicht","status":"publish","type":"page","link":"https:\/\/www.fmsdocumentation.com\/de\/flottenstatusmenue\/zeitanalysenuebersicht\/","title":{"rendered":"Zeitanalysen\u00fcbersicht"},"content":{"rendered":"<p>Der Zeitanalysenbereich erm\u00f6glicht es dem Benutzer, die Fahrt- und Ruhezeiten des Fahrers, der das Fahrzeug f\u00e4hrt bzw. der Fahrer, die das Fahrzeug fahren, zu analysieren. Fahrt- und Ruhezeiten basieren auf der <a href=\"https:\/\/eur-lex.europa.eu\/legal-content\/EN\/TXT\/?uri=CELEX:02006R0561-20150302\">Bestimmung (EC) Nr. 561\/2006 des Europ\u00e4ischen Parlaments und des Rates<\/a>und gelten <strong>nur f\u00fcr Fahrzeuge in Europa.<\/strong><\/p>\n<p><p class=\"note\">Hinweis<br \/>\nDie Fahrt und Ruhezeiten werden unter Verwendung der Fahrtenschreiberdaten von der K-Linien-Schnittstelle und der .DDD-Fahrerkartendatei berechnet. Deswegen ist Zeitanalysenbereich verf\u00fcgbar und wird nur f\u00fcr Fahrzeuge mit Fahrtenschreiberdaten angezeigt.<\/p><\/p>\n<p>Der Zeitanalysebereich zeigt die folgenden Informationen an:<\/p>\n<ul>\n<li>Wann wurde die letzte Aufzeichnung empfangen;<\/li>\n<li>Der Name des Fahrers\/der Fahrer, Fahrerstatus und Dauer;<\/li>\n<li>Die Menge an verbleibenden Zeitr\u00e4umen mit verl\u00e4ngerter Fahrt- und reduzierter Ruhezeit;<\/li>\n<li>Informationen \u00fcber den Tag des Fahrers;<\/li>\n<li>Informationen \u00fcber die Woche des Fahrers;<\/li>\n<li>Zusammenfassung der vorherigen Woche des Fahrers.<\/li>\n<\/ul>\n<p><a href=\"https:\/\/www.fmsdocumentation.com\/wp-content\/uploads\/2018\/08\/353.png\"><img loading=\"lazy\" decoding=\"async\" class=\"alignnone size-full wp-image-5732\" src=\"https:\/\/www.fmsdocumentation.com\/wp-content\/uploads\/2018\/08\/353.png\" alt=\"\" width=\"360\" height=\"889\" srcset=\"https:\/\/www.fmsdocumentation.com\/wp-content\/uploads\/2018\/08\/353.png 360w, https:\/\/www.fmsdocumentation.com\/wp-content\/uploads\/2018\/08\/353-121x300.png 121w\" sizes=\"auto, (max-width: 360px) 100vw, 360px\" \/><\/a><\/p>\n<hr>\n<h3>Ein Fahrer<\/h3>\n<p>Oben in dem Bereich wird die Zeit, seitdem die letzte Aufzeichnung (letzte Synchr.) empfangen wurde, angezeigt. Der Fahrerstatus wird mit jeder Aufzeichnung aktualisiert, daher ist es wichtig, zu ber\u00fccksichtigen, wann die letzte Aufzeichnung empfangen wurde. Wenn die Fahrerkarte an einem Punkt entfernt wurde, erscheint eine Warnmeldung, die den Benutzer dar\u00fcber informiert, dass die Zeit, w\u00e4hrend der keine Daten empfangen wurden, als Ruhezeit gekennzeichnet wird. Um die Daten zu synchronisieren, kann der Benutzer die neueste .DDD-Datei herunterladen. Das Herunterladen einer Datei wird im Abschnitt <a href=\"https:\/\/www.fmsdocumentation.com\/de\/fahrtenschreibermenue\/\">\u201eFahrtenschreibermen\u00fc\u201d<\/a> beschrieben.<\/p>\n<p><a href=\"https:\/\/www.fmsdocumentation.com\/wp-content\/uploads\/2018\/08\/354.png\"><img loading=\"lazy\" decoding=\"async\" class=\"alignnone size-full wp-image-5733\" src=\"https:\/\/www.fmsdocumentation.com\/wp-content\/uploads\/2018\/08\/354.png\" alt=\"\" width=\"352\" height=\"172\" srcset=\"https:\/\/www.fmsdocumentation.com\/wp-content\/uploads\/2018\/08\/354.png 352w, https:\/\/www.fmsdocumentation.com\/wp-content\/uploads\/2018\/08\/354-300x147.png 300w\" sizes=\"auto, (max-width: 352px) 100vw, 352px\" \/><\/a><\/p>\n<p>Das Anklicken auf das Fahrer-Symbol oder den Namen wird den Benutzer zum Fahrerbereich f\u00fchren und den Fahrer ausw\u00e4hlen. Der Fahrerstatus kann sein: <em>Ruhend, Verf\u00fcgbar, Arbeitend, Fahrend, Fehler, Nicht verf\u00fcgbar.<\/em><\/p>\n<p><p class=\"note\">Hinweis<br \/>\nIn den Bereichen Zusammenfassung und Zeitanalyse k\u00f6nnen bei der Fahrerstatusdauer Unterschiede vorliegen. Die Zeitanalyse wendet eine \u201e1-Minuten\u201c-Regel an. Wenn der Fahrer z. B. fuhr, versehentlich der Status \u201eRuhend\u201c ausgew\u00e4hlt wird und diesen innerhalb einer Minute auf \u201eFahrend\u201c wechselt, wird die gesamte Zeit, die bis zur Auswahl des ersten Status vergangen ist, als \u201eFahrend\u201c angerechnet. W\u00e4hrenddessen wendet der Zusammenfassungsbereich diese Regelung nicht an und zeigt einfach die Zeit seit der letzten Status\u00e4nderung an und in diesem Beispiel w\u00fcrde nur die Zeit angezeigt werden, seitdem der Status von \u201eRuhend\u201c zur\u00fcck zu \u201eFahrend\u201c gewechselt wurde.<\/p><\/p>\n<p><a href=\"https:\/\/www.fmsdocumentation.com\/wp-content\/uploads\/2018\/08\/355.png\"><img loading=\"lazy\" decoding=\"async\" class=\"alignnone size-full wp-image-5734\" src=\"https:\/\/www.fmsdocumentation.com\/wp-content\/uploads\/2018\/08\/355.png\" alt=\"\" width=\"352\" height=\"93\" srcset=\"https:\/\/www.fmsdocumentation.com\/wp-content\/uploads\/2018\/08\/355.png 352w, https:\/\/www.fmsdocumentation.com\/wp-content\/uploads\/2018\/08\/355-300x79.png 300w\" sizes=\"auto, (max-width: 352px) 100vw, 352px\" \/><\/a><\/p>\n<p>Auf der rechten Seite sind Kreise, die angeben, wie viele verl\u00e4ngerte Fahrzeiten und reduzierte Ruhezeiten verbleiben. Wenn ein Zeitraum f\u00fcr verl\u00e4ngerte Fahrzeiten und reduzierte Ruhezeiten verbleibt, leuchtet ein Kreis auf. Verf\u00fcgbare Zeitr\u00e4ume sind in grau gekennzeichnet.<\/p>\n<p><a href=\"https:\/\/www.fmsdocumentation.com\/wp-content\/uploads\/2018\/08\/356.png\"><img loading=\"lazy\" decoding=\"async\" class=\"alignnone size-full wp-image-5735\" src=\"https:\/\/www.fmsdocumentation.com\/wp-content\/uploads\/2018\/08\/356.png\" alt=\"\" width=\"352\" height=\"93\" srcset=\"https:\/\/www.fmsdocumentation.com\/wp-content\/uploads\/2018\/08\/356.png 352w, https:\/\/www.fmsdocumentation.com\/wp-content\/uploads\/2018\/08\/356-300x79.png 300w\" sizes=\"auto, (max-width: 352px) 100vw, 352px\" \/><\/a><\/p>\n<p><strong>Tag des Fahrers<\/strong> \u2013 zeigt Informationen \u00fcber den Tag des Fahrers. Die folgenden Informationen werden bereitgestellt:<\/p>\n<ul>\n<li>Noch zu fahren \u2013 wie viel Zeit der Fahrer an diesem Fahrertag noch fahren muss. Dieser Parameter wird mit Zahlen und einer farbigen Leiste zur Verf\u00fcgung gestellt, wobei grau die gefahrene Zeit angibt und blau die zur Fahrt verbleibende Zeit angibt. Wenn dem Fahrer noch verl\u00e4ngerte Fahrzeiten verbleiben, wird \u00fcber der Leiste \u201e(+1 h)\u201c angezeigt. Dies bedeutet, dass der Fahrer f\u00fcr eine weitere Stunde fahren kann, wenn keine Fahrzeit mehr \u00fcbrig ist.<\/li>\n<li>\u2022 \u00dcber dem Limit \u2013 angezeigt statt \u201eNoch zu fahren\u201c, wenn der Fahrer nach \u00fcberschreiten der \u201eNoch zu fahren\u201c-Zeit weiterf\u00e4hrt. In diesem Fall wechselt die farbige Leiste auf Rot und nur die die Zeit, die \u00fcber das Limit hinausgefahren wird, wird angezeigt.<\/li>\n<li>Bereits gefahren \u2013 f\u00fcr wie lange f\u00e4hrt der Fahrer an diesem Fahrertag. Wenn die Fahrtzeit das Limit \u00fcberschreitet, erscheint ein rotes Ausrufungszeichen.<\/li>\n<li>Bereits gearbeitet \u2013 f\u00fcr wie lange arbeitet der Fahrer schonan diesem Fahrertag. Diese Zeit hat KEINERLEI Einfluss auf die Fahrtzeit.<\/li>\n<li>N\u00e4chste t\u00e4gliche Ruhezeit \u2013 wann die t\u00e4gliche Ruhezeit des Fahrers starten sollte.<\/li>\n<\/ul>\n<p><a href=\"https:\/\/www.fmsdocumentation.com\/wp-content\/uploads\/2018\/06\/357.png\"><img loading=\"lazy\" decoding=\"async\" class=\"alignnone size-full wp-image-5289\" src=\"https:\/\/www.fmsdocumentation.com\/wp-content\/uploads\/2018\/06\/357.png\" alt=\"\" width=\"700\" height=\"248\" srcset=\"https:\/\/www.fmsdocumentation.com\/wp-content\/uploads\/2018\/06\/357.png 700w, https:\/\/www.fmsdocumentation.com\/wp-content\/uploads\/2018\/06\/357-300x106.png 300w\" sizes=\"auto, (max-width: 700px) 100vw, 700px\" \/><\/a><\/p>\n<p><strong>Woche des Fahrers<\/strong> \u2013 zeigt Informationen \u00fcber die Woche des Fahrers. Die folgenden Informationen werden bereitgestellt:<\/p>\n<ul>\n<li>Noch zu fahren \u2013 wie viel Zeit der Fahrer in dieser Fahrerwoche noch fahren muss. Dieser Parameter wird mit Zahlen und einer farbigen Leiste zur Verf\u00fcgung gestellt, wobei grau die gefahrene Zeit angibt und blau die zur Fahrt verbleibende Zeit angibt.<\/li>\n<li>\u00dcber dem Limit \u2013 angezeigt statt \u201eNoch zu fahren\u201c, wenn der Fahrer nach \u00fcberschreiten der \u201eNoch zu fahren\u201c-Zeit weiterf\u00e4hrt. In diesem Fall wechselt die farbige Leiste auf Rot und nur die die Zeit, die \u00fcber das Limit hinausgefahren wird, wird angezeigt.<\/li>\n<li>Bereits gefahren \u2013 f\u00fcr wie lange f\u00e4hrt der Fahrer in dieser Fahrerwoche. Wenn die Fahrtzeit das Limit \u00fcberschreitet, erscheint ein rotes Ausrufungszeichen.<\/li>\n<li>Bereits gearbeitet \u2013 f\u00fcr wie lange arbeitet der Fahrer schon in dieser Fahrerwoche. Diese Zeit hat KEINERLEI Einfluss auf die Fahrtzeit.<\/li>\n<li>N\u00e4chste w\u00f6chentliche Ruhezeit \u2013 wann die w\u00f6chentliche Ruhezeit des Fahrers starten sollte<\/li>\n<\/ul>\n<p><a href=\"https:\/\/www.fmsdocumentation.com\/wp-content\/uploads\/2018\/06\/358.png\"><img loading=\"lazy\" decoding=\"async\" class=\"alignnone size-full wp-image-5290\" src=\"https:\/\/www.fmsdocumentation.com\/wp-content\/uploads\/2018\/06\/358.png\" alt=\"\" width=\"352\" height=\"246\" srcset=\"https:\/\/www.fmsdocumentation.com\/wp-content\/uploads\/2018\/06\/358.png 352w, https:\/\/www.fmsdocumentation.com\/wp-content\/uploads\/2018\/06\/358-300x210.png 300w\" sizes=\"auto, (max-width: 352px) 100vw, 352px\" \/><\/a><\/p>\n<p><strong>Vorherige Woche des Fahrers<\/strong>\u2013 zeigt Informationen \u00fcber die vorherige Woche des Fahrers. Die folgenden Informationen werden bereitgestellt:<\/p>\n<ul>\n<li>Fahrtdauer vorherige Woche \u2013 f\u00fcr wie lange ist der Fahrer in der vorherigen Woche gefahren;<\/li>\n<li>\u2022 Ruhedauer vorherige Woche \u2013 f\u00fcr wie lange ist der Pause in der vorherigen Woche gefahren.<\/li>\n<\/ul>\n<p><a href=\"https:\/\/www.fmsdocumentation.com\/wp-content\/uploads\/2018\/06\/359.png\"><img loading=\"lazy\" decoding=\"async\" class=\"alignnone size-full wp-image-5291\" src=\"https:\/\/www.fmsdocumentation.com\/wp-content\/uploads\/2018\/06\/359.png\" alt=\"\" width=\"360\" height=\"83\" srcset=\"https:\/\/www.fmsdocumentation.com\/wp-content\/uploads\/2018\/06\/359.png 360w, https:\/\/www.fmsdocumentation.com\/wp-content\/uploads\/2018\/06\/359-300x69.png 300w\" sizes=\"auto, (max-width: 360px) 100vw, 360px\" \/><\/a><\/p>\n<hr>\n<h3>Zwei Fahrer<\/h3>\n<p>Wenn zwei Fahrer das Fahrzeug fahren, sind die Informationen, die im Zeitanalysebereich angezeigt werden im Grunde die gleichen wie f\u00fcr einen Fahrer. Der Hauptunterschied liegt darin, dass die Fahrt- und Ruhezeiten f\u00fcr beide Fahrer als eine Crew berechnet werden und nur erweiterte Ruhezeiten verf\u00fcgbar sind.<\/p>\n<p><a href=\"https:\/\/www.fmsdocumentation.com\/wp-content\/uploads\/2018\/08\/360.png\"><img loading=\"lazy\" decoding=\"async\" class=\"alignnone size-full wp-image-5736\" src=\"https:\/\/www.fmsdocumentation.com\/wp-content\/uploads\/2018\/08\/360.png\" alt=\"\" width=\"352\" height=\"153\" srcset=\"https:\/\/www.fmsdocumentation.com\/wp-content\/uploads\/2018\/08\/360.png 352w, https:\/\/www.fmsdocumentation.com\/wp-content\/uploads\/2018\/08\/360-300x130.png 300w\" sizes=\"auto, (max-width: 352px) 100vw, 352px\" \/><\/a><\/p>\n<p><p class=\"note\">Hinweis<br \/>\nWenn einer der Fahrer die Fahrerkarte nicht rechtzeitig eingesteckt hat, deutet das System dies so, dass nur der erste Fahrer Teil der Crew ist und der zweite Fahrer wird ausgegraut. Alle Fahrt- und Ruhezeitberechnungen erfolgen so, als ob es nur einen Fahrer g\u00e4be.<\/p><\/p>\n<p><a href=\"https:\/\/www.fmsdocumentation.com\/wp-content\/uploads\/2018\/08\/361.png\"><img loading=\"lazy\" decoding=\"async\" class=\"alignnone size-full wp-image-5737\" src=\"https:\/\/www.fmsdocumentation.com\/wp-content\/uploads\/2018\/08\/361.png\" alt=\"\" width=\"352\" height=\"121\" srcset=\"https:\/\/www.fmsdocumentation.com\/wp-content\/uploads\/2018\/08\/361.png 352w, https:\/\/www.fmsdocumentation.com\/wp-content\/uploads\/2018\/08\/361-300x103.png 300w\" sizes=\"auto, (max-width: 352px) 100vw, 352px\" \/><\/a><\/p>\n<hr>\n<h3>Zus\u00e4tzliche Informationen<\/h3>\n<p>In anderen Teilen des FMS werden auch andere Zeitanalysedaten angezeigt. Die verbliebene Fahrtzeit f\u00fcr den aktuellen Tag\/die aktuelle Woche kann in der Fahrzeugliste angezeigt werden, indem der Parameter \u201eheute\/diese Woche noch zu fahren\u201c ausgew\u00e4hlt wird. Die \u00fcber dem Limit gefahrene Zeit wird in rot angezeigt.<\/p>\n<p><a href=\"https:\/\/www.fmsdocumentation.com\/wp-content\/uploads\/2018\/08\/367.png\"><img loading=\"lazy\" decoding=\"async\" class=\"alignnone size-full wp-image-5812\" src=\"https:\/\/www.fmsdocumentation.com\/wp-content\/uploads\/2018\/08\/367.png\" alt=\"\" width=\"711\" height=\"240\" srcset=\"https:\/\/www.fmsdocumentation.com\/wp-content\/uploads\/2018\/08\/367.png 711w, https:\/\/www.fmsdocumentation.com\/wp-content\/uploads\/2018\/08\/367-300x101.png 300w\" sizes=\"auto, (max-width: 711px) 100vw, 711px\" \/><\/a><\/p>\n<p>Fahrerstatus und ihre Dauer, wie auch die gesamten Fahrt-, Ruhe- und Arbeitszeiten werden auch im Popup angezeigt, wenn Sie mit dem Mauszeiger \u00fcber dem Fahrzeug schweben. Das Sternchen neben der aktuellen Statusdauer bedeutet, dass die Zeitanalyseregeln f\u00fcr diesen Zustand nicht angewandt wurden (siehe Hinweis \u00fcber dem \u201eEin Fahrer\u201c-Abschnitt).<\/p>\n<p><a href=\"https:\/\/www.fmsdocumentation.com\/wp-content\/uploads\/2018\/08\/368.png\"><img loading=\"lazy\" decoding=\"async\" class=\"alignnone size-full wp-image-5813\" src=\"https:\/\/www.fmsdocumentation.com\/wp-content\/uploads\/2018\/08\/368.png\" alt=\"\" width=\"446\" height=\"247\" srcset=\"https:\/\/www.fmsdocumentation.com\/wp-content\/uploads\/2018\/08\/368.png 446w, https:\/\/www.fmsdocumentation.com\/wp-content\/uploads\/2018\/08\/368-300x166.png 300w\" sizes=\"auto, (max-width: 446px) 100vw, 446px\" \/><\/a><\/p>\n<hr>\n<p><div class=\"alignleft\"><a href=\"https:\/\/www.fmsdocumentation.com\/de\/flottenstatusmenue\/wartungsuebersicht\/\" title=\"Wartungs\u00fcbersicht\"><span class=\"arrow\">\u2039 &nbsp <\/span> Wartungs\u00fcbersicht <\/a><\/div> <div class=\"alignright\"><a href=\"https:\/\/www.fmsdocumentation.com\/de\/fahrermenue\/\" title=\"Fahrermen\u00fc\">Fahrermen\u00fc <span class=\"arrow\"> &nbsp\u203a <\/span> <\/a><\/div><\/p>\n","protected":false},"excerpt":{"rendered":"<p>Der Zeitanalysenbereich erm\u00f6glicht es dem Benutzer, die Fahrt- und Ruhezeiten des Fahrers, der das Fahrzeug f\u00e4hrt bzw. der Fahrer, die das Fahrzeug fahren, zu analysieren. Fahrt- und Ruhezeiten basieren auf der Bestimmung (EC) Nr. 561\/2006 des Europ\u00e4ischen Parlaments und des Ratesund gelten nur f\u00fcr Fahrzeuge in Europa. Hinweis Die Fahrt und Ruhezeiten werden unter Verwendung &hellip; <a href=\"https:\/\/www.fmsdocumentation.com\/de\/flottenstatusmenue\/zeitanalysenuebersicht\/\" class=\"more-link\"><span class=\"screen-reader-text\">Zeitanalysen\u00fcbersicht<\/span> weiterlesen<\/a><\/p>\n","protected":false},"author":5,"featured_media":0,"parent":11175,"menu_order":7,"comment_status":"closed","ping_status":"closed","template":"","meta":{"footnotes":""},"class_list":["post-11439","page","type-page","status-publish","hentry"],"_links":{"self":[{"href":"https:\/\/www.fmsdocumentation.com\/de\/wp-json\/wp\/v2\/pages\/11439","targetHints":{"allow":["GET"]}}],"collection":[{"href":"https:\/\/www.fmsdocumentation.com\/de\/wp-json\/wp\/v2\/pages"}],"about":[{"href":"https:\/\/www.fmsdocumentation.com\/de\/wp-json\/wp\/v2\/types\/page"}],"author":[{"embeddable":true,"href":"https:\/\/www.fmsdocumentation.com\/de\/wp-json\/wp\/v2\/users\/5"}],"replies":[{"embeddable":true,"href":"https:\/\/www.fmsdocumentation.com\/de\/wp-json\/wp\/v2\/comments?post=11439"}],"version-history":[{"count":0,"href":"https:\/\/www.fmsdocumentation.com\/de\/wp-json\/wp\/v2\/pages\/11439\/revisions"}],"up":[{"embeddable":true,"href":"https:\/\/www.fmsdocumentation.com\/de\/wp-json\/wp\/v2\/pages\/11175"}],"wp:attachment":[{"href":"https:\/\/www.fmsdocumentation.com\/de\/wp-json\/wp\/v2\/media?parent=11439"}],"curies":[{"name":"wp","href":"https:\/\/api.w.org\/{rel}","templated":true}]}}