{"id":11457,"date":"2022-06-12T20:44:28","date_gmt":"2022-06-12T17:44:28","guid":{"rendered":"https:\/\/www.fmsdocumentation.com\/fahrermenue\/"},"modified":"2022-06-12T20:44:28","modified_gmt":"2022-06-12T17:44:28","slug":"fahrermenue","status":"publish","type":"page","link":"https:\/\/www.fmsdocumentation.com\/de\/fahrermenue\/","title":{"rendered":"Fahrermen\u00fc"},"content":{"rendered":"<p>Das Fahrermen\u00fc wird dazu verwendet, Fahrer hinzuzuf\u00fcgen und bestehende Fahrer zu entfernen und zu modifizieren. Dieser Bereich wird dazu verwendet, allgemeine Informationen \u00fcber den Fahrer, Kontaktinformationen einzugeben und dem Fahrer ein Fahrzeug zuzuweisen und die App-Loginangaben zu verwalten. Um das Fahrermen\u00fc zu \u00f6ffnen, muss der Benutzer auf das entsprechende System links vom Navigationsbereich klicken.<\/p>\n<p><a href=\"https:\/\/www.fmsdocumentation.com\/wp-content\/uploads\/2018\/07\/54.png\"><img loading=\"lazy\" decoding=\"async\" class=\"alignnone wp-image-5341 size-large\" src=\"https:\/\/www.fmsdocumentation.com\/wp-content\/uploads\/2018\/07\/54-1024x505.png\" alt=\"\" width=\"660\" height=\"325\" srcset=\"https:\/\/www.fmsdocumentation.com\/wp-content\/uploads\/2018\/07\/54-1024x505.png 1024w, https:\/\/www.fmsdocumentation.com\/wp-content\/uploads\/2018\/07\/54-300x148.png 300w, https:\/\/www.fmsdocumentation.com\/wp-content\/uploads\/2018\/07\/54-768x379.png 768w, https:\/\/www.fmsdocumentation.com\/wp-content\/uploads\/2018\/07\/54.png 1920w\" sizes=\"auto, (max-width: 660px) 100vw, 660px\" \/><\/a><\/p>\n<hr>\n<p><div class=\"alignleft\"><a href=\"https:\/\/www.fmsdocumentation.com\/de\/flottenstatusmenue\/zeitanalysenuebersicht\/\" title=\"Zeitanalysen\u00fcbersicht\"><span class=\"arrow\">\u2039 &nbsp <\/span> Zeitanalysen\u00fcbersicht <\/a><\/div> <div class=\"alignright\"><a href=\"https:\/\/www.fmsdocumentation.com\/de\/fahrermenue\/fahrerliste\/\" title=\"Fahrerliste\">Fahrerliste <span class=\"arrow\"> &nbsp\u203a <\/span> <\/a><\/div><\/p>\n","protected":false},"excerpt":{"rendered":"<p>Das Fahrermen\u00fc wird dazu verwendet, Fahrer hinzuzuf\u00fcgen und bestehende Fahrer zu entfernen und zu modifizieren. Dieser Bereich wird dazu verwendet, allgemeine Informationen \u00fcber den Fahrer, Kontaktinformationen einzugeben und dem Fahrer ein Fahrzeug zuzuweisen und die App-Loginangaben zu verwalten. Um das Fahrermen\u00fc zu \u00f6ffnen, muss der Benutzer auf das entsprechende System links vom Navigationsbereich klicken.<\/p>\n","protected":false},"author":1,"featured_media":0,"parent":0,"menu_order":37,"comment_status":"closed","ping_status":"closed","template":"","meta":{"footnotes":""},"class_list":["post-11457","page","type-page","status-publish","hentry"],"_links":{"self":[{"href":"https:\/\/www.fmsdocumentation.com\/de\/wp-json\/wp\/v2\/pages\/11457","targetHints":{"allow":["GET"]}}],"collection":[{"href":"https:\/\/www.fmsdocumentation.com\/de\/wp-json\/wp\/v2\/pages"}],"about":[{"href":"https:\/\/www.fmsdocumentation.com\/de\/wp-json\/wp\/v2\/types\/page"}],"author":[{"embeddable":true,"href":"https:\/\/www.fmsdocumentation.com\/de\/wp-json\/wp\/v2\/users\/1"}],"replies":[{"embeddable":true,"href":"https:\/\/www.fmsdocumentation.com\/de\/wp-json\/wp\/v2\/comments?post=11457"}],"version-history":[{"count":0,"href":"https:\/\/www.fmsdocumentation.com\/de\/wp-json\/wp\/v2\/pages\/11457\/revisions"}],"wp:attachment":[{"href":"https:\/\/www.fmsdocumentation.com\/de\/wp-json\/wp\/v2\/media?parent=11457"}],"curies":[{"name":"wp","href":"https:\/\/api.w.org\/{rel}","templated":true}]}}