{"id":11462,"date":"2022-06-12T20:57:44","date_gmt":"2022-06-12T17:57:44","guid":{"rendered":"https:\/\/www.fmsdocumentation.com\/fahrermenue\/fahrerliste\/"},"modified":"2022-06-12T20:57:44","modified_gmt":"2022-06-12T17:57:44","slug":"fahrerliste","status":"publish","type":"page","link":"https:\/\/www.fmsdocumentation.com\/de\/fahrermenue\/fahrerliste\/","title":{"rendered":"Fahrerliste"},"content":{"rendered":"<p>Wenn das entsprechende Symbol im Navigationsbereich geklickt wird, wird der Fahrerbereich ge\u00f6ffnet, mitsamt einer Liste aller vorhandenen Fahrer f\u00fcr den aktuellen Webbenutzer. Es ist eine Suchleiste vorhanden, um schnell nach Fahrern zu suchen, die Liste wird automatisch mit jedem eingegebenen Buchstaben aktualisiert.<br \/>\n<p class=\"note\">Das Flottenmanagementsystem verwendet ein eingebautes automatisches Fahrererstellungs- und zuweisungstool. Dieses Tool erzeugt automatisch neue Fahrer von registrierten Fahrerkarten oder iButton-IDs. F\u00fcr eine empfangene ID wird nur ein Fahrer erstellt (das Tool wird keinen neuen Fahrer erstellen, wenn die gleiche Karte oder der iButton immer wieder verwendet wird. Das Tool benutzt den Namen des Fahrers von der Karte oder die iButton-ID als den Namen des Fahrers. Zudem weist das System den Fahrer automatisch dem Objekt zu, von dem die Ablesung erhalten wurde. Diese Funktion wird im n\u00e4chsten Abschnitt \u201e<a href=\"https:\/\/www.fmsdocumentation.com\/de\/fahrermenue\/fahrermanagement\/\">Fahrerverwaltung<\/a>\u201c beschrieben.<\/p><\/p>\n<p>Fahrer werden alphabetisch sortiert. Links vom Namen des Fahrers gibt es einen grauen Kreis mit den Initialen des Fahrers im Innern, dies soll die Navigation durch die Fahrerliste erleichtern. Wenn ein Fahrer \u00fcber ein zugewiesenes Fahrzeug verf\u00fcgt, wird dies in Grau unter dem Namen des Fahrers angezeigt, wenn kein Fahrzeug zugewiesen ist, wird das Fahrzeug als \u201eFahrzeug nicht zugewiesen\u201c gekennzeichnet\u201d.<\/p>\n<p><a href=\"https:\/\/www.fmsdocumentation.com\/wp-content\/uploads\/2017\/04\/55.png\"><img loading=\"lazy\" decoding=\"async\" class=\"alignnone wp-image-116 size-full\" src=\"https:\/\/www.fmsdocumentation.com\/wp-content\/uploads\/2017\/04\/55.png\" alt=\"\" width=\"343\" height=\"142\" srcset=\"https:\/\/www.fmsdocumentation.com\/wp-content\/uploads\/2017\/04\/55.png 343w, https:\/\/www.fmsdocumentation.com\/wp-content\/uploads\/2017\/04\/55-300x124.png 300w\" sizes=\"auto, (max-width: 343px) 100vw, 343px\" \/><\/a><\/p>\n<p>Die Fahrerliste kann durch drei Kriterien gefiltert werden, diese sind:<\/p>\n<ul>\n<li>Alle anzeigen;<\/li>\n<li>Mit Zuweisung;<\/li>\n<li>Ohne Zuweisung;<\/li>\n<li>Automatisch erstellt.<\/li>\n<\/ul>\n<p>Um den Filter zu \u00e4ndern, muss der Benutzer auf das Feld \u201eFahrer anzeigen\u201c, klicken, wodurch eine Dropdownliste mit Filtern ge\u00f6ffnet wird. W\u00e4hlen Sie in dieser Liste den gew\u00fcnschten Filter. Der aktuell ausgew\u00e4hlte Filter wird in einem leicht dunklen Grauton und mit einer blauen Leiste auf der rechten Seite des Filternamens hervorgehoben.<\/p>\n<p><a href=\"https:\/\/www.fmsdocumentation.com\/wp-content\/uploads\/2017\/04\/56-1.png\"><img loading=\"lazy\" decoding=\"async\" class=\"alignnone wp-image-738 size-full\" src=\"https:\/\/www.fmsdocumentation.com\/wp-content\/uploads\/2017\/04\/56-1.png\" alt=\"\" width=\"397\" height=\"223\" srcset=\"https:\/\/www.fmsdocumentation.com\/wp-content\/uploads\/2017\/04\/56-1.png 397w, https:\/\/www.fmsdocumentation.com\/wp-content\/uploads\/2017\/04\/56-1-300x169.png 300w\" sizes=\"auto, (max-width: 397px) 100vw, 397px\" \/><\/a><\/p>\n<p><p class=\"note\">Hinweis<br \/>\nAu\u00dferdem kann neben den Status \u201ezugewiesen\/nicht zugewiesen\u201c f\u00fcr Fahrer der Benutzer manchmal den Status \u201ebesch\u00e4ftigt\u201c vorfinden. Dieser Status besteht f\u00fcr F\u00e4lle, wenn der Fahrer einem Fahrzeug zugewiesen wird, der dem aktuellen Benutzer nicht angezeigt wird (limitiert). Wenn dieser Status aktiv ist, kann der Benutzer den Fahrer jedem Fahrzeug zuweisen. Nachfolgend wird ein Beispiel angezeigt.<\/p><\/p>\n<p><a href=\"https:\/\/www.fmsdocumentation.com\/wp-content\/uploads\/2017\/04\/266.png\"><img loading=\"lazy\" decoding=\"async\" class=\"alignnone wp-image-814 size-full\" src=\"https:\/\/www.fmsdocumentation.com\/wp-content\/uploads\/2017\/04\/266.png\" alt=\"\" width=\"344\" height=\"351\" srcset=\"https:\/\/www.fmsdocumentation.com\/wp-content\/uploads\/2017\/04\/266.png 344w, https:\/\/www.fmsdocumentation.com\/wp-content\/uploads\/2017\/04\/266-294x300.png 294w\" sizes=\"auto, (max-width: 344px) 100vw, 344px\" \/><\/a><\/p>\n<p>Um der Liste neue Fahrer hinzuzuf\u00fcgen, muss der Benutzer das Feld \u201e+ Neue Fahrer\u201c anklicken.<\/p>\n<p><a href=\"https:\/\/www.fmsdocumentation.com\/wp-content\/uploads\/2018\/07\/57.png\"><img loading=\"lazy\" decoding=\"async\" class=\"alignnone size-full wp-image-5338\" src=\"https:\/\/www.fmsdocumentation.com\/wp-content\/uploads\/2018\/07\/57.png\" alt=\"\" width=\"360\" height=\"380\" srcset=\"https:\/\/www.fmsdocumentation.com\/wp-content\/uploads\/2018\/07\/57.png 360w, https:\/\/www.fmsdocumentation.com\/wp-content\/uploads\/2018\/07\/57-284x300.png 284w\" sizes=\"auto, (max-width: 360px) 100vw, 360px\" \/><\/a><\/p>\n<p>Dies wird ein neues Fenster namens \u201eNeuen Fahrer hinzuf\u00fcgen\u201c \u00f6ffnen. In diesem Fenster muss der Benutzer die Fahrerinformationen ausf\u00fcllen. Nur ein Feld ist obligatorisch:<\/p>\n<ul>\n<li>Vorname.<\/li>\n<\/ul>\n<p>Andere Felder sind optional und werden nur ausgef\u00fcllt, wenn der Benutzer sich daf\u00fcr entscheidet. Nach dem Ausf\u00fcllen der Pflichtfelder (<em>und optional<\/em>) muss der Benutzer die Taste \u201eSpeichern\u201c anklicken, um den neuen Fahrer der Fahrerliste hinzuzuf\u00fcgen. Wenn der Benutzer sich daf\u00fcr entscheidet, diesen Fahrer nicht auf der Liste zu speichern, klicken Sie einfach auf die Taste \u201eSchlie\u00dfen\u201c oder klicken Sie irgendwo au\u00dferhalb des Fensters \u201eNeuen Fahrer hinzuf\u00fcgen\u201c<\/p>\n<p><a href=\"https:\/\/www.fmsdocumentation.com\/wp-content\/uploads\/2018\/07\/58.png\"><img loading=\"lazy\" decoding=\"async\" class=\"alignnone size-full wp-image-5339\" src=\"https:\/\/www.fmsdocumentation.com\/wp-content\/uploads\/2018\/07\/58.png\" alt=\"\" width=\"750\" height=\"757\" srcset=\"https:\/\/www.fmsdocumentation.com\/wp-content\/uploads\/2018\/07\/58.png 750w, https:\/\/www.fmsdocumentation.com\/wp-content\/uploads\/2018\/07\/58-150x150.png 150w, https:\/\/www.fmsdocumentation.com\/wp-content\/uploads\/2018\/07\/58-297x300.png 297w\" sizes=\"auto, (max-width: 750px) 100vw, 750px\" \/><\/a><\/p>\n<p>Nach dem Klicken der Taste \u201eSpeichern\u201c, wird die Liste alphabetisch automatisch aktualisiert und der neue Fahrer wird der Liste mit \u201eFahrzeug nicht zugewiesen\u201c hinzugef\u00fcgt.<\/p>\n<hr>\n<p><div class=\"alignleft\"><a href=\"https:\/\/www.fmsdocumentation.com\/de\/fahrermenue\/\" title=\"Fahrermen\u00fc\"><span class=\"arrow\">\u2039 &nbsp <\/span> Fahrermen\u00fc <\/a><\/div> <div class=\"alignright\"><a href=\"https:\/\/www.fmsdocumentation.com\/de\/fahrermenue\/fahrermanagement\/\" title=\"Fahrermanagement\">Fahrermanagement <span class=\"arrow\"> &nbsp\u203a <\/span> <\/a><\/div><\/p>\n<p>&nbsp;<\/p>\n","protected":false},"excerpt":{"rendered":"<p>Wenn das entsprechende Symbol im Navigationsbereich geklickt wird, wird der Fahrerbereich ge\u00f6ffnet, mitsamt einer Liste aller vorhandenen Fahrer f\u00fcr den aktuellen Webbenutzer. Es ist eine Suchleiste vorhanden, um schnell nach Fahrern zu suchen, die Liste wird automatisch mit jedem eingegebenen Buchstaben aktualisiert. Das Flottenmanagementsystem verwendet ein eingebautes automatisches Fahrererstellungs- und zuweisungstool. Dieses Tool erzeugt automatisch &hellip; <a href=\"https:\/\/www.fmsdocumentation.com\/de\/fahrermenue\/fahrerliste\/\" class=\"more-link\"><span class=\"screen-reader-text\">Fahrerliste<\/span> weiterlesen<\/a><\/p>\n","protected":false},"author":1,"featured_media":0,"parent":11457,"menu_order":1,"comment_status":"closed","ping_status":"closed","template":"","meta":{"footnotes":""},"class_list":["post-11462","page","type-page","status-publish","hentry"],"_links":{"self":[{"href":"https:\/\/www.fmsdocumentation.com\/de\/wp-json\/wp\/v2\/pages\/11462","targetHints":{"allow":["GET"]}}],"collection":[{"href":"https:\/\/www.fmsdocumentation.com\/de\/wp-json\/wp\/v2\/pages"}],"about":[{"href":"https:\/\/www.fmsdocumentation.com\/de\/wp-json\/wp\/v2\/types\/page"}],"author":[{"embeddable":true,"href":"https:\/\/www.fmsdocumentation.com\/de\/wp-json\/wp\/v2\/users\/1"}],"replies":[{"embeddable":true,"href":"https:\/\/www.fmsdocumentation.com\/de\/wp-json\/wp\/v2\/comments?post=11462"}],"version-history":[{"count":0,"href":"https:\/\/www.fmsdocumentation.com\/de\/wp-json\/wp\/v2\/pages\/11462\/revisions"}],"up":[{"embeddable":true,"href":"https:\/\/www.fmsdocumentation.com\/de\/wp-json\/wp\/v2\/pages\/11457"}],"wp:attachment":[{"href":"https:\/\/www.fmsdocumentation.com\/de\/wp-json\/wp\/v2\/media?parent=11462"}],"curies":[{"name":"wp","href":"https:\/\/api.w.org\/{rel}","templated":true}]}}