{"id":11491,"date":"2022-06-12T22:02:20","date_gmt":"2022-06-12T19:02:20","guid":{"rendered":"https:\/\/www.fmsdocumentation.com\/kommunikationsmenue\/"},"modified":"2022-06-12T22:02:20","modified_gmt":"2022-06-12T19:02:20","slug":"kommunikationsmenue","status":"publish","type":"page","link":"https:\/\/www.fmsdocumentation.com\/de\/kommunikationsmenue\/","title":{"rendered":"Kommunikationsmen\u00fc"},"content":{"rendered":"<p>Der Kommunikationsbereich erm\u00f6glicht es Ihnen, mit Fahrern zu kommunizieren, die die <a href=\"https:\/\/www.fmsdocumentation.com\/de\/ontrack-app\/\">OnTrack-App<\/a> benutzen. Um auf den Kommunikationsbereich zuzugreifen, klicken Sie auf das \u201eaccording\u201c-Symbol auf dem Navigationsbereich.<\/p>\n<p><a href=\"https:\/\/www.fmsdocumentation.com\/wp-content\/uploads\/2017\/04\/67-2.png\"><img loading=\"lazy\" decoding=\"async\" class=\"alignnone wp-image-1140 size-large\" src=\"https:\/\/www.fmsdocumentation.com\/wp-content\/uploads\/2017\/04\/67-2-1024x506.png\" alt=\"\" width=\"660\" height=\"326\" srcset=\"https:\/\/www.fmsdocumentation.com\/wp-content\/uploads\/2017\/04\/67-2-1024x506.png 1024w, https:\/\/www.fmsdocumentation.com\/wp-content\/uploads\/2017\/04\/67-2-300x148.png 300w, https:\/\/www.fmsdocumentation.com\/wp-content\/uploads\/2017\/04\/67-2-768x380.png 768w, https:\/\/www.fmsdocumentation.com\/wp-content\/uploads\/2017\/04\/67-2.png 1920w\" sizes=\"auto, (max-width: 660px) 100vw, 660px\" \/><\/a><\/p>\n<p>Durch Anklicken des Symbols wird das Kommunikationsfeld ge\u00f6ffnet. Sie k\u00f6nnen nur mit Fahrern mit einem bestehenden Account und nur von Ihrer Flotte kommunizieren In diesem Bereich k\u00f6nnen Sie zwei Dinge tun:<\/p>\n<ul>\n<li>Senden Sie auf einmal eine Nachricht an alle oder mehrere Fahrer;<\/li>\n<li>Kommunizieren Sie mit einzelnen Fahrern.<\/li>\n<\/ul>\n<p>Um eine Mitteilung an mehrere Fahrer zu senden, klicken Sie auf das Feld <strong>+ Neue Mitteilung<\/strong>, das sich oben in dem Bereich befindet<\/p>\n<p><a href=\"https:\/\/www.fmsdocumentation.com\/wp-content\/uploads\/2017\/04\/68.png\"><img loading=\"lazy\" decoding=\"async\" class=\"alignnone wp-image-133 size-full\" src=\"https:\/\/www.fmsdocumentation.com\/wp-content\/uploads\/2017\/04\/68.png\" alt=\"\" width=\"360\" height=\"286\" srcset=\"https:\/\/www.fmsdocumentation.com\/wp-content\/uploads\/2017\/04\/68.png 360w, https:\/\/www.fmsdocumentation.com\/wp-content\/uploads\/2017\/04\/68-300x238.png 300w\" sizes=\"auto, (max-width: 360px) 100vw, 360px\" \/><\/a><\/p>\n<p>Das Anklicken des Feldes wird das neue Nachrichtenfenster \u00f6ffnen. Hier k\u00f6nnen Sie ausw\u00e4hlen, an welche Fahrer diese Nachricht gesendet werden muss, indem das Suchfeld angeklickt wird. Das Anklicken des Suchfeldes erm\u00f6glicht die Suche nach Fahrern nach Namen oder einfach durch Auswahl von einer Dropdown-Liste. Wenn Sie sich dazu entscheiden, diese Mitteilung allen Fahrern zu senden, klicken Sie auf die Taste <strong>+ Hinzuf\u00fcgen<\/strong>, die sich rechts vom Suchfeld befindet.<\/p>\n<p>Unter dem Fahrerabschnitt befindet sich das Nachrichtenfeld, in das Sie die gew\u00fcnschte Nachricht eingeben k\u00f6nnen. Die maximale Anzahl an Zeichen f\u00fcr eine Nachricht betr\u00e4gt 500. Eine einzelne Datei kann der Mitteilung hinzugef\u00fcgt wird, die maximale Gr\u00f6\u00dfe der Datei betr\u00e4gt 10 MB. Klicken Sie nach Abschluss der Nachrichte, auf <strong>Senden<\/strong>, um die Mitteilung abzusenden. Um die Nachricht zu verwerfen, klicken Sie auf <strong>Abbrechen<\/strong> oder irgendwo au\u00dferhalb des Fensters <strong>Neue Nachricht<\/strong>.<\/p>\n<p><a href=\"https:\/\/www.fmsdocumentation.com\/wp-content\/uploads\/2017\/04\/69.png\"><img loading=\"lazy\" decoding=\"async\" class=\"alignnone wp-image-134 size-full\" src=\"https:\/\/www.fmsdocumentation.com\/wp-content\/uploads\/2017\/04\/69.png\" alt=\"\" width=\"750\" height=\"540\" srcset=\"https:\/\/www.fmsdocumentation.com\/wp-content\/uploads\/2017\/04\/69.png 750w, https:\/\/www.fmsdocumentation.com\/wp-content\/uploads\/2017\/04\/69-300x216.png 300w\" sizes=\"auto, (max-width: 750px) 100vw, 750px\" \/><\/a><\/p>\n<p>Nach Versendung einer Nachricht werden Sie zum vorherigen Bereich umgeleitet. Die Fahrerliste befindet sich unter dem Feld <strong>+ Neue Mitteilung<\/strong>. Verwenden Sie die Suchleiste, um die Fahrer zu filtern. Wenn Sie auf einen Fahrer auf der Liste klicken, \u00f6ffnet sich ein Gespr\u00e4chsbereich mit dem Fahrer.<\/p>\n<p><a href=\"https:\/\/www.fmsdocumentation.com\/wp-content\/uploads\/2017\/04\/70.png\"><img loading=\"lazy\" decoding=\"async\" class=\"alignnone wp-image-135 size-full\" src=\"https:\/\/www.fmsdocumentation.com\/wp-content\/uploads\/2017\/04\/70.png\" alt=\"\" width=\"396\" height=\"314\" srcset=\"https:\/\/www.fmsdocumentation.com\/wp-content\/uploads\/2017\/04\/70.png 396w, https:\/\/www.fmsdocumentation.com\/wp-content\/uploads\/2017\/04\/70-300x238.png 300w\" sizes=\"auto, (max-width: 396px) 100vw, 396px\" \/><\/a><\/p>\n<p>Der Gespr\u00e4chsbereich ist eher selbsterl\u00e4uternd und mit vielen beliebten Nachrichten-Apps identisch. Das Texteingabefeld befindet sich unten, links davon ist ein Anhang-Symbol, das f\u00fcr Anh\u00e4nge gesendet wird.<\/p>\n<p><a href=\"https:\/\/www.fmsdocumentation.com\/wp-content\/uploads\/2020\/05\/72.png\"><img loading=\"lazy\" decoding=\"async\" class=\"alignnone size-full wp-image-9157\" src=\"https:\/\/www.fmsdocumentation.com\/wp-content\/uploads\/2020\/05\/72.png\" alt=\"\" width=\"720\" height=\"877\" srcset=\"https:\/\/www.fmsdocumentation.com\/wp-content\/uploads\/2020\/05\/72.png 720w, https:\/\/www.fmsdocumentation.com\/wp-content\/uploads\/2020\/05\/72-246x300.png 246w\" sizes=\"auto, (max-width: 720px) 100vw, 720px\" \/><\/a><\/p>\n<p>Die Nachrichten vom Fahrer werden auf der linken Seite angezeigt, w\u00e4hrend die Nachrichten vom Benutzer auf der rechten Seite angezeigt werden. Die Anfangsblasen werden aus den Initialen des Fahrernamens und des Benutzer-Login-Namens gebildet.<\/p>\n<hr>\n<p><div class=\"alignleft\"><a href=\"https:\/\/www.fmsdocumentation.com\/de\/fahrermenue\/fahrermanagement\/\" title=\"Fahrermanagement\"><span class=\"arrow\">\u2039 &nbsp <\/span> Fahrermanagement <\/a><\/div> <div class=\"alignright\"><a href=\"https:\/\/www.fmsdocumentation.com\/de\/geozonen-menue\/\" title=\"Geozonen-Men\u00fc\">Geozonen-Men\u00fc <span class=\"arrow\"> &nbsp\u203a <\/span> <\/a><\/div><\/p>\n<p>&nbsp;<\/p>\n<p>&nbsp;<\/p>\n","protected":false},"excerpt":{"rendered":"<p>Der Kommunikationsbereich erm\u00f6glicht es Ihnen, mit Fahrern zu kommunizieren, die die OnTrack-App benutzen. Um auf den Kommunikationsbereich zuzugreifen, klicken Sie auf das \u201eaccording\u201c-Symbol auf dem Navigationsbereich. Durch Anklicken des Symbols wird das Kommunikationsfeld ge\u00f6ffnet. Sie k\u00f6nnen nur mit Fahrern mit einem bestehenden Account und nur von Ihrer Flotte kommunizieren In diesem Bereich k\u00f6nnen Sie zwei &hellip; <a href=\"https:\/\/www.fmsdocumentation.com\/de\/kommunikationsmenue\/\" class=\"more-link\"><span class=\"screen-reader-text\">Kommunikationsmen\u00fc<\/span> weiterlesen<\/a><\/p>\n","protected":false},"author":1,"featured_media":0,"parent":0,"menu_order":45,"comment_status":"closed","ping_status":"closed","template":"","meta":{"footnotes":""},"class_list":["post-11491","page","type-page","status-publish","hentry"],"_links":{"self":[{"href":"https:\/\/www.fmsdocumentation.com\/de\/wp-json\/wp\/v2\/pages\/11491","targetHints":{"allow":["GET"]}}],"collection":[{"href":"https:\/\/www.fmsdocumentation.com\/de\/wp-json\/wp\/v2\/pages"}],"about":[{"href":"https:\/\/www.fmsdocumentation.com\/de\/wp-json\/wp\/v2\/types\/page"}],"author":[{"embeddable":true,"href":"https:\/\/www.fmsdocumentation.com\/de\/wp-json\/wp\/v2\/users\/1"}],"replies":[{"embeddable":true,"href":"https:\/\/www.fmsdocumentation.com\/de\/wp-json\/wp\/v2\/comments?post=11491"}],"version-history":[{"count":0,"href":"https:\/\/www.fmsdocumentation.com\/de\/wp-json\/wp\/v2\/pages\/11491\/revisions"}],"wp:attachment":[{"href":"https:\/\/www.fmsdocumentation.com\/de\/wp-json\/wp\/v2\/media?parent=11491"}],"curies":[{"name":"wp","href":"https:\/\/api.w.org\/{rel}","templated":true}]}}