{"id":11502,"date":"2022-06-13T11:00:06","date_gmt":"2022-06-13T08:00:06","guid":{"rendered":"https:\/\/www.fmsdocumentation.com\/geozonen-menue\/"},"modified":"2022-06-13T11:00:07","modified_gmt":"2022-06-13T08:00:07","slug":"geozonen-menue","status":"publish","type":"page","link":"https:\/\/www.fmsdocumentation.com\/de\/geozonen-menue\/","title":{"rendered":"Geozonen-Men\u00fc"},"content":{"rendered":"<p>Um auf das Geozonenfeld zuzugreifen, muss der Benutzer auf das entsprechende Symbol auf dem Navigationsfeld klicken, das sich auf der linken Seite des Bildschirms befindet.<\/p>\n<p><a href=\"https:\/\/www.fmsdocumentation.com\/wp-content\/uploads\/2018\/05\/283.png\"><img loading=\"lazy\" decoding=\"async\" class=\"alignnone size-large wp-image-5028\" src=\"https:\/\/www.fmsdocumentation.com\/wp-content\/uploads\/2018\/05\/283-1024x506.png\" alt=\"\" width=\"660\" height=\"326\" srcset=\"https:\/\/www.fmsdocumentation.com\/wp-content\/uploads\/2018\/05\/283-1024x506.png 1024w, https:\/\/www.fmsdocumentation.com\/wp-content\/uploads\/2018\/05\/283-300x148.png 300w, https:\/\/www.fmsdocumentation.com\/wp-content\/uploads\/2018\/05\/283-768x380.png 768w, https:\/\/www.fmsdocumentation.com\/wp-content\/uploads\/2018\/05\/283.png 1920w\" sizes=\"auto, (max-width: 660px) 100vw, 660px\" \/><\/a><\/p>\n<p>Dieser Bereich erm\u00f6glicht es dem Benutzer, bestehende Geozonen zu durchsuchen, sie zu modifizieren und neue zu erstellen.<\/p>\n<p>An der Spitze der Seite, kann der Benutzer auf das Geozonen-Gruppierungsmen\u00fc zugreifen. Die Dropdown-Liste wird vorhandene Gruppen anzeigen, mit einer zugewiesenen Farbe und einer Anzahl an Geozonen, in dieser spezifischen Gruppe. Der Benutzer kann ausw\u00e4hlen, welche Gruppe von Geozonen angezeigt werden soll. Alternativ kann der Benutzer eine neue Gruppe erstellen, indem er die drei Punkte neben der Dropdown-Liste anklickt, wodurch ein Auswahlschalter aktiviert wird.<\/p>\n<p><a href=\"https:\/\/www.fmsdocumentation.com\/wp-content\/uploads\/2017\/04\/278.png\"><img loading=\"lazy\" decoding=\"async\" class=\"alignnone wp-image-958 size-full\" src=\"https:\/\/www.fmsdocumentation.com\/wp-content\/uploads\/2017\/04\/278.png\" alt=\"\" width=\"534\" height=\"475\" srcset=\"https:\/\/www.fmsdocumentation.com\/wp-content\/uploads\/2017\/04\/278.png 534w, https:\/\/www.fmsdocumentation.com\/wp-content\/uploads\/2017\/04\/278-300x267.png 300w\" sizes=\"auto, (max-width: 534px) 100vw, 534px\" \/><\/a><\/p>\n<p>Durch Anklicken von \u201eNeue Gruppe erstellen\u201c wird ein Abschnitt zur Gruppenauswahl ge\u00f6ffnet. Hier muss der Benutzer einen Namen f\u00fcr die Gruppe erstellen, dann eine Farbe f\u00fcr die Gruppe ausw\u00e4hlen und ausw\u00e4hlen, welche Geozonen der Gruppe hinzugef\u00fcgt werden sollen. Alle Geozonen werden auf der Liste angezeigt. Der Benutzer kann die Suchleiste benutzen, um schnell die Geozonen zu durchsuchen oder um einen Filter zu aktivieren, der nur Geozonen oder POI (Points of Interest) zeigt. Nachdem alles erledigt ist, muss der Benutzer auf die Taste \u201eSpeichern\u201c klicken, um die neue Gruppe zu speichern.<\/p>\n<p><a href=\"https:\/\/www.fmsdocumentation.com\/wp-content\/uploads\/2017\/04\/279.png\"><img loading=\"lazy\" decoding=\"async\" class=\"alignnone wp-image-959 size-full\" src=\"https:\/\/www.fmsdocumentation.com\/wp-content\/uploads\/2017\/04\/279.png\" alt=\"\" width=\"359\" height=\"458\" srcset=\"https:\/\/www.fmsdocumentation.com\/wp-content\/uploads\/2017\/04\/279.png 359w, https:\/\/www.fmsdocumentation.com\/wp-content\/uploads\/2017\/04\/279-235x300.png 235w\" sizes=\"auto, (max-width: 359px) 100vw, 359px\" \/><\/a><\/p>\n<p>Um eine Gruppe zu bearbeiten oder zu l\u00f6schen muss der Benutzer zuerst eine Geozonen-Gruppe von der Liste ausw\u00e4hlen und dann auf die drei Punkte klicken. Jetzt werden die Optionen \u201eBearbeiten\u201c und \u201eL\u00f6schen\u201c wie auch eine Option \u201ePrivatsph\u00e4re der Geozonen bearbeiten&#8221; (nur f\u00fcr Administratoren)\u201c verf\u00fcgbar sein.<\/p>\n<p><a href=\"https:\/\/www.fmsdocumentation.com\/wp-content\/uploads\/2018\/05\/280.png\"><img loading=\"lazy\" decoding=\"async\" class=\"alignnone size-full wp-image-5032\" src=\"https:\/\/www.fmsdocumentation.com\/wp-content\/uploads\/2018\/05\/280.png\" alt=\"\" width=\"579\" height=\"250\" srcset=\"https:\/\/www.fmsdocumentation.com\/wp-content\/uploads\/2018\/05\/280.png 579w, https:\/\/www.fmsdocumentation.com\/wp-content\/uploads\/2018\/05\/280-300x130.png 300w\" sizes=\"auto, (max-width: 579px) 100vw, 579px\" \/><\/a><\/p>\n<p>Wenn Sie auf \u201ePrivatsph\u00e4re der Geozonen bearbeiten\u201c klicken, wird ein neues Fenster ge\u00f6ffnet, in dem der Benutzer ausw\u00e4hlen kann, welche Geheimhaltungseinstellungen f\u00fcr die <strong>ganze<\/strong> Gruppe angewandt werden. Die folgenden Geheimhaltungseinstellungen sind verf\u00fcgbar:<\/p>\n<ul>\n<li>Nur Sie k\u00f6nnen <strong>sehen<\/strong> und <strong>bearbeiten<\/strong> \u2013 nur der aktuelle Benutzer mit Admin-Rechten wird in der Lage sein, die ausgew\u00e4hlte Geozonengruppe zu sehen und zu bearbeiten;<\/li>\n<li>Jeder kann <strong>sehen<\/strong> \u2013 alle Benutzer k\u00f6nnen die ausgew\u00e4hlte Geozonengruppe sehen;<\/li>\n<li>Jeder kann <strong>sehen<\/strong> und <strong>bearbeiten<\/strong>\u2013 alle Benutzer k\u00f6nnen die ausgew\u00e4hlte Geozonengruppe sehen und bearbeiten.<\/li>\n<\/ul>\n<p>Nachdem alle Geheimhaltungseinstellungen ausgew\u00e4hlt wurden, muss der Benutzer auf die Taste \u201eSpeichern\u201c klicken, andernfalls werden die \u00c4nderungen nicht gespeichert.<\/p>\n<p><a href=\"https:\/\/www.fmsdocumentation.com\/wp-content\/uploads\/2018\/05\/346.png\"><img loading=\"lazy\" decoding=\"async\" class=\"alignnone size-full wp-image-5033\" src=\"https:\/\/www.fmsdocumentation.com\/wp-content\/uploads\/2018\/05\/346.png\" alt=\"\" width=\"750\" height=\"349\" srcset=\"https:\/\/www.fmsdocumentation.com\/wp-content\/uploads\/2018\/05\/346.png 750w, https:\/\/www.fmsdocumentation.com\/wp-content\/uploads\/2018\/05\/346-300x140.png 300w\" sizes=\"auto, (max-width: 750px) 100vw, 750px\" \/><\/a><\/p>\n<p>Um eine neue Geozone zu erstellen, muss der Benutzer auf die Taste \u201e+ Neue Geozone\u201c klicken.<\/p>\n<p><a href=\"https:\/\/www.fmsdocumentation.com\/wp-content\/uploads\/2018\/05\/93.png\"><img loading=\"lazy\" decoding=\"async\" class=\"alignnone size-large wp-image-5031\" src=\"https:\/\/www.fmsdocumentation.com\/wp-content\/uploads\/2018\/05\/93-1024x506.png\" alt=\"\" width=\"660\" height=\"326\" srcset=\"https:\/\/www.fmsdocumentation.com\/wp-content\/uploads\/2018\/05\/93-1024x506.png 1024w, https:\/\/www.fmsdocumentation.com\/wp-content\/uploads\/2018\/05\/93-300x148.png 300w, https:\/\/www.fmsdocumentation.com\/wp-content\/uploads\/2018\/05\/93-768x380.png 768w, https:\/\/www.fmsdocumentation.com\/wp-content\/uploads\/2018\/05\/93.png 1920w\" sizes=\"auto, (max-width: 660px) 100vw, 660px\" \/><\/a><\/p>\n<p>Wenn Sie auf die Taste \u201e+ Neue Geozone\u201c klicken, wird ein neuer Bereich mit Geozonenarten ge\u00f6ffnet. Nur zwei Tabs stehen zur Verf\u00fcgung: <strong>Neuer Point of Interest<\/strong> und <strong>Neue Geozone<\/strong>.<\/p>\n<p><strong>Neuer Point of Interest<\/strong><b> <\/b>\u2013 nach dem Anklicken der Taste \u201e+ Neue Geozone\u201c kann der Benutzer auf zwei Arten einen Point of Interest erstellen.<\/p>\n<p><a href=\"https:\/\/www.fmsdocumentation.com\/wp-content\/uploads\/2018\/05\/94.png\"><img loading=\"lazy\" decoding=\"async\" class=\"alignnone wp-image-5034 size-full\" src=\"https:\/\/www.fmsdocumentation.com\/wp-content\/uploads\/2018\/05\/94.png\" alt=\"\" width=\"360\" height=\"130\" srcset=\"https:\/\/www.fmsdocumentation.com\/wp-content\/uploads\/2018\/05\/94.png 360w, https:\/\/www.fmsdocumentation.com\/wp-content\/uploads\/2018\/05\/94-300x108.png 300w\" sizes=\"auto, (max-width: 360px) 100vw, 360px\" \/><\/a><\/p>\n<p>Die erste besteht darin, einfach den gew\u00fcnschten POI auf der Karte anzuklicken, wodurch das Adressfeld und das Radiusfeld automatisch ausgef\u00fcllt werden, so dass der Benutzer gegebenenfalls nur noch den POI benennen, die Geheimhaltungseinstellungen ausw\u00e4hlen und Anmerkungen hinzuf\u00fcgen muss.<\/p>\n<p>Bei der zweiten m\u00fcssen alle Informationen mit der Hand eingegeben werden. Der Benutzer muss die folgenden Felder ausf\u00fcllen:<\/p>\n<ul>\n<li>Name \u2013 der Name des POI, dies dient vornehmlich nur Benutzernavigationszwecken (dieses Feld ist obligatorisch);<\/li>\n<li>\u2022 Adresse \u2013 die Adresse des POI, dieses Feld funktioniert als eine Suchleiste und wird automatisch Adressen bei jedem eingegebenen Zeichen vorschlagen (dieses Feld ist obligatorisch);<\/li>\n<li>Radius \u2013 der Radius um die ausgew\u00e4hlte Adresse, die in die Geozone eingef\u00fcgt wird. Die Werte reichen von 5 bis 50000 Metern. (dieses Feld ist obligatorisch);<\/li>\n<li>Art \u2013 wer kann den POI sehen und bearbeiten, wie zuvor in den Geheimhaltungseinstellungen beschrieben (nur Admins);<\/li>\n<li>Hinweise \u2013 allgemeine Hinweise, \u00fcber die der Benutzer entscheiden k\u00f6nnte, dass sie derart erforderlich sind, dass Sie an das POI angef\u00fcgt werden sollten (dieses Feld ist optional).<\/li>\n<\/ul>\n<p><a href=\"https:\/\/www.fmsdocumentation.com\/wp-content\/uploads\/2018\/05\/95.png\"><img loading=\"lazy\" decoding=\"async\" class=\"alignnone wp-image-5035 size-full\" src=\"https:\/\/www.fmsdocumentation.com\/wp-content\/uploads\/2018\/05\/95.png\" alt=\"\" width=\"360\" height=\"819\" srcset=\"https:\/\/www.fmsdocumentation.com\/wp-content\/uploads\/2018\/05\/95.png 360w, https:\/\/www.fmsdocumentation.com\/wp-content\/uploads\/2018\/05\/95-132x300.png 132w\" sizes=\"auto, (max-width: 360px) 100vw, 360px\" \/><\/a><\/p>\n<p>Nach dem Ausf\u00fcllen aller Felder, muss die \u201eAnwenden\u201c-Taste angeklickt werden, andernfalls wird die Geozone nicht gespeichert.<\/p>\n<p><strong>Neue Geozone<\/strong>\u2013 erm\u00f6glicht die Kennzeichnung eines Gebiets auf der Karte, indem miteinander verbundene Punkte auf der Karte gekennzeichnet werden.<\/p>\n<p><a href=\"https:\/\/www.fmsdocumentation.com\/wp-content\/uploads\/2018\/05\/96.png\"><img loading=\"lazy\" decoding=\"async\" class=\"alignnone size-full wp-image-5036\" src=\"https:\/\/www.fmsdocumentation.com\/wp-content\/uploads\/2018\/05\/96.png\" alt=\"\" width=\"360\" height=\"130\" srcset=\"https:\/\/www.fmsdocumentation.com\/wp-content\/uploads\/2018\/05\/96.png 360w, https:\/\/www.fmsdocumentation.com\/wp-content\/uploads\/2018\/05\/96-300x108.png 300w\" sizes=\"auto, (max-width: 360px) 100vw, 360px\" \/><\/a><\/p>\n<p>Es gibt nur einen Weg, um eine Geozone zu erstellen. Nach dem Anklicken des Tabs \u201eNeue Geozone\u201c werden nur drei Felder verf\u00fcgbar sein, um ausgef\u00fcllt zu werden:<\/p>\n<ul>\n<li>Name \u2013 der Name der Geozone, dies dient vornehmlich nur Benutzernavigationszwecken (dieses Feld ist obligatorisch);<\/li>\n<li>Art \u2013 wer kann die Geozone sehen und bearbeiten, wie zuvor in den Geheimhaltungseinstellungen beschrieben;<\/li>\n<li>Hinweise \u2013 allgemeine Hinweise, \u00fcber die der Benutzer entscheiden k\u00f6nnte, dass sie derart erforderlich sind, dass Sie an das POI angef\u00fcgt werden sollten (dieses Feld ist optional).<\/li>\n<\/ul>\n<p>Nach dem Ausf\u00fcllen der Felder (<em>oder vorher, die Reihenfolge der Schritte hat keine Auswirkung auf das Endergebnis<\/em>) muss der Benutzer die Geozone auf der Karte kennzeichnen. Um zu starten muss der Benutzer zuerst den ersten Punkt platzieren, indem er auf die Karte klickt. Dann klickt er mehrere Punkte um den Bereich herum, den der Benutzer kennzeichnen m\u00f6chte. Jeder Punkt wird mit dem vorherigen und dann dem n\u00e4chsten verbunden. Um die Erstellung einer Geozone abzuschlie\u00dfen m\u00fcssen der letzte und erste Punkt verbunden werden.<\/p>\n<p><a href=\"https:\/\/www.fmsdocumentation.com\/wp-content\/uploads\/2018\/05\/97.png\"><img loading=\"lazy\" decoding=\"async\" class=\"alignnone size-large wp-image-5037\" src=\"https:\/\/www.fmsdocumentation.com\/wp-content\/uploads\/2018\/05\/97-1024x607.png\" alt=\"\" width=\"660\" height=\"391\" srcset=\"https:\/\/www.fmsdocumentation.com\/wp-content\/uploads\/2018\/05\/97-1024x607.png 1024w, https:\/\/www.fmsdocumentation.com\/wp-content\/uploads\/2018\/05\/97-300x178.png 300w, https:\/\/www.fmsdocumentation.com\/wp-content\/uploads\/2018\/05\/97-768x455.png 768w, https:\/\/www.fmsdocumentation.com\/wp-content\/uploads\/2018\/05\/97.png 1500w\" sizes=\"auto, (max-width: 660px) 100vw, 660px\" \/><\/a><\/p>\n<p>Nach dem Ausf\u00fcllen aller Felder und der Kennzeichnung der Geozone muss der Benutzer die Taste \u201eSpeichern\u201c anklicken, um die Geozone zu speichern<br \/>\n<p class=\"note\">Hinweis<br \/>\nDie Geozone kann nachdem der letzte Punkt verbunden wurde, modifiziert werden. Klicken und ziehen Sie hierf\u00fcr einfach die vorhandenen Geozonenpunkte entlang der Karte. W\u00e4hrend sich die Geozone streckt, werden mehr Punkte erstellt, um die Erstellung der Geozone zu erleichtern. Nach jeder Punktbewegung erscheint ein Symbol \u201eR\u00fcckg\u00e4ngig machen\u201c, dass es m\u00f6glich macht, den bewegten Punkt an seine vorherige Person zur\u00fcckzusetzen. Dies gilt nur f\u00fcr den letzten bewegten Punkt.<\/p><\/p>\n<p>Zudem kann der Benutzer, statt POIs\/Geozonen mit der Hand zu erstellen, eine Datei mit Punktdaten durch Anklicken des Datei-Symbols wie unten gezeigt importieren. Dies macht es m\u00f6glich, POIs\/Geozonen geb\u00fcndelt zu erstellen.<\/p>\n<p><a href=\"https:\/\/www.fmsdocumentation.com\/wp-content\/uploads\/2018\/05\/347.png\"><img loading=\"lazy\" decoding=\"async\" class=\"alignnone size-full wp-image-5040\" src=\"https:\/\/www.fmsdocumentation.com\/wp-content\/uploads\/2018\/05\/347.png\" alt=\"\" width=\"390\" height=\"180\" srcset=\"https:\/\/www.fmsdocumentation.com\/wp-content\/uploads\/2018\/05\/347.png 390w, https:\/\/www.fmsdocumentation.com\/wp-content\/uploads\/2018\/05\/347-300x138.png 300w\" sizes=\"auto, (max-width: 390px) 100vw, 390px\" \/><\/a><\/p>\n<p>Wenn Sie auf das Datei-Symbol klicken, wird ein neues Fenster \u201eGeozone importieren\u201c ge\u00f6ffnet. Zuallererst sollte der Benutzer einen Geozonengruppe oder Gruppen ausw\u00e4hlen, zu der die importierten Geozonen hinzugef\u00fcgt werden. Da ist eine Suchleiste, die Liste wird automatisch mit jedem eingegebenen Buchstaben aktualisiert. Um eine Gruppe auszuw\u00e4hlen oder die Auswahl aufzuheben, muss der Benutzer das Markierungsfeld neben dem Fahrer kennzeichnen oder die Kennzeichnung aufheben. Wenn das Feld leer gelassen wird, werden die importierten Geozonen keiner Gruppe zugewiesen. Alternativ kann der Benutzer eine neue Gruppe rechts in dem Fenster \u201eGeozone importieren\u201c erstellen, indem er \u201eGeozonengruppe erstellen\u201c ausw\u00e4hlt.<\/p>\n<p>Nach Auswahl der Gruppe muss der Benutzer die Erlaubnisart ausw\u00e4hlen (nur Admin) und eine Datei mit Geozonendaten hochladen (<strong>nur .kml- und .csv-Dateien werden akzeptiert!<\/strong>). Eine Beispieldatei kann durch Anklicken von \u201eCSV-Formular-Beispiel herunterladen\u201c heruntergeladen werden. Wenn Sie mit dem Mauszeiger \u00fcber das Informationen-Symbol daneben fahren, wird eine Erl\u00e4uterung angezeigt, was die Datei enthalten sollte. Der Benutzer muss die Taste \u201eImportieren\u201c anklicken, andernfalls wird die Datei nicht hochgeladen.<\/p>\n<p><a href=\"https:\/\/www.fmsdocumentation.com\/wp-content\/uploads\/2018\/05\/348.png\"><img loading=\"lazy\" decoding=\"async\" class=\"alignnone size-full wp-image-5041\" src=\"https:\/\/www.fmsdocumentation.com\/wp-content\/uploads\/2018\/05\/348.png\" alt=\"\" width=\"850\" height=\"543\" srcset=\"https:\/\/www.fmsdocumentation.com\/wp-content\/uploads\/2018\/05\/348.png 850w, https:\/\/www.fmsdocumentation.com\/wp-content\/uploads\/2018\/05\/348-300x192.png 300w, https:\/\/www.fmsdocumentation.com\/wp-content\/uploads\/2018\/05\/348-768x491.png 768w\" sizes=\"auto, (max-width: 850px) 100vw, 850px\" \/><\/a><\/p>\n<p><p class=\"note\">Hinweis<br \/>\nDer Benutzer muss die Taste \u201eImportieren\u201c anklicken, andernfalls wird die Datei nicht hochgeladen. Admins und andere Benutzer k\u00f6nnen sie nicht sehen oder bearbeiten.<\/p><\/p>\n<p><strong>Geozonenliste<\/strong> \u2013 zeigt alle Geozonen an, die f\u00fcr den bestimmten Webbenutzer sichtbar sind. Die Geozonenliste kann durch Anklicken des Feldes \u201eGeozonen zeigen\u201c gefiltert werden, wodurch eine Dropdown-Liste mit verf\u00fcgbaren Filtern ge\u00f6ffnet wird.<\/p>\n<p><a href=\"https:\/\/www.fmsdocumentation.com\/wp-content\/uploads\/2018\/05\/98.png\"><img loading=\"lazy\" decoding=\"async\" class=\"alignnone size-full wp-image-5039\" src=\"https:\/\/www.fmsdocumentation.com\/wp-content\/uploads\/2018\/05\/98.png\" alt=\"\" width=\"360\" height=\"162\" srcset=\"https:\/\/www.fmsdocumentation.com\/wp-content\/uploads\/2018\/05\/98.png 360w, https:\/\/www.fmsdocumentation.com\/wp-content\/uploads\/2018\/05\/98-300x135.png 300w\" sizes=\"auto, (max-width: 360px) 100vw, 360px\" \/><\/a><\/p>\n<p>Der aktuell ausgew\u00e4hlte Filter ist in einem dunkleren Grauton hervorgehoben und mit einer blauen Leiste auf der rechten Seite des Namens des Filternamens gekennzeichnet. Nach der Auswahl eines Filters wird die Liste automatisch durch die Filterparameter aktualisiert. Jede Geozone ist mit einem entsprechenden Symbol gekennzeichnet. Neben dem Symbol befinden sich der Name der Geozone und darunter die Adresse. Geozonen, die f\u00fcr andere Benutzer sichtbar sind und von diesen bearbeitet werden k\u00f6nnen, verf\u00fcgen \u00fcber ein Symbol auf der rechten Seite.<\/p>\n<p><a href=\"https:\/\/www.fmsdocumentation.com\/wp-content\/uploads\/2018\/05\/349.png\"><img loading=\"lazy\" decoding=\"async\" class=\"alignnone size-full wp-image-5045\" src=\"https:\/\/www.fmsdocumentation.com\/wp-content\/uploads\/2018\/05\/349.png\" alt=\"\" width=\"352\" height=\"71\" srcset=\"https:\/\/www.fmsdocumentation.com\/wp-content\/uploads\/2018\/05\/349.png 352w, https:\/\/www.fmsdocumentation.com\/wp-content\/uploads\/2018\/05\/349-300x61.png 300w\" sizes=\"auto, (max-width: 352px) 100vw, 352px\" \/><\/a><\/p>\n<p>Durch Anklicken der Geozone wird sie auf der Karte angezeigt und ein Bereich mit den Informationen \u00fcber die Geozone wird ge\u00f6ffnet. Die Koordinaten der Geozone k\u00f6nnen aus dem Bereich kopiert werden, indem man sie anklickt. Der Benutzer kann auch die Geozone bearbeiten oder l\u00f6schen, indem er auf die entsprechenden Tasten dr\u00fcckt.<\/p>\n<p><a href=\"https:\/\/www.fmsdocumentation.com\/wp-content\/uploads\/2019\/06\/102.png\"><img loading=\"lazy\" decoding=\"async\" class=\"alignnone size-full wp-image-8039\" src=\"https:\/\/www.fmsdocumentation.com\/wp-content\/uploads\/2019\/06\/102.png\" alt=\"\" width=\"722\" height=\"490\" srcset=\"https:\/\/www.fmsdocumentation.com\/wp-content\/uploads\/2019\/06\/102.png 722w, https:\/\/www.fmsdocumentation.com\/wp-content\/uploads\/2019\/06\/102-300x204.png 300w\" sizes=\"auto, (max-width: 722px) 100vw, 722px\" \/><\/a><\/p>\n<p><strong>Bearbeiten<\/strong> \u2013 \u00f6ffnet ein Fenster, das mit \u201eNeue Geozone\u201c identisch ist, hier k\u00f6nnen \u00c4nderungen an der Geozone vorgenommen werden. Beschreibung und Kartenposition k\u00f6nnen ge\u00e4ndert werden. Nach allen Modifikationen, muss die \u201eSpeichern\u201c-Taste angeklickt werden, andernfalls werden die \u00c4nderungen verworfen. Wenn der Benutzer die \u00c4nderungen nicht speichern m\u00f6chte, muss der die Taste \u201eAbbrechen\u201c anklicken.<\/p>\n<p><strong>L\u00f6schen<\/strong> \u2013 durch Anklicken dieser Taste wird ein neues Best\u00e4tigungsfenster ge\u00f6ffnet, f\u00fcr den Fall, dass der Benutzer diese Taste aus Versehen gedr\u00fcckt hat. Hier kann der Benutzer die \u00c4nderungen entweder best\u00e4tigen oder abbrechen. Geozonen k\u00f6nnen nur durch den Benutzer gel\u00f6scht werden, der sie erstellt hat.<\/p>\n<p>&nbsp;<\/p>\n<hr>\n<p><div class=\"alignleft\"><a href=\"https:\/\/www.fmsdocumentation.com\/de\/kommunikationsmenue\/\" title=\"Kommunikationsmen\u00fc\"><span class=\"arrow\">\u2039 &nbsp <\/span> Kommunikationsmen\u00fc <\/a><\/div> <div class=\"alignright\"><a href=\"https:\/\/www.fmsdocumentation.com\/de\/ereignismenue\/\" title=\"Ereignismen\u00fc\">Ereignismen\u00fc <span class=\"arrow\"> &nbsp\u203a <\/span> <\/a><\/div><\/p>\n","protected":false},"excerpt":{"rendered":"<p>Um auf das Geozonenfeld zuzugreifen, muss der Benutzer auf das entsprechende Symbol auf dem Navigationsfeld klicken, das sich auf der linken Seite des Bildschirms befindet. Dieser Bereich erm\u00f6glicht es dem Benutzer, bestehende Geozonen zu durchsuchen, sie zu modifizieren und neue zu erstellen. An der Spitze der Seite, kann der Benutzer auf das Geozonen-Gruppierungsmen\u00fc zugreifen. Die &hellip; <a href=\"https:\/\/www.fmsdocumentation.com\/de\/geozonen-menue\/\" class=\"more-link\"><span class=\"screen-reader-text\">Geozonen-Men\u00fc<\/span> weiterlesen<\/a><\/p>\n","protected":false},"author":1,"featured_media":0,"parent":0,"menu_order":53,"comment_status":"closed","ping_status":"closed","template":"","meta":{"footnotes":""},"class_list":["post-11502","page","type-page","status-publish","hentry"],"_links":{"self":[{"href":"https:\/\/www.fmsdocumentation.com\/de\/wp-json\/wp\/v2\/pages\/11502","targetHints":{"allow":["GET"]}}],"collection":[{"href":"https:\/\/www.fmsdocumentation.com\/de\/wp-json\/wp\/v2\/pages"}],"about":[{"href":"https:\/\/www.fmsdocumentation.com\/de\/wp-json\/wp\/v2\/types\/page"}],"author":[{"embeddable":true,"href":"https:\/\/www.fmsdocumentation.com\/de\/wp-json\/wp\/v2\/users\/1"}],"replies":[{"embeddable":true,"href":"https:\/\/www.fmsdocumentation.com\/de\/wp-json\/wp\/v2\/comments?post=11502"}],"version-history":[{"count":1,"href":"https:\/\/www.fmsdocumentation.com\/de\/wp-json\/wp\/v2\/pages\/11502\/revisions"}],"predecessor-version":[{"id":11512,"href":"https:\/\/www.fmsdocumentation.com\/de\/wp-json\/wp\/v2\/pages\/11502\/revisions\/11512"}],"wp:attachment":[{"href":"https:\/\/www.fmsdocumentation.com\/de\/wp-json\/wp\/v2\/media?parent=11502"}],"curies":[{"name":"wp","href":"https:\/\/api.w.org\/{rel}","templated":true}]}}