{"id":11547,"date":"2022-06-13T11:39:38","date_gmt":"2022-06-13T08:39:38","guid":{"rendered":"https:\/\/www.fmsdocumentation.com\/ereignismenue\/neues-ereignis-erstellen\/"},"modified":"2022-06-13T11:39:40","modified_gmt":"2022-06-13T08:39:40","slug":"neues-ereignis-erstellen","status":"publish","type":"page","link":"https:\/\/www.fmsdocumentation.com\/de\/ereignismenue\/neues-ereignis-erstellen\/","title":{"rendered":"Neues Ereignis erstellen"},"content":{"rendered":"&#13;\n<p>Um ein neues Ereignis zu erstellen, muss der Benutzer die Taste <strong>+ Neues Ereignis<\/strong> anklicken.<\/p>&#13;\n&#13;\n<figure class=\"wp-block-image is-resized\"><a href=\"https:\/\/www.fmsdocumentation.com\/wp-content\/uploads\/2017\/04\/104.png\"><img loading=\"lazy\" decoding=\"async\" class=\"wp-image-186\" src=\"https:\/\/www.fmsdocumentation.com\/wp-content\/uploads\/2017\/04\/104.png\" alt=\"\" width=\"396\" height=\"154\" srcset=\"https:\/\/www.fmsdocumentation.com\/wp-content\/uploads\/2017\/04\/104.png 396w, https:\/\/www.fmsdocumentation.com\/wp-content\/uploads\/2017\/04\/104-300x117.png 300w\" sizes=\"auto, (max-width: 396px) 100vw, 396px\" \/><\/a><\/figure>&#13;\n&#13;\n<p>Dadurch wird ein neues Fenster ge\u00f6ffnet.<\/p>&#13;\n&#13;\n<figure class=\"wp-block-image is-resized\"><a href=\"https:\/\/www.fmsdocumentation.com\/wp-content\/uploads\/2018\/03\/105.png\"><img loading=\"lazy\" decoding=\"async\" class=\"wp-image-4479\" src=\"https:\/\/www.fmsdocumentation.com\/wp-content\/uploads\/2018\/03\/105.png\" alt=\"\" width=\"578\" height=\"515\" srcset=\"https:\/\/www.fmsdocumentation.com\/wp-content\/uploads\/2018\/03\/105.png 850w, https:\/\/www.fmsdocumentation.com\/wp-content\/uploads\/2018\/03\/105-300x268.png 300w, https:\/\/www.fmsdocumentation.com\/wp-content\/uploads\/2018\/03\/105-768x686.png 768w\" sizes=\"auto, (max-width: 578px) 100vw, 578px\" \/><\/a><\/figure>&#13;\n&#13;\n<p>In diesem Fenster muss der Benutzer die Parameter f\u00fcr das neue Ereignis ausf\u00fcllen. Die folgenden Felder k\u00f6nnen ausgef\u00fcllt werden:<\/p>&#13;\n&#13;\n<p><strong>Ereignisstatus<\/strong> \u2013 ein Schiebebalken f\u00fcr den Ereignisstatus. Kann auf <strong>EIN<\/strong> oder <strong>AUS<\/strong> gestellt werden. Definiert, ob das Ereignis aktiv ist und ob es Alarme ausl\u00f6sen wird oder nicht, wenn es einem Fahrzeug zugeordnet wird (dies kann nachtr\u00e4glich ge\u00e4ndert werden)<\/p>&#13;\n&#13;\n<p><strong>Ereignisname<\/strong> \u2013 gew\u00fcnschter Name f\u00fcr das neue Ereignis<\/p>&#13;\n&#13;\n<p><strong>Beschreibung<\/strong> \u2013 eine kurze Beschreibung des Ereignisses, \u00fcblicherweise als eine Erinnerung daf\u00fcr genutzt, warum dieses Ereignis und zu welchem Zweck dieses Ereignis erstellt wird<\/p>&#13;\n&#13;\n<h2 class=\"wp-block-heading\">Bedingungen<\/h2>&#13;\n&#13;\n<p>In diesem Abschnitt, kann der Benutzer Bedingungen ausw\u00e4hlen, die das Ereignis ausl\u00f6sen. Die folgenden Bedingungen stehen zur Auswahl:<\/p>&#13;\n&#13;\n<p><strong>Geo-fence-Bedingung<\/strong> \u2013 eine durch die Geozone bestimmte Bedingung. Diese Bedingung wird durch die folgenden Parameter konfiguriert:<\/p>&#13;\n&#13;\n<ul class=\"wp-block-list\">&#13;\n<li><strong>Innerhalb<\/strong> \u2013 der Alarm wird ausgel\u00f6st, wenn das Objekt in die ausgew\u00e4hlte Geozone eintritt<\/li>&#13;\n<li><strong>Au\u00dferhalb<\/strong> \u2013 der Alarm wird ausgel\u00f6st, wenn das Objekt die ausgew\u00e4hlte Geozone verl\u00e4sst<\/li>&#13;\n<li><strong>Geozone<\/strong> \u2013 die Geozone, die das Ereignis ausl\u00f6st. Das Ereignis kann f\u00fcr mehrere Geozonengruppen erstellt werden.<\/li>&#13;\n<\/ul>&#13;\n&#13;\n<figure class=\"wp-block-image is-resized\"><a href=\"https:\/\/www.fmsdocumentation.com\/wp-content\/uploads\/2019\/05\/107.png\"><img loading=\"lazy\" decoding=\"async\" class=\"wp-image-7956\" src=\"https:\/\/www.fmsdocumentation.com\/wp-content\/uploads\/2019\/05\/107.png\" alt=\"\" width=\"571\" height=\"256\" srcset=\"https:\/\/www.fmsdocumentation.com\/wp-content\/uploads\/2019\/05\/107.png 843w, https:\/\/www.fmsdocumentation.com\/wp-content\/uploads\/2019\/05\/107-300x135.png 300w, https:\/\/www.fmsdocumentation.com\/wp-content\/uploads\/2019\/05\/107-768x344.png 768w\" sizes=\"auto, (max-width: 571px) 100vw, 571px\" \/><\/a><\/figure>&#13;\n<p>\u00a0<\/p>&#13;\n&#13;\n<p><strong>Eingabebedingung<\/strong> \u2013 eine durch den Eingabestatus definierte Bedingung. Dieser Zustand wird durch die folgenden Parameter konfiguriert:<\/p>&#13;\n&#13;\n<ul class=\"wp-block-list\">&#13;\n<li><strong>Eingabename<\/strong>\u2013 eine Eingabe wird von der Dropdown-Liste der Standardeingaben ausgew\u00e4hlt<\/li>&#13;\n<li><strong>Einschr\u00e4nkung (Gleichung)<\/strong> \u2013 definiert die Korrelation der Eingabe mit dem Wert. Die m\u00f6glichen Optionen sind: gleich, ungleich, mehr als, weniger als usw.<\/li>&#13;\n<li><strong>Einschr\u00e4nkung (Wert)<\/strong> \u2013 ein Zahlenwert, der der Gleichung entspricht, damit die Logik funktioniert. (Wenn zum Beispiel die Batteriespannung geringer oder gleich 22000 mV ist, wird das Ereignis ausgel\u00f6st).<\/li>&#13;\n<\/ul>&#13;\n&#13;\n<figure class=\"wp-block-image is-resized\"><a href=\"https:\/\/www.fmsdocumentation.com\/wp-content\/uploads\/2018\/03\/108.png\"><img loading=\"lazy\" decoding=\"async\" class=\"wp-image-4481\" src=\"https:\/\/www.fmsdocumentation.com\/wp-content\/uploads\/2018\/03\/108.png\" alt=\"\" width=\"580\" height=\"68\" srcset=\"https:\/\/www.fmsdocumentation.com\/wp-content\/uploads\/2018\/03\/108.png 844w, https:\/\/www.fmsdocumentation.com\/wp-content\/uploads\/2018\/03\/108-300x36.png 300w, https:\/\/www.fmsdocumentation.com\/wp-content\/uploads\/2018\/03\/108-768x91.png 768w\" sizes=\"auto, (max-width: 580px) 100vw, 580px\" \/><\/a><\/figure>&#13;\n<p>\u00a0<\/p>&#13;\n&#13;\n<p><strong>Z\u00fcndungsbedingung<\/strong> \u2013 eine Bedingung, die durch den Z\u00fcndungsstatus definiert wird. Diese Bedingung wird nur von zwei Parametern konfiguriert:<\/p>&#13;\n&#13;\n<ul class=\"wp-block-list\">&#13;\n<li><strong>Z\u00fcndung ein<\/strong><\/li>&#13;\n<li><strong>Z\u00fcndung aus<\/strong><\/li>&#13;\n<\/ul>&#13;\n&#13;\n<figure class=\"wp-block-image is-resized\"><a href=\"https:\/\/www.fmsdocumentation.com\/wp-content\/uploads\/2018\/03\/109.png\"><img loading=\"lazy\" decoding=\"async\" class=\"wp-image-4482\" src=\"https:\/\/www.fmsdocumentation.com\/wp-content\/uploads\/2018\/03\/109.png\" alt=\"\" width=\"580\" height=\"68\" srcset=\"https:\/\/www.fmsdocumentation.com\/wp-content\/uploads\/2018\/03\/109.png 844w, https:\/\/www.fmsdocumentation.com\/wp-content\/uploads\/2018\/03\/109-300x35.png 300w, https:\/\/www.fmsdocumentation.com\/wp-content\/uploads\/2018\/03\/109-768x90.png 768w\" sizes=\"auto, (max-width: 580px) 100vw, 580px\" \/><\/a><\/figure>&#13;\n<p>\u00a0<\/p>&#13;\n&#13;\n<p><strong>Geschwindigkeitsbedingung<\/strong> \u2013 eine Bedingung, die durch die festgelegte Geschwindigkeit definiert wird. Diese Bedingung kann durch zwei Parameter konfiguriert werden:<\/p>&#13;\n&#13;\n<ul class=\"wp-block-list\">&#13;\n<li><strong>Tempolimit<\/strong>\u2013 die Bedingung wird ausgel\u00f6st, wenn das Tempolimit und der festgelegte Toleranzwert \u00fcberschritten werden (z. B. das Tempolimit ist 60 km\/h und die Toleranz ist 10 km\/h, so dass das Ereignis ausgel\u00f6scht wird, sobald die Geschwindigkeit des Objekts 70 km\/h \u00fcberschreitet)<\/li>&#13;\n<li><strong>Toleranz<\/strong> \u2013 Verf\u00fcgbar, wenn die Art der Geschwindigkeitsbeschr\u00e4nkung ein Tempolimit ist. Stellen Sie den Maximalwert daf\u00fcr ein, um wie viel das Tempolimit \u00fcberschritten werden kann.<\/li>&#13;\n<li><strong>Benutzerdefiniertes Tempolimit<\/strong> \u2013 Bedingung wird ausgel\u00f6st, sobald das eingestellte Tempolimit \u00fcberschritten wird<\/li>&#13;\n<li><strong>Beschr\u00e4nkung<\/strong>\u2013 Verf\u00fcgbar, wenn die Art der Geschwindigkeitsbeschr\u00e4nkung ein ein benutzerdefiniertes Tempolimit ist. Stellen Sie den Wert ein, der das Ereignis ausl\u00f6st, sobald er \u00fcberschritten wird.<\/li>&#13;\n<\/ul>&#13;\n&#13;\n<figure class=\"wp-block-image is-resized\"><a href=\"https:\/\/www.fmsdocumentation.com\/wp-content\/uploads\/2018\/03\/315.png\"><img loading=\"lazy\" decoding=\"async\" class=\"wp-image-4483\" src=\"https:\/\/www.fmsdocumentation.com\/wp-content\/uploads\/2018\/03\/315.png\" alt=\"\" width=\"580\" height=\"69\" srcset=\"https:\/\/www.fmsdocumentation.com\/wp-content\/uploads\/2018\/03\/315.png 844w, https:\/\/www.fmsdocumentation.com\/wp-content\/uploads\/2018\/03\/315-300x36.png 300w, https:\/\/www.fmsdocumentation.com\/wp-content\/uploads\/2018\/03\/315-768x92.png 768w\" sizes=\"auto, (max-width: 580px) 100vw, 580px\" \/><\/a><\/figure>&#13;\n<p>\u00a0<\/p>&#13;\n&#13;\n<p><strong>Zeit- und Streckenbedingung<\/strong> \u2013 eine Bedingung, die durch die gefahrene Strecke w\u00e4hrend eines Zeitraums ausgel\u00f6st wird. Dieser Zustand kann von den folgenden Parametern konfiguriert werden:<\/p>&#13;\n&#13;\n<ul class=\"wp-block-list\">&#13;\n<li><strong>Streckenquelle<\/strong> \u2013 W\u00e4hlen Sie eine Eingabe, die Informationen zur Strecke bietet. Dies kann ein virtueller Geschwindigkeitsmesser oder ein virtueller GPS-Geschwindigkeitsmesser sein.<\/li>&#13;\n<li><strong>Zeitraum<\/strong> \u2013 der Zeitraum, f\u00fcr den die Strecke gemessen wird (in Minuten).<\/li>&#13;\n<li><strong>Strecke<\/strong> \u2013 der Streckenschwellenwert, der erforderlich ist, um die Bedingung auszul\u00f6schen. Die Bedingung kann ausgel\u00f6st werden, wenn die gefahrene Strecke w\u00e4hrend des definierten Zeitraums gr\u00f6\u00dfer oder kleiner als der definierte Schwellenwert ist.<\/li>&#13;\n<\/ul>&#13;\n&#13;\n<figure class=\"wp-block-image is-resized\"><a href=\"https:\/\/www.fmsdocumentation.com\/wp-content\/uploads\/2018\/08\/366.png\"><img loading=\"lazy\" decoding=\"async\" class=\"wp-image-5801\" src=\"https:\/\/www.fmsdocumentation.com\/wp-content\/uploads\/2018\/08\/366.png\" alt=\"\" width=\"567\" height=\"126\" srcset=\"https:\/\/www.fmsdocumentation.com\/wp-content\/uploads\/2018\/08\/366.png 844w, https:\/\/www.fmsdocumentation.com\/wp-content\/uploads\/2018\/08\/366-300x67.png 300w, https:\/\/www.fmsdocumentation.com\/wp-content\/uploads\/2018\/08\/366-768x172.png 768w\" sizes=\"auto, (max-width: 567px) 100vw, 567px\" \/><\/a><\/figure>&#13;\n<p>\u00a0<\/p>&#13;\n&#13;\n<p><strong>Kraftstoffbedingung<\/strong>\u2013 eine Bedingung, die ein Ereignis ausl\u00f6st, wenn der Kraftstoff abgelassen wird oder w\u00e4hrend einer Betankung. Die Ereignisse, die ausgew\u00e4hlt werden k\u00f6nnen, sind:<\/p>&#13;\n&#13;\n<ul class=\"wp-block-list\">&#13;\n<li><strong>Tanken<\/strong><\/li>&#13;\n<li><strong>Ablassen<\/strong><\/li>&#13;\n<\/ul>&#13;\n&#13;\n<figure class=\"wp-block-image is-resized size-large\"><a href=\"https:\/\/www.fmsdocumentation.com\/wp-content\/uploads\/2020\/11\/453-1.png\"><img loading=\"lazy\" decoding=\"async\" class=\"wp-image-10419\" src=\"https:\/\/www.fmsdocumentation.com\/wp-content\/uploads\/2020\/11\/453-1.png\" alt=\"\" width=\"565\" height=\"139\" srcset=\"https:\/\/www.fmsdocumentation.com\/wp-content\/uploads\/2020\/11\/453-1.png 565w, https:\/\/www.fmsdocumentation.com\/wp-content\/uploads\/2020\/11\/453-1-300x74.png 300w\" sizes=\"auto, (max-width: 565px) 100vw, 565px\" \/><\/a><\/figure>&#13;\n<p>\u00a0<\/p>&#13;\n&#13;\n<p><strong>Zus\u00e4tzliche Bedingungen<\/strong> \u2013 zus\u00e4tzliche Bedingungen k\u00f6nnen hinzugef\u00fcgt werden, indem <strong>Bedingung hinzuf\u00fcgen<\/strong> unter der ersten Bedingung angeklickt wird.<\/p>&#13;\n&#13;\n<figure class=\"wp-block-image is-resized\"><a href=\"https:\/\/www.fmsdocumentation.com\/wp-content\/uploads\/2018\/03\/110.png\"><img loading=\"lazy\" decoding=\"async\" class=\"wp-image-4484\" src=\"https:\/\/www.fmsdocumentation.com\/wp-content\/uploads\/2018\/03\/110.png\" alt=\"\" width=\"548\" height=\"121\" srcset=\"https:\/\/www.fmsdocumentation.com\/wp-content\/uploads\/2018\/03\/110.png 842w, https:\/\/www.fmsdocumentation.com\/wp-content\/uploads\/2018\/03\/110-300x66.png 300w, https:\/\/www.fmsdocumentation.com\/wp-content\/uploads\/2018\/03\/110-768x170.png 768w\" sizes=\"auto, (max-width: 548px) 100vw, 548px\" \/><\/a><\/figure>&#13;\n&#13;\n<p>Dies wird dem Ereignis eine weitere Bedingung und einen logischen Selektor f\u00fcr die Bedingungen hinzuf\u00fcgen. Es kann bis zu 5 Bedingungen f\u00fcr ein Ereignis geben. Die Logik f\u00fcr die Bedingung kann auf ein oder zwei Wahlm\u00f6glichkeiten eingestellt werden:<\/p>&#13;\n&#13;\n<ul class=\"wp-block-list\">&#13;\n<li><strong>UND<\/strong> \u2013 das Ereignis wird nur dann ausgel\u00f6st, wenn beide Bedingungen erf\u00fcllt werden<\/li>&#13;\n<li><strong>ODER<\/strong> <strong>\u2013<\/strong> das Ereignis wird ausgel\u00f6st, wenn eine der Bedingungen erf\u00fcllt wird<\/li>&#13;\n<\/ul>&#13;\n&#13;\n<p>Um eine Bedingung zu entfernen, muss der Benutzer die Taste \u201e \u2013\u201c rechts anklicken.<\/p>&#13;\n&#13;\n<figure class=\"wp-block-image is-resized\"><a href=\"https:\/\/www.fmsdocumentation.com\/wp-content\/uploads\/2018\/03\/111.png\"><img loading=\"lazy\" decoding=\"async\" class=\"wp-image-4485\" src=\"https:\/\/www.fmsdocumentation.com\/wp-content\/uploads\/2018\/03\/111.png\" alt=\"\" width=\"563\" height=\"161\" srcset=\"https:\/\/www.fmsdocumentation.com\/wp-content\/uploads\/2018\/03\/111.png 844w, https:\/\/www.fmsdocumentation.com\/wp-content\/uploads\/2018\/03\/111-300x86.png 300w, https:\/\/www.fmsdocumentation.com\/wp-content\/uploads\/2018\/03\/111-768x220.png 768w\" sizes=\"auto, (max-width: 563px) 100vw, 563px\" \/><\/a><\/figure>&#13;\n&#13;\n<h2 class=\"wp-block-heading\">Kriteriumsmuster und Alarmausl\u00f6sung<\/h2>&#13;\n&#13;\n<p><strong>Kriteriumsmuster<\/strong>\u2013 dieses Feld zeigt die ausgew\u00e4hlte Bedingungslogik, die benutzt wird, um zu bestimmen, wann das Ereignis ausgel\u00f6st werden soll.<\/p>&#13;\n&#13;\n<figure class=\"wp-block-image is-resized\"><a href=\"https:\/\/www.fmsdocumentation.com\/wp-content\/uploads\/2018\/03\/327.png\"><img loading=\"lazy\" decoding=\"async\" class=\"wp-image-4487\" src=\"https:\/\/www.fmsdocumentation.com\/wp-content\/uploads\/2018\/03\/327.png\" alt=\"\" width=\"580\" height=\"39\" srcset=\"https:\/\/www.fmsdocumentation.com\/wp-content\/uploads\/2018\/03\/327.png 844w, https:\/\/www.fmsdocumentation.com\/wp-content\/uploads\/2018\/03\/327-300x21.png 300w, https:\/\/www.fmsdocumentation.com\/wp-content\/uploads\/2018\/03\/327-768x53.png 768w\" sizes=\"auto, (max-width: 580px) 100vw, 580px\" \/><\/a><\/figure>&#13;\n<p>\u00a0<\/p>&#13;\n&#13;\n<p><strong>Alarmausl\u00f6sung<\/strong> \u2013 dieses Feld definiert, wann der Alarm des Ereignisses ausgel\u00f6st werden soll. Drei Optionen stehen zur Verf\u00fcgung:<\/p>&#13;\n&#13;\n<ul class=\"wp-block-list\">&#13;\n<li><strong>Beim Start<\/strong>\u2013 der Alarm wird zu Beginn des Ereignisses ausgel\u00f6st<\/li>&#13;\n<li><strong>Am Ende<\/strong> \u2013 der Alarm wird am Ende des Ereignisses ausgel\u00f6st<\/li>&#13;\n<li><strong>Beides \u2013 der Alarm wird zu Beginn und am Ende des Ereignisses ausgel\u00f6st. (<\/strong><em>Zum Beispiel: Der Fahrer betritt eine Geozone, der Alarm wird ausgel\u00f6st. Nach einer gewissen Zeit verl\u00e4sst der Fahrer die Geozone, der Alarm wird erneut ausgel\u00f6st).<\/em>).<\/li>&#13;\n<\/ul>&#13;\n&#13;\n<figure class=\"wp-block-image is-resized\"><a href=\"https:\/\/www.fmsdocumentation.com\/wp-content\/uploads\/2017\/04\/277.png\"><img loading=\"lazy\" decoding=\"async\" class=\"wp-image-953\" src=\"https:\/\/www.fmsdocumentation.com\/wp-content\/uploads\/2017\/04\/277.png\" alt=\"\" width=\"577\" height=\"165\" srcset=\"https:\/\/www.fmsdocumentation.com\/wp-content\/uploads\/2017\/04\/277.png 696w, https:\/\/www.fmsdocumentation.com\/wp-content\/uploads\/2017\/04\/277-300x86.png 300w\" sizes=\"auto, (max-width: 577px) 100vw, 577px\" \/><\/a><\/figure>&#13;\n<p>\u00a0<\/p>&#13;\n&#13;\n<p><strong>Ereignis ausl\u00f6sen<\/strong> \u2013 dieses Feld stellt die Zeit ein, zu dem das Ereignis ausgel\u00f6st werden kann. Die folgenden Optionen stehen zur Wahl:<\/p>&#13;\n&#13;\n<ul class=\"wp-block-list\">&#13;\n<li><strong>Immer<\/strong>\u2013 dieses Ereignis kann zu jeder Zeit ausgel\u00f6st werden<\/li>&#13;\n<li><strong>An festgelegten Tagen und Uhrzeiten<\/strong>\u2013 in diesem Fall, kann der Benutzer festlegen, an welchen Tagen und zu welchen Uhrzeiten, das Ereignis ausgel\u00f6st werden kann<\/li>&#13;\n<\/ul>&#13;\n&#13;\n<figure class=\"wp-block-image is-resized\"><a href=\"https:\/\/www.fmsdocumentation.com\/wp-content\/uploads\/2017\/04\/276.png\"><img loading=\"lazy\" decoding=\"async\" class=\"wp-image-952\" src=\"https:\/\/www.fmsdocumentation.com\/wp-content\/uploads\/2017\/04\/276.png\" alt=\"\" width=\"580\" height=\"127\" srcset=\"https:\/\/www.fmsdocumentation.com\/wp-content\/uploads\/2017\/04\/276.png 712w, https:\/\/www.fmsdocumentation.com\/wp-content\/uploads\/2017\/04\/276-300x66.png 300w\" sizes=\"auto, (max-width: 580px) 100vw, 580px\" \/><\/a><\/figure>&#13;\n&#13;\n<h2 class=\"wp-block-heading\">Liefermitteilungen<\/h2>&#13;\n&#13;\n<p>Eine Liste der Optionen daf\u00fcr, wie das System den Benutzer \u00fcber das ausgel\u00f6ste Ereignis informieren wird. Die folgenden Mitteilungsarten stehen zur Verf\u00fcgung:<\/p>&#13;\n&#13;\n<ul class=\"wp-block-list\">&#13;\n<li><strong>Systemmitteilung<\/strong> \u2013 Wenn diese Mitteilungsart ausgew\u00e4hlt ist, werden die Mitteilungen nur im Flottenmanagementsystem angezeigt. Zudem kann der Benutzer eine Wahl treffen, dieses Mitteilung mit einer <strong>hohen Priorit\u00e4t<\/strong> zu versehen.<strong> <\/strong>Wenn eine hohe Priorit\u00e4t eingestellt ist, \u00f6ffnet sich der Mitteilungsabschnitt (beschrieben auf der Seite <a href=\"https:\/\/www.fmsdocumentation.com\/haupt-fms-fenster\/alarme-von-objekten\/?lang=de\">Alarme von Objekten<\/a>) automatisch. Informationen \u00fcber das Ereignis und das Fahrzeug, das ihn ausl\u00f6ste, werden angezeigt. Der Benutzer muss <strong>Best\u00e4tigen<\/strong> anklicken, um den Mitteilungsbildschirm zu schlie\u00dfen. Zus\u00e4tzlich wechselt das Browser-Tab-Symbol zu einer Glocken-Abbildung. Die Wahl von <strong>Hohe Priorit\u00e4t mit akustischem Alarm<\/strong> legt die gleiche hohe Priorit\u00e4t fest, in diesem Fall ist ein akustischer Alarm zu h\u00f6ren, sobald das Ereignis ausgel\u00f6st wird.<\/li>&#13;\n<li><strong>E-Mail-Nachricht<\/strong> \u2013 die Auswahl dieser Mitteilung f\u00fcgt zus\u00e4tzliche Konfigurationsfelder hinzu, die erforderlich sind, damit diese Mitteilungsart funktioniert. Die folgenden zus\u00e4tzlichen Felder werden angezeigt:<\/li>&#13;\n<li><strong>E-Mail-Adresse<\/strong> \u2013 die E-Mail-Adresse (oder Adressen), an die die Benachrichtigung gesendet wird; Um mehr als eine E-Mail in dieses Feld einzugeben, muss der Benutzer nach dem Eintippen einer E-Mail-Adresse direkt nach der Adresse ein Komma \u201e,\u201c schreiben. Die E-Mail wird dann als ein separates Objekt hervorgehoben, sie kann durch Anklicken des kleinen <strong>X<\/strong>, rechts von der E-Mail, entfernt werden.<strong>Dieses Feld ist obligatorisch.<\/strong><\/li>&#13;\n<\/ul>&#13;\n&#13;\n<figure class=\"wp-block-image is-resized\"><a href=\"https:\/\/www.fmsdocumentation.com\/wp-content\/uploads\/2017\/04\/106.png\"><img loading=\"lazy\" decoding=\"async\" class=\"wp-image-188\" src=\"https:\/\/www.fmsdocumentation.com\/wp-content\/uploads\/2017\/04\/106.png\" alt=\"\" width=\"369\" height=\"75\" srcset=\"https:\/\/www.fmsdocumentation.com\/wp-content\/uploads\/2017\/04\/106.png 374w, https:\/\/www.fmsdocumentation.com\/wp-content\/uploads\/2017\/04\/106-300x61.png 300w\" sizes=\"auto, (max-width: 369px) 100vw, 369px\" \/><\/a><\/figure>&#13;\n<p>\u00a0<\/p>&#13;\n&#13;\n<ul class=\"wp-block-list\">&#13;\n<li><strong>SMS<\/strong> \u2013 wenn diese Mitteilungsart ausgew\u00e4hlt ist, werden SMS-Nachrichten mit Mitteilungen zur eingegebenen Nummer gesendet. Es kann mehr als eine Nummer eingegeben werden. Klicken Sie auf <strong>Nummer hinzuf\u00fcgen<\/strong>, um zus\u00e4tzliche Nummern hinzuzuf\u00fcgen.<\/li>&#13;\n<\/ul>&#13;\n&#13;\n<figure class=\"wp-block-image is-resized\"><a href=\"https:\/\/www.fmsdocumentation.com\/wp-content\/uploads\/2020\/05\/275-1.png\"><img loading=\"lazy\" decoding=\"async\" class=\"wp-image-9177\" src=\"https:\/\/www.fmsdocumentation.com\/wp-content\/uploads\/2020\/05\/275-1.png\" alt=\"\" width=\"546\" height=\"110\" srcset=\"https:\/\/www.fmsdocumentation.com\/wp-content\/uploads\/2020\/05\/275-1.png 785w, https:\/\/www.fmsdocumentation.com\/wp-content\/uploads\/2020\/05\/275-1-300x61.png 300w, https:\/\/www.fmsdocumentation.com\/wp-content\/uploads\/2020\/05\/275-1-768x156.png 768w\" sizes=\"auto, (max-width: 546px) 100vw, 546px\" \/><\/a><\/figure>&#13;\n<p>\u00a0<\/p>&#13;\n&#13;\n<p><p class=\"note\">Hinweis<br\/>Die Mitteilung betrifft nur die Mitteilungen selbst, ausgel\u00f6ste Ereignisse werden immer noch in das System geloggt und k\u00f6nnen in den entsprechenden Abschnitten des Flottenmanagementsystems erneut gepr\u00fcft werden.<\/p><\/p>&#13;\n&#13;\n<p>Nachdem jedes Feld ausgef\u00fcllt ist, muss die Taste <strong>Erstellen<\/strong> angeklickt werden, andernfalls werden das Ereignis nicht gespeichert Wenn der Benutzer sich daf\u00fcr entscheidet, das erstellt Ereignis zu speichern, muss er die Taste<strong>Schlie\u00dfen<\/strong> anklicken oder einfach irgendwo au\u00dferhalb des Fensters <strong>Neues Ereignis erstellen<\/strong> klicken.<\/p>&#13;\n&#13;\n<figure class=\"wp-block-image is-resized\"><a href=\"https:\/\/www.fmsdocumentation.com\/wp-content\/uploads\/2017\/04\/112.png\"><img loading=\"lazy\" decoding=\"async\" class=\"wp-image-194\" src=\"https:\/\/www.fmsdocumentation.com\/wp-content\/uploads\/2017\/04\/112.png\" alt=\"\" width=\"310\" height=\"60\" srcset=\"https:\/\/www.fmsdocumentation.com\/wp-content\/uploads\/2017\/04\/112.png 310w, https:\/\/www.fmsdocumentation.com\/wp-content\/uploads\/2017\/04\/112-300x58.png 300w\" sizes=\"auto, (max-width: 310px) 100vw, 310px\" \/><\/a><\/figure>&#13;\n<hr class=\"wp-block-separator\" \/>&#13;\n<p><div class=\"alignleft\"><a href=\"https:\/\/www.fmsdocumentation.com\/de\/ereignismenue\/\" title=\"Ereignismen\u00fc\"><span class=\"arrow\">\u2039 &nbsp <\/span> Ereignismen\u00fc <\/a><\/div> <div class=\"alignright\"><a href=\"https:\/\/www.fmsdocumentation.com\/de\/ereignismenue\/modifikationen-an-der-ereignisliste\/\" title=\"Modifikationen an der Ereignisliste\">Modifikationen an der Ereignisliste <span class=\"arrow\"> &nbsp\u203a <\/span> <\/a><\/div><\/p>&#13;\n","protected":false},"excerpt":{"rendered":"<p>&#13; Um ein neues Ereignis zu erstellen, muss der Benutzer die Taste + Neues Ereignis anklicken. &#13; &#13; Dadurch wird ein neues Fenster ge\u00f6ffnet. &#13; &#13; In diesem Fenster muss der Benutzer die Parameter f\u00fcr das neue Ereignis ausf\u00fcllen. Die folgenden Felder k\u00f6nnen ausgef\u00fcllt werden: &#13; &#13; Ereignisstatus \u2013 ein Schiebebalken f\u00fcr den Ereignisstatus. Kann &hellip; <a href=\"https:\/\/www.fmsdocumentation.com\/de\/ereignismenue\/neues-ereignis-erstellen\/\" class=\"more-link\"><span class=\"screen-reader-text\">Neues Ereignis erstellen<\/span> weiterlesen<\/a><\/p>\n","protected":false},"author":1,"featured_media":0,"parent":11538,"menu_order":1,"comment_status":"closed","ping_status":"closed","template":"","meta":{"footnotes":""},"class_list":["post-11547","page","type-page","status-publish","hentry"],"_links":{"self":[{"href":"https:\/\/www.fmsdocumentation.com\/de\/wp-json\/wp\/v2\/pages\/11547","targetHints":{"allow":["GET"]}}],"collection":[{"href":"https:\/\/www.fmsdocumentation.com\/de\/wp-json\/wp\/v2\/pages"}],"about":[{"href":"https:\/\/www.fmsdocumentation.com\/de\/wp-json\/wp\/v2\/types\/page"}],"author":[{"embeddable":true,"href":"https:\/\/www.fmsdocumentation.com\/de\/wp-json\/wp\/v2\/users\/1"}],"replies":[{"embeddable":true,"href":"https:\/\/www.fmsdocumentation.com\/de\/wp-json\/wp\/v2\/comments?post=11547"}],"version-history":[{"count":3,"href":"https:\/\/www.fmsdocumentation.com\/de\/wp-json\/wp\/v2\/pages\/11547\/revisions"}],"predecessor-version":[{"id":11578,"href":"https:\/\/www.fmsdocumentation.com\/de\/wp-json\/wp\/v2\/pages\/11547\/revisions\/11578"}],"up":[{"embeddable":true,"href":"https:\/\/www.fmsdocumentation.com\/de\/wp-json\/wp\/v2\/pages\/11538"}],"wp:attachment":[{"href":"https:\/\/www.fmsdocumentation.com\/de\/wp-json\/wp\/v2\/media?parent=11547"}],"curies":[{"name":"wp","href":"https:\/\/api.w.org\/{rel}","templated":true}]}}