{"id":11579,"date":"2022-06-13T11:48:57","date_gmt":"2022-06-13T08:48:57","guid":{"rendered":"https:\/\/www.fmsdocumentation.com\/ereignismenue\/modifikationen-an-der-ereignisliste\/"},"modified":"2022-06-13T11:48:57","modified_gmt":"2022-06-13T08:48:57","slug":"modifikationen-an-der-ereignisliste","status":"publish","type":"page","link":"https:\/\/www.fmsdocumentation.com\/de\/ereignismenue\/modifikationen-an-der-ereignisliste\/","title":{"rendered":"Modifikationen an der Ereignisliste"},"content":{"rendered":"<p>Die Liste aller Ereignisse befindet sich direkt unter der Taste \u201e+ Neues Ereignis\u201c.<\/p>\n<p><a href=\"https:\/\/www.fmsdocumentation.com\/wp-content\/uploads\/2018\/05\/113.png\"><img loading=\"lazy\" decoding=\"async\" class=\"alignnone size-full wp-image-5055\" src=\"https:\/\/www.fmsdocumentation.com\/wp-content\/uploads\/2018\/05\/113.png\" alt=\"\" width=\"420\" height=\"457\" srcset=\"https:\/\/www.fmsdocumentation.com\/wp-content\/uploads\/2018\/05\/113.png 420w, https:\/\/www.fmsdocumentation.com\/wp-content\/uploads\/2018\/05\/113-276x300.png 276w\" sizes=\"auto, (max-width: 420px) 100vw, 420px\" \/><\/a><\/p>\n<p>Die Ereignisliste wird automatisch in alphabetischer Reihenfolge formatiert. Es ist eine Suchleiste vorhanden, die Ereignisliste wird automatisch mit jedem eingegebenen Symbol aktualisiert. Ein Ereignisartfilter kann angewandt werden, um die Ereignissuche zu erleichtern. Um den Filter anzuwenden, muss der Benutzer auf das Feld \u201eEreignisse anzeigen\u201c, klicken, wodurch eine Dropdownliste aller verf\u00fcgbaren Ereignisarten ge\u00f6ffnet wird. Die aktuell ausgew\u00e4hlte Art wird in einem dunkleren Grauton hervorgehoben und mit einer blauen Leiste auf der rechten Seite des Namens der Ereignisart gekennzeichnet. Die folgenden Arten stehen zur Verf\u00fcgung:<\/p>\n<ul>\n<li><strong>Alle<\/strong> \u2013 zeigt alle Ereignisse an;<\/li>\n<li><strong>Eingabe<\/strong> \u2013 zeigt Ereignisse an, die durch eine Ver\u00e4nderung an einem Eingabewert ausgel\u00f6st werden;<\/li>\n<li><strong>Z\u00fcndung<\/strong> \u2013 zeigt Ereignisse an, die durch eine Ver\u00e4nderung am Z\u00fcndstatus ausgel\u00f6st werden;<\/li>\n<li><strong>Geozone<\/strong> \u2013 zeigt Ereignisse an, die durch das Betreten\/Verlassen einer Geozone ausgel\u00f6st werden;<\/li>\n<li><strong>Geschwindigkeit<\/strong> \u2013 zeigt Ereignisse an, die durch die \u00dcberschreitung eines konfigurierten Tempolimits ausgel\u00f6st werden;<\/li>\n<li><strong>Zeit und Strecke<\/strong>\u2013 zeigt Ereignisse an, die durch das Zur\u00fccklegen einer bestimmten Strecke \u00fcber einen bestimmten Zeitraum ausgel\u00f6st werden;<\/li>\n<li><strong>Gemischt<\/strong> \u2013 zeigt Ereignisse an, die durch mehr als eine Bedingung ausgel\u00f6st werden.<\/li>\n<\/ul>\n<p>Durch das Anklicken der gew\u00fcnschten Art, wird die Liste automatisch aktualisiert und nur Ereignisse der ausgew\u00e4hlten Art werden angezeigt. Jede Ereignisart hat sein eigenes Symbol, um schnell verschiedene Ereignisarten zu erkennen.<\/p>\n<p><a href=\"https:\/\/www.fmsdocumentation.com\/wp-content\/uploads\/2018\/08\/114.png\"><img loading=\"lazy\" decoding=\"async\" class=\"alignnone size-full wp-image-5803\" src=\"https:\/\/www.fmsdocumentation.com\/wp-content\/uploads\/2018\/08\/114.png\" alt=\"\" width=\"361\" height=\"322\" srcset=\"https:\/\/www.fmsdocumentation.com\/wp-content\/uploads\/2018\/08\/114.png 361w, https:\/\/www.fmsdocumentation.com\/wp-content\/uploads\/2018\/08\/114-300x268.png 300w\" sizes=\"auto, (max-width: 361px) 100vw, 361px\" \/><\/a><\/p>\n<p>Aktive Ereignisse haben blaue Symbole, w\u00e4hrend deaktivierte Ereignisse graue Symbole haben.<\/p>\n<p><a href=\"https:\/\/www.fmsdocumentation.com\/wp-content\/uploads\/2018\/03\/328.png\"><img loading=\"lazy\" decoding=\"async\" class=\"alignnone size-full wp-image-4494\" src=\"https:\/\/www.fmsdocumentation.com\/wp-content\/uploads\/2018\/03\/328.png\" alt=\"\" width=\"352\" height=\"281\" srcset=\"https:\/\/www.fmsdocumentation.com\/wp-content\/uploads\/2018\/03\/328.png 352w, https:\/\/www.fmsdocumentation.com\/wp-content\/uploads\/2018\/03\/328-300x239.png 300w\" sizes=\"auto, (max-width: 352px) 100vw, 352px\" \/><\/a><\/p>\n<p>Durch das Anklicken eines Ereignisses wird der Detailbereich dieses Ereignisses ge\u00f6ffnet. Dieser Bereich zeigt alle Informationen, die bei der Erstellung dieses Ereignisses eingegeben wurden. Der erste Parameter ist der \u201eEreignisstatus\u201c \u2013 dieser Schiebebalken erm\u00f6glicht die Aktivierung oder Deaktivierung dieses Ereignisses, die Einstellung wird nach jeder \u00c4nderung automatisch gespeichert. Alles andere sind Standardinformationen. Zudem kann der Benutzer in diesem Bereich dieses Ereignis Fahrzeugen zuweisen. Hierf\u00fcr muss der Benutzer die Taste \u201e+\u201c neben dem Feld \u201eFahrzeuge\u201c anklicken.<\/p>\n<p><a href=\"https:\/\/www.fmsdocumentation.com\/wp-content\/uploads\/2018\/05\/116.png\"><img loading=\"lazy\" decoding=\"async\" class=\"alignnone size-full wp-image-5056\" src=\"https:\/\/www.fmsdocumentation.com\/wp-content\/uploads\/2018\/05\/116.png\" alt=\"\" width=\"720\" height=\"889\" srcset=\"https:\/\/www.fmsdocumentation.com\/wp-content\/uploads\/2018\/05\/116.png 720w, https:\/\/www.fmsdocumentation.com\/wp-content\/uploads\/2018\/05\/116-243x300.png 243w\" sizes=\"auto, (max-width: 720px) 100vw, 720px\" \/><\/a><\/p>\n<p>Dadurch wird eine Fahrzeugauswahlliste ge\u00f6ffnet, mit allen Fahrzeugen und ihren Gruppen. Um ein Fahrzeug\/eine Gruppe auszuw\u00e4hlen Gruppen, muss der Benutzer das Markierungsfeld daneben kennzeichnen. Einzelne Fahrzeuge k\u00f6nnen von einer Gruppe ausgew\u00e4hlt werden, indem das Plus-Zeichen daneben angeklickt wird. Durch Kennzeichnung des Markierungsfeldes neben \u201eAlle Gruppen\u201c ausw\u00e4hlen werden alle Gruppen und ihre Fahrzeuge ausgew\u00e4hlt oder die Auswahl wird aufgehoben. Es ist eine Suchleiste vorhanden, die Liste wird automatisch mit jedem eingegebenen Symbol aktualisiert. Durch das Anklicken der Taste \u201eNicht ausgew\u00e4hlte zeigen\u201c wird die Liste gefiltert und alle Gruppen erweitert, um nur die nicht ausgew\u00e4hlten Fahrzeuge anzuzeigen.<\/p>\n<p>Nach jeder Modifikation muss die Taste \u201eAnwenden\u201c angeklickt werden, andernfalls werden die \u00c4nderungen nicht gespeichert. Um eine \u00c4nderung zu entfernen, muss der Benutzer die Taste \u201eAbbrechen\u201c anklicken oder einfach nur au\u00dferhalb des Fahrzeugauswahlfensters klicken.<br \/>\n<p class=\"note\">Hinweis<br \/>\nWenn ein Fahrzeug auf der Liste ausgegraut ist, bedeutet dies, dass das Fahrzeug einen f\u00fcr dieses Ereignis erforderlichen Parameter nicht unterst\u00fctzt. Das ausgegraute Fahrzeug wird f\u00fcr die Auswahl nicht verf\u00fcgbar sein.<\/p><\/p>\n<p><a href=\"https:\/\/www.fmsdocumentation.com\/wp-content\/uploads\/2018\/12\/117-1.png\"><img loading=\"lazy\" decoding=\"async\" class=\"alignnone size-full wp-image-6711\" src=\"https:\/\/www.fmsdocumentation.com\/wp-content\/uploads\/2018\/12\/117-1.png\" alt=\"\" width=\"750\" height=\"571\" srcset=\"https:\/\/www.fmsdocumentation.com\/wp-content\/uploads\/2018\/12\/117-1.png 750w, https:\/\/www.fmsdocumentation.com\/wp-content\/uploads\/2018\/12\/117-1-300x228.png 300w\" sizes=\"auto, (max-width: 750px) 100vw, 750px\" \/><\/a><\/p>\n<p>Um andere Informationen f\u00fcr dieses Ereignis zu bearbeiten, muss die Taste \u201eBearbeiten\u201c angeklickt werden. Dadurch wird das gleiche Fenster wie bei \u201eNeues Ereignis erstellen\u201c ge\u00f6ffnet. Dies wird im vorherigen Abschnitt <a href=\"https:\/\/www.fmsdocumentation.com\/de\/ereignismenue\/neues-ereignis-erstellen\/\">(\u201cNeues Ereignis erstellen\u201c<\/a>) beschrieben. Nach jeder Modifikation muss die Taste \u201eAktualisieren\u201c angeklickt werden, andernfalls werden die Ver\u00e4nderungen nicht gespeichert.<\/p>\n<p><a href=\"https:\/\/www.fmsdocumentation.com\/wp-content\/uploads\/2018\/03\/118.png\"><img loading=\"lazy\" decoding=\"async\" class=\"alignnone size-full wp-image-4496\" src=\"https:\/\/www.fmsdocumentation.com\/wp-content\/uploads\/2018\/03\/118.png\" alt=\"\" width=\"850\" height=\"759\" srcset=\"https:\/\/www.fmsdocumentation.com\/wp-content\/uploads\/2018\/03\/118.png 850w, https:\/\/www.fmsdocumentation.com\/wp-content\/uploads\/2018\/03\/118-300x268.png 300w, https:\/\/www.fmsdocumentation.com\/wp-content\/uploads\/2018\/03\/118-768x686.png 768w\" sizes=\"auto, (max-width: 850px) 100vw, 850px\" \/><\/a><\/p>\n<p>Wenn der Benutzer die vorgenommenen \u00c4nderungen nicht speichern will, muss er auf die Taste \u201eSchlie\u00dfen\u201c klicken oder einfach irgendwo au\u00dferhalb des Fensters \u201eEreignis bearbeiten\u201c anklicken.<\/p>\n<hr>\n<p><div class=\"alignleft\"><a href=\"https:\/\/www.fmsdocumentation.com\/de\/ereignismenue\/neues-ereignis-erstellen\/\" title=\"Neues Ereignis erstellen\"><span class=\"arrow\">\u2039 &nbsp <\/span> Neues Ereignis erstellen <\/a><\/div> <div class=\"alignright\"><a href=\"https:\/\/www.fmsdocumentation.com\/de\/routenplanungs-aufgabenmenue\/\" title=\"Routenplanungs- &amp; Aufgabenmen\u00fc.\">Routenplanungs- &amp; Aufgabenmen\u00fc. <span class=\"arrow\"> &nbsp\u203a <\/span> <\/a><\/div><\/p>\n","protected":false},"excerpt":{"rendered":"<p>Die Liste aller Ereignisse befindet sich direkt unter der Taste \u201e+ Neues Ereignis\u201c. Die Ereignisliste wird automatisch in alphabetischer Reihenfolge formatiert. Es ist eine Suchleiste vorhanden, die Ereignisliste wird automatisch mit jedem eingegebenen Symbol aktualisiert. Ein Ereignisartfilter kann angewandt werden, um die Ereignissuche zu erleichtern. Um den Filter anzuwenden, muss der Benutzer auf das Feld &hellip; <a href=\"https:\/\/www.fmsdocumentation.com\/de\/ereignismenue\/modifikationen-an-der-ereignisliste\/\" class=\"more-link\"><span class=\"screen-reader-text\">Modifikationen an der Ereignisliste<\/span> weiterlesen<\/a><\/p>\n","protected":false},"author":1,"featured_media":0,"parent":11538,"menu_order":2,"comment_status":"closed","ping_status":"closed","template":"","meta":{"footnotes":""},"class_list":["post-11579","page","type-page","status-publish","hentry"],"_links":{"self":[{"href":"https:\/\/www.fmsdocumentation.com\/de\/wp-json\/wp\/v2\/pages\/11579","targetHints":{"allow":["GET"]}}],"collection":[{"href":"https:\/\/www.fmsdocumentation.com\/de\/wp-json\/wp\/v2\/pages"}],"about":[{"href":"https:\/\/www.fmsdocumentation.com\/de\/wp-json\/wp\/v2\/types\/page"}],"author":[{"embeddable":true,"href":"https:\/\/www.fmsdocumentation.com\/de\/wp-json\/wp\/v2\/users\/1"}],"replies":[{"embeddable":true,"href":"https:\/\/www.fmsdocumentation.com\/de\/wp-json\/wp\/v2\/comments?post=11579"}],"version-history":[{"count":0,"href":"https:\/\/www.fmsdocumentation.com\/de\/wp-json\/wp\/v2\/pages\/11579\/revisions"}],"up":[{"embeddable":true,"href":"https:\/\/www.fmsdocumentation.com\/de\/wp-json\/wp\/v2\/pages\/11538"}],"wp:attachment":[{"href":"https:\/\/www.fmsdocumentation.com\/de\/wp-json\/wp\/v2\/media?parent=11579"}],"curies":[{"name":"wp","href":"https:\/\/api.w.org\/{rel}","templated":true}]}}