{"id":11618,"date":"2022-06-13T12:16:53","date_gmt":"2022-06-13T09:16:53","guid":{"rendered":"https:\/\/www.fmsdocumentation.com\/routenplanungs-aufgabenmenue\/erstellung-von-fahrten\/"},"modified":"2022-06-13T12:16:55","modified_gmt":"2022-06-13T09:16:55","slug":"erstellung-von-fahrten","status":"publish","type":"page","link":"https:\/\/www.fmsdocumentation.com\/de\/routenplanungs-aufgabenmenue\/erstellung-von-fahrten\/","title":{"rendered":"Erstellung von Fahrten"},"content":{"rendered":"&#13;\n<p>Um mit der Verwendung des Moduls <strong>Routenplanung &amp; Aufgaben<\/strong> zu beginnen, m\u00fcssen Sie eine Fahrt erstellen. Klicken Sie auf <strong>Fahrt erstellen<\/strong> in der oberen rechten Ecke des Fensters, um eine neue Fahrt zu erstellen. Sie werden zum Fahrterstellungsbereich weitergeleitet.<\/p>&#13;\n&#13;\n<figure class=\"wp-block-image size-large\"><img loading=\"lazy\" decoding=\"async\" width=\"420\" height=\"241\" class=\"wp-image-10881\" src=\"https:\/\/www.fmsdocumentation.com\/wp-content\/uploads\/2021\/12\/397.png\" alt=\"\" srcset=\"https:\/\/www.fmsdocumentation.com\/wp-content\/uploads\/2021\/12\/397.png 420w, https:\/\/www.fmsdocumentation.com\/wp-content\/uploads\/2021\/12\/397-300x172.png 300w\" sizes=\"auto, (max-width: 420px) 100vw, 420px\" \/><\/figure>&#13;\n&#13;\n<h4 class=\"wp-block-heading\">Routenplanungsart und Einstellungen<\/h4>&#13;\n&#13;\n<p>Weisen Sie ganz oben auf dem Fenster <strong>Fahrt erstellen<\/strong> ein Fahrzeug zu. Klicken Sie auf das Symbol <strong>Einstellungen<\/strong>, um die Routenplanungsseinstellungen zu \u00f6ffnen.<\/p>&#13;\n&#13;\n<figure class=\"wp-block-image size-large\"><a href=\"https:\/\/www.fmsdocumentation.com\/wp-content\/uploads\/2021\/12\/435.png\"><img loading=\"lazy\" decoding=\"async\" class=\"alignnone wp-image-10893 \" src=\"https:\/\/www.fmsdocumentation.com\/wp-content\/uploads\/2021\/12\/435.png\" alt=\"\" width=\"764\" height=\"376\" srcset=\"https:\/\/www.fmsdocumentation.com\/wp-content\/uploads\/2021\/12\/435.png 2498w, https:\/\/www.fmsdocumentation.com\/wp-content\/uploads\/2021\/12\/435-300x148.png 300w, https:\/\/www.fmsdocumentation.com\/wp-content\/uploads\/2021\/12\/435-1024x505.png 1024w, https:\/\/www.fmsdocumentation.com\/wp-content\/uploads\/2021\/12\/435-768x378.png 768w, https:\/\/www.fmsdocumentation.com\/wp-content\/uploads\/2021\/12\/435-1536x757.png 1536w, https:\/\/www.fmsdocumentation.com\/wp-content\/uploads\/2021\/12\/435-2048x1009.png 2048w\" sizes=\"auto, (max-width: 764px) 100vw, 764px\" \/><\/a><\/figure>&#13;\n&#13;\n<p>F\u00fcr leichte Nutzfahrzeuge w\u00e4hlen Sie aus, ob Sie F\u00e4hren, Autobahnen und Mautgeb\u00fchren auf der Route vermeiden m\u00f6chten. W\u00e4hlen Sie aus, ob Sie Raststellen auf der Karte anzeigen m\u00f6chten oder nicht. Die Routen werden nach dem Speichern jeder \u00c4nderung neu berechnet.<\/p>&#13;\n&#13;\n<figure class=\"wp-block-image is-resized\"><a href=\"https:\/\/www.fmsdocumentation.com\/wp-content\/uploads\/2020\/08\/436.png\"><img loading=\"lazy\" decoding=\"async\" class=\"wp-image-9292\" src=\"https:\/\/www.fmsdocumentation.com\/wp-content\/uploads\/2020\/08\/436.png\" alt=\"\" width=\"570\" height=\"329\" srcset=\"https:\/\/www.fmsdocumentation.com\/wp-content\/uploads\/2020\/08\/436.png 836w, https:\/\/www.fmsdocumentation.com\/wp-content\/uploads\/2020\/08\/436-300x173.png 300w, https:\/\/www.fmsdocumentation.com\/wp-content\/uploads\/2020\/08\/436-768x444.png 768w\" sizes=\"auto, (max-width: 570px) 100vw, 570px\" \/><\/a><\/figure>&#13;\n&#13;\n<p>F\u00fcr schwere Nutzfahrzeuge k\u00f6nnen Sie Folgendes ausw\u00e4hlen:<\/p>&#13;\n&#13;\n<p><strong>Haupt<\/strong><\/p>&#13;\n&#13;\n<ul class=\"wp-block-list\">&#13;\n<li>Fahrzeugparameter:<br\/>\u2013 L\u00e4nge in Metern<br\/>\u2013 Breite in Metern<br\/>\u2013 H\u00f6he in Metern<br\/>\u2013 Gewicht in Tonnen<br\/>\u2013 Gewicht pro Achse in Tonnen<br\/>\u2013 Anh\u00e4ngerzah<br\/>\u2013 Emissionstyp<\/li>&#13;\n<li>Routenparameter:<br\/>\u2013 Vermeiden \u2013 Mautgeb\u00fchren, Tunnel, F\u00e4hren, schwierige Kurven<\/li>&#13;\n<\/ul>&#13;\n&#13;\n<p>W\u00e4hlen Sie den Parameter<strong>Auf der Route bleiben<\/strong>, um die Route zu sperren, damit der Fahrer genau nach der erstellten Route geleitet wird. W\u00e4hlen Sie<strong>Verkehr ber\u00fccksichtigen<\/strong>, um, wenn m\u00f6glich, verkehrsbezogene Informationen einzubeziehen. <\/p>&#13;\n<p><a href=\"https:\/\/www.fmsdocumentation.com\/wp-content\/uploads\/2021\/12\/437-2.png\"><img loading=\"lazy\" decoding=\"async\" class=\"alignnone wp-image-10900\" src=\"https:\/\/www.fmsdocumentation.com\/wp-content\/uploads\/2021\/12\/437-2.png\" alt=\"\" width=\"479\" height=\"554\" srcset=\"https:\/\/www.fmsdocumentation.com\/wp-content\/uploads\/2021\/12\/437-2.png 670w, https:\/\/www.fmsdocumentation.com\/wp-content\/uploads\/2021\/12\/437-2-259x300.png 259w\" sizes=\"auto, (max-width: 479px) 100vw, 479px\" \/><\/a><\/p>&#13;\n&#13;\n<p><strong>ADR<\/strong><\/p>&#13;\n&#13;\n<ul class=\"wp-block-list\">&#13;\n<li>Gef\u00e4hrliche Materialien \u2013 kennzeichnen Sie das Markierungsfeld f\u00fcr jedes gef\u00e4hrliche Material, das die Fracht enth\u00e4lt. Diese Einschr\u00e4nkungen schlie\u00dfen Stra\u00dfen aus, auf denen der Transport von gef\u00e4hrlichen Materialien verboten ist.<\/li>&#13;\n<li>Tunnelkategorien \u2013 spezifizieren Sie, welche Tunnelkategorien vermieden werden m\u00fcssen. <a href=\"https:\/\/adrbook.com\/en\/2017\/ADR\/8.6.3\" class=\"broken_link\">Tunnelkategorien<\/a> bestimmen, welche gef\u00e4hrlichen G\u00fcter nicht durch einen Tunnel gefahren werden d\u00fcrfen.<\/li>&#13;\n<\/ul>&#13;\n&#13;\n<figure class=\"wp-block-image is-resized\"><a href=\"https:\/\/www.fmsdocumentation.com\/wp-content\/uploads\/2020\/08\/438.png\"><img loading=\"lazy\" decoding=\"async\" class=\"wp-image-9294\" src=\"https:\/\/www.fmsdocumentation.com\/wp-content\/uploads\/2020\/08\/438.png\" alt=\"\" width=\"531\" height=\"553\" srcset=\"https:\/\/www.fmsdocumentation.com\/wp-content\/uploads\/2020\/08\/438.png 827w, https:\/\/www.fmsdocumentation.com\/wp-content\/uploads\/2020\/08\/438-288x300.png 288w, https:\/\/www.fmsdocumentation.com\/wp-content\/uploads\/2020\/08\/438-768x801.png 768w\" sizes=\"auto, (max-width: 531px) 100vw, 531px\" \/><\/a><\/figure>&#13;\n&#13;\n<p>Die Routen werden nach dem Speichern jeder \u00c4nderung neu berechnet.<\/p>&#13;\n\n<figure class=\"wp-block-image size-large\"><\/figure>\n&#13;\n<h4 class=\"wp-block-heading\">Definition und Auswahl von Routen<\/h4>&#13;\n&#13;\n<p>Eine Fahrt muss einen Namen und eine Route haben. Geben Sie einen ausgew\u00e4hlten Namen f\u00fcr die Fahrt ein und definieren Sie den Start- (1) und Endpunkt (2) der Route. Sie k\u00f6nnen die Punkte definieren, indem Sie sie in die Felder eingeben oder auf die Karte klicken. Sie k\u00f6nnen eine Adresse, Koordinaten, eine Geozone oder den Standort des Objekts als einen Punkt verwenden. Das System errechnet dann mehrere m\u00f6gliche Routen zwischen den beiden Punkten. Die Routen werden sowohl im Fahrterstellunsbereich und auf der Karte angezeigt.<\/p>&#13;\n&#13;\n<p>W\u00e4hlen Sie eine Route, indem Sie sie im Bereich oder auf der Karte anklicken. Die Gesamtdauer und -l\u00e4nge der Route werden zwischen den Punkten in dem Bereich und auf der Karte angezeigt.<\/p>&#13;\n\n\n<p><p class=\"note\">Hinweis<br\/>Bewegen Sie den Mauszeiger \u00fcber die Routenzusammenfassung auf der Karte, um zus\u00e4tzliche Informationen \u00fcber die Route aufzurufen. Klicken und ziehen Sie einen Punkt auf der Route, um ihn zu \u00e4ndern.<\/p>\n\n&#13;\n<figure class=\"wp-block-image is-resized size-large\"><a href=\"https:\/\/www.fmsdocumentation.com\/wp-content\/uploads\/2021\/12\/398-1.png\"><img loading=\"lazy\" decoding=\"async\" class=\"alignnone wp-image-10902 size-large\" src=\"https:\/\/www.fmsdocumentation.com\/wp-content\/uploads\/2021\/12\/398-1-1024x502.png\" alt=\"\" width=\"660\" height=\"324\" srcset=\"https:\/\/www.fmsdocumentation.com\/wp-content\/uploads\/2021\/12\/398-1-1024x502.png 1024w, https:\/\/www.fmsdocumentation.com\/wp-content\/uploads\/2021\/12\/398-1-300x147.png 300w, https:\/\/www.fmsdocumentation.com\/wp-content\/uploads\/2021\/12\/398-1-768x376.png 768w, https:\/\/www.fmsdocumentation.com\/wp-content\/uploads\/2021\/12\/398-1-1536x752.png 1536w, https:\/\/www.fmsdocumentation.com\/wp-content\/uploads\/2021\/12\/398-1-2048x1003.png 2048w\" sizes=\"auto, (max-width: 660px) 100vw, 660px\" \/><\/a><\/figure>&#13;\n<p>You may also add a note of information to each point of the route. To do this, click the icon located on the right of the field in which the point was entered. Set a scheduled arrival time by picking a day and an hour in the calendar. Include any information for the driver to see in the <strong>Notes<\/strong> section. Click\u00a0<strong>Save\u00a0<\/strong>to add this note to the point.<\/p>&#13;\n<p><a href=\"https:\/\/www.fmsdocumentation.com\/wp-content\/uploads\/2021\/12\/455-1.png\"><img loading=\"lazy\" decoding=\"async\" class=\"alignnone wp-image-10904 \" src=\"https:\/\/www.fmsdocumentation.com\/wp-content\/uploads\/2021\/12\/455-1.png\" alt=\"\" width=\"582\" height=\"210\" srcset=\"https:\/\/www.fmsdocumentation.com\/wp-content\/uploads\/2021\/12\/455-1.png 916w, https:\/\/www.fmsdocumentation.com\/wp-content\/uploads\/2021\/12\/455-1-300x108.png 300w, https:\/\/www.fmsdocumentation.com\/wp-content\/uploads\/2021\/12\/455-1-768x278.png 768w\" sizes=\"auto, (max-width: 582px) 100vw, 582px\" \/><\/a><\/p>&#13;\n&#13;\n<h4 class=\"wp-block-heading\">Hinzuf\u00fcgen von zus\u00e4tzlichen Punkten<\/h4>&#13;\n&#13;\n<p>Eine Route kann bis zu 20 Punkte umfassen. Sie k\u00f6nnen der Route zus\u00e4tzliche Punkte hinzuf\u00fcgen, indem Sie:<\/p>&#13;\n&#13;\n<ul class=\"wp-block-list\">&#13;\n<li>In dem Bereich auf <strong>Weitere Punkte hinzuf\u00fcgen<\/strong> klicken und den neuen Punkt definieren<\/li>&#13;\n<li>Durch Rechts- und Linksklick auf die Route auf der Karte und ziehen des Cursors zu dem Ort, an dem Sie einen Punkt hinzuf\u00fcgen m\u00f6chten.<\/li>&#13;\n<li>Rechtsklick auf die Karte und Klick auf <strong>Punkt der Route hinzuf\u00fcgen<\/strong><\/li>&#13;\n<\/ul>&#13;\n&#13;\n<p>Sie k\u00f6nnen die Reihenfolge der Punkte durch Ziehen und Fallenlassen in den Bereich neu ordnen. Klicken Sie auf<strong>X<\/strong>, um einen Punkt zu entfernen.<\/p>&#13;\n&#13;\n<figure class=\"wp-block-image is-resized size-large\"><a href=\"https:\/\/www.fmsdocumentation.com\/wp-content\/uploads\/2021\/12\/400.png\"><img loading=\"lazy\" decoding=\"async\" class=\"alignnone wp-image-10905 size-large\" src=\"https:\/\/www.fmsdocumentation.com\/wp-content\/uploads\/2021\/12\/400-1024x502.png\" alt=\"\" width=\"660\" height=\"324\" srcset=\"https:\/\/www.fmsdocumentation.com\/wp-content\/uploads\/2021\/12\/400-1024x502.png 1024w, https:\/\/www.fmsdocumentation.com\/wp-content\/uploads\/2021\/12\/400-300x147.png 300w, https:\/\/www.fmsdocumentation.com\/wp-content\/uploads\/2021\/12\/400-768x377.png 768w, https:\/\/www.fmsdocumentation.com\/wp-content\/uploads\/2021\/12\/400-1536x753.png 1536w, https:\/\/www.fmsdocumentation.com\/wp-content\/uploads\/2021\/12\/400-2048x1004.png 2048w\" sizes=\"auto, (max-width: 660px) 100vw, 660px\" \/><\/a><\/figure>&#13;\n&#13;\n<figure class=\"wp-block-image size-large is-resized\"><\/figure>&#13;\n\n\n<p><p class=\"note\">Hinweis<br\/>Eine graue Linie zeigt die Route an, die das Fahrzeug zum Startpunkt fahren muss. Diese Route ist in der endg\u00fcltigen Route nicht enthalten.<\/p>\n\n&#13;\n<p>Klicken Sie auf<strong>Speichern<\/strong>, um die Fahrt zu speichern und kehren Sie zur Fahrtenliste zur\u00fcck. Klicken Sie auf<strong>Schlie\u00dfen<\/strong>, um die Fahrt zu verwerfen und kehren Sie zur Fahrtenliste zur\u00fcck.<\/p>&#13;\n&#13;\n<p><div class=\"alignleft\"><a href=\"https:\/\/www.fmsdocumentation.com\/de\/routenplanungs-aufgabenmenue\/\" title=\"Routenplanungs- &amp; Aufgabenmen\u00fc.\"><span class=\"arrow\">\u2039 &nbsp <\/span> Routenplanungs- &amp; Aufgabenmen\u00fc. <\/a><\/div><div class=\"alignright\"><a href=\"https:\/\/www.fmsdocumentation.com\/de\/routenplanungs-aufgabenmenue\/fahrtenmanagement\/\" title=\"Fahrtenmanagement\">Fahrtenmanagement <span class=\"arrow\"> &nbsp\u203a <\/span> <\/a><\/div><\/p>&#13;\n","protected":false},"excerpt":{"rendered":"<p>&#13; Um mit der Verwendung des Moduls Routenplanung &amp; Aufgaben zu beginnen, m\u00fcssen Sie eine Fahrt erstellen. Klicken Sie auf Fahrt erstellen in der oberen rechten Ecke des Fensters, um eine neue Fahrt zu erstellen. Sie werden zum Fahrterstellungsbereich weitergeleitet. &#13; &#13; Routenplanungsart und Einstellungen &#13; &#13; Weisen Sie ganz oben auf dem Fenster Fahrt &hellip; <a href=\"https:\/\/www.fmsdocumentation.com\/de\/routenplanungs-aufgabenmenue\/erstellung-von-fahrten\/\" class=\"more-link\"><span class=\"screen-reader-text\">Erstellung von Fahrten<\/span> weiterlesen<\/a><\/p>\n","protected":false},"author":5,"featured_media":0,"parent":11596,"menu_order":0,"comment_status":"closed","ping_status":"closed","template":"","meta":{"footnotes":""},"class_list":["post-11618","page","type-page","status-publish","hentry"],"_links":{"self":[{"href":"https:\/\/www.fmsdocumentation.com\/de\/wp-json\/wp\/v2\/pages\/11618","targetHints":{"allow":["GET"]}}],"collection":[{"href":"https:\/\/www.fmsdocumentation.com\/de\/wp-json\/wp\/v2\/pages"}],"about":[{"href":"https:\/\/www.fmsdocumentation.com\/de\/wp-json\/wp\/v2\/types\/page"}],"author":[{"embeddable":true,"href":"https:\/\/www.fmsdocumentation.com\/de\/wp-json\/wp\/v2\/users\/5"}],"replies":[{"embeddable":true,"href":"https:\/\/www.fmsdocumentation.com\/de\/wp-json\/wp\/v2\/comments?post=11618"}],"version-history":[{"count":3,"href":"https:\/\/www.fmsdocumentation.com\/de\/wp-json\/wp\/v2\/pages\/11618\/revisions"}],"predecessor-version":[{"id":11642,"href":"https:\/\/www.fmsdocumentation.com\/de\/wp-json\/wp\/v2\/pages\/11618\/revisions\/11642"}],"up":[{"embeddable":true,"href":"https:\/\/www.fmsdocumentation.com\/de\/wp-json\/wp\/v2\/pages\/11596"}],"wp:attachment":[{"href":"https:\/\/www.fmsdocumentation.com\/de\/wp-json\/wp\/v2\/media?parent=11618"}],"curies":[{"name":"wp","href":"https:\/\/api.w.org\/{rel}","templated":true}]}}