{"id":11643,"date":"2022-06-13T12:39:47","date_gmt":"2022-06-13T09:39:47","guid":{"rendered":"https:\/\/www.fmsdocumentation.com\/routenplanungs-aufgabenmenue\/fahrtenmanagement\/"},"modified":"2022-06-13T12:39:50","modified_gmt":"2022-06-13T09:39:50","slug":"fahrtenmanagement","status":"publish","type":"page","link":"https:\/\/www.fmsdocumentation.com\/de\/routenplanungs-aufgabenmenue\/fahrtenmanagement\/","title":{"rendered":"Fahrtenmanagement"},"content":{"rendered":"&#13;\n<p>Klicken Sie auf eine Fahrt auf der Fahrtenliste, um die Route der Fahrt auf der Karte anzuzeigen. Sie werden auf der Liste nur Fahrten sehen, die durch Sie erstellt wurden.<\/p>&#13;\n&#13;\n<p>Die Karte zeigt die Route der ausgew\u00e4hlten Fahrt in den folgenden Kategorien an:<\/p>&#13;\n&#13;\n<ul class=\"wp-block-list\">&#13;\n<li>Gestrichelte blaue Linie \u2013 die geplante Route der Fahrt<\/li>&#13;\n<li>Durchgehende blaue Linie \u2013 die tats\u00e4chliche Route<\/li>&#13;\n<li>Durchgehende rote Linie \u2013 die tats\u00e4chliche Route, wo die Abweichungstoleranzgrenze \u00fcberschritten wurde<\/li>&#13;\n<\/ul>&#13;\n&#13;\n<p>Durch Bewegen des Mauszeigers \u00fcber einen Wegpunkt auf der Karte werden detaillierte Informationen \u00fcber die Ankunftszeit, die gesch\u00e4tzte und tats\u00e4chliche Strecke und die gefahrene Zeit angezeigt.<\/p>&#13;\n&#13;\n<figure class=\"wp-block-image size-full is-resized\"><img loading=\"lazy\" decoding=\"async\" class=\"wp-image-10672\" src=\"https:\/\/www.fmsdocumentation.com\/wp-content\/uploads\/2021\/03\/461.png\" alt=\"\" width=\"561\" height=\"202\" srcset=\"https:\/\/www.fmsdocumentation.com\/wp-content\/uploads\/2021\/03\/461.png 705w, https:\/\/www.fmsdocumentation.com\/wp-content\/uploads\/2021\/03\/461-300x109.png 300w\" sizes=\"auto, (max-width: 561px) 100vw, 561px\" \/><\/figure>&#13;\n&#13;\n<p>Die Fahrtenliste bietet die folgenden Informationen \u00fcber die Fahrten:<\/p>&#13;\n&#13;\n<ul class=\"wp-block-list\">&#13;\n<li>Fahrzeug &#8211; das f\u00fcr diese Fahrt zugewiesene Fahrzeug<\/li>&#13;\n<li>Fahrer \u2013 der Name des dem Fahrzeug zugewiesenen Fahrers<\/li>&#13;\n<li>Fahrt \u2013 der Name der Fahrt<\/li>&#13;\n<li>Fahrerstatus \u2013 der Gesamtstatus der Fahrt<\/li>&#13;\n<li>Aktueller Standort \u2013 der aktuelle Standort des Fahrzeugs<\/li>&#13;\n<li>Routenzeitleiste \u2013 der aktuelle Wegpunktstatus der Route<\/li>&#13;\n<li>Ankunftszeit \u2013 die gesch\u00e4tzte Ankunftszeit am n\u00e4chsten Punkt und der aktuelle Status der Route (fr\u00fch, p\u00fcnktlich, sp\u00e4t)<\/li>&#13;\n<li>Fahrerstatus &#8211; der Status des Fahrers (erfordert Fahrtenschreiberdaten)<\/li>&#13;\n<\/ul>&#13;\n&#13;\n<p><p class=\"note\">Hinweis<br\/>Nur bis zu 7 Spalten k\u00f6nnen insgesamt angezeigt werden. Um zu \u00e4ndern, welche sichtbar sind, siehe den Abschnitt Spalteneinstellungen.<\/p>&#13;\n&#13;\n<p>Fahrten k\u00f6nnen \u00fcber die folgenden Gesamtstatus verf\u00fcgen<\/p>&#13;\n&#13;\n<ul class=\"wp-block-list\">&#13;\n<li>Neu <img loading=\"lazy\" decoding=\"async\" src=\"https:\/\/www.fmsdocumentation.com\/wp-content\/uploads\/2017\/04\/84.png\" alt=\"\" width=\"19\" height=\"20\"\/><\/li>&#13;\n<li>Im Gange <img loading=\"lazy\" decoding=\"async\" class=\"alignnone wp-image-9302 \" src=\"https:\/\/www.fmsdocumentation.com\/wp-content\/uploads\/2020\/08\/arrow_right-2.png\" alt=\"\" width=\"18\" height=\"12\"\/><\/li>&#13;\n<li>Abgeschlossen <img loading=\"lazy\" decoding=\"async\" src=\"https:\/\/www.fmsdocumentation.com\/wp-content\/uploads\/2017\/04\/85.png\" alt=\"\" width=\"19\" height=\"18\"\/><\/li>&#13;\n<li>Abgebrochen <img loading=\"lazy\" decoding=\"async\" class=\"alignnone wp-image-9303\" src=\"https:\/\/www.fmsdocumentation.com\/wp-content\/uploads\/2020\/08\/canceled.png\" alt=\"\" width=\"17\" height=\"16\"\/><\/li>&#13;\n<\/ul>&#13;\n&#13;\n<figure class=\"wp-block-image is-resized size-large\"><a href=\"https:\/\/www.fmsdocumentation.com\/wp-content\/uploads\/2021\/12\/402.png\"><img loading=\"lazy\" decoding=\"async\" class=\"alignnone wp-image-10918 size-large\" src=\"https:\/\/www.fmsdocumentation.com\/wp-content\/uploads\/2021\/12\/402-1024x405.png\" alt=\"\" width=\"660\" height=\"261\" srcset=\"https:\/\/www.fmsdocumentation.com\/wp-content\/uploads\/2021\/12\/402-1024x405.png 1024w, https:\/\/www.fmsdocumentation.com\/wp-content\/uploads\/2021\/12\/402-300x119.png 300w, https:\/\/www.fmsdocumentation.com\/wp-content\/uploads\/2021\/12\/402-768x304.png 768w, https:\/\/www.fmsdocumentation.com\/wp-content\/uploads\/2021\/12\/402-1536x607.png 1536w, https:\/\/www.fmsdocumentation.com\/wp-content\/uploads\/2021\/12\/402-2048x809.png 2048w\" sizes=\"auto, (max-width: 660px) 100vw, 660px\" \/><\/a><\/figure>&#13;\n&#13;\n<p>Die Gr\u00f6\u00dfe der Fahrtenliste kann durch die Bewegung der Mausanzeige \u00fcber den Rand der Fahrtenliste hinaus und die Verwendung der Pfeile modifiziert werden:<\/p>&#13;\n&#13;\n<ul class=\"wp-block-list\">&#13;\n<li>Aufw\u00e4rtspfeil \u2013 erweitert die Fahrtenliste, um den gesamten Bildschirm abzudecken<\/li>&#13;\n<li>Abw\u00e4rtspfeil \u2013 verbirgt die Fahrtenliste<\/li>&#13;\n<\/ul>&#13;\n&#13;\n<p>Wenn die Liste erweitert\/verkleinert wird die Fahrtenliste durch Anklicken des anderen Pfeils zur Standardgr\u00f6\u00dfe zur\u00fcckkehren. Sie k\u00f6nnen klicken und an den Rand der Fahrtenliste ziehen, um sie gem\u00e4\u00df Ihren Bed\u00fcrfnissen anzupassen.<\/p>&#13;\n&#13;\n<figure class=\"wp-block-image size-large is-resized\"><a href=\"https:\/\/www.fmsdocumentation.com\/wp-content\/uploads\/2021\/12\/408.png\"><img loading=\"lazy\" decoding=\"async\" class=\"alignnone wp-image-10919 \" src=\"https:\/\/www.fmsdocumentation.com\/wp-content\/uploads\/2021\/12\/408.png\" alt=\"\" width=\"658\" height=\"285\" srcset=\"https:\/\/www.fmsdocumentation.com\/wp-content\/uploads\/2021\/12\/408.png 760w, https:\/\/www.fmsdocumentation.com\/wp-content\/uploads\/2021\/12\/408-300x130.png 300w\" sizes=\"auto, (max-width: 658px) 100vw, 658px\" \/><\/a><\/figure>&#13;\n&#13;\n<p>Klicken Sie auf die drei Punkte rechts von einer Fahrt, um die Fahrtzusammenfassung zu \u00f6ffnen, oder bearbeiten\/l\u00f6schen Sie diese Fahrt.<\/p>&#13;\n&#13;\n<figure class=\"wp-block-image size-large is-resized\"><a href=\"https:\/\/www.fmsdocumentation.com\/wp-content\/uploads\/2021\/12\/403.png\"><img loading=\"lazy\" decoding=\"async\" class=\"alignnone wp-image-10920 size-full\" src=\"https:\/\/www.fmsdocumentation.com\/wp-content\/uploads\/2021\/12\/403.png\" alt=\"\" width=\"484\" height=\"238\" srcset=\"https:\/\/www.fmsdocumentation.com\/wp-content\/uploads\/2021\/12\/403.png 484w, https:\/\/www.fmsdocumentation.com\/wp-content\/uploads\/2021\/12\/403-300x148.png 300w\" sizes=\"auto, (max-width: 484px) 100vw, 484px\" \/><\/a><\/figure>&#13;\n&#13;\n<h4 class=\"wp-block-heading\">Fahrtzusammenfassung<\/h4>&#13;\n&#13;\n<p>Die Fahrtzusammenfassung zeigt eine \u00dcbersicht der Fahrt und der Route an. Sie enth\u00e4lt die folgenden Informationen \u00fcber die Fahrt:<\/p>&#13;\n&#13;\n<ul class=\"wp-block-list\">&#13;\n<li>Gesamtstatus<\/li>&#13;\n<li>Taste \u201eStatus\u00e4nderung\u201c<\/li>&#13;\n<li>Ankunftszeit<\/li>&#13;\n<li>Fahrttitel<\/li>&#13;\n<li>Fahrzeug<\/li>&#13;\n<li>Fahrer<\/li>&#13;\n<li>Geplante Fahrtstrecke<\/li>&#13;\n<li>Abweichende Strecke<\/li>&#13;\n<li>Fahrt &#8211; tats\u00e4chliche Strecke<\/li>&#13;\n<li>Geplante Fahrtzeit<\/li>&#13;\n<li>Hinweise<\/li>&#13;\n<\/ul>&#13;\n&#13;\n<figure class=\"wp-block-image size-large\"><a href=\"https:\/\/www.fmsdocumentation.com\/wp-content\/uploads\/2021\/12\/404.png\"><img loading=\"lazy\" decoding=\"async\" class=\"alignnone wp-image-10921 size-large\" src=\"https:\/\/www.fmsdocumentation.com\/wp-content\/uploads\/2021\/12\/404-1024x508.png\" alt=\"\" width=\"660\" height=\"327\" srcset=\"https:\/\/www.fmsdocumentation.com\/wp-content\/uploads\/2021\/12\/404-1024x508.png 1024w, https:\/\/www.fmsdocumentation.com\/wp-content\/uploads\/2021\/12\/404-300x149.png 300w, https:\/\/www.fmsdocumentation.com\/wp-content\/uploads\/2021\/12\/404-768x381.png 768w, https:\/\/www.fmsdocumentation.com\/wp-content\/uploads\/2021\/12\/404-1536x762.png 1536w, https:\/\/www.fmsdocumentation.com\/wp-content\/uploads\/2021\/12\/404-2048x1017.png 2048w\" sizes=\"auto, (max-width: 660px) 100vw, 660px\" \/><\/a><\/figure>&#13;\n&#13;\n<p>Die Wegpunktinformationen zeigen den Standort und den Abschluss jedes Punktes an, sowie die geplante Lieferzeit. Der gesch\u00e4tzte Weg und die verbliebene zu fahrende Strecke werden ebenfalls unter jedem Wegpunkt angezeigt. . Durch das Anklicken einer Wegpunktadresse wird sie erweitert, um die hinzugef\u00fcgten Hinweise anzusehen Durch die Bewegung des Mauszeigers \u00fcber einen Wegpunkt zeigt eine Taste <strong>Fertig<\/strong> an, um den Wegpunkt als abgeschlossen zu kennzeichnen.<\/p>&#13;\n<figure class=\"wp-block-image is-resized\"><a href=\"https:\/\/www.fmsdocumentation.com\/wp-content\/uploads\/2021\/03\/439.png\"><img loading=\"lazy\" decoding=\"async\" class=\"alignnone wp-image-10682 \" src=\"https:\/\/www.fmsdocumentation.com\/wp-content\/uploads\/2021\/03\/439.png\" alt=\"\" width=\"540\" height=\"336\" srcset=\"https:\/\/www.fmsdocumentation.com\/wp-content\/uploads\/2021\/03\/439.png 797w, https:\/\/www.fmsdocumentation.com\/wp-content\/uploads\/2021\/03\/439-300x187.png 300w, https:\/\/www.fmsdocumentation.com\/wp-content\/uploads\/2021\/03\/439-768x479.png 768w\" sizes=\"auto, (max-width: 540px) 100vw, 540px\" \/><\/a><\/figure>\n&#13;\n<h4 class=\"wp-block-heading\">Bearbeitung von Fahrten<\/h4>&#13;\n&#13;\n<p>Fahrten k\u00f6nnen bearbeitet werden durch:<\/p>&#13;\n&#13;\n<ul class=\"wp-block-list\">&#13;\n<li>das Anklicken von <strong>Fahrt bearbeiten<\/strong> nach dem Anklicken der drei Punkte neben einer Fahrt<\/li>&#13;\n<li>das Anklicken von <strong>Bearbeiten<\/strong> in der Fahrtzusammenfassung<\/li>&#13;\n<\/ul>&#13;\n&#13;\n<p>Fahrten werden auf die gleiche Weise bearbeitet, wie sie erstellt werden. Sie k\u00f6nnen zus\u00e4tzliche Punkte hinzuf\u00fcgen oder eine andere Route ausw\u00e4hlen, wenn dies erforderlich ist. Klicken Sie nach der Bearbeitung auf <strong>Speichern<\/strong>, um die \u00c4nderungen zu speichern oder <strong>Schlie\u00dfen<\/strong>, um zur Fahrtenliste zur\u00fcckzukehren ohne zu speichern.<\/p>&#13;\n&#13;\n<p><p class=\"note\">Hinweis<br\/>Sie k\u00f6nnen abgeschlossene\/abgebrochene Fahrten nicht bearbeiten.<\/p>&#13;\n&#13;\n<h4 class=\"wp-block-heading\">L\u00f6schung von Fahrten<\/h4>&#13;\n&#13;\n<p>Fahrten k\u00f6nnen gel\u00f6scht werden durch:<\/p>&#13;\n&#13;\n<ul class=\"wp-block-list\">&#13;\n<li>Ankreuzen des Markierungsfeldes neben der Fahrt, die Sie l\u00f6schen m\u00f6chten und Anklicken des L\u00f6schen-Symbols in der oberen rechten Ecke des Fensters. Ankreuzen des Markierungsfeldes in der oberen Zeile w\u00e4hlt alle Fahrten.<\/li>&#13;\n<li>Anklicken von <strong>Fahrt l\u00f6schen<\/strong> nach dem Anklicken der drei Punkte neben einer Fahrt.<\/li>&#13;\n<\/ul>&#13;\n&#13;\n<p><p class=\"note\">Hinweis<br\/>Fahrten, die im Gange sind, k\u00f6nnen nicht gel\u00f6scht werden.<\/p>&#13;\n&#13;\n<figure class=\"wp-block-image size-large\"><a href=\"https:\/\/www.fmsdocumentation.com\/wp-content\/uploads\/2021\/12\/407.png\"><img loading=\"lazy\" decoding=\"async\" class=\"alignnone wp-image-10922 size-large\" src=\"https:\/\/www.fmsdocumentation.com\/wp-content\/uploads\/2021\/12\/407-1024x448.png\" alt=\"\" width=\"660\" height=\"289\" srcset=\"https:\/\/www.fmsdocumentation.com\/wp-content\/uploads\/2021\/12\/407-1024x448.png 1024w, https:\/\/www.fmsdocumentation.com\/wp-content\/uploads\/2021\/12\/407-300x131.png 300w, https:\/\/www.fmsdocumentation.com\/wp-content\/uploads\/2021\/12\/407-768x336.png 768w, https:\/\/www.fmsdocumentation.com\/wp-content\/uploads\/2021\/12\/407-1536x672.png 1536w, https:\/\/www.fmsdocumentation.com\/wp-content\/uploads\/2021\/12\/407-2048x896.png 2048w\" sizes=\"auto, (max-width: 660px) 100vw, 660px\" \/><\/a><\/figure>&#13;\n&#13;\n<h4 class=\"wp-block-heading\">Spalteneinstellungen<\/h4>&#13;\n&#13;\n<p>Bis zu 7 Spalten k\u00f6nnen auf einmal angezeigt werden. Um Spalten hinzuzuf\u00fcgen\/zu entfernen, klicken Sie auf die drei Punkte oben in der Fahrtentabelle. <\/p>&#13;\n&#13;\n<figure class=\"wp-block-image\"><a href=\"https:\/\/www.fmsdocumentation.com\/wp-content\/uploads\/2021\/12\/440.png\"><img loading=\"lazy\" decoding=\"async\" class=\"alignnone wp-image-10923 \" src=\"https:\/\/www.fmsdocumentation.com\/wp-content\/uploads\/2021\/12\/440.png\" alt=\"\" width=\"644\" height=\"444\" srcset=\"https:\/\/www.fmsdocumentation.com\/wp-content\/uploads\/2021\/12\/440.png 722w, https:\/\/www.fmsdocumentation.com\/wp-content\/uploads\/2021\/12\/440-300x207.png 300w\" sizes=\"auto, (max-width: 644px) 100vw, 644px\" \/><\/a><\/figure>&#13;\n&#13;\n<p>W\u00e4hlen Sie Spalten, indem Sie sie in der Liste links anklicken. Sobald ein Element hinzugef\u00fcgt wird, erscheint es auf der Liste rechts. Hier k\u00f6nnen Sie neugeordnet werden, indem sie nach oben und unten gezogen werden, und gel\u00f6scht werden, indem Sie das X-System anklicken. Um die Ver\u00e4nderungen anzuwenden, klicken Sie auf <strong>Best\u00e4tigen<\/strong>.<\/p>&#13;\n&#13;\n<figure class=\"wp-block-image is-resized\"><a href=\"https:\/\/www.fmsdocumentation.com\/wp-content\/uploads\/2021\/12\/441.png\"><img loading=\"lazy\" decoding=\"async\" class=\"alignnone wp-image-10924 \" src=\"https:\/\/www.fmsdocumentation.com\/wp-content\/uploads\/2021\/12\/441.png\" alt=\"\" width=\"605\" height=\"519\" srcset=\"https:\/\/www.fmsdocumentation.com\/wp-content\/uploads\/2021\/12\/441.png 871w, https:\/\/www.fmsdocumentation.com\/wp-content\/uploads\/2021\/12\/441-300x257.png 300w, https:\/\/www.fmsdocumentation.com\/wp-content\/uploads\/2021\/12\/441-768x659.png 768w\" sizes=\"auto, (max-width: 605px) 100vw, 605px\" \/><\/a><\/figure>&#13;\n&#13;\n<h4 class=\"wp-block-heading\">Fahrtensuche<\/h4>&#13;\n&#13;\n<p>Verwenden sie die Suchleiste, um Fahrten zu filtern, die eingegebene Schl\u00fcsselw\u00f6rter enthalten. Diese Funktion verwendet Filter, falls welche angewandt werden, und wird nicht au\u00dferhalb ihres Umfangs suchen. Die Suche wird nur f\u00fcr die Spalte mit den Fahrtnamen durchgef\u00fchrt und nicht f\u00fcr andere Spalten.<\/p>&#13;\n&#13;\n<figure class=\"wp-block-image is-resized\"><a href=\"https:\/\/www.fmsdocumentation.com\/wp-content\/uploads\/2021\/12\/444.png\"><img loading=\"lazy\" decoding=\"async\" class=\"alignnone wp-image-10925 size-large\" src=\"https:\/\/www.fmsdocumentation.com\/wp-content\/uploads\/2021\/12\/444-1024x471.png\" alt=\"\" width=\"660\" height=\"304\" srcset=\"https:\/\/www.fmsdocumentation.com\/wp-content\/uploads\/2021\/12\/444-1024x471.png 1024w, https:\/\/www.fmsdocumentation.com\/wp-content\/uploads\/2021\/12\/444-300x138.png 300w, https:\/\/www.fmsdocumentation.com\/wp-content\/uploads\/2021\/12\/444-768x353.png 768w, https:\/\/www.fmsdocumentation.com\/wp-content\/uploads\/2021\/12\/444.png 1090w\" sizes=\"auto, (max-width: 660px) 100vw, 660px\" \/><\/a><\/figure>&#13;\n<h4>Active deviations<\/h4>&#13;\n<p>The total number of currently deviating drivers is displayed next to the search bar and a red circle notification in the main menu.\u00a0<\/p>&#13;\n<p><a href=\"https:\/\/www.fmsdocumentation.com\/wp-content\/uploads\/2021\/08\/462.png\"><img loading=\"lazy\" decoding=\"async\" class=\"alignnone wp-image-10728 \" src=\"https:\/\/www.fmsdocumentation.com\/wp-content\/uploads\/2021\/08\/462.png\" alt=\"\" width=\"547\" height=\"194\" srcset=\"https:\/\/www.fmsdocumentation.com\/wp-content\/uploads\/2021\/08\/462.png 845w, https:\/\/www.fmsdocumentation.com\/wp-content\/uploads\/2021\/08\/462-300x106.png 300w, https:\/\/www.fmsdocumentation.com\/wp-content\/uploads\/2021\/08\/462-768x272.png 768w\" sizes=\"auto, (max-width: 547px) 100vw, 547px\" \/><\/a><\/p>&#13;\n&#13;\n<h4 class=\"wp-block-heading\">Fahrtfilterung<\/h4>&#13;\n&#13;\n<p>Die folgenden Fahrtenlistenspalten haben Filter:<\/p>&#13;\n\n<figure class=\"wp-block-table\"><\/figure>\n\n\n<figure class=\"wp-block-table\">\n\n<table style=\"height: 131px;\" width=\"5\">\n\n<tbody>\n\n<tr>\n\n<td><strong>Spalte<\/strong><\/td>\n\n<td><strong>Filtertypen<\/strong><\/td>\n\n<\/tr>\n\n<tr>\n\n<td>Fahrt<\/td>\n\n<td>Sortiert in absteigender\/aufsteigender Reihenfolge<\/td>\n\n<\/tr>\n\n<tr>\n\n<td>Fahrer<\/td>\n\n<td>Sortiert in absteigender\/aufsteigender Reihenfolge<br\/>Zeigt nur Fahrten an, die ausgew\u00e4hlten Fahrern zugewiesen sind<\/td>\n\n<\/tr>\n\n<tr>\n\n<td>Fahrerstatus<\/td>\n\n<td>Zeigt nur Fahrten mit den ausgew\u00e4hlten Fahrerstatus an<\/td>\n\n<\/tr>\n\n<tr>\n\n<td>Fahrzeug<\/td>\n\n<td>Sortiert in absteigender\/aufsteigender Reihenfolge<br\/>Zeigt nur Fahrten, die den ausgew\u00e4hlten Fahrzeugen zugewiesen sind<\/td>\n\n<\/tr>\n\n<tr>\n\n<td>Ankunftszeit<\/td>\n\n<td>Sortiert in absteigender\/aufsteigender Reihenfolge<br\/>Zeigt nur Fahrten mit der ausgew\u00e4hlten Ankunftszeit<\/td>\n\n<\/tr>\n\n<tr>\n\n<td>Fahrtstatus<\/td>\n\n<td>Sortiert in absteigender\/aufsteigender Reihenfolge<br\/>Zeigt nur Fahrten mit dem ausgew\u00e4hlten Fahrtstatus<\/td>\n\n<\/tr>\n\n<\/tbody>\n\n<\/table>\n\n<\/figure>\n\n&#13;\n<p>Sortieren Sie Spalten, indem Sie auf den Namen der Spalte klicken. Zu einer bestimmten Zeit kann immer nur jeweils eine Spalte sortiert werden. Nach der Sortierung zeigt ein Symbol die angewandte Sortierungsreihenfolge an.<\/p>&#13;\n&#13;\n<figure class=\"wp-block-image is-resized size-large\"><a href=\"https:\/\/www.fmsdocumentation.com\/wp-content\/uploads\/2021\/12\/405.png\"><img loading=\"lazy\" decoding=\"async\" class=\"alignnone wp-image-10926 \" src=\"https:\/\/www.fmsdocumentation.com\/wp-content\/uploads\/2021\/12\/405.png\" alt=\"\" width=\"652\" height=\"241\" srcset=\"https:\/\/www.fmsdocumentation.com\/wp-content\/uploads\/2021\/12\/405.png 780w, https:\/\/www.fmsdocumentation.com\/wp-content\/uploads\/2021\/12\/405-300x111.png 300w, https:\/\/www.fmsdocumentation.com\/wp-content\/uploads\/2021\/12\/405-768x284.png 768w\" sizes=\"auto, (max-width: 652px) 100vw, 652px\" \/><\/a><\/figure>&#13;\n&#13;\n<p>Filtert Fahrten durch Anklicken des Filtersymbols, der erscheint, wenn man den Mauszeiger \u00fcber den Namen der Spalte bewegt. Sortierung und Filterung k\u00f6nnen an der gleichen Spalte angewandt werden.<\/p>&#13;\n&#13;\n<figure class=\"wp-block-image is-resized size-large\"><a href=\"https:\/\/www.fmsdocumentation.com\/wp-content\/uploads\/2021\/12\/406.png\"><img loading=\"lazy\" decoding=\"async\" class=\"alignnone wp-image-10927 \" src=\"https:\/\/www.fmsdocumentation.com\/wp-content\/uploads\/2021\/12\/406.png\" alt=\"\" width=\"573\" height=\"290\" srcset=\"https:\/\/www.fmsdocumentation.com\/wp-content\/uploads\/2021\/12\/406.png 597w, https:\/\/www.fmsdocumentation.com\/wp-content\/uploads\/2021\/12\/406-300x152.png 300w\" sizes=\"auto, (max-width: 573px) 100vw, 573px\" \/><\/a><\/figure>&#13;\n&#13;\n<p>Die angewandten Filter werden zu Beginn der Fahrtenliste aufgef\u00fchrt. Um einen einzelnen Filter zu l\u00f6schen, klicken Sie auf<strong>X<\/strong> Um alle Filter zu l\u00f6schen, klicken Sie auf <strong>Alle Filter l\u00f6schen<\/strong>.<\/p>&#13;\n&#13;\n<figure class=\"wp-block-image size-large\"><a href=\"https:\/\/www.fmsdocumentation.com\/wp-content\/uploads\/2021\/12\/409.png\"><img loading=\"lazy\" decoding=\"async\" class=\"alignnone wp-image-10928 \" src=\"https:\/\/www.fmsdocumentation.com\/wp-content\/uploads\/2021\/12\/409.png\" alt=\"\" width=\"647\" height=\"249\" srcset=\"https:\/\/www.fmsdocumentation.com\/wp-content\/uploads\/2021\/12\/409.png 657w, https:\/\/www.fmsdocumentation.com\/wp-content\/uploads\/2021\/12\/409-300x116.png 300w\" sizes=\"auto, (max-width: 647px) 100vw, 647px\" \/><\/a><\/figure>&#13;\n&#13;\n<figure class=\"wp-block-image is-resized\"><\/figure>&#13;\n&#13;\n<p><div class=\"alignleft\"><a href=\"https:\/\/www.fmsdocumentation.com\/de\/routenplanungs-aufgabenmenue\/erstellung-von-fahrten\/\" title=\"Erstellung von Fahrten\"><span class=\"arrow\">\u2039 &nbsp <\/span> Erstellung von Fahrten <\/a><\/div> <div class=\"alignright\"><a href=\"https:\/\/www.fmsdocumentation.com\/de\/wartungsaufgabenmenue\/\" title=\"Wartungsaufgabenmen\u00fc\">Wartungsaufgabenmen\u00fc <span class=\"arrow\"> &nbsp\u203a <\/span> <\/a><\/div><\/p>&#13;\n<p>&nbsp;<\/p>\n","protected":false},"excerpt":{"rendered":"<p>&#13; Klicken Sie auf eine Fahrt auf der Fahrtenliste, um die Route der Fahrt auf der Karte anzuzeigen. Sie werden auf der Liste nur Fahrten sehen, die durch Sie erstellt wurden. &#13; &#13; Die Karte zeigt die Route der ausgew\u00e4hlten Fahrt in den folgenden Kategorien an: &#13; &#13; &#13; Gestrichelte blaue Linie \u2013 die geplante &hellip; <a href=\"https:\/\/www.fmsdocumentation.com\/de\/routenplanungs-aufgabenmenue\/fahrtenmanagement\/\" class=\"more-link\"><span class=\"screen-reader-text\">Fahrtenmanagement<\/span> weiterlesen<\/a><\/p>\n","protected":false},"author":5,"featured_media":0,"parent":11596,"menu_order":2,"comment_status":"closed","ping_status":"closed","template":"","meta":{"footnotes":""},"class_list":["post-11643","page","type-page","status-publish","hentry"],"_links":{"self":[{"href":"https:\/\/www.fmsdocumentation.com\/de\/wp-json\/wp\/v2\/pages\/11643","targetHints":{"allow":["GET"]}}],"collection":[{"href":"https:\/\/www.fmsdocumentation.com\/de\/wp-json\/wp\/v2\/pages"}],"about":[{"href":"https:\/\/www.fmsdocumentation.com\/de\/wp-json\/wp\/v2\/types\/page"}],"author":[{"embeddable":true,"href":"https:\/\/www.fmsdocumentation.com\/de\/wp-json\/wp\/v2\/users\/5"}],"replies":[{"embeddable":true,"href":"https:\/\/www.fmsdocumentation.com\/de\/wp-json\/wp\/v2\/comments?post=11643"}],"version-history":[{"count":3,"href":"https:\/\/www.fmsdocumentation.com\/de\/wp-json\/wp\/v2\/pages\/11643\/revisions"}],"predecessor-version":[{"id":11683,"href":"https:\/\/www.fmsdocumentation.com\/de\/wp-json\/wp\/v2\/pages\/11643\/revisions\/11683"}],"up":[{"embeddable":true,"href":"https:\/\/www.fmsdocumentation.com\/de\/wp-json\/wp\/v2\/pages\/11596"}],"wp:attachment":[{"href":"https:\/\/www.fmsdocumentation.com\/de\/wp-json\/wp\/v2\/media?parent=11643"}],"curies":[{"name":"wp","href":"https:\/\/api.w.org\/{rel}","templated":true}]}}