{"id":11691,"date":"2022-06-13T13:15:23","date_gmt":"2022-06-13T10:15:23","guid":{"rendered":"https:\/\/www.fmsdocumentation.com\/wartungsaufgabenmenue\/wartungsaufgabenuebersicht\/"},"modified":"2022-06-13T13:15:23","modified_gmt":"2022-06-13T10:15:23","slug":"wartungsaufgabenuebersicht","status":"publish","type":"page","link":"https:\/\/www.fmsdocumentation.com\/de\/wartungsaufgabenmenue\/wartungsaufgabenuebersicht\/","title":{"rendered":"Wartungsaufgaben\u00fcbersicht"},"content":{"rendered":"<p>Die Liste zeigt alle vom Benutzer erstellten Wartungsaufgaben an. Jede Aufgabe zeigt zus\u00e4tzliche Informationen an, wie z. B.:<\/p>\n<ul>\n<li><strong>Name der Wartungsaufgabe;<\/strong><\/li>\n<li><strong>Anzahl der Fahrzeuge, die der Wartungsaufgabe zugeordnet sind;<\/strong><\/li>\n<li><strong>Anzahl der Fahrzeuge nach Status<\/strong> \u2013 zeigt einen kleinen Graph und einen Zahlenwert der Fahrzeuge in jedem Status an. Es gibt drei Status und sie sind farblich getrennt:\n<ul>\n<li><strong>Gr\u00fcn<\/strong> \u2013 Status OK, keine Aufmerksamkeit erforderlich, die Zeit oder Strecke bis zur n\u00e4chsten Wartung ist immer noch 20 % l\u00e4nger als der Anfangswert;<\/li>\n<li><strong>Gelb \u2013<\/strong> Status Wartet, das bedeutet, dass ein Fahrzeug mit der Wartung an der Reihe ist und die Zeit oder der Abstand bis zur n\u00e4chsten Wartung geringer ist als 20 % des Anfangswertes (z. B. Zeitraum betr\u00e4gt 100 Tage, Fahrzeug ist 85 Tage gefahren, 15 Tage verbleiben bis zur Wartung (15 % des Anfangswertes von 100 Tagen &lt; 20 %)) &lt;  20%) )<\/li>\n<li><strong>Rot<\/strong> \u2013 Status Verz\u00f6gerung, das bedeutet, dass die Zeit oder die Strecke f\u00fcr die Wartung vollkommen verstrichen ist und die Wartung \u00fcberf\u00e4llig ist.<\/li>\n<\/ul>\n<\/li>\n<\/ul>\n<p><a href=\"https:\/\/www.fmsdocumentation.com\/wp-content\/uploads\/2017\/04\/127.png\"><img loading=\"lazy\" decoding=\"async\" class=\"alignnone wp-image-218 size-full\" src=\"https:\/\/www.fmsdocumentation.com\/wp-content\/uploads\/2017\/04\/127.png\" alt=\"\" width=\"343\" height=\"351\" srcset=\"https:\/\/www.fmsdocumentation.com\/wp-content\/uploads\/2017\/04\/127.png 343w, https:\/\/www.fmsdocumentation.com\/wp-content\/uploads\/2017\/04\/127-293x300.png 293w\" sizes=\"auto, (max-width: 343px) 100vw, 343px\" \/><\/a><\/p>\n<p>Durch Anklicken einer Aufgab auf der Liste wird der \u00dcbersichtsbereich f\u00fcr die Wartungsaufgabe ge\u00f6ffnet, standardm\u00e4\u00dfig ist die erste Wartungsaufgabe in der Liste offen. \u00dcbersicht \u00fcber den \u00dcbersichtsbereich:<\/p>\n<ol>\n<li><strong>Name der Wartungsaufgabe;<\/strong><\/li>\n<li><strong>Fahrzeug hinzuf\u00fcgen<\/strong> \u2013 erm\u00f6glicht das Hinzuf\u00fcgen von Fahrzeugen zur aktuell ausgew\u00e4hlten Aufgabe. Der Bereich \u00e4hnelt dem zuvor beschriebenen Bereich Wartungsaufgabe erstellen. Hier kann der Benutzer alle Fahrzeuge ausw\u00e4hlen, die er dieser Wartungsaufgabe hinzuf\u00fcgen m\u00f6chte. Der Benutzer kann auch die Beschreibung f\u00fcr die Aufgabe \u00e4ndern und benutzerdefinierte Werte f\u00fcr diese Felder einstellen:\n<ul>\n<li><strong>Kilometerstand der letzten Wartung;<\/strong><\/li>\n<li><strong>Aufgabe wiederholen nach;<\/strong><\/li>\n<li><strong>Aufgabenbest\u00e4tigung.<\/strong><\/li>\n<\/ul>\n<\/li>\n<li><strong>Aufgabe l\u00f6schen<\/strong> \u2013 Wenn dies geklickt wird, wird ein Best\u00e4tigungsfenster angezeigt, auf dem der Benutzer die L\u00f6schung der Wartungsaufgabe best\u00e4tigen muss. Wenn dies versehentlich geklickt wurde, muss der Benutzer einfach nur auf die Taste \u201eAbbrechen\u201c oder irgendwo au\u00dferhalb des Best\u00e4tigungsfensters klicken.<\/li>\n<li><strong>Bearbeiten<\/strong> \u2013 erm\u00f6glicht die Bearbeitung eines ausgew\u00e4hlten Fahrzeugs oder ausgew\u00e4hlter Fahrzeuge (gekennzeichnetes Markierungsfeld), die Funktion \u201eBearbeiten\u201c wird im n\u00e4chsten Abschnitt beschrieben.<\/li>\n<li><strong>Best\u00e4tigen<\/strong> \u2013 Diese Taste wird dazu benutzt, die Wartung zu best\u00e4tigen, wenn diese Taste geklickt wird, wird die Wartung f\u00fcr alle gekennzeichneten Fahrzeuge markiert.<\/li>\n<li><strong>Es ist m\u00f6glich<\/strong>, die Wartung f\u00fcr jedes Fahrzeug individuell zu best\u00e4tigen, dies wird nachfolgend beschrieben. . (<strong>HINWEIS: Nur Fahrzeuge im gelben oder roten Status k\u00f6nnen best\u00e4tigt werden! Fahrzeuge im gr\u00fcnen Status k\u00f6nnen nicht best\u00e4tigt werden, wenn mehrere Fahrzeuge aller Farben ausgew\u00e4hlt werden und die Taste Best\u00e4tigen geklickt wird, werden nur Fahrzeuge im roten und gelben Status best\u00e4tigt und ein Warnfenster erscheint und gibt an, dass einige (gr\u00fcne) Fahrzeuge nicht best\u00e4tigt werden konnten).<\/strong>).<\/li>\n<li><strong>Fahrzeugliste<\/strong> \u2013 Liste aller Fahrzeuge, die der aktuell ausgew\u00e4hlten Wartungsaufgabe zugewiesen sind Zus\u00e4tzliche Informationen werden in jeder Zeile f\u00fcr jedes Fahrzeug angezeigt. Ein Markierungsfeld befindet sich am Anfang jeder Zeile, dieses Markierungsfeld wird verwendet, wenn ein Fahrzeug bearbeitet wird, von der Wartungsaufgabe entfernt wird oder die Wartung best\u00e4tigt wird. Wenn das Markierungsfeld in der \u00dcberschrift geklickt wird, werden alle Fahrzeuge in der Liste ausgew\u00e4hlt oder die Auswahl wird aufgehoben.<\/li>\n<\/ol>\n<p><a href=\"https:\/\/www.fmsdocumentation.com\/wp-content\/uploads\/2017\/04\/128.png\"><img loading=\"lazy\" decoding=\"async\" class=\"alignnone wp-image-219 size-full\" src=\"https:\/\/www.fmsdocumentation.com\/wp-content\/uploads\/2017\/04\/128.png\" alt=\"\" width=\"814\" height=\"624\" srcset=\"https:\/\/www.fmsdocumentation.com\/wp-content\/uploads\/2017\/04\/128.png 814w, https:\/\/www.fmsdocumentation.com\/wp-content\/uploads\/2017\/04\/128-300x230.png 300w, https:\/\/www.fmsdocumentation.com\/wp-content\/uploads\/2017\/04\/128-768x589.png 768w\" sizes=\"auto, (max-width: 814px) 100vw, 814px\" \/><\/a><\/p>\n<p>Die Fahrzeugliste enth\u00e4lt alle wichtigen Informationen in Bezug auf die eingestellte Wartung. Diese Liste kann sich je nach ausgew\u00e4hlter Parameterart unterscheiden. Wenn der Kilometerstand ausgew\u00e4hlt ist, erscheint auf der Liste eine zus\u00e4tzliche Spalte namens \u201eKilometerstand\u201c, die den aktuellen Kilometerstand f\u00fcr jedes Fahrzeug anzeigen, gleiches gilt f\u00fcr die Arbeitsstunden. Wenn \u201eArbeitsstunden\u201c als eine Parameterart ausgew\u00e4hlt ist, dann ist eine \u201eArbeitsstunden\u201c-Spalte in der Fahrzeugliste vorhanden. Wenn \u201eDatum\u201c ausgew\u00e4hlt ist, sind keine zus\u00e4tzlichen Spalten vorhanden. Alle anderen Spalten bleiben identisch und ihre \u00dcberschriften sind selbsterl\u00e4uternd.<\/p>\n<p>Die letzte Spalte auf der Liste ist der <strong>Aufgabenstatus<\/strong>. Neben dem Aufgabenstatus ist ein Informationssymbol. Wenn der Mauszeiger dar\u00fcber bewegt wird, wird angezeigt wie \u201e<span style=\"background-color: #ff0000; color: #ffffff;\">Verz\u00f6gerung<\/span>\u201c und \u201e<span style=\"background-color: #ffff00; color: #000000;\">Wartet<\/span>\u201c Status vom System entschieden werden. Jedes Fahrzeug mit einem Verz\u00f6gerungs- oder Wartet-Status verf\u00fcgt \u00fcber eine Best\u00e4tigung-Taste neben dem aktuellen Status. Wenn diese Taste angeklickt wird, wird die Wartung nur f\u00fcr das Fahrzeug best\u00e4tigt, in dessen Zeile sich die Taste befindet.<\/p>\n<p><a href=\"https:\/\/www.fmsdocumentation.com\/wp-content\/uploads\/2017\/04\/129.png\"><img loading=\"lazy\" decoding=\"async\" class=\"alignnone wp-image-220 size-full\" src=\"https:\/\/www.fmsdocumentation.com\/wp-content\/uploads\/2017\/04\/129.png\" alt=\"\" width=\"257\" height=\"203\"><\/a><\/p>\n<hr>\n<p><div class=\"alignleft\"><a href=\"https:\/\/www.fmsdocumentation.com\/de\/wartungsaufgabenmenue\/wartungsaufgabe-erstellen\/\" title=\"Wartungsaufgabe erstellen;\"><span class=\"arrow\">\u2039 &nbsp <\/span> Wartungsaufgabe erstellen; <\/a><\/div> <div class=\"alignright\"><a href=\"https:\/\/www.fmsdocumentation.com\/de\/wartungsaufgabenmenue\/wartungsaufgabe-bearbeiten\/\" title=\"Wartungsaufgabe bearbeiten\">Wartungsaufgabe bearbeiten <span class=\"arrow\"> &nbsp\u203a <\/span> <\/a><\/div><\/p>\n","protected":false},"excerpt":{"rendered":"<p>Die Liste zeigt alle vom Benutzer erstellten Wartungsaufgaben an. Jede Aufgabe zeigt zus\u00e4tzliche Informationen an, wie z. B.: Name der Wartungsaufgabe; Anzahl der Fahrzeuge, die der Wartungsaufgabe zugeordnet sind; Anzahl der Fahrzeuge nach Status \u2013 zeigt einen kleinen Graph und einen Zahlenwert der Fahrzeuge in jedem Status an. Es gibt drei Status und sie sind &hellip; <a href=\"https:\/\/www.fmsdocumentation.com\/de\/wartungsaufgabenmenue\/wartungsaufgabenuebersicht\/\" class=\"more-link\"><span class=\"screen-reader-text\">Wartungsaufgaben\u00fcbersicht<\/span> weiterlesen<\/a><\/p>\n","protected":false},"author":1,"featured_media":0,"parent":11684,"menu_order":2,"comment_status":"closed","ping_status":"closed","template":"","meta":{"footnotes":""},"class_list":["post-11691","page","type-page","status-publish","hentry"],"_links":{"self":[{"href":"https:\/\/www.fmsdocumentation.com\/de\/wp-json\/wp\/v2\/pages\/11691","targetHints":{"allow":["GET"]}}],"collection":[{"href":"https:\/\/www.fmsdocumentation.com\/de\/wp-json\/wp\/v2\/pages"}],"about":[{"href":"https:\/\/www.fmsdocumentation.com\/de\/wp-json\/wp\/v2\/types\/page"}],"author":[{"embeddable":true,"href":"https:\/\/www.fmsdocumentation.com\/de\/wp-json\/wp\/v2\/users\/1"}],"replies":[{"embeddable":true,"href":"https:\/\/www.fmsdocumentation.com\/de\/wp-json\/wp\/v2\/comments?post=11691"}],"version-history":[{"count":0,"href":"https:\/\/www.fmsdocumentation.com\/de\/wp-json\/wp\/v2\/pages\/11691\/revisions"}],"up":[{"embeddable":true,"href":"https:\/\/www.fmsdocumentation.com\/de\/wp-json\/wp\/v2\/pages\/11684"}],"wp:attachment":[{"href":"https:\/\/www.fmsdocumentation.com\/de\/wp-json\/wp\/v2\/media?parent=11691"}],"curies":[{"name":"wp","href":"https:\/\/api.w.org\/{rel}","templated":true}]}}