{"id":11731,"date":"2022-06-14T12:36:59","date_gmt":"2022-06-14T09:36:59","guid":{"rendered":"https:\/\/www.fmsdocumentation.com\/fahrtzeitenmenue\/"},"modified":"2022-06-14T12:37:00","modified_gmt":"2022-06-14T09:37:00","slug":"fahrtzeitenmenue","status":"publish","type":"page","link":"https:\/\/www.fmsdocumentation.com\/de\/fahrtzeitenmenue\/","title":{"rendered":"Fahrtzeitenmen\u00fc"},"content":{"rendered":"&#13;\n<p>Das Men\u00fc <strong>Fahrtzeiten<\/strong> wird dazu verwendet, die Fahrtzeitenverst\u00f6\u00dfe gem\u00e4\u00df <a href=\"https:\/\/eur-lex.europa.eu\/legal-content\/EN\/TXT\/?uri=CELEX:02006R0561-20150302\" target=\"_blank\" rel=\"noreferrer noopener\">Bestimmung (EC) Nr. 561\/2006 des Europ\u00e4ischen Parlaments und des Rates<\/a> anzusehen und zu analysieren und gilt <strong>nur f\u00fcr Fahrzeuge in Europa<\/strong>. Um auf das Men\u00fc <strong><strong>Fahrtzeiten<\/strong><\/strong> zuzugreifen, klicken Sie auf das Symbol im Navigationsbereich, wie auf dem folgenden Bild gezeigt.<\/p>&#13;\n&#13;\n<p><p class=\"note\">Hinweis<br\/>Die Fahrtzeitenfunktionalit\u00e4t deckt keine Verst\u00f6\u00dfe in Bezug auf die Arbeitszeit und zwei Fahrer ab.<\/p>&#13;\n&#13;\n<figure class=\"wp-block-image size-large\"><a href=\"https:\/\/www.fmsdocumentation.com\/wp-content\/uploads\/2020\/05\/422.png\"><img loading=\"lazy\" decoding=\"async\" width=\"1024\" height=\"500\" class=\"wp-image-9093\" src=\"https:\/\/www.fmsdocumentation.com\/wp-content\/uploads\/2020\/05\/422-1024x500.png\" alt=\"\" srcset=\"https:\/\/www.fmsdocumentation.com\/wp-content\/uploads\/2020\/05\/422-1024x500.png 1024w, https:\/\/www.fmsdocumentation.com\/wp-content\/uploads\/2020\/05\/422-300x146.png 300w, https:\/\/www.fmsdocumentation.com\/wp-content\/uploads\/2020\/05\/422-768x375.png 768w, https:\/\/www.fmsdocumentation.com\/wp-content\/uploads\/2020\/05\/422-1536x750.png 1536w, https:\/\/www.fmsdocumentation.com\/wp-content\/uploads\/2020\/05\/422.png 1920w\" sizes=\"auto, (max-width: 1024px) 100vw, 1024px\" \/><\/a><\/figure>&#13;\n&#13;\n<h2 class=\"wp-block-heading\">Verst\u00f6\u00dfe<\/h2>&#13;\n&#13;\n<p>Der<strong>Verst\u00f6\u00dfe<\/strong>-Tab enth\u00e4lt eine Liste der Fahrverst\u00f6\u00dfe, die von den Fahrern begangen wurden.<\/p>&#13;\n&#13;\n<p><p class=\"note\">Hinweis<br\/>Die Verst\u00f6\u00dfe werden unter Verwendung der Fahrtenschreiberdaten aus heruntergeladenen .DDD-Fahrerkartendateien berechnet und nur f\u00fcr Fahrer mit verf\u00fcgbaren Daten angezeigt. Vergewissern Sie sich, dass die heruntergeladene .DDD-Datei im<b><a href=\"https:\/\/www.fmsdocumentation.com\/fahrtenschreibermenue\/?lang=de\">Fahrtenschreibermen\u00fc<\/a><\/b> korrekt konfiguriert ist.<\/p>&#13;\n&#13;\n<p>Die Verst\u00f6\u00dfe werden in einer Tabelle aufgelistet, die die folgenden Spalten enth\u00e4lt:<\/p>&#13;\n&#13;\n<ul class=\"wp-block-list\">&#13;\n<li>Fahrer \u2013 der Fahrer, der den Versto\u00df begangen hat<\/li>&#13;\n<li>Datum \u2013 das exakte Datum und die exakte Uhrzeit des Versto\u00dfes. Klicken Sie auf das Datum, um den Tab <strong>Fahreraktivit\u00e4t<\/strong> f\u00fcr diesen Fahrer und dieses Datum zu \u00f6ffnen.<\/li>&#13;\n<li>Schwere &#8211; die Schwere des Versto\u00dfes, laut Bestimmung der <a href=\"https:\/\/eur-lex.europa.eu\/legal-content\/EN\/TXT\/?uri=uriserv%3AOJ.L_.2016.074.01.0008.01.ENG\" target=\"_blank\" rel=\"noreferrer noopener\">Europ\u00e4ischen Kommission 2016\/403<\/a><\/li>&#13;\n<li>Art \u2013 die Art des Versto\u00dfes, laut <a href=\"https:\/\/eur-lex.europa.eu\/legal-content\/EN\/TXT\/?uri=CELEX:02006R0561-20150302\" target=\"_blank\" rel=\"noreferrer noopener\">Bestimmung (EC) Nr. 561\/2006<\/a>. Klicken Sie die Nummer der Art des Versto\u00dfes, um die Beschreibung anzusehen.<\/li>&#13;\n<li>Faktische Informationen &#8211; wogegen wurde genau versto\u00dfen<\/li>&#13;\n<li>Fahrzeug &#8211; das f\u00fcr diese Fahrt dem Fahrer zugewiesene Fahrzeug<\/li>&#13;\n<li>L\u00e4nder \u2013 das Land, in dem der Versto\u00df begangen wurde<\/li>&#13;\n<\/ul>&#13;\n&#13;\n<figure class=\"wp-block-image size-large\"><a href=\"https:\/\/www.fmsdocumentation.com\/wp-content\/uploads\/2020\/05\/432.png\"><img loading=\"lazy\" decoding=\"async\" width=\"1024\" height=\"63\" class=\"wp-image-9132\" src=\"https:\/\/www.fmsdocumentation.com\/wp-content\/uploads\/2020\/05\/432-1024x63.png\" alt=\"\" srcset=\"https:\/\/www.fmsdocumentation.com\/wp-content\/uploads\/2020\/05\/432-1024x63.png 1024w, https:\/\/www.fmsdocumentation.com\/wp-content\/uploads\/2020\/05\/432-300x18.png 300w, https:\/\/www.fmsdocumentation.com\/wp-content\/uploads\/2020\/05\/432-768x47.png 768w, https:\/\/www.fmsdocumentation.com\/wp-content\/uploads\/2020\/05\/432-1536x95.png 1536w, https:\/\/www.fmsdocumentation.com\/wp-content\/uploads\/2020\/05\/432.png 1852w\" sizes=\"auto, (max-width: 1024px) 100vw, 1024px\" \/><\/a><\/figure>&#13;\n&#13;\n<h4 class=\"wp-block-heading\">Versto\u00dffilterung<\/h4>&#13;\n&#13;\n<p>Die folgenden Versto\u00dflistenspalten haben Filter:<\/p>&#13;\n&#13;\n<figure class=\"wp-block-table\">&#13;\n<table>&#13;\n<tbody>&#13;\n<tr>&#13;\n<td><strong>Spalte<\/strong><\/td>&#13;\n<td><strong>Filtertypen<\/strong><\/td>&#13;\n<\/tr>&#13;\n<tr>&#13;\n<td>Fahrer<\/td>&#13;\n<td>Sortiert in absteigender\/aufsteigender Reihenfolge<br\/>Sortiert in absteigender\/aufsteigender Reihenfolge Zeigt nur Verst\u00f6\u00dfe an, die von ausgew\u00e4hlten Fahrern begangen wurden<\/td>&#13;\n<\/tr>&#13;\n<tr>&#13;\n<td>Datum<\/td>&#13;\n<td>Sortiert in absteigender\/aufsteigender Reihenfolge<br\/>Zeigt nur Verst\u00f6\u00dfe an, die w\u00e4hrend eines ausgew\u00e4hlten Zeitraums begangen wurden<\/td>&#13;\n<\/tr>&#13;\n<tr>&#13;\n<td>Schwere<\/td>&#13;\n<td>Sortiert in absteigender\/aufsteigender Reihenfolge<br\/>Sortiert in absteigender\/aufsteigender Reihenfolge Zeigt nur Verst\u00f6\u00dfe der ausgew\u00e4hlten Schweregrade an<\/td>&#13;\n<\/tr>&#13;\n<tr>&#13;\n<td>Typ<\/td>&#13;\n<td>Zeigt nur Verst\u00f6\u00dfe der ausgew\u00e4hlten Arten an<\/td>&#13;\n<\/tr>&#13;\n<tr>&#13;\n<td>Fahrzeug<\/td>&#13;\n<td>Sortiert in absteigender\/aufsteigender Reihenfolge<br\/>Zeigt nur Verst\u00f6\u00dfe an, die zu den ausgew\u00e4hlten Fahrzeugen geh\u00f6ren<\/td>&#13;\n<\/tr>&#13;\n<tr>&#13;\n<td>Land<\/td>&#13;\n<td>Zeigt nur Verst\u00f6\u00dfe an, die in den ausgew\u00e4hlten L\u00e4ndern begangen wurden<\/td>&#13;\n<\/tr>&#13;\n<\/tbody>&#13;\n<\/table>&#13;\n<\/figure>&#13;\n&#13;\n<p>Sortieren Sie Spalten, indem Sie auf den Namen der Spalte klicken. Zu einer bestimmten Zeit kann immer nur jeweils eine Spalte sortiert werden. Nach der Sortierung zeigt ein Symbol die angewandte Sortierungsreihenfolge an.<\/p>&#13;\n&#13;\n<figure class=\"wp-block-image size-large\"><a href=\"https:\/\/www.fmsdocumentation.com\/wp-content\/uploads\/2020\/05\/423.png\"><img loading=\"lazy\" decoding=\"async\" width=\"596\" height=\"328\" class=\"wp-image-9096\" src=\"https:\/\/www.fmsdocumentation.com\/wp-content\/uploads\/2020\/05\/423.png\" alt=\"\" srcset=\"https:\/\/www.fmsdocumentation.com\/wp-content\/uploads\/2020\/05\/423.png 596w, https:\/\/www.fmsdocumentation.com\/wp-content\/uploads\/2020\/05\/423-300x165.png 300w\" sizes=\"auto, (max-width: 596px) 100vw, 596px\" \/><\/a><\/figure>&#13;\n&#13;\n<p>Filtert Aufgaben durch Anklicken des Filtersymbols, der erscheint, wenn man den Mauszeiger \u00fcber den Namen der Spalte bewegt. Sortierung und Filterung k\u00f6nnen an der gleichen Spalte angewandt werden.<\/p>&#13;\n&#13;\n<figure class=\"wp-block-image size-large\"><a href=\"https:\/\/www.fmsdocumentation.com\/wp-content\/uploads\/2020\/05\/424.png\"><img loading=\"lazy\" decoding=\"async\" width=\"674\" height=\"399\" class=\"wp-image-9098\" src=\"https:\/\/www.fmsdocumentation.com\/wp-content\/uploads\/2020\/05\/424.png\" alt=\"\" srcset=\"https:\/\/www.fmsdocumentation.com\/wp-content\/uploads\/2020\/05\/424.png 674w, https:\/\/www.fmsdocumentation.com\/wp-content\/uploads\/2020\/05\/424-300x178.png 300w\" sizes=\"auto, (max-width: 674px) 100vw, 674px\" \/><\/a><\/figure>&#13;\n&#13;\n<p>Die angewandten Filter werden zu Beginn der Aufgabenliste aufgef\u00fchrt. Um einen einzelnen Filter zu l\u00f6schen, klicken Sie auf <strong>X<\/strong>. Um alle Filter zu l\u00f6schen, klicken Sie auf <strong>Alle Filter l\u00f6schen<\/strong>.<\/p>&#13;\n&#13;\n<figure class=\"wp-block-image size-large\"><a href=\"https:\/\/www.fmsdocumentation.com\/wp-content\/uploads\/2020\/05\/425.png\"><img loading=\"lazy\" decoding=\"async\" width=\"713\" height=\"343\" class=\"wp-image-9099\" src=\"https:\/\/www.fmsdocumentation.com\/wp-content\/uploads\/2020\/05\/425.png\" alt=\"\" srcset=\"https:\/\/www.fmsdocumentation.com\/wp-content\/uploads\/2020\/05\/425.png 713w, https:\/\/www.fmsdocumentation.com\/wp-content\/uploads\/2020\/05\/425-300x144.png 300w\" sizes=\"auto, (max-width: 713px) 100vw, 713px\" \/><\/a><\/figure>&#13;\n&#13;\n<h2 class=\"wp-block-heading\">Fahreraktivit\u00e4t<\/h2>&#13;\n&#13;\n<p>Der Tab <strong>Fahreraktivit\u00e4t<\/strong> enth\u00e4lt eine graphische Darstellung der Fahreraktivit\u00e4tszeitleiste. Um zu starten, w\u00e4hlen Sie einen Fahrer und den Zeitraum aus, f\u00fcr die Sie die Fahreraktivit\u00e4t sehen m\u00f6chten. Die Fahrersuche kann schneller durchgef\u00fchrt werden, indem einfach der Name des Fahrers in die Suchleiste gegeben wird. Dies wird die Namen in der Dropdownliste entsprechend der Suche filtern.<\/p>&#13;\n&#13;\n<figure class=\"wp-block-image size-large\"><a href=\"https:\/\/www.fmsdocumentation.com\/wp-content\/uploads\/2020\/05\/426-1.png\"><img loading=\"lazy\" decoding=\"async\" width=\"1024\" height=\"169\" class=\"wp-image-9121\" src=\"https:\/\/www.fmsdocumentation.com\/wp-content\/uploads\/2020\/05\/426-1-1024x169.png\" alt=\"\" srcset=\"https:\/\/www.fmsdocumentation.com\/wp-content\/uploads\/2020\/05\/426-1-1024x169.png 1024w, https:\/\/www.fmsdocumentation.com\/wp-content\/uploads\/2020\/05\/426-1-300x49.png 300w, https:\/\/www.fmsdocumentation.com\/wp-content\/uploads\/2020\/05\/426-1-768x127.png 768w, https:\/\/www.fmsdocumentation.com\/wp-content\/uploads\/2020\/05\/426-1.png 1128w\" sizes=\"auto, (max-width: 1024px) 100vw, 1024px\" \/><\/a><\/figure>&#13;\n&#13;\n<p>Der ausgew\u00e4hlte Zeitraum ist in Wochen des Monats unterteilt. Eine separate Aktivit\u00e4tenzeitleiste wird f\u00fcr jede Woche angezeigt. Unterhalb der Fahrer- und Zeitraumauswahl befindet sich eine Zusammenfassung des gesamten Zeitraums.<\/p>&#13;\n&#13;\n<figure class=\"wp-block-image size-large\"><a href=\"https:\/\/www.fmsdocumentation.com\/wp-content\/uploads\/2020\/05\/427.png\"><img loading=\"lazy\" decoding=\"async\" width=\"1024\" height=\"456\" class=\"wp-image-9120\" src=\"https:\/\/www.fmsdocumentation.com\/wp-content\/uploads\/2020\/05\/427-1024x456.png\" alt=\"\" srcset=\"https:\/\/www.fmsdocumentation.com\/wp-content\/uploads\/2020\/05\/427-1024x456.png 1024w, https:\/\/www.fmsdocumentation.com\/wp-content\/uploads\/2020\/05\/427-300x134.png 300w, https:\/\/www.fmsdocumentation.com\/wp-content\/uploads\/2020\/05\/427-768x342.png 768w, https:\/\/www.fmsdocumentation.com\/wp-content\/uploads\/2020\/05\/427.png 1128w\" sizes=\"auto, (max-width: 1024px) 100vw, 1024px\" \/><\/a><\/figure>&#13;\n&#13;\n<p>Sowohl die Zusammenfassung des Zeitraums als auch die Zeitleisten verwenden die folgenden Symbole f\u00fcr Fahrerzust\u00e4nde:<\/p>&#13;\n&#13;\n<figure class=\"wp-block-table\">&#13;\n<table>&#13;\n<tbody>&#13;\n<tr>&#13;\n<td><strong>Symbol<\/strong><\/td>&#13;\n<td><strong>Status<\/strong><\/td>&#13;\n<td><strong>Bedeutung<\/strong><\/td>&#13;\n<\/tr>&#13;\n<tr>&#13;\n<td><img loading=\"lazy\" decoding=\"async\" width=\"52\" height=\"53\" class=\"wp-image-9107\" style=\"width: 52px;\" src=\"https:\/\/www.fmsdocumentation.com\/wp-content\/uploads\/2020\/05\/driving_day.png\" alt=\"\"\/><\/td>&#13;\n<td>Tag gesamt<\/td>&#13;\n<td>Die Gesamtdauer aller Zust\u00e4nde<\/td>&#13;\n<\/tr>&#13;\n<tr>&#13;\n<td><img loading=\"lazy\" decoding=\"async\" width=\"52\" height=\"52\" class=\"wp-image-9108\" style=\"width: 52px;\" src=\"https:\/\/www.fmsdocumentation.com\/wp-content\/uploads\/2020\/05\/driving_driving.png\" alt=\"\"\/><\/td>&#13;\n<td>Fahrt<\/td>&#13;\n<td>Die Gesamtdauer der Fahrzeit<\/td>&#13;\n<\/tr>&#13;\n<tr>&#13;\n<td><img loading=\"lazy\" decoding=\"async\" width=\"52\" height=\"53\" class=\"wp-image-9109\" style=\"width: 52px;\" src=\"https:\/\/www.fmsdocumentation.com\/wp-content\/uploads\/2020\/05\/driving_working.png\" alt=\"\"\/><\/td>&#13;\n<td>Arbeit<\/td>&#13;\n<td>Die Gesamtdauer der Arbeitszeit (Laden der Fracht usw.<\/td>&#13;\n<\/tr>&#13;\n<tr>&#13;\n<td><img loading=\"lazy\" decoding=\"async\" width=\"52\" height=\"52\" class=\"wp-image-9110\" style=\"width: 52px;\" src=\"https:\/\/www.fmsdocumentation.com\/wp-content\/uploads\/2020\/05\/driving_available.png\" alt=\"\"\/><\/td>&#13;\n<td>Verf\u00fcgbar<\/td>&#13;\n<td>Die Gesamtdauer der Zeit, in der der Fahrer zum Fahren\/Arbeiten zur Verf\u00fcgung stand<\/td>&#13;\n<\/tr>&#13;\n<tr>&#13;\n<td><img loading=\"lazy\" decoding=\"async\" width=\"52\" height=\"53\" class=\"wp-image-9111\" style=\"width: 52px;\" src=\"https:\/\/www.fmsdocumentation.com\/wp-content\/uploads\/2020\/05\/driving_resting.png\" alt=\"\"\/><\/td>&#13;\n<td>Pause<\/td>&#13;\n<td>Die Gesamtdauer der Ruhezeit<\/td>&#13;\n<\/tr>&#13;\n<tr>&#13;\n<td><img loading=\"lazy\" decoding=\"async\" width=\"52\" height=\"52\" class=\"wp-image-9112\" style=\"width: 52px;\" src=\"https:\/\/www.fmsdocumentation.com\/wp-content\/uploads\/2020\/05\/driving_unknown.png\" alt=\"\"\/><\/td>&#13;\n<td>Unbekannt<\/td>&#13;\n<td>Die Gesamtdauer aller anderen Aktivit\u00e4ten, die nicht zu den anderen Staaten geh\u00f6ren<\/td>&#13;\n<\/tr>&#13;\n<\/tbody>&#13;\n<\/table>&#13;\n<\/figure>&#13;\n&#13;\n<h4 class=\"wp-block-heading\">W\u00f6chentliche Aktivit\u00e4ten<\/h4>&#13;\n&#13;\n<p>Jede w\u00f6chentliche Aktivit\u00e4tszeitleiste enth\u00e4lt Folgendes:<\/p>&#13;\n&#13;\n<ul class=\"wp-block-list\">&#13;\n<li>Die Woche des Monats (Wochennummer und Kalendertage)<\/li>&#13;\n<li>Die Zeit, die in jedem Zustand verbracht wurde<\/li>&#13;\n<li>Eine visuelle Darstellung, in welchem Zustand sich der Fahrer an jedem Tag befand<\/li>&#13;\n<li>Eine Liste der in dieser Woche begangenen Verst\u00f6\u00dfe mit ihren Details<\/li>&#13;\n<\/ul>&#13;\n&#13;\n<figure class=\"wp-block-image size-large\"><a href=\"https:\/\/www.fmsdocumentation.com\/wp-content\/uploads\/2020\/05\/428-1.png\"><img loading=\"lazy\" decoding=\"async\" width=\"1024\" height=\"179\" class=\"wp-image-9123\" src=\"https:\/\/www.fmsdocumentation.com\/wp-content\/uploads\/2020\/05\/428-1-1024x179.png\" alt=\"\" srcset=\"https:\/\/www.fmsdocumentation.com\/wp-content\/uploads\/2020\/05\/428-1-1024x179.png 1024w, https:\/\/www.fmsdocumentation.com\/wp-content\/uploads\/2020\/05\/428-1-300x53.png 300w, https:\/\/www.fmsdocumentation.com\/wp-content\/uploads\/2020\/05\/428-1-768x135.png 768w, https:\/\/www.fmsdocumentation.com\/wp-content\/uploads\/2020\/05\/428-1-1536x269.png 1536w, https:\/\/www.fmsdocumentation.com\/wp-content\/uploads\/2020\/05\/428-1.png 1821w\" sizes=\"auto, (max-width: 1024px) 100vw, 1024px\" \/><\/a><\/figure>&#13;\n&#13;\n<p>Bewegen Sie den Mauszeiger auf eine Zustandsleiste, um die Dauer und die genauen Stunden anzuzeigen, an denen der Zustand begann\/endete.<\/p>&#13;\n&#13;\n<figure class=\"wp-block-image size-large\"><a href=\"https:\/\/www.fmsdocumentation.com\/wp-content\/uploads\/2020\/05\/428.png\"><img loading=\"lazy\" decoding=\"async\" width=\"1006\" height=\"210\" class=\"wp-image-9122\" src=\"https:\/\/www.fmsdocumentation.com\/wp-content\/uploads\/2020\/05\/428.png\" alt=\"\" srcset=\"https:\/\/www.fmsdocumentation.com\/wp-content\/uploads\/2020\/05\/428.png 1006w, https:\/\/www.fmsdocumentation.com\/wp-content\/uploads\/2020\/05\/428-300x63.png 300w, https:\/\/www.fmsdocumentation.com\/wp-content\/uploads\/2020\/05\/428-768x160.png 768w\" sizes=\"auto, (max-width: 1006px) 100vw, 1006px\" \/><\/a><\/figure>&#13;\n&#13;\n<p>Verst\u00f6\u00dfe werden auf der Zeitachse mit der gleichen Farbe wie der Schweregrad des Versto\u00dfes gekennzeichnet. Bewegen Sie den Mauszeiger \u00fcber eine Markierung, um den entsprechenden Versto\u00df auf der Liste hervorzuheben. Klicken Sie auf die Markierung, um die Beschreibung der Art des Versto\u00dfes zu \u00f6ffnen.<\/p>&#13;\n&#13;\n<figure class=\"wp-block-image size-large\"><a href=\"https:\/\/www.fmsdocumentation.com\/wp-content\/uploads\/2020\/05\/429.png\"><img loading=\"lazy\" decoding=\"async\" width=\"1024\" height=\"186\" class=\"wp-image-9124\" src=\"https:\/\/www.fmsdocumentation.com\/wp-content\/uploads\/2020\/05\/429-1024x186.png\" alt=\"\" srcset=\"https:\/\/www.fmsdocumentation.com\/wp-content\/uploads\/2020\/05\/429-1024x186.png 1024w, https:\/\/www.fmsdocumentation.com\/wp-content\/uploads\/2020\/05\/429-300x55.png 300w, https:\/\/www.fmsdocumentation.com\/wp-content\/uploads\/2020\/05\/429-768x140.png 768w, https:\/\/www.fmsdocumentation.com\/wp-content\/uploads\/2020\/05\/429-1536x280.png 1536w, https:\/\/www.fmsdocumentation.com\/wp-content\/uploads\/2020\/05\/429.png 1813w\" sizes=\"auto, (max-width: 1024px) 100vw, 1024px\" \/><\/a><\/figure>&#13;\n&#13;\n<p>Klicken Sie auf eine unbekannte Zustandsleiste, um den unbekannten Zustand in irgendeinen gew\u00fcnschten Zustand zu \u00e4ndern. Einmal ge\u00e4ndert, kann der neue Zustand in jeden anderen Zustand ge\u00e4ndert werden, au\u00dfer dem unbekannten Zustand. Der neue Zustand wird dann in der Zeitleiste und den heruntergeladenen Berichten angezeigt. Verst\u00f6\u00dfe werden neu berechnet, um diesem neuen Zustand zu entsprechen. Jede vorgenommene Zustands\u00e4nderung wird unter der Zeitleiste angezeigt.<\/p>&#13;\n&#13;\n<figure class=\"wp-block-image size-large\"><a href=\"https:\/\/www.fmsdocumentation.com\/wp-content\/uploads\/2020\/10\/452-1.png\"><img loading=\"lazy\" decoding=\"async\" class=\"alignnone wp-image-10128\" src=\"https:\/\/www.fmsdocumentation.com\/wp-content\/uploads\/2020\/10\/452-1.png\" alt=\"\" width=\"1024\" height=\"207\" srcset=\"https:\/\/www.fmsdocumentation.com\/wp-content\/uploads\/2020\/10\/452-1.png 2419w, https:\/\/www.fmsdocumentation.com\/wp-content\/uploads\/2020\/10\/452-1-300x61.png 300w, https:\/\/www.fmsdocumentation.com\/wp-content\/uploads\/2020\/10\/452-1-1024x207.png 1024w, https:\/\/www.fmsdocumentation.com\/wp-content\/uploads\/2020\/10\/452-1-768x155.png 768w, https:\/\/www.fmsdocumentation.com\/wp-content\/uploads\/2020\/10\/452-1-1536x310.png 1536w, https:\/\/www.fmsdocumentation.com\/wp-content\/uploads\/2020\/10\/452-1-2048x413.png 2048w\" sizes=\"auto, (max-width: 1024px) 100vw, 1024px\" \/><\/a><\/figure>&#13;\n&#13;\n<h2 class=\"wp-block-heading\">Herunterladen von Berichten<\/h2>&#13;\n&#13;\n<p>Sie k\u00f6nnen den Bericht \u00fcber einen Versto\u00df im PDF-Format herunterladen. Klicken Sie auf die<strong>Taste PDF<\/strong> herunterladen in der oberen rechten Ecke des Fensters.<\/p>&#13;\n&#13;\n<figure class=\"wp-block-image size-large\"><a href=\"https:\/\/www.fmsdocumentation.com\/wp-content\/uploads\/2020\/05\/430.png\"><img loading=\"lazy\" decoding=\"async\" width=\"422\" height=\"149\" class=\"wp-image-9127\" src=\"https:\/\/www.fmsdocumentation.com\/wp-content\/uploads\/2020\/05\/430.png\" alt=\"\" srcset=\"https:\/\/www.fmsdocumentation.com\/wp-content\/uploads\/2020\/05\/430.png 422w, https:\/\/www.fmsdocumentation.com\/wp-content\/uploads\/2020\/05\/430-300x106.png 300w\" sizes=\"auto, (max-width: 422px) 100vw, 422px\" \/><\/a><\/figure>&#13;\n&#13;\n<p>W\u00e4hlen Sie den\/die Fahrer aus, den\/die Sie in den Bericht einf\u00fcgen m\u00f6chten. Sie k\u00f6nnen bis zu 40 Fahrer ausw\u00e4hlen. W\u00e4hlen Sie den Datumsbereich aus, f\u00fcr den Sie die Versto\u00dfdaten herunterladen m\u00f6chten. Klicken Sie auf <strong>Download<\/strong>, um den Bericht herunterzuladen. Der Standardzeitraum umfasst die letzten 30 Tage.<\/p>&#13;\n&#13;\n<p>Wenn mehrere Fahrer enthalten sind, werden die Berichte automatisch in einem einzigen Archiv abgelegt.<\/p>&#13;\n&#13;\n<p><p class=\"note\">Hinweis<br\/>Zeitr\u00e4ume, f\u00fcr die es keine DDD-Fahrerdateidaten gibt, werden nicht in die generierten Berichte aufgenommen.<\/p>&#13;\n&#13;\n<figure class=\"wp-block-image size-large\"><a href=\"https:\/\/www.fmsdocumentation.com\/wp-content\/uploads\/2020\/05\/431.png\"><img loading=\"lazy\" decoding=\"async\" width=\"620\" height=\"381\" class=\"wp-image-9129\" src=\"https:\/\/www.fmsdocumentation.com\/wp-content\/uploads\/2020\/05\/431.png\" alt=\"\" srcset=\"https:\/\/www.fmsdocumentation.com\/wp-content\/uploads\/2020\/05\/431.png 620w, https:\/\/www.fmsdocumentation.com\/wp-content\/uploads\/2020\/05\/431-300x184.png 300w\" sizes=\"auto, (max-width: 620px) 100vw, 620px\" \/><\/a><\/figure>&#13;\n&#13;\n<p><div class=\"alignleft\"><a href=\"https:\/\/www.fmsdocumentation.com\/de\/apis\/\" title=\"APIs\"><span class=\"arrow\">\u2039 &nbsp <\/span> APIs <\/a><\/div><div class=\"alignright\"><a href=\"https:\/\/www.fmsdocumentation.com\/de\/berichte-menue\/\" title=\"Berichte-Men\u00fc\">Berichte-Men\u00fc <span class=\"arrow\"> &nbsp\u203a <\/span> <\/a><\/div><\/p>&#13;\n","protected":false},"excerpt":{"rendered":"<p>&#13; Das Men\u00fc Fahrtzeiten wird dazu verwendet, die Fahrtzeitenverst\u00f6\u00dfe gem\u00e4\u00df Bestimmung (EC) Nr. 561\/2006 des Europ\u00e4ischen Parlaments und des Rates anzusehen und zu analysieren und gilt nur f\u00fcr Fahrzeuge in Europa. Um auf das Men\u00fc Fahrtzeiten zuzugreifen, klicken Sie auf das Symbol im Navigationsbereich, wie auf dem folgenden Bild gezeigt. &#13; &#13; HinweisDie Fahrtzeitenfunktionalit\u00e4t deckt &hellip; <a href=\"https:\/\/www.fmsdocumentation.com\/de\/fahrtzeitenmenue\/\" class=\"more-link\"><span class=\"screen-reader-text\">Fahrtzeitenmen\u00fc<\/span> weiterlesen<\/a><\/p>\n","protected":false},"author":5,"featured_media":0,"parent":0,"menu_order":120,"comment_status":"closed","ping_status":"closed","template":"","meta":{"footnotes":""},"class_list":["post-11731","page","type-page","status-publish","hentry"],"_links":{"self":[{"href":"https:\/\/www.fmsdocumentation.com\/de\/wp-json\/wp\/v2\/pages\/11731","targetHints":{"allow":["GET"]}}],"collection":[{"href":"https:\/\/www.fmsdocumentation.com\/de\/wp-json\/wp\/v2\/pages"}],"about":[{"href":"https:\/\/www.fmsdocumentation.com\/de\/wp-json\/wp\/v2\/types\/page"}],"author":[{"embeddable":true,"href":"https:\/\/www.fmsdocumentation.com\/de\/wp-json\/wp\/v2\/users\/5"}],"replies":[{"embeddable":true,"href":"https:\/\/www.fmsdocumentation.com\/de\/wp-json\/wp\/v2\/comments?post=11731"}],"version-history":[{"count":1,"href":"https:\/\/www.fmsdocumentation.com\/de\/wp-json\/wp\/v2\/pages\/11731\/revisions"}],"predecessor-version":[{"id":11732,"href":"https:\/\/www.fmsdocumentation.com\/de\/wp-json\/wp\/v2\/pages\/11731\/revisions\/11732"}],"wp:attachment":[{"href":"https:\/\/www.fmsdocumentation.com\/de\/wp-json\/wp\/v2\/media?parent=11731"}],"curies":[{"name":"wp","href":"https:\/\/api.w.org\/{rel}","templated":true}]}}