{"id":11758,"date":"2022-06-14T12:42:16","date_gmt":"2022-06-14T09:42:16","guid":{"rendered":"https:\/\/www.fmsdocumentation.com\/berichte-menue\/"},"modified":"2022-06-14T12:42:18","modified_gmt":"2022-06-14T09:42:18","slug":"berichte-menue","status":"publish","type":"page","link":"https:\/\/www.fmsdocumentation.com\/de\/berichte-menue\/","title":{"rendered":"Berichte-Men\u00fc"},"content":{"rendered":"\n<p>Um auf den Berichtsbereich zuzugreifen, muss der Benutzer im Navigationsbereich auf der linken Seite des Bildschirms auf das Symbol <strong>Berichte<\/strong> klicken.<\/p>\n\n<figure class=\"wp-block-image is-resized\"><a href=\"https:\/\/www.fmsdocumentation.com\/wp-content\/uploads\/2018\/11\/133.png\"><img loading=\"lazy\" decoding=\"async\" src=\"https:\/\/www.fmsdocumentation.com\/wp-content\/uploads\/2018\/11\/133-1024x501.png\" alt=\"\" class=\"wp-image-6256\" width=\"582\" height=\"284\" srcset=\"https:\/\/www.fmsdocumentation.com\/wp-content\/uploads\/2018\/11\/133-1024x501.png 1024w, https:\/\/www.fmsdocumentation.com\/wp-content\/uploads\/2018\/11\/133-300x147.png 300w, https:\/\/www.fmsdocumentation.com\/wp-content\/uploads\/2018\/11\/133-768x376.png 768w, https:\/\/www.fmsdocumentation.com\/wp-content\/uploads\/2018\/11\/133.png 1920w\" sizes=\"auto, (max-width: 582px) 100vw, 582px\" \/><\/a><\/figure>\n\n<p>Dies \u00f6ffnet den Berichts\u00fcbersichtsbereich, in dem der Benutzer Folgendes tun kann:<\/p>\n\n<ul class=\"wp-block-list\"><li>Einen Bericht generieren.<\/li><li>Vorhandene Berichte durchsehen<\/li><li>Vorhandene Berichte vervielf\u00e4ltigen<\/li><li>Alte oder nicht ben\u00f6tigte Berichte l\u00f6schen<\/li><li>Ein Abonnement f\u00fcr einen Bericht erstellen<\/li><\/ul>\n\n<p>Wenn ein Bericht generiert wird, wird er im Flottenmanagementsystem gespeichert. Das hei\u00dft, dass ein generierter Bericht gespeichert bleibt, bis der Benutzer entscheidet, ihn zu l\u00f6schen und aus dem System zu entfernen.<\/p>\n\n<hr class=\"wp-block-separator\"\/>\n\n<p><div class=\"alignleft\"><a href=\"https:\/\/www.fmsdocumentation.com\/de\/fahrtzeitenmenue\/\" title=\"Fahrtzeitenmen\u00fc\"><span class=\"arrow\">\u2039 &nbsp <\/span> Fahrtzeitenmen\u00fc <\/a><\/div> <div class=\"alignright\"><a href=\"https:\/\/www.fmsdocumentation.com\/de\/berichte-menue\/neuen-bericht-generieren\/\" title=\"Neuen Bericht generieren\">Neuen Bericht generieren <span class=\"arrow\"> &nbsp\u203a <\/span> <\/a><\/div><\/p>\n","protected":false},"excerpt":{"rendered":"<p>Um auf den Berichtsbereich zuzugreifen, muss der Benutzer im Navigationsbereich auf der linken Seite des Bildschirms auf das Symbol Berichte klicken. Dies \u00f6ffnet den Berichts\u00fcbersichtsbereich, in dem der Benutzer Folgendes tun kann: Einen Bericht generieren. Vorhandene Berichte durchsehen Vorhandene Berichte vervielf\u00e4ltigen Alte oder nicht ben\u00f6tigte Berichte l\u00f6schen Ein Abonnement f\u00fcr einen Bericht erstellen Wenn ein &hellip; <a href=\"https:\/\/www.fmsdocumentation.com\/de\/berichte-menue\/\" class=\"more-link\"><span class=\"screen-reader-text\">Berichte-Men\u00fc<\/span> weiterlesen<\/a><\/p>\n","protected":false},"author":1,"featured_media":0,"parent":0,"menu_order":123,"comment_status":"closed","ping_status":"closed","template":"","meta":{"footnotes":""},"class_list":["post-11758","page","type-page","status-publish","hentry"],"_links":{"self":[{"href":"https:\/\/www.fmsdocumentation.com\/de\/wp-json\/wp\/v2\/pages\/11758","targetHints":{"allow":["GET"]}}],"collection":[{"href":"https:\/\/www.fmsdocumentation.com\/de\/wp-json\/wp\/v2\/pages"}],"about":[{"href":"https:\/\/www.fmsdocumentation.com\/de\/wp-json\/wp\/v2\/types\/page"}],"author":[{"embeddable":true,"href":"https:\/\/www.fmsdocumentation.com\/de\/wp-json\/wp\/v2\/users\/1"}],"replies":[{"embeddable":true,"href":"https:\/\/www.fmsdocumentation.com\/de\/wp-json\/wp\/v2\/comments?post=11758"}],"version-history":[{"count":3,"href":"https:\/\/www.fmsdocumentation.com\/de\/wp-json\/wp\/v2\/pages\/11758\/revisions"}],"predecessor-version":[{"id":11769,"href":"https:\/\/www.fmsdocumentation.com\/de\/wp-json\/wp\/v2\/pages\/11758\/revisions\/11769"}],"wp:attachment":[{"href":"https:\/\/www.fmsdocumentation.com\/de\/wp-json\/wp\/v2\/media?parent=11758"}],"curies":[{"name":"wp","href":"https:\/\/api.w.org\/{rel}","templated":true}]}}