{"id":11805,"date":"2022-06-14T15:28:17","date_gmt":"2022-06-14T12:28:17","guid":{"rendered":"https:\/\/www.fmsdocumentation.com\/berichte-menue\/berichtsvorlagen\/"},"modified":"2022-06-14T15:28:19","modified_gmt":"2022-06-14T12:28:19","slug":"berichtsvorlagen","status":"publish","type":"page","link":"https:\/\/www.fmsdocumentation.com\/de\/berichte-menue\/berichtsvorlagen\/","title":{"rendered":"Berichtsvorlagen"},"content":{"rendered":"<p>Berichtsvorlagen werden verwendet, um schnell neue Berichte unter Verwendung eines vorhandenen Berichts als Vorlage zu erstellen.<\/p>\n<hr>\n<h3>Vorlagenerstellung<\/h3>\n<p>Es gibt zwei Arten, um Berichtsvorlagen zu erstellen.<\/p>\n<p><strong>Option 1<\/strong>: um eine neue Berichtsvorlage zu erstellen, kann der Benutzer einen neuen Bericht erstellen und statt der Taste \u201eGenerieren\u201c auf die Taste \u201eAls Vorlage speichern\u201c klicken.<\/p>\n<p><a href=\"https:\/\/www.fmsdocumentation.com\/wp-content\/uploads\/2018\/11\/381.png\"><img loading=\"lazy\" decoding=\"async\" class=\"alignnone wp-image-6245\" src=\"https:\/\/www.fmsdocumentation.com\/wp-content\/uploads\/2018\/11\/381-1024x148.png\" alt=\"\" width=\"750\" height=\"108\" srcset=\"https:\/\/www.fmsdocumentation.com\/wp-content\/uploads\/2018\/11\/381-1024x148.png 1024w, https:\/\/www.fmsdocumentation.com\/wp-content\/uploads\/2018\/11\/381-300x43.png 300w, https:\/\/www.fmsdocumentation.com\/wp-content\/uploads\/2018\/11\/381-768x111.png 768w, https:\/\/www.fmsdocumentation.com\/wp-content\/uploads\/2018\/11\/381.png 1860w\" sizes=\"auto, (max-width: 750px) 100vw, 750px\" \/><\/a><\/p>\n<p>Es \u00f6ffnet sich ein neues Fenster namens \u201eAls Vorlage speichern\u201c, in dem der Benutzer die neue Vorlage benennen muss. Die Taste \u201eSpeichern\u201c muss angeklickt werden, um die Vorlage zu speichern. Nach der Speicherung der Vorlage wird eine Erfolgsnachricht angezeigt.<\/p>\n<p><a href=\"https:\/\/www.fmsdocumentation.com\/wp-content\/uploads\/2018\/11\/382.png\"><img loading=\"lazy\" decoding=\"async\" class=\"alignnone size-full wp-image-6246\" src=\"https:\/\/www.fmsdocumentation.com\/wp-content\/uploads\/2018\/11\/382.png\" alt=\"\" width=\"750\" height=\"301\" srcset=\"https:\/\/www.fmsdocumentation.com\/wp-content\/uploads\/2018\/11\/382.png 750w, https:\/\/www.fmsdocumentation.com\/wp-content\/uploads\/2018\/11\/382-300x120.png 300w\" sizes=\"auto, (max-width: 750px) 100vw, 750px\" \/><\/a><\/p>\n<p><strong>Option 2<\/strong>: Um eine neue Berichtsvorlage zu erstellen, kann der Benutzer auf dem Tab \u201eVorlagen\u201c auf die Taste \u201eNeue Vorlage\u201cklicken.<\/p>\n<p><a href=\"https:\/\/www.fmsdocumentation.com\/wp-content\/uploads\/2018\/12\/385.png\"><img loading=\"lazy\" decoding=\"async\" class=\"alignnone wp-image-6751\" src=\"https:\/\/www.fmsdocumentation.com\/wp-content\/uploads\/2018\/12\/385-1024x92.png\" alt=\"\" width=\"750\" height=\"68\" srcset=\"https:\/\/www.fmsdocumentation.com\/wp-content\/uploads\/2018\/12\/385-1024x92.png 1024w, https:\/\/www.fmsdocumentation.com\/wp-content\/uploads\/2018\/12\/385-300x27.png 300w, https:\/\/www.fmsdocumentation.com\/wp-content\/uploads\/2018\/12\/385-768x69.png 768w, https:\/\/www.fmsdocumentation.com\/wp-content\/uploads\/2018\/12\/385.png 1861w\" sizes=\"auto, (max-width: 750px) 100vw, 750px\" \/><\/a><\/p>\n<p>Ein neues Vorlagenerstellungsfenster wird ge\u00f6ffnet, in dem der Benutzer die Vorlage wie bei der Berichtserstellung erstellen kann. Es gibt zwei Unterschiede: Der Benutzer muss einen Namen f\u00fcr die Vorlage eingeben und statt einer bestimmten Datumsauswahl gibt es eine Zeitrauml\u00e4ngenauswahl. Die Taste \u201eSpeichern\u201c muss angeklickt werden, um die Vorlage zu speichern.<\/p>\n<p><a href=\"https:\/\/www.fmsdocumentation.com\/wp-content\/uploads\/2018\/12\/386.png\"><img loading=\"lazy\" decoding=\"async\" class=\"alignnone wp-image-6752\" src=\"https:\/\/www.fmsdocumentation.com\/wp-content\/uploads\/2018\/12\/386-1024x628.png\" alt=\"\" width=\"750\" height=\"460\" srcset=\"https:\/\/www.fmsdocumentation.com\/wp-content\/uploads\/2018\/12\/386-1024x628.png 1024w, https:\/\/www.fmsdocumentation.com\/wp-content\/uploads\/2018\/12\/386-300x184.png 300w, https:\/\/www.fmsdocumentation.com\/wp-content\/uploads\/2018\/12\/386-768x471.png 768w, https:\/\/www.fmsdocumentation.com\/wp-content\/uploads\/2018\/12\/386.png 1214w\" sizes=\"auto, (max-width: 750px) 100vw, 750px\" \/><\/a><\/p>\n<hr>\n<h3>Vorlagenmanagement<\/h3>\n<p>Vorhandene Vorlagen k\u00f6nnen auf dem Tab \u201eVorlagen\u201c verwaltet werden. Vorlagen k\u00f6nnen nach Name, Typ und dem, worauf sie basieren, gefiltert werden. Durch Anklicken der Taste \u201eBericht generieren\u201c wird ein neues Berichtserstellungsfenster ge\u00f6ffnet, alle Felder und Einstellungen werden aus der Vorlage kopiert, mit Ausnahme des Datumsbereichs. Wenn Sie auf die Taste \u201eAbonnieren\u201c klicken, \u00f6ffnet sich ein neues Fenster zur Abonnementerstellung. Alle Felder und Einstellungen werden aus der Vorlage kopiert, ausgenommen Abonnementname und E-Mail-Adresse.<\/p>\n<p>Vorlagen k\u00f6nnen durch Klicken auf das Stiftsymbol bearbeitet werden. Vorlagen k\u00f6nnen vervielf\u00e4ltigt werden, indem Sie auf die drei Punkte ganz rechts und auf \u201eVorlage vervielf\u00e4ltigen\u201c klicken. Vorlagen k\u00f6nnen gel\u00f6scht werden, indem Sie die Markierungsfelder daneben kennzeichnen und auf \u201eAusgew\u00e4hlt l\u00f6schen\u201c klicken oder indem Sie auf die drei Punkte ganz rechts und auf \u201eVorlage l\u00f6schen\u201c klicken.<\/p>\n<p><a href=\"https:\/\/www.fmsdocumentation.com\/wp-content\/uploads\/2018\/12\/383.png\"><img loading=\"lazy\" decoding=\"async\" class=\"alignnone wp-image-6753\" src=\"https:\/\/www.fmsdocumentation.com\/wp-content\/uploads\/2018\/12\/383-1024x267.png\" alt=\"\" width=\"750\" height=\"196\" srcset=\"https:\/\/www.fmsdocumentation.com\/wp-content\/uploads\/2018\/12\/383-1024x267.png 1024w, https:\/\/www.fmsdocumentation.com\/wp-content\/uploads\/2018\/12\/383-300x78.png 300w, https:\/\/www.fmsdocumentation.com\/wp-content\/uploads\/2018\/12\/383-768x200.png 768w, https:\/\/www.fmsdocumentation.com\/wp-content\/uploads\/2018\/12\/383.png 1860w\" sizes=\"auto, (max-width: 750px) 100vw, 750px\" \/><\/a><\/p>\n<hr>\n<p><div class=\"alignleft\"><a href=\"https:\/\/www.fmsdocumentation.com\/de\/berichte-menue\/berichtabonnements\/\" title=\"Berichtabonnements\"><span class=\"arrow\">\u2039 &nbsp <\/span> Berichtabonnements <\/a><\/div> <div class=\"alignright\"><a href=\"https:\/\/www.fmsdocumentation.com\/de\/berichte-menue\/landesbericht\/\" title=\"Landesbericht\">Landesbericht <span class=\"arrow\"> &nbsp\u203a <\/span> <\/a><\/div><\/p>\n","protected":false},"excerpt":{"rendered":"<p>Berichtsvorlagen werden verwendet, um schnell neue Berichte unter Verwendung eines vorhandenen Berichts als Vorlage zu erstellen. Vorlagenerstellung Es gibt zwei Arten, um Berichtsvorlagen zu erstellen. Option 1: um eine neue Berichtsvorlage zu erstellen, kann der Benutzer einen neuen Bericht erstellen und statt der Taste \u201eGenerieren\u201c auf die Taste \u201eAls Vorlage speichern\u201c klicken. Es \u00f6ffnet sich &hellip; <a href=\"https:\/\/www.fmsdocumentation.com\/de\/berichte-menue\/berichtsvorlagen\/\" class=\"more-link\"><span class=\"screen-reader-text\">Berichtsvorlagen<\/span> weiterlesen<\/a><\/p>\n","protected":false},"author":5,"featured_media":0,"parent":11758,"menu_order":3,"comment_status":"closed","ping_status":"closed","template":"","meta":{"footnotes":""},"class_list":["post-11805","page","type-page","status-publish","hentry"],"_links":{"self":[{"href":"https:\/\/www.fmsdocumentation.com\/de\/wp-json\/wp\/v2\/pages\/11805","targetHints":{"allow":["GET"]}}],"collection":[{"href":"https:\/\/www.fmsdocumentation.com\/de\/wp-json\/wp\/v2\/pages"}],"about":[{"href":"https:\/\/www.fmsdocumentation.com\/de\/wp-json\/wp\/v2\/types\/page"}],"author":[{"embeddable":true,"href":"https:\/\/www.fmsdocumentation.com\/de\/wp-json\/wp\/v2\/users\/5"}],"replies":[{"embeddable":true,"href":"https:\/\/www.fmsdocumentation.com\/de\/wp-json\/wp\/v2\/comments?post=11805"}],"version-history":[{"count":1,"href":"https:\/\/www.fmsdocumentation.com\/de\/wp-json\/wp\/v2\/pages\/11805\/revisions"}],"predecessor-version":[{"id":11812,"href":"https:\/\/www.fmsdocumentation.com\/de\/wp-json\/wp\/v2\/pages\/11805\/revisions\/11812"}],"up":[{"embeddable":true,"href":"https:\/\/www.fmsdocumentation.com\/de\/wp-json\/wp\/v2\/pages\/11758"}],"wp:attachment":[{"href":"https:\/\/www.fmsdocumentation.com\/de\/wp-json\/wp\/v2\/media?parent=11805"}],"curies":[{"name":"wp","href":"https:\/\/api.w.org\/{rel}","templated":true}]}}