{"id":11823,"date":"2022-06-14T16:14:45","date_gmt":"2022-06-14T13:14:45","guid":{"rendered":"https:\/\/www.fmsdocumentation.com\/berichte-menue\/eco-drive-bericht\/"},"modified":"2022-06-14T16:14:55","modified_gmt":"2022-06-14T13:14:55","slug":"eco-drive-bericht","status":"publish","type":"page","link":"https:\/\/www.fmsdocumentation.com\/de\/berichte-menue\/eco-drive-bericht\/","title":{"rendered":"Eco-Drive-Bericht"},"content":{"rendered":"<p><strong>Eco-Drive-Bericht<\/strong> \u2013 dieser Berichtstyp konzentriert sich auf die Eco-Drive-Funktion und ihre Parameter. Zuerst muss der Benutzer den Datumsbereich ausw\u00e4hlen, f\u00fcr den dieser Bericht generiert wird.<\/p>\n<p><strong>Datumsbereich<\/strong> \u2013 um ein Datum auszuw\u00e4hlen, muss der Benutzer auf das Feld \u201eDatumsbereich\u201c klicken, um das Kalenderfenster zu \u00f6ffnen. Um ein Anfangs-\/Enddatum auszuw\u00e4hlen, muss der Benutzer nur auf das gew\u00fcnschte Datum und dann auf das entgegengesetzte Datum klicken. Die ausgew\u00e4hlten Tage werden blau hervorgehoben. Der aktuelle Tag wird durch ein kleines blaues Dreieck auf der oberen linken Seite des Tages hervorgehoben. Wenn der aktuelle Tag ausgew\u00e4hlt (hervorgehoben) wird, wechselt das Dreieck in Wei\u00df. Danach kann der Benutzer entscheiden, ab welcher Uhrzeit des Anfangsdatums bis zu welcher Uhrzeit des Enddatums die Daten angezeigt werden sollen. Die Zeit kann mit den Pfeiltasten schrittweise um eine Stunde ver\u00e4ndert werden. Um die \u00c4nderungen zu \u00fcbernehmen, muss die Taste <strong>\u00dcbernehmen<\/strong> angeklickt werden, da die \u00c4nderungen sonst nicht gespeichert werden.<\/p>\n<p><a href=\"https:\/\/www.fmsdocumentation.com\/wp-content\/uploads\/2018\/10\/374.png\"><img loading=\"lazy\" decoding=\"async\" class=\"alignnone size-full wp-image-5885\" src=\"https:\/\/www.fmsdocumentation.com\/wp-content\/uploads\/2018\/10\/374.png\" alt=\"\" width=\"578\" height=\"562\" srcset=\"https:\/\/www.fmsdocumentation.com\/wp-content\/uploads\/2018\/10\/374.png 578w, https:\/\/www.fmsdocumentation.com\/wp-content\/uploads\/2018\/10\/374-300x292.png 300w\" sizes=\"auto, (max-width: 578px) 100vw, 578px\" \/><\/a><\/p>\n<p>Der Mindestzeitraum betr\u00e4gt einen Tag. Um einen Tag auszuw\u00e4hlen, klicken Sie einfach mit der linken Maustaste doppelt auf den gew\u00fcnschten Tag, um ihn auszuw\u00e4hlen.<br \/>\nDer H\u00f6chstzeitraum betr\u00e4gt drei Monate (90 Tage). Sie k\u00f6nnen keinen l\u00e4ngeren Zeitraum ausw\u00e4hlen.<\/p>\n<p><strong>Bericht basierend auf<\/strong> \u2013 diese Einstellung definiert das Hauptziel des Berichts. Es stehen zwei Optionen zur Verf\u00fcgung:<\/p>\n<ul>\n<li>Fahrer<\/li>\n<li>Objekte<\/li>\n<\/ul>\n<p>Dadurch zeigt der generierte Bericht Informationen (<em>Parameter: Fahrstrecke, Arbeitsbeginn usw.<\/em>) f\u00fcr das ausgew\u00e4hlte Ziel (<em>Fahrer oder Objekte<\/em>) an. Wenn also Objekte ausgew\u00e4hlt ist, zeigt der Bericht Informationen f\u00fcr spezifisch ausgew\u00e4hlte Objekte an.<\/p>\n<p><strong>Objekte\/Fahrer<\/strong>\u2013 (H<em>\u00e4ngt von der Auswahl in der Option \u201eBericht basierend auf\u201c ab<\/em>) dies erm\u00f6glicht dem Benutzer die Auswahl, f\u00fcr welche Objekte\/Fahrer der Bericht generiert wird.<\/p>\n<p>Wenn <em>Objekte<\/em> ausgew\u00e4hlt ist, umfasst die Liste auch <strong>Gruppen<\/strong> von Objekten. Der Benutzer kann eine ganze Gruppe ausw\u00e4hlen, indem er das Markierungsfeld vor der Gruppe kennzeichnet oder auf die Taste <strong>+<\/strong> klickt, um die Gruppe zu erweitern und zu sehen, welche Objekte sich in der Gruppe befinden. Um die Gruppe zusammenzuklappen, muss der Benutzer auf die Taste <strong>\u2013<\/strong> klicken. <strong>Einzelne Objekte k\u00f6nnen aus einer Gruppe ausgew\u00e4hlt werden<\/strong>. Es ist darauf zu achten, dass ein Objekt, das in mehreren Gruppen vorhanden ist, in jeder Gruppe hervorgehoben wird, wie im folgenden Bild gezeigt. Wenn eine ganze Gruppe ausgew\u00e4hlt ist, ist das Markierungsfeld blau mit einem wei\u00dfen H\u00e4kchen. Wenn nur ein Teil der Gruppe ausgew\u00e4hlt ist, verf\u00fcgt die Gruppe \u00fcber ein blaues Quadrat im Markierungsfeld (siehe Abbildung unten). Der Benutzer kann auch die Suche verwenden, um schnell eine gro\u00dfe Liste von Objekten und Gruppen durchzugehen. Alle Gruppen k\u00f6nnen ausgew\u00e4hlt\/nicht ausgew\u00e4hlt werden, indem Sie das Markierungsfeld neben \u201eAlle Gruppen ausw\u00e4hlen\u201c aktivieren. Die Anzahl der ausgew\u00e4hlten Objekte und die Summe der Objekte wird in der oberen rechten Ecke der Liste angezeigt.<\/p>\n<p><a href=\"https:\/\/www.fmsdocumentation.com\/wp-content\/uploads\/2018\/12\/281.png\" data-featherlight=\"image\"><img loading=\"lazy\" decoding=\"async\" class=\"alignnone size-full wp-image-6727\" src=\"https:\/\/www.fmsdocumentation.com\/wp-content\/uploads\/2018\/12\/281.png\" sizes=\"auto, (max-width: 549px) 100vw, 549px\" srcset=\"https:\/\/www.fmsdocumentation.com\/wp-content\/uploads\/2018\/12\/281.png 549w, https:\/\/www.fmsdocumentation.com\/wp-content\/uploads\/2018\/12\/281-300x162.png 300w\" alt=\"\" width=\"549\" height=\"297\"><\/a><\/p>\n<p>Wenn <em>Fahler<\/em>ausgew\u00e4hlt ist, werden die Fahrer in der Dropdownliste angezeigt. Um einen Fahrer auszuw\u00e4hlen, muss der Benutzer das Markierungsfeld neben dem Fahrer kennzeichnen. Wenn Sie das Markierungsfeld neben \u201eAlle ausw\u00e4hlen\u201c kennzeichnen, werden alle Fahrer ausgew\u00e4hlt oder die Auswahl wird aufgehoben. Die Liste wird automatisch mit jedem in die Suchleiste eingegebenen Symbol aktualisiert. In der oberen rechten Ecke der Liste wird die Anzahl der ausgew\u00e4hlten Fahrer und die Summer der Fahrer angezeigt.<\/p>\n<p><a href=\"https:\/\/www.fmsdocumentation.com\/wp-content\/uploads\/2018\/12\/340.png\" data-featherlight=\"image\"><img loading=\"lazy\" decoding=\"async\" class=\"alignnone size-full wp-image-6718\" src=\"https:\/\/www.fmsdocumentation.com\/wp-content\/uploads\/2018\/12\/340.png\" sizes=\"auto, (max-width: 549px) 100vw, 549px\" srcset=\"https:\/\/www.fmsdocumentation.com\/wp-content\/uploads\/2018\/12\/340.png 549w, https:\/\/www.fmsdocumentation.com\/wp-content\/uploads\/2018\/12\/340-300x161.png 300w\" alt=\"\" width=\"549\" height=\"295\"><\/a><\/p>\n<p>Danch muss der Benutzer die <strong>Spaltenliste<\/strong> konfigurieren. Dieser Bericht enth\u00e4lt die folgenden standardm\u00e4\u00dfig ausgew\u00e4hlten Parameter:<\/p>\n<ul>\n<li>Gef\u00e4hrliche Fahrpunktrate<\/li>\n<li>Kraftstoffverschwendungsrate<\/li>\n<li>Gefahrene Strecke<\/li>\n<li>Fahrzeit<\/li>\n<li>Kraftstoffverbrauch<\/li>\n<li>Geschwindigkeits\u00fcberschreitung in % der Lenkzeit<\/li>\n<li>U\/Min. im roten Band der Fahrzeit<\/li>\n<li>Extreme Bremsereignisquote<\/li>\n<li>Abrupte Bremsereignisquote<\/li>\n<li>Abrupte Beschleunigungsereignisquote<\/li>\n<li>\u00dcbersch\u00fcssiger Leerlauf %<\/li>\n<li>Tempomatnutzung % der verf\u00fcgbaren Nutzung<\/li>\n<\/ul>\n<p>Weitere optionale Parameter, die in der Spaltenliste ausgew\u00e4hlt <strong>werden k\u00f6nnen<\/strong>:<\/p>\n<ul>\n<li>Durchschnittliche Geschwindigkeit<\/li>\n<li>Gef\u00e4hrliche Fahrpunkte<\/li>\n<li>Extreme Bremsereignisse<\/li>\n<li>Verschwendeter Kraftstoff.<\/li>\n<li>Kraftstoffverschwendung<\/li>\n<li>Abrupte Beschleunigungsereignisse<\/li>\n<li>Abrupte Bremsereignisse<\/li>\n<li>Leerlaufdauer<\/li>\n<li>Maximale U\/Min. rev.\/Minute<\/li>\n<li>H\u00f6chstgeschwindigkeit<\/li>\n<li>Normale Bremsereignisquote<\/li>\n<li>Normale Bremsereignisse<\/li>\n<li>Dauer der H\u00f6chstgeschwindigkeits\u00fcberschreitung<\/li>\n<li>Verschwendeter Kraftstoff % des verbrauchten Kraftstoffs<\/li>\n<\/ul>\n<p>Nach Auswahl der Parameter kann der Benutzer die folgenden Optionen aktivieren oder deaktivieren:<\/p>\n<ul>\n<li><strong>Details anzeigen<\/strong>\u2013 Standardm\u00e4\u00dfig aktiviert, enth\u00e4lt diese Option Daten f\u00fcr jedes Fahrzeug in getrennten Tabellen, einschlie\u00dflich Daten f\u00fcr jeden Fahrer, der das Fahrzeug w\u00e4hrend des ausgew\u00e4hlten Zeitraums gefahren hat.<\/li>\n<\/ul>\n<p><a href=\"https:\/\/www.fmsdocumentation.com\/wp-content\/uploads\/2018\/10\/375.png\"><img loading=\"lazy\" decoding=\"async\" class=\"alignnone wp-image-5886\" src=\"https:\/\/www.fmsdocumentation.com\/wp-content\/uploads\/2018\/10\/375-1024x430.png\" alt=\"\" width=\"1000\" height=\"420\" srcset=\"https:\/\/www.fmsdocumentation.com\/wp-content\/uploads\/2018\/10\/375-1024x430.png 1024w, https:\/\/www.fmsdocumentation.com\/wp-content\/uploads\/2018\/10\/375-300x126.png 300w, https:\/\/www.fmsdocumentation.com\/wp-content\/uploads\/2018\/10\/375-768x323.png 768w, https:\/\/www.fmsdocumentation.com\/wp-content\/uploads\/2018\/10\/375.png 1250w\" sizes=\"auto, (max-width: 1000px) 100vw, 1000px\" \/><\/a><\/p>\n<p>Um den Bericht abzuschlie\u00dfen und zu generieren, muss der Benutzer auf die Taste <strong>Generieren<\/strong> klicken. Um die Erstellung eines Berichts abzubrechen, muss der Benutzer auf die Taste <strong>Abbrechen<\/strong> klicken.<\/p>\n<p><a href=\"https:\/\/www.fmsdocumentation.com\/wp-content\/uploads\/2017\/04\/202.png\" data-featherlight=\"image\"><img loading=\"lazy\" decoding=\"async\" class=\"alignnone size-full wp-image-398\" src=\"https:\/\/www.fmsdocumentation.com\/wp-content\/uploads\/2017\/04\/202.png\" sizes=\"auto, (max-width: 569px) 100vw, 569px\" srcset=\"https:\/\/www.fmsdocumentation.com\/wp-content\/uploads\/2017\/04\/202.png 569w, https:\/\/www.fmsdocumentation.com\/wp-content\/uploads\/2017\/04\/202-300x42.png 300w\" alt=\"\" width=\"569\" height=\"79\"><\/a><\/p>\n<hr>\n<p><div class=\"alignleft\"><a href=\"https:\/\/www.fmsdocumentation.com\/de\/berichte-menue\/landesbericht\/\" title=\"Landesbericht\"><span class=\"arrow\">\u2039 &nbsp <\/span> Landesbericht <\/a><\/div><div class=\"alignright\"><a href=\"https:\/\/www.fmsdocumentation.com\/de\/berichte-menue\/ereignisbericht\/\" title=\"Ereignisbericht\">Ereignisbericht <span class=\"arrow\"> &nbsp\u203a <\/span> <\/a><\/div><\/p>\n","protected":false},"excerpt":{"rendered":"<p>Eco-Drive-Bericht \u2013 dieser Berichtstyp konzentriert sich auf die Eco-Drive-Funktion und ihre Parameter. Zuerst muss der Benutzer den Datumsbereich ausw\u00e4hlen, f\u00fcr den dieser Bericht generiert wird. Datumsbereich \u2013 um ein Datum auszuw\u00e4hlen, muss der Benutzer auf das Feld \u201eDatumsbereich\u201c klicken, um das Kalenderfenster zu \u00f6ffnen. Um ein Anfangs-\/Enddatum auszuw\u00e4hlen, muss der Benutzer nur auf das gew\u00fcnschte &hellip; <a href=\"https:\/\/www.fmsdocumentation.com\/de\/berichte-menue\/eco-drive-bericht\/\" class=\"more-link\"><span class=\"screen-reader-text\">Eco-Drive-Bericht<\/span> weiterlesen<\/a><\/p>\n","protected":false},"author":5,"featured_media":0,"parent":11758,"menu_order":6,"comment_status":"closed","ping_status":"closed","template":"","meta":{"footnotes":""},"class_list":["post-11823","page","type-page","status-publish","hentry"],"_links":{"self":[{"href":"https:\/\/www.fmsdocumentation.com\/de\/wp-json\/wp\/v2\/pages\/11823","targetHints":{"allow":["GET"]}}],"collection":[{"href":"https:\/\/www.fmsdocumentation.com\/de\/wp-json\/wp\/v2\/pages"}],"about":[{"href":"https:\/\/www.fmsdocumentation.com\/de\/wp-json\/wp\/v2\/types\/page"}],"author":[{"embeddable":true,"href":"https:\/\/www.fmsdocumentation.com\/de\/wp-json\/wp\/v2\/users\/5"}],"replies":[{"embeddable":true,"href":"https:\/\/www.fmsdocumentation.com\/de\/wp-json\/wp\/v2\/comments?post=11823"}],"version-history":[{"count":1,"href":"https:\/\/www.fmsdocumentation.com\/de\/wp-json\/wp\/v2\/pages\/11823\/revisions"}],"predecessor-version":[{"id":11826,"href":"https:\/\/www.fmsdocumentation.com\/de\/wp-json\/wp\/v2\/pages\/11823\/revisions\/11826"}],"up":[{"embeddable":true,"href":"https:\/\/www.fmsdocumentation.com\/de\/wp-json\/wp\/v2\/pages\/11758"}],"wp:attachment":[{"href":"https:\/\/www.fmsdocumentation.com\/de\/wp-json\/wp\/v2\/media?parent=11823"}],"curies":[{"name":"wp","href":"https:\/\/api.w.org\/{rel}","templated":true}]}}