{"id":11830,"date":"2022-06-14T19:15:40","date_gmt":"2022-06-14T16:15:40","guid":{"rendered":"https:\/\/www.fmsdocumentation.com\/berichte-menue\/ereignisbericht\/"},"modified":"2022-06-14T19:15:41","modified_gmt":"2022-06-14T16:15:41","slug":"ereignisbericht","status":"publish","type":"page","link":"https:\/\/www.fmsdocumentation.com\/de\/berichte-menue\/ereignisbericht\/","title":{"rendered":"Ereignisbericht"},"content":{"rendered":"\n<p><strong>Ereignisbericht<\/strong> \u2013 dieser Berichtstyp konzentriert sich haupts\u00e4chlich auf Ereignisse, Ausl\u00f6sezeit, Dauer und andere Parameter w\u00e4hrend der Ereignisausl\u00f6sung.<\/p>\n\n<p><strong>Bericht basierend auf<\/strong> \u2013 diese Einstellung definiert das Hauptziel des Berichts. Es stehen zwei Optionen zur Verf\u00fcgung:<\/p>\n\n<ul class=\"wp-block-list\"><li>Fahrer<\/li><li>Objekte<\/li><\/ul>\n\n<p>Dies sorgt daf\u00fcr, dass der generierte Bericht Informationen (<em>Parameter: Fahrstrecke, Arbeitsbeginn usw.<\/em>) f\u00fcr das ausgew\u00e4hlte Ziel (<em>Fahrer oder Objekte<\/em>) anzeigt. Wenn <em>Objekte<\/em>ausgew\u00e4hlt ist, zeigt der Bericht Informationen f\u00fcr spezifisch ausgew\u00e4hlte Objekte an.<\/p>\n\n<p><strong>Objekte\/Fahrer<\/strong>\u2013 (H<em>\u00e4ngt von der Auswahl in der Option \u201eBericht basierend auf\u201c ab<\/em>) dies erm\u00f6glicht dem Benutzer die Auswahl, f\u00fcr welche Objekte\/Fahrer der Bericht generiert wird.<\/p>\n\n<p>Wenn <em>Objekte<\/em> ausgew\u00e4hlt ist, umfasst die Liste auch <strong>Gruppen<\/strong> von Objekten. Der Benutzer kann eine ganze Gruppe ausw\u00e4hlen, indem er das Markierungsfeld vor der Gruppe kennzeichnet oder auf die Taste \u201e+\u201c klickt, um die Gruppe zu erweitern und zu sehen, welche Objekte sich in der Gruppe befinden. Um die Gruppe zusammenzuklappen, muss der Benutzer auf die Taste \u201e-\u201c klicken. <strong>Einzelne Objekte k\u00f6nnen aus einer Gruppe ausgew\u00e4hlt werden<\/strong>. Es muss darauf geachtet werden, dass ein Objekt, das in mehreren Gruppen vorhanden ist, in jeder Gruppe hervorgehoben wird, wie auf dem folgenden Bild gezeigt. Wenn eine ganze Gruppe ausgew\u00e4hlt wird, wird das Markierungsfeld blau mit einem wei\u00dfen H\u00e4kchen. Wenn nur ein Teil der Gruppe ausgew\u00e4hlt ist, verf\u00fcgt die Gruppe \u00fcber ein blaues Quadrat im Markierungsfeld (siehe Abbildung unten). Der Benutzer kann auch die Suche verwenden, um schnell eine gro\u00dfe Liste von Objekten und Gruppen durchzugehen. Alle Gruppen k\u00f6nnen ausgew\u00e4hlt oder die Auswahl kann aufgehoben werden, indem Sie das Markierungsfeld neben \u201eAlle Gruppen ausw\u00e4hlen\u201c aktivieren. Die Anzahl der ausgew\u00e4hlten Objekte und die Summe der Objekte wird in der oberen rechten Ecke der Liste angezeigt.<\/p>\n\n<figure class=\"wp-block-image is-resized\"><a href=\"https:\/\/www.fmsdocumentation.com\/wp-content\/uploads\/2018\/12\/281.png\"><img loading=\"lazy\" decoding=\"async\" src=\"https:\/\/www.fmsdocumentation.com\/wp-content\/uploads\/2018\/12\/281.png\" alt=\"\" class=\"wp-image-6727\" width=\"549\" height=\"297\" srcset=\"https:\/\/www.fmsdocumentation.com\/wp-content\/uploads\/2018\/12\/281.png 549w, https:\/\/www.fmsdocumentation.com\/wp-content\/uploads\/2018\/12\/281-300x162.png 300w\" sizes=\"auto, (max-width: 549px) 100vw, 549px\" \/><\/a><\/figure>\n\n<p>Wenn <em>Fahler<\/em>ausgew\u00e4hlt ist, werden die Fahrer in der Dropdownliste angezeigt. Um einen Fahrer auszuw\u00e4hlen, muss der Benutzer das Markierungsfeld neben dem Fahrer kennzeichnen. Wenn Sie das Markierungsfeld neben \u201eAlle ausw\u00e4hlen\u201c kennzeichnen, werden alle Fahrer ausgew\u00e4hlt oder die Auswahl wird aufgehoben. Die Liste wird automatisch mit jedem in die Suchleiste eingegebenen Symbol aktualisiert. In der oberen rechten Ecke der Liste wird die Anzahl der ausgew\u00e4hlten Fahrer und die Summer der Fahrer angezeigt.<\/p>\n\n<figure class=\"wp-block-image is-resized\"><a href=\"https:\/\/www.fmsdocumentation.com\/wp-content\/uploads\/2018\/12\/340.png\"><img loading=\"lazy\" decoding=\"async\" src=\"https:\/\/www.fmsdocumentation.com\/wp-content\/uploads\/2018\/12\/340.png\" alt=\"\" class=\"wp-image-6718\" width=\"549\" height=\"295\" srcset=\"https:\/\/www.fmsdocumentation.com\/wp-content\/uploads\/2018\/12\/340.png 549w, https:\/\/www.fmsdocumentation.com\/wp-content\/uploads\/2018\/12\/340-300x161.png 300w\" sizes=\"auto, (max-width: 549px) 100vw, 549px\" \/><\/a><\/figure>\n\n<p>Nachdem Objekte oder Fahrer ausgew\u00e4hlt wurde, muss der Benutzer ausw\u00e4hlen, wie der Bericht gruppiert werden soll.<\/p>\n\n<p>Als n\u00e4chstes kann der Benutzer ausw\u00e4hlen, f\u00fcr welche <strong>Ereignisse<\/strong> dieser Bericht generiert werden soll. Diese Liste funktioniert genauso wie die Liste der Fahrer. Wenn ein Ereignis nicht ausgew\u00e4hlt ist, wird er im Bericht nicht aufgef\u00fchrt.<\/p>\n\n<p><strong>Gruppieren nach<\/strong> \u2013 erm\u00f6glicht die Definition, durch was der Bericht gruppiert werden soll, f\u00fcr diesen Bericht ist die folgende Auswahl verf\u00fcgbar:<\/p>\n\n<ul class=\"wp-block-list\"><li>Tag \u2013 Daten werden nach Tagen gruppiert<\/li><li>Ereignisse \u2013 Daten werden nach Ereignissen gruppiert<\/li><li>Objekte \u2013 Daten werden nach Objekten gruppiert<\/li><\/ul>\n\n<p><strong>Datumsbereich<\/strong> \u2013 Um ein Datum auszuw\u00e4hlen, muss der Benutzer auf \u201eDatumsbereich ausw\u00e4hlen\u201c klicken, um das Kalenderfenster zu \u00f6ffnen. Der Kalenderbereich ist im gesamten FMS identisch. Um ein Anfangs-\/Enddatum auszuw\u00e4hlen, muss der Benutzer nur auf das gew\u00fcnschte Datum und dann auf das entgegengesetzte Datum klicken. Die ausgew\u00e4hlten Tage werden blau hervorgehoben. Der aktuelle Tag wird durch ein kleines blaues Dreieck auf der oberen linken Seite des Tages hervorgehoben. Wenn der aktuelle Tag ausgew\u00e4hlt (hervorgehoben) wird, wechselt das Dreieck in Wei\u00df. Danach kann der Benutzer bestimmen, ab welcher Stunde des Anfangsdatums bis zu welcher Stunde des Enddatums der Verlauf angezeigt werden soll. Um die \u00c4nderungen zu \u00fcbernehmen, muss die Taste \u201eAnwenden\u201c angeklickt werden, andernfalls werden die \u00c4nderungen nicht gespeichert.<\/p>\n\n<figure class=\"wp-block-image is-resized\"><a href=\"https:\/\/www.fmsdocumentation.com\/wp-content\/uploads\/2017\/04\/136-6.png\"><img loading=\"lazy\" decoding=\"async\" src=\"https:\/\/www.fmsdocumentation.com\/wp-content\/uploads\/2017\/04\/136-6.png\" alt=\"\" class=\"wp-image-1164\" width=\"486\" height=\"467\" srcset=\"https:\/\/www.fmsdocumentation.com\/wp-content\/uploads\/2017\/04\/136-6.png 503w, https:\/\/www.fmsdocumentation.com\/wp-content\/uploads\/2017\/04\/136-6-300x288.png 300w\" sizes=\"auto, (max-width: 486px) 100vw, 486px\" \/><\/a><\/figure>\n\n<p>Der Mindestzeitraum betr\u00e4gt einen Tag. Um einen Tag auszuw\u00e4hlen, klicken Sie einfach mit der linken Maustaste doppelt auf den gew\u00fcnschten Tag, um ihn auszuw\u00e4hlen.<\/p>\n\n<p>Nach Auswahl des Datumsbereichs erscheint die <strong>Spaltenliste<\/strong>. Dieser Bericht enth\u00e4lt standardm\u00e4\u00dfig die folgenden Parameter:<\/p>\n\n<ul class=\"wp-block-list\"><li>Ereignisname \u2013 Titel des Ereignisses, Auswahl kann nicht aufgehoben werden<\/li><li>Startzeit des Ereignisses \u2013 Zeit, zu der das Ereignis gestartet wurde, Auswahl kann nicht aufgehoben werden<\/li><li>Dauer \u2013 Dauer zwischen Ereignisstart und Ereignisende<\/li><li>Ereignisbedingung \u2013 zeigt den Wert an, der ein Ereignis ausgel\u00f6st hat<\/li><\/ul>\n\n<p>Weitere Parameter, die zus\u00e4tzlich ausgew\u00e4hlt werden k\u00f6nnen:<\/p>\n\n<ul class=\"wp-block-list\"><li>Koordinaten am Ende \u2013 Koordinaten des Ereignissendstandorts<\/li><li>Koordinaten beim Start \u2013 Koordinaten des Ereignisstartstandorts<\/li><li>Fahrer \u2013 Name des Fahrers<\/li><li>Ereignisendzeit \u2013 Zeitpunkt, zu dem das Ereignis beendet wurde<\/li><li>Endstandort \u2013 Standort am Ereignisende<\/li><li>Startstandort \u2013 Standort am Ereignisstart<\/li><li>Kilometerstand am Ende &#8211; Kilometerstand am Ende des Ereignisses<\/li><li>Kilometerstart zu Beginn \u2013 Kilometerstand zu Beginn des Ereignisses<\/li><li>Objektname \u2013 Name des Objekts<\/li><li>Art der Fahrt \u2013 Art der Fahrt, falls definiert (gesch\u00e4ftlich oder privat)<\/li><\/ul>\n\n<p>Schlie\u00dflich kann der Benutzer ausw\u00e4hlen, ob die Berichtszusammenfassung aktiviert werden soll.<\/p>\n\n<p><strong>Berichtszusammenfassung<\/strong> \u2013 Wenn Sie diese Option aktivieren, wird der Bericht ein Abschnitt mit einer Zusammenfassung in den Bericht umfassen. Dadurch werden alle Informationen im Bericht zusammengefasst (<em>z. B. Fahrtbericht \u2013 enth\u00e4lt eine lange Liste aller Fahrten. z. B. Fahrtbericht \u2013 enth\u00e4lt eine lange Liste aller Fahrten. Zusammenfassung zeigt eine Summe f\u00fcr jede Spalte wie \u201eArbeitsdauer&#8221;, \u201eStoppdauer<em>&#8220;<\/em> usw. an, als w\u00e4ren alle Fahrten eine lange Fahrt<\/em>). Diese Option ist standardm\u00e4\u00dfig deaktiviert.<\/p>\n\n<figure class=\"wp-block-image is-resized\"><a href=\"https:\/\/www.fmsdocumentation.com\/wp-content\/uploads\/2020\/08\/201.png\"><img loading=\"lazy\" decoding=\"async\" src=\"https:\/\/www.fmsdocumentation.com\/wp-content\/uploads\/2020\/08\/201-1024x447.png\" alt=\"\" class=\"wp-image-9499\" width=\"564\" height=\"246\" srcset=\"https:\/\/www.fmsdocumentation.com\/wp-content\/uploads\/2020\/08\/201-1024x447.png 1024w, https:\/\/www.fmsdocumentation.com\/wp-content\/uploads\/2020\/08\/201-300x131.png 300w, https:\/\/www.fmsdocumentation.com\/wp-content\/uploads\/2020\/08\/201-768x335.png 768w, https:\/\/www.fmsdocumentation.com\/wp-content\/uploads\/2020\/08\/201.png 1490w\" sizes=\"auto, (max-width: 564px) 100vw, 564px\" \/><\/a><\/figure>\n\n<p>Um den Bericht abzuschlie\u00dfen und zu generieren, muss der Benutzer auf die Taste <strong>Generieren<\/strong> klicken. Um die Erstellung eines Berichts abzubrechen, muss der Benutzer auf die Taste <strong>Abbrechen<\/strong> klicken.<\/p>\n\n<figure class=\"wp-block-image is-resized\"><a href=\"https:\/\/www.fmsdocumentation.com\/wp-content\/uploads\/2017\/04\/202.png\"><img loading=\"lazy\" decoding=\"async\" src=\"https:\/\/www.fmsdocumentation.com\/wp-content\/uploads\/2017\/04\/202.png\" alt=\"\" class=\"wp-image-398\" width=\"555\" height=\"77\" srcset=\"https:\/\/www.fmsdocumentation.com\/wp-content\/uploads\/2017\/04\/202.png 569w, https:\/\/www.fmsdocumentation.com\/wp-content\/uploads\/2017\/04\/202-300x42.png 300w\" sizes=\"auto, (max-width: 555px) 100vw, 555px\" \/><\/a><\/figure>\n\n<hr class=\"wp-block-separator\"\/>\n\n<p><div class=\"alignleft\"><a href=\"https:\/\/www.fmsdocumentation.com\/de\/berichte-menue\/eco-drive-bericht\/\" title=\"Eco-Drive-Bericht\"><span class=\"arrow\">\u2039 &nbsp <\/span> Eco-Drive-Bericht <\/a><\/div> <div class=\"alignright\"><a href=\"https:\/\/www.fmsdocumentation.com\/de\/berichte-menue\/kraftstofftankbericht\/\" title=\"Kraftstofftankbericht\">Kraftstofftankbericht <span class=\"arrow\"> &nbsp\u203a <\/span> <\/a><\/div><\/p>\n","protected":false},"excerpt":{"rendered":"<p>Ereignisbericht \u2013 dieser Berichtstyp konzentriert sich haupts\u00e4chlich auf Ereignisse, Ausl\u00f6sezeit, Dauer und andere Parameter w\u00e4hrend der Ereignisausl\u00f6sung. Bericht basierend auf \u2013 diese Einstellung definiert das Hauptziel des Berichts. Es stehen zwei Optionen zur Verf\u00fcgung: Fahrer Objekte Dies sorgt daf\u00fcr, dass der generierte Bericht Informationen (Parameter: Fahrstrecke, Arbeitsbeginn usw.) f\u00fcr das ausgew\u00e4hlte Ziel (Fahrer oder Objekte) &hellip; <a href=\"https:\/\/www.fmsdocumentation.com\/de\/berichte-menue\/ereignisbericht\/\" class=\"more-link\"><span class=\"screen-reader-text\">Ereignisbericht<\/span> weiterlesen<\/a><\/p>\n","protected":false},"author":1,"featured_media":0,"parent":11758,"menu_order":7,"comment_status":"closed","ping_status":"closed","template":"","meta":{"footnotes":""},"class_list":["post-11830","page","type-page","status-publish","hentry"],"_links":{"self":[{"href":"https:\/\/www.fmsdocumentation.com\/de\/wp-json\/wp\/v2\/pages\/11830","targetHints":{"allow":["GET"]}}],"collection":[{"href":"https:\/\/www.fmsdocumentation.com\/de\/wp-json\/wp\/v2\/pages"}],"about":[{"href":"https:\/\/www.fmsdocumentation.com\/de\/wp-json\/wp\/v2\/types\/page"}],"author":[{"embeddable":true,"href":"https:\/\/www.fmsdocumentation.com\/de\/wp-json\/wp\/v2\/users\/1"}],"replies":[{"embeddable":true,"href":"https:\/\/www.fmsdocumentation.com\/de\/wp-json\/wp\/v2\/comments?post=11830"}],"version-history":[{"count":3,"href":"https:\/\/www.fmsdocumentation.com\/de\/wp-json\/wp\/v2\/pages\/11830\/revisions"}],"predecessor-version":[{"id":11837,"href":"https:\/\/www.fmsdocumentation.com\/de\/wp-json\/wp\/v2\/pages\/11830\/revisions\/11837"}],"up":[{"embeddable":true,"href":"https:\/\/www.fmsdocumentation.com\/de\/wp-json\/wp\/v2\/pages\/11758"}],"wp:attachment":[{"href":"https:\/\/www.fmsdocumentation.com\/de\/wp-json\/wp\/v2\/media?parent=11830"}],"curies":[{"name":"wp","href":"https:\/\/api.w.org\/{rel}","templated":true}]}}