{"id":11838,"date":"2022-06-14T19:28:16","date_gmt":"2022-06-14T16:28:16","guid":{"rendered":"https:\/\/www.fmsdocumentation.com\/berichte-menue\/kraftstofftankbericht\/"},"modified":"2022-06-14T19:28:17","modified_gmt":"2022-06-14T16:28:17","slug":"kraftstofftankbericht","status":"publish","type":"page","link":"https:\/\/www.fmsdocumentation.com\/de\/berichte-menue\/kraftstofftankbericht\/","title":{"rendered":"Kraftstofftankbericht"},"content":{"rendered":"<p><strong>Kraftstofftankbericht<\/strong>\u2013 dieser Berichtstyp konzentriert sich haupts\u00e4chlich auf Kraftstoffverbrauch, Betankung, Abfass und verschiedene Schwankungen. Das erste, was der Benutzer ausw\u00e4hlen muss, ist der Datumsbereich, f\u00fcr den dieser Bericht generiert wird.<\/p>\n<p><strong>Datumsbereich<\/strong> \u2013 Um ein Datum auszuw\u00e4hlen, muss der Benutzer auf \u201eDatumsbereich ausw\u00e4hlen\u201c klicken, um das Kalenderfenster zu \u00f6ffnen. Der Kalenderbereich ist im gesamten FMS identisch. Um ein Anfangs-\/Enddatum auszuw\u00e4hlen, muss der Benutzer nur auf das gew\u00fcnschte Datum und dann auf das entgegengesetzte Datum klicken. Die ausgew\u00e4hlten Tage werden blau hervorgehoben. Der aktuelle Tag wird durch ein kleines blaues Dreieck auf der oberen linken Seite des Tages hervorgehoben. Wenn der aktuelle Tag ausgew\u00e4hlt (hervorgehoben) wird, wechselt das Dreieck in Wei\u00df. Danach kann der Benutzer festlegen, ab welcher Stunde des Anfangsdatums bis zu welcher Stunde des Enddatums der Verlauf angezeigt werden soll. Um die \u00c4nderungen zu \u00fcbernehmen, muss auf die Taste \u201e\u00dcbernehmen\u201c geklickt werden, da die \u00c4nderungen sonst nicht gespeichert werden.<\/p>\n<p><a href=\"https:\/\/www.fmsdocumentation.com\/wp-content\/uploads\/2017\/04\/136-7.png\"><img loading=\"lazy\" decoding=\"async\" class=\"alignnone wp-image-1166 size-full\" src=\"https:\/\/www.fmsdocumentation.com\/wp-content\/uploads\/2017\/04\/136-7.png\" alt=\"\" width=\"503\" height=\"483\" srcset=\"https:\/\/www.fmsdocumentation.com\/wp-content\/uploads\/2017\/04\/136-7.png 503w, https:\/\/www.fmsdocumentation.com\/wp-content\/uploads\/2017\/04\/136-7-300x288.png 300w\" sizes=\"auto, (max-width: 503px) 100vw, 503px\" \/><\/a><\/p>\n<p>Der Mindestzeitraum betr\u00e4gt einen Tag. Um einen Tag auszuw\u00e4hlen, klicken Sie einfach mit der linken Maustaste doppelt auf den gew\u00fcnschten Tag, um ihn auszuw\u00e4hlen. Anschlie\u00dfend muss der Benutzer die Objekte ausw\u00e4hlen, f\u00fcr die dieser Bericht erstellt wird.<\/p>\n<p><em>Objekte<\/em> \u2013 Auf diese Weise kann der Benutzer ausw\u00e4hlen, f\u00fcr welche Objekte der Bericht generiert wird. Die Liste enth\u00e4lt auch <strong>Gruppen<\/strong> von Objekten. Der Benutzer kann eine ganze Gruppe ausw\u00e4hlen, indem er das Markierungsfeld vor der Gruppe kennzeichnet oder auf die Taste \u201e+\u201c klickt, um die Gruppe zu erweitern und zu sehen, welche Objekte sich in der Gruppe befinden. Um die Gruppe zusammenzuklappen, muss der Benutzer auf die Taste \u201e-\u201c klicken. <strong>Einzelne Objekte k\u00f6nnen aus einer Gruppe ausgew\u00e4hlt werden<\/strong>. Es muss darauf geachtet werden, dass ein Objekt, das in mehreren Gruppen vorhanden ist, in jeder Gruppe hervorgehoben wird, wie auf dem folgenden Bild gezeigt. Wenn eine ganze Gruppe ausgew\u00e4hlt wird, wird das Markierungsfeld blau mit einem wei\u00dfen H\u00e4kchen. Wenn nur ein Teil der Gruppe ausgew\u00e4hlt ist, verf\u00fcgt die Gruppe \u00fcber ein blaues Quadrat im Markierungsfeld (siehe Abbildung unten). Der Benutzer kann auch die Suche verwenden, um schnell eine lange Liste von Objekten und Gruppen zu durchsuchen. Alle Gruppen k\u00f6nnen ausgew\u00e4hlt oder die Auswahl kann aufgehoben werden, indem Sie das Markierungsfeld neben \u201eAlle Gruppen ausw\u00e4hlen\u201c aktivieren. Die Anzahl der ausgew\u00e4hlten Objekte und der Objekte insgesamt wird in der oberen rechten Ecke der Liste angezeigt.<\/p>\n<p><a href=\"https:\/\/www.fmsdocumentation.com\/wp-content\/uploads\/2018\/12\/281.png\" data-featherlight=\"image\"><img loading=\"lazy\" decoding=\"async\" class=\"alignnone size-full wp-image-6727\" src=\"https:\/\/www.fmsdocumentation.com\/wp-content\/uploads\/2018\/12\/281.png\" sizes=\"auto, (max-width: 549px) 100vw, 549px\" srcset=\"https:\/\/www.fmsdocumentation.com\/wp-content\/uploads\/2018\/12\/281.png 549w, https:\/\/www.fmsdocumentation.com\/wp-content\/uploads\/2018\/12\/281-300x162.png 300w\" alt=\"\" width=\"549\" height=\"297\"><\/a><\/p>\n<p><strong>Spalten in der Zusammenfassung<\/strong>\u2013 Dieses Feld erm\u00f6glicht die Auswahl der Spalten, die in die Berichtszusammenfassung aufgenommen werden sollen (die Berichtszusammenfassung ist standardm\u00e4\u00dfig f\u00fcr diesen Berichtstyp aktiviert). F\u00fcr einen Bericht k\u00f6nnen maximal 9 Spalten ausgew\u00e4hlt werden. Die Auswahl besteht aus 28 m\u00f6glichen Spalten, deren Namen selbsterkl\u00e4rend sind.<\/p>\n<p>Nachdem die Spalten in der Zusammenfassung ausgew\u00e4hlt wurden, muss der Benutzer die <strong>Spaltenliste<\/strong>ausw\u00e4hlen. Dieser Bericht enth\u00e4lt standardm\u00e4\u00dfig die folgenden Parameter (und die Auswahl kann aufgehoben werden):<\/p>\n<ul>\n<li>Datum und Uhrzeit des Beginns \u2013 Datum und Uhrzeit, zu dem eine \u00c4nderung des Kraftstoffpegels registriert wurde;<\/li>\n<li>Kraftstoffpegel beim Start \u2013 Kraftstoffpegel zu Beginn einer registrierten \u00c4nderung des Kraftstoffpegels;<\/li>\n<li>Kraftstoffpegel am Ende \u2013 Kraftstoffpegel am Ende einer registrierten \u00c4nderung des Kraftstoffpegels;<\/li>\n<li>Differenz \u2013 Differenz beim Kraftstoffpegel zwischen Anfangs- und Endwert.<\/li>\n<\/ul>\n<p>Weitere optionale Parameter, die in der Spaltenliste ausgew\u00e4hlt <strong>werden k\u00f6nnen<\/strong>:<\/p>\n<ul>\n<li>Fahrer \u2013 Name des Fahrers;<\/li>\n<li>Enddatum und Uhrzeit \u2013 Datum und Uhrzeit, an dem das Kraftstoffwechselereignis registriert wurde;<\/li>\n<li>Standort am Start des Ereignisses \u2013 Standort, an dem das Kraftstoffwechselereignis begann.<\/li>\n<\/ul>\n<p>Nach Auswahl der Parameter in den Spalten kann der Benutzer die Auswahl f\u00fcr den folgenden Inhalt im Bericht aufheben:<\/p>\n<ul>\n<li><strong>Daten durch Floats anzeigen<\/strong>\u2013 standardm\u00e4\u00dfig deaktiviert, zeigt die Informationen im Bericht separat f\u00fcr jeden installierten Kraftstoffpegelsensor an (wenn mehrere Kraftstoffpegelsensoren installiert sind).<\/li>\n<li><strong>Berichtszusammenfassung<\/strong> \u2013 aktiviert. standardm\u00e4\u00dfig enth\u00e4lt diese Option einen zusammenfassenden Abschnitt im Bericht. Dadurch werden alle Informationen im Bericht zusammengefasst und enthalten die zuvor ausgew\u00e4hlten <strong>Spalten in der Zusammenfassung.<\/strong><\/li>\n<li><strong>Zeigen Sie die Kraftstoffpegelstandsgrafik an<\/strong> \u2013 standardm\u00e4\u00dfig aktiviert. Diese Option enth\u00e4lt eine Kraftstoffpegelstandsgrafik im generierten Bericht.<\/li>\n<li><strong>Karte zeigen<\/strong> \u2013 Diese Option ist standardm\u00e4\u00dfig aktiviert. Sie enth\u00e4lt eine Karte im Bericht, auf der alle Ablass-\/Betankungsereignisse gekennzeichnet sind.<\/li>\n<\/ul>\n<p><a href=\"https:\/\/www.fmsdocumentation.com\/wp-content\/uploads\/2017\/04\/203-1.png\"><img loading=\"lazy\" decoding=\"async\" class=\"alignnone wp-image-977 size-full\" src=\"https:\/\/www.fmsdocumentation.com\/wp-content\/uploads\/2017\/04\/203-1.png\" alt=\"\" width=\"887\" height=\"598\" srcset=\"https:\/\/www.fmsdocumentation.com\/wp-content\/uploads\/2017\/04\/203-1.png 887w, https:\/\/www.fmsdocumentation.com\/wp-content\/uploads\/2017\/04\/203-1-300x202.png 300w, https:\/\/www.fmsdocumentation.com\/wp-content\/uploads\/2017\/04\/203-1-768x518.png 768w\" sizes=\"auto, (max-width: 887px) 100vw, 887px\" \/><\/a><\/p>\n<p>Um den Bericht abzuschlie\u00dfen und zu generieren, muss der Benutzer auf die Taste \u201eGenerieren\u201c klicken. Um die Erstellung eines Berichts abzubrechen, muss der Benutzer entweder auf die Taste \u201eAbbrechen\u201c klicken oder irgendwo au\u00dferhalb des Fensters auf \u201eNeuen Bericht erstellen\u201c klicken.<\/p>\n<p><a href=\"https:\/\/www.fmsdocumentation.com\/wp-content\/uploads\/2017\/04\/202.png\"><img loading=\"lazy\" decoding=\"async\" class=\"alignnone wp-image-398 size-full\" src=\"https:\/\/www.fmsdocumentation.com\/wp-content\/uploads\/2017\/04\/202.png\" alt=\"\" width=\"569\" height=\"79\" srcset=\"https:\/\/www.fmsdocumentation.com\/wp-content\/uploads\/2017\/04\/202.png 569w, https:\/\/www.fmsdocumentation.com\/wp-content\/uploads\/2017\/04\/202-300x42.png 300w\" sizes=\"auto, (max-width: 569px) 100vw, 569px\" \/><\/a><\/p>\n<hr>\n<p><div class=\"alignleft\"><a href=\"https:\/\/www.fmsdocumentation.com\/de\/berichte-menue\/ereignisbericht\/\" title=\"Ereignisbericht\"><span class=\"arrow\">\u2039 &nbsp <\/span> Ereignisbericht <\/a><\/div> <div class=\"alignright\"><a href=\"https:\/\/www.fmsdocumentation.com\/de\/berichte-menue\/geozonenbericht\/\" title=\"Geozonenbericht\">Geozonenbericht <span class=\"arrow\"> &nbsp\u203a <\/span> <\/a><\/div><\/p>\n","protected":false},"excerpt":{"rendered":"<p>Kraftstofftankbericht\u2013 dieser Berichtstyp konzentriert sich haupts\u00e4chlich auf Kraftstoffverbrauch, Betankung, Abfass und verschiedene Schwankungen. Das erste, was der Benutzer ausw\u00e4hlen muss, ist der Datumsbereich, f\u00fcr den dieser Bericht generiert wird. Datumsbereich \u2013 Um ein Datum auszuw\u00e4hlen, muss der Benutzer auf \u201eDatumsbereich ausw\u00e4hlen\u201c klicken, um das Kalenderfenster zu \u00f6ffnen. Der Kalenderbereich ist im gesamten FMS identisch. Um &hellip; <a href=\"https:\/\/www.fmsdocumentation.com\/de\/berichte-menue\/kraftstofftankbericht\/\" class=\"more-link\"><span class=\"screen-reader-text\">Kraftstofftankbericht<\/span> weiterlesen<\/a><\/p>\n","protected":false},"author":1,"featured_media":0,"parent":11758,"menu_order":8,"comment_status":"closed","ping_status":"closed","template":"","meta":{"footnotes":""},"class_list":["post-11838","page","type-page","status-publish","hentry"],"_links":{"self":[{"href":"https:\/\/www.fmsdocumentation.com\/de\/wp-json\/wp\/v2\/pages\/11838","targetHints":{"allow":["GET"]}}],"collection":[{"href":"https:\/\/www.fmsdocumentation.com\/de\/wp-json\/wp\/v2\/pages"}],"about":[{"href":"https:\/\/www.fmsdocumentation.com\/de\/wp-json\/wp\/v2\/types\/page"}],"author":[{"embeddable":true,"href":"https:\/\/www.fmsdocumentation.com\/de\/wp-json\/wp\/v2\/users\/1"}],"replies":[{"embeddable":true,"href":"https:\/\/www.fmsdocumentation.com\/de\/wp-json\/wp\/v2\/comments?post=11838"}],"version-history":[{"count":1,"href":"https:\/\/www.fmsdocumentation.com\/de\/wp-json\/wp\/v2\/pages\/11838\/revisions"}],"predecessor-version":[{"id":11843,"href":"https:\/\/www.fmsdocumentation.com\/de\/wp-json\/wp\/v2\/pages\/11838\/revisions\/11843"}],"up":[{"embeddable":true,"href":"https:\/\/www.fmsdocumentation.com\/de\/wp-json\/wp\/v2\/pages\/11758"}],"wp:attachment":[{"href":"https:\/\/www.fmsdocumentation.com\/de\/wp-json\/wp\/v2\/media?parent=11838"}],"curies":[{"name":"wp","href":"https:\/\/api.w.org\/{rel}","templated":true}]}}