{"id":11845,"date":"2022-06-14T21:19:21","date_gmt":"2022-06-14T18:19:21","guid":{"rendered":"https:\/\/www.fmsdocumentation.com\/berichte-menue\/geozonenbericht\/"},"modified":"2022-06-14T21:19:21","modified_gmt":"2022-06-14T18:19:21","slug":"geozonenbericht","status":"publish","type":"page","link":"https:\/\/www.fmsdocumentation.com\/de\/berichte-menue\/geozonenbericht\/","title":{"rendered":"Geozonenbericht"},"content":{"rendered":"\n<p><strong>Geozonenbericht<\/strong> \u2013 Dieser Berichtstyp konzentriert sich haupts\u00e4chlich auf Aktivit\u00e4ten rund um und innerhalb bestimmter Geozonen. Die Geozonen werden vom Benutzer im Geozonen-<a href=\"https:\/\/www.fmsdocumentation.com\/geozonen-menue\/?lang=de\">Men\u00fc<\/a>bestimmt. Das erste, was der Benutzer ausw\u00e4hlen muss, ist der Datumsbereich, f\u00fcr den dieser Bericht generiert wird.<\/p>\n\n<p><strong>Datumsbereich<\/strong> \u2013 Um ein Datum auszuw\u00e4hlen, muss der Benutzer auf \u201eDatumsbereich ausw\u00e4hlen\u201c klicken, um das Kalenderfenster zu \u00f6ffnen. Der Kalenderbereich ist im gesamten FMS identisch. Um ein Anfangs-\/Enddatum auszuw\u00e4hlen, muss der Benutzer nur auf das gew\u00fcnschte Datum und dann auf das entgegengesetzte Datum klicken. Die ausgew\u00e4hlten Tage werden blau hervorgehoben. Der aktuelle Tag wird durch ein kleines blaues Dreieck auf der oberen linken Seite des Tages hervorgehoben. Wenn der aktuelle Tag ausgew\u00e4hlt (hervorgehoben) wird, wird das Dreieck in Wei\u00df gewechselt. Um ein bevorzugtes Datum auszuw\u00e4hlen, klicken Sie zun\u00e4chst auf das End- oder Anfangsdatum (es gibt keine Priorit\u00e4t bei der Auswahl) und anschlie\u00dfend auf das entgegengesetzte (End-\/Anfangs-) Datum. Danach kann der Benutzer bestimmen, ab welcher Stunde des Anfangsdatums bis zu welcher Stunde des Enddatums der Verlauf angezeigt werden soll. Um die \u00c4nderungen zu \u00fcbernehmen, muss auf die Taste \u201eAnwenden\u201c geklickt werden, da die \u00c4nderungen sonst nicht gespeichert werden.<\/p>\n\n<figure class=\"wp-block-image\"><a href=\"https:\/\/www.fmsdocumentation.com\/wp-content\/uploads\/2017\/04\/136-8.png\"><img loading=\"lazy\" decoding=\"async\" width=\"503\" height=\"483\" src=\"https:\/\/www.fmsdocumentation.com\/wp-content\/uploads\/2017\/04\/136-8.png\" alt=\"\" class=\"wp-image-1168\" srcset=\"https:\/\/www.fmsdocumentation.com\/wp-content\/uploads\/2017\/04\/136-8.png 503w, https:\/\/www.fmsdocumentation.com\/wp-content\/uploads\/2017\/04\/136-8-300x288.png 300w\" sizes=\"auto, (max-width: 503px) 100vw, 503px\" \/><\/a><\/figure>\n\n<p>Der Mindestzeitraum betr\u00e4gt einen Tag. Um einen Tag auszuw\u00e4hlen, klicken Sie einfach mit der linken Maustaste doppelt auf den gew\u00fcnschten Tag, um ihn auszuw\u00e4hlen. Danach muss der Benutzer anhand dessen ausw\u00e4hlen, was der Bericht generiert werden soll.<\/p>\n\n<p><strong>Bericht basierend auf<\/strong>\u2013 Diese Einstellung definiert das Hauptziel des Berichts. Es stehen zwei Optionen zur Verf\u00fcgung:<\/p>\n\n<ul class=\"wp-block-list\"><li>Fahrer<\/li><li>Objekte<\/li><\/ul>\n\n<p>Dies sorgt daf\u00fcr, dass der generierte Bericht Informationen (<em>Parameter: Fahrstrecke, Arbeitsbeginn usw.<\/em>) f\u00fcr das ausgew\u00e4hlte Ziel (<em>Fahrer oder Objekte<\/em>) anzeigt. Wenn also Objekte ausgew\u00e4hlt ist, zeigt der Bericht Informationen f\u00fcr spezifisch ausgew\u00e4hlte Objekte an.<\/p>\n\n<p><strong>Objekte\/Fahrer<\/strong>\u2013 (H<em>\u00e4ngt von der Auswahl in der Option \u201eBericht basierend auf\u201c ab<\/em>) dies erm\u00f6glicht dem Benutzer die Auswahl, f\u00fcr welche Objekte\/Fahrer der Bericht generiert wird.<\/p>\n\n<p>Wenn <em>Objekte<\/em> ausgew\u00e4hlt ist, umfasst die Liste auch <strong>Gruppen<\/strong> von Objekten. Der Benutzer kann eine ganze Gruppe ausw\u00e4hlen, indem er das Markierungsfeld vor der Gruppe kennzeichnet oder auf die Taste \u201e+\u201c klickt, um die Gruppe zu erweitern und zu sehen, welche Objekte sich in der Gruppe befinden. Um die Gruppe zusammenzuklappen, muss der Benutzer auf die Taste \u201e-\u201c klicken. <strong>Einzelne Objekte k\u00f6nnen aus einer Gruppe ausgew\u00e4hlt werden<\/strong>. Es muss darauf geachtet werden, dass ein Objekt, das in mehreren Gruppen vorhanden ist, in jeder Gruppe hervorgehoben wird, wie auf dem folgenden Bild gezeigt. Wenn eine ganze Gruppe ausgew\u00e4hlt wird, wird das Markierungsfeld blau mit einem wei\u00dfen H\u00e4kchen. Wenn nur ein Teil der Gruppe ausgew\u00e4hlt ist, verf\u00fcgt die Gruppe \u00fcber ein blaues Quadrat im Markierungsfeld (siehe Abbildung unten). Der Benutzer kann auch die Suche verwenden, um schnell eine gro\u00dfe Liste von Objekten und Gruppen durchzugehen. Alle Gruppen k\u00f6nnen ausgew\u00e4hlt oder die Auswahl kann aufgehoben werden, indem Sie das Markierungsfeld neben \u201eAlle Gruppen ausw\u00e4hlen\u201c aktivieren. Die Anzahl der ausgew\u00e4hlten Objekte und der Objekte insgesamt wird in der oberen rechten Ecke der Liste angezeigt.<\/p>\n\n<figure class=\"wp-block-image\"><a href=\"https:\/\/www.fmsdocumentation.com\/wp-content\/uploads\/2018\/12\/281.png\"><img loading=\"lazy\" decoding=\"async\" width=\"549\" height=\"297\" src=\"https:\/\/www.fmsdocumentation.com\/wp-content\/uploads\/2018\/12\/281.png\" alt=\"\" class=\"wp-image-6727\" srcset=\"https:\/\/www.fmsdocumentation.com\/wp-content\/uploads\/2018\/12\/281.png 549w, https:\/\/www.fmsdocumentation.com\/wp-content\/uploads\/2018\/12\/281-300x162.png 300w\" sizes=\"auto, (max-width: 549px) 100vw, 549px\" \/><\/a><\/figure>\n\n<p>Wenn <em>Fahler<\/em>ausgew\u00e4hlt ist, werden die Fahrer in der Dropdownliste angezeigt. Um einen Fahrer auszuw\u00e4hlen, muss der Benutzer das Markierungsfeld neben dem Fahrer kennzeichnen. Wenn Sie das Markierungsfeld neben <strong>Alle ausw\u00e4hlen<\/strong> kennzeichnen, werden alle Fahrer ausgew\u00e4hlt oder die Auswahl wird aufgehoben. Die Liste wird automatisch mit jedem in der Suchleiste eingegebenen Symbol aktualisiert. In der oberen rechten Ecke der Liste wird die Anzahl der ausgew\u00e4hlten Fahrer und der Fahrer insgesamt angezeigt.<\/p>\n\n<figure class=\"wp-block-image\"><a href=\"https:\/\/www.fmsdocumentation.com\/wp-content\/uploads\/2018\/12\/340.png\"><img loading=\"lazy\" decoding=\"async\" width=\"549\" height=\"295\" src=\"https:\/\/www.fmsdocumentation.com\/wp-content\/uploads\/2018\/12\/340.png\" alt=\"\" class=\"wp-image-6718\" srcset=\"https:\/\/www.fmsdocumentation.com\/wp-content\/uploads\/2018\/12\/340.png 549w, https:\/\/www.fmsdocumentation.com\/wp-content\/uploads\/2018\/12\/340-300x161.png 300w\" sizes=\"auto, (max-width: 549px) 100vw, 549px\" \/><\/a><\/figure>\n\n<p><strong>Geozonen<\/strong> \u2013 erm\u00f6glicht die Auswahl, welche Geozonen in den Bericht aufgenommen werden sollen. Dies bedeutet, dass nur Ereignisse, die innerhalb der definierten Geozonen stattgefunden haben, im Bericht zu sehen sind. Sie k\u00f6nnen Geozonen in Gruppen ausw\u00e4hlen oder einzeln ausw\u00e4hlen. F\u00fcr den Bericht k\u00f6nnen maximal 500 Geozonen ausgew\u00e4hlt werden. Dieser Vorgang ist genauso wie die Auswahl des Objekts\/Fahrers.<\/p>\n\n<p><strong>Gruppieren nach<\/strong> \u2013 erm\u00f6glicht es, zu definieren, wonach der Bericht gruppiert werden soll, f\u00fcr diesen Bericht ist die folgende Auswahl verf\u00fcgbar:<\/p>\n\n<ul class=\"wp-block-list\"><li>Fahrer<\/li><li>Geozone<\/li><li>Objekt<\/li><\/ul>\n\n<p><strong>Minimierte Version des Berichts<\/strong> \u2013 standardm\u00e4\u00dfig deaktiviert. Wenn Sie diese Option aktivieren, werden alle Geozonendaten f\u00fcr ein Objekt\/einen Fahrer in einer einzigen Zusammenfassung und Detailtabelle zusammengef\u00fchrt, anstatt getrennte Tabellen f\u00fcr jeden im Bericht ausgew\u00e4hlten Tag zu erstellen. Wenn Sie diese Option aktivieren, wird auch die Option <strong>Berichtszusammenfassung anzeigen<\/strong> deaktiviert.<\/p>\n\n<p>Als n\u00e4chstes muss der Benutzer die <strong>Spaltenliste<\/strong> konfigurieren. Dieser Bericht enth\u00e4lt standardm\u00e4\u00dfig die folgenden Parameter:<\/p>\n\n<ul class=\"wp-block-list\"><li>Eintrittszeit \u2013 Datum und Uhrzeit, zu der der Fahrer\/das Fahrzeug in eine vordefinierte Geozone eingetreten ist. Auswahl kann nicht aufgehoben werden.<\/li><li>Austrittszeit \u2013 das Datum und die Uhrzeit, zu der der Fahrer\/das Fahrzeug eine vordefinierte Geozone verlassen hat. Die Auswahl kann nicht aufgehoben werden.<\/li><li>Geozonenname \u2013 der Name der betretenen\/verlassenen Geozone<\/li><\/ul>\n\n<p>Weitere optionale Parameter, die in der Spaltenliste ausgew\u00e4hlt <strong>werden k\u00f6nnen<\/strong>:<\/p>\n\n<ul class=\"wp-block-list\"><li>Durchschnittlicher Kraftstoffverbrauch \u2013 der durchschnittliche Kraftstoffverbrauch innerhalb der Geozone<\/li><li>DIN X (mit X = 1~4) Arbeitszeit \u2013 zeigt die Arbeitszeit f\u00fcr das Fahrzeug an (wenn die Z\u00fcndung auf der ausgew\u00e4hlten DIN 1~4 eingestellt wurde)<\/li><li>Name des Fahrers \u2013 der Name des Fahrers<\/li><li>Fahrzeit \u2013 die Zeit, w\u00e4hrend der die Z\u00fcndung eingeschaltet war<\/li><li>Endstandort \u2013 die Adresse des Standorts, an dem das Laufwerk\/Objekt die Geozone verlassen hat<\/li><li>Endstandort \u2013 die Adresse des Standorts, an dem der Fahrer\/das Objekt die Geozone verlassen hat<\/li><li>Verbrauchter Kraftstoff \u2013 der Kraftstoffverbrauch in Litern innerhalb der Geozone<\/li><li>Laufleistung am Ende \u2013 die Laufleistung zum Zeitpunkt des Verlassens einer Geozone<\/li><li>Zur\u00fcckgelegte Kilometer &#8211; die Gesamtkilometer, die w\u00e4hrend des Tages innerhalb der Geozone zur\u00fcckgelegt wurde<\/li><li>Startort \u2013 die Adresse des Ortes, an dem der Fahrer\/das Objekt in die Geozone eingefahren ist<\/li><li>Stoppzeit \u2013 die Zeit, zu der das Fahrzeug gestoppt wurde<\/li><li>Besuchszeit \u2013 die Gesamtzeit, die tags\u00fcber in der Geozone verbracht wurde<\/li><\/ul>\n\n<p><strong>Berichtzusammenfassung anzeigen<\/strong> \u2013 standardm\u00e4\u00dfig aktiviert. Diese Option enth\u00e4lt einen zusammenfassenden Abschnitt im Bericht. Dadurch werden alle Informationen im Bericht zusammengefasst und die zuvor ausgew\u00e4hlten <strong>Spalten in eine Zusammenfassung<\/strong> aufgenommen.<\/p>\n\n<p>Die folgenden Spalten befinden sich standardm\u00e4\u00dfig in der <strong>Zusammenfassung<\/strong>:<\/p>\n\n<ul class=\"wp-block-list\"><li>Fahrzeug \u2013 der Name des Fahrzeugs. Auswahl kann nicht aufgehoben werden.<\/li><\/ul>\n\n<p>Weitere optionale Parameter, die in der <strong>\u00dcbersichtsspaltenliste<\/strong> ausgew\u00e4hlt werden k\u00f6nnen:<\/p>\n\n<ul class=\"wp-block-list\"><li>Fahrzeit \u2013 die Zeit, w\u00e4hrend der die Z\u00fcndung eingeschaltet war<\/li><li>Eintritt in Geozonen \u2013 die Anzahl der Eintritte des Fahrers\/Fahrzeugs in vordefinierte Geozonen<\/li><li>Kraftstoffverbrauch \u2013 die Gesamtmenge des verbrauchten Kraftstoffs<\/li><li>Zur\u00fcckgelegte Kilometer &#8211; die Gesamtkilometer, die w\u00e4hrend des Tages innerhalb der Geozone zur\u00fcckgelegt wurde<\/li><li>Stoppzeit \u2013 die Zeit, zu der das Fahrzeug gestoppt wurde<\/li><li>Besuchte Zeit \u2013 die Gesamtzeit, die w\u00e4hrend des Tages in der Geozone verbracht wird<\/li><\/ul>\n\n<p>Nach der Auswahl der Parameter in den Spalten muss der Benutzer die <strong>Geozonen<\/strong> ausw\u00e4hlen, f\u00fcr die dieser Bericht generiert werden soll, so dass nur diejenigen Ereignisse, die mit den ausgew\u00e4hlten Geozonen in Verbindung stehen, im Bericht aufgef\u00fchrt werden. Die Auswahl ist gleich der Fahrer-\/Objektauswahl.<\/p>\n\n<figure class=\"wp-block-image\"><a href=\"https:\/\/www.fmsdocumentation.com\/wp-content\/uploads\/2020\/09\/222.png\"><img loading=\"lazy\" decoding=\"async\" width=\"1024\" height=\"430\" src=\"https:\/\/www.fmsdocumentation.com\/wp-content\/uploads\/2020\/09\/222-1024x430.png\" alt=\"\" class=\"wp-image-9919\" srcset=\"https:\/\/www.fmsdocumentation.com\/wp-content\/uploads\/2020\/09\/222-1024x430.png 1024w, https:\/\/www.fmsdocumentation.com\/wp-content\/uploads\/2020\/09\/222-300x126.png 300w, https:\/\/www.fmsdocumentation.com\/wp-content\/uploads\/2020\/09\/222-768x322.png 768w, https:\/\/www.fmsdocumentation.com\/wp-content\/uploads\/2020\/09\/222.png 1489w\" sizes=\"auto, (max-width: 1024px) 100vw, 1024px\" \/><\/a><\/figure>\n\n<p>Um den Bericht abzuschlie\u00dfen und zu generieren, muss der Benutzer auf die Taste <strong>Generieren<\/strong> klicken. Um die Erstellung eines Berichts abzubrechen, muss der Benutzer auf die Taste <strong>Abbrechen<\/strong> klicken.<\/p>\n\n<figure class=\"wp-block-image\"><a href=\"https:\/\/www.fmsdocumentation.com\/wp-content\/uploads\/2017\/04\/202.png\"><img loading=\"lazy\" decoding=\"async\" width=\"569\" height=\"79\" src=\"https:\/\/www.fmsdocumentation.com\/wp-content\/uploads\/2017\/04\/202.png\" alt=\"\" class=\"wp-image-398\" srcset=\"https:\/\/www.fmsdocumentation.com\/wp-content\/uploads\/2017\/04\/202.png 569w, https:\/\/www.fmsdocumentation.com\/wp-content\/uploads\/2017\/04\/202-300x42.png 300w\" sizes=\"auto, (max-width: 569px) 100vw, 569px\" \/><\/a><\/figure>\n\n<hr class=\"wp-block-separator\"\/>\n\n<p><div class=\"alignleft\"><a href=\"https:\/\/www.fmsdocumentation.com\/de\/berichte-menue\/kraftstofftankbericht\/\" title=\"Kraftstofftankbericht\"><span class=\"arrow\">\u2039 &nbsp <\/span> Kraftstofftankbericht <\/a><\/div> <div class=\"alignright\"><a href=\"https:\/\/www.fmsdocumentation.com\/de\/berichte-menue\/bundesstaatsbericht\/\" title=\"Bundesstaatsbericht\">Bundesstaatsbericht <span class=\"arrow\"> &nbsp\u203a <\/span> <\/a><\/div><\/p>\n","protected":false},"excerpt":{"rendered":"<p>Geozonenbericht \u2013 Dieser Berichtstyp konzentriert sich haupts\u00e4chlich auf Aktivit\u00e4ten rund um und innerhalb bestimmter Geozonen. Die Geozonen werden vom Benutzer im Geozonen-Men\u00fcbestimmt. Das erste, was der Benutzer ausw\u00e4hlen muss, ist der Datumsbereich, f\u00fcr den dieser Bericht generiert wird. Datumsbereich \u2013 Um ein Datum auszuw\u00e4hlen, muss der Benutzer auf \u201eDatumsbereich ausw\u00e4hlen\u201c klicken, um das Kalenderfenster zu &hellip; <a href=\"https:\/\/www.fmsdocumentation.com\/de\/berichte-menue\/geozonenbericht\/\" class=\"more-link\"><span class=\"screen-reader-text\">Geozonenbericht<\/span> weiterlesen<\/a><\/p>\n","protected":false},"author":1,"featured_media":0,"parent":11758,"menu_order":9,"comment_status":"closed","ping_status":"closed","template":"","meta":{"footnotes":""},"class_list":["post-11845","page","type-page","status-publish","hentry"],"_links":{"self":[{"href":"https:\/\/www.fmsdocumentation.com\/de\/wp-json\/wp\/v2\/pages\/11845","targetHints":{"allow":["GET"]}}],"collection":[{"href":"https:\/\/www.fmsdocumentation.com\/de\/wp-json\/wp\/v2\/pages"}],"about":[{"href":"https:\/\/www.fmsdocumentation.com\/de\/wp-json\/wp\/v2\/types\/page"}],"author":[{"embeddable":true,"href":"https:\/\/www.fmsdocumentation.com\/de\/wp-json\/wp\/v2\/users\/1"}],"replies":[{"embeddable":true,"href":"https:\/\/www.fmsdocumentation.com\/de\/wp-json\/wp\/v2\/comments?post=11845"}],"version-history":[{"count":1,"href":"https:\/\/www.fmsdocumentation.com\/de\/wp-json\/wp\/v2\/pages\/11845\/revisions"}],"predecessor-version":[{"id":11846,"href":"https:\/\/www.fmsdocumentation.com\/de\/wp-json\/wp\/v2\/pages\/11845\/revisions\/11846"}],"up":[{"embeddable":true,"href":"https:\/\/www.fmsdocumentation.com\/de\/wp-json\/wp\/v2\/pages\/11758"}],"wp:attachment":[{"href":"https:\/\/www.fmsdocumentation.com\/de\/wp-json\/wp\/v2\/media?parent=11845"}],"curies":[{"name":"wp","href":"https:\/\/api.w.org\/{rel}","templated":true}]}}