{"id":11855,"date":"2022-06-15T09:03:32","date_gmt":"2022-06-15T06:03:32","guid":{"rendered":"https:\/\/www.fmsdocumentation.com\/berichte-menue\/bundesstaatsbericht\/"},"modified":"2022-06-15T09:03:34","modified_gmt":"2022-06-15T06:03:34","slug":"bundesstaatsbericht","status":"publish","type":"page","link":"https:\/\/www.fmsdocumentation.com\/de\/berichte-menue\/bundesstaatsbericht\/","title":{"rendered":"Bundesstaatsbericht"},"content":{"rendered":"\n<p><p class=\"note\"><strong>Hinweis<\/strong><br\/>Diese Berichte sind nur f\u00fcr Benutzer mit BASIC USA und STANDARD-USA-Pl\u00e4nen verf\u00fcgbar.<br\/><\/p><\/p>\n\n<p><p class=\"note\"><strong>Hinweis<\/strong><br\/>Alaska, Hawaii und der District of Columbia sind nicht im Bericht enthalten.<br\/><\/p><\/p>\n\n<p><strong>Bundesstaatsbericht<\/strong> \u2013 dieser Berichtstyp enth\u00e4lt Informationen \u00fcber die Fahrzeugaktivit\u00e4t in den Staaten der Vereinigten Staaten oder Kanadas.<\/p>\n\n<p><strong>Objekte\u2013<\/strong> W\u00e4hlen Sie die Objekte aus der Dropdownliste aus, f\u00fcr die der Bericht generiert werden soll.<\/p>\n\n<p>Die Liste enth\u00e4lt auch <strong>Gruppen<\/strong> von Objekten. Der Benutzer kann eine ganze Gruppe ausw\u00e4hlen, indem er das Markierungsfeld vor der Gruppe kennzeichnet oder auf die Taste <strong>+<\/strong> klickt, um die Gruppe zu erweitern und zu sehen, welche Objekte sich in der Gruppe befinden. Um die Gruppe zusammenzuklappen, muss der Benutzer auf die Taste <strong>\u2013<\/strong>klicken. Einzelne Objekte k\u00f6nnen aus einer Gruppe ausgew\u00e4hlt werden. Es muss darauf geachtet werden, dass, wenn ein Objekt ausgew\u00e4hlt wird, das in mehreren Gruppen vorhanden ist, es in jeder Gruppe hervorgehoben wird, wie unten im Bild gezeigt. Wenn eine ganze Gruppe ausgew\u00e4hlt ist, ist das Markierungsfeld blau mit einem wei\u00dfen H\u00e4kchen. Wenn nur ein Teil der Gruppe ausgew\u00e4hlt ist, hat die Gruppe ein blaues Quadrat im Markierungsfeld. Der Benutzer kann auch die Suchleiste verwenden, um eine lange Liste von Objekten und Gruppen durchzugehen. Alle Gruppen k\u00f6nnen ausgew\u00e4hlt oder die Auswahl kann aufgehoben werden, indem Sie das Markierungsfeld neben <strong>Alle Gruppen<\/strong> ausw\u00e4hlen aktivieren. Die Anzahl der ausgew\u00e4hlten Objekte und der Gesamtobjekte wird in der oberen rechten Ecke der Liste angezeigt.<\/p>\n\n<figure class=\"wp-block-image is-resized\"><a href=\"https:\/\/www.fmsdocumentation.com\/wp-content\/uploads\/2018\/12\/281.png\"><img loading=\"lazy\" decoding=\"async\" src=\"https:\/\/www.fmsdocumentation.com\/wp-content\/uploads\/2018\/12\/281.png\" alt=\"\" class=\"wp-image-6727\" width=\"532\" height=\"288\" srcset=\"https:\/\/www.fmsdocumentation.com\/wp-content\/uploads\/2018\/12\/281.png 549w, https:\/\/www.fmsdocumentation.com\/wp-content\/uploads\/2018\/12\/281-300x162.png 300w\" sizes=\"auto, (max-width: 532px) 100vw, 532px\" \/><\/a><\/figure>\n\n<p>Es k\u00f6nnen bis zu 100 Objekte gleichzeitig ausgew\u00e4hlt werden.<\/p>\n\n<p><strong>Datumsbereich<\/strong> \u2013 Um ein Datum auszuw\u00e4hlen, muss der Benutzer auf <strong>Datumsbereich ausw\u00e4hlen<\/strong> klicken, um das Kalenderfenster zu \u00f6ffnen. Um ein Anfangs-\/Enddatum auszuw\u00e4hlen, muss der Benutzer einfach auf das gew\u00fcnschte Datum und dann auf das entgegengesetzte Datum wechseln. Die ausgew\u00e4hlten Tage werden blau hervorgehoben. Der aktuelle Tag wird durch ein kleines blaues Dreieck auf der oberen linken Seite des Tages hervorgehoben. Wenn der aktuelle Tag ausgew\u00e4hlt (hervorgehoben) wird, wechselt das Dreieck in Wei\u00df. Danach kann der Benutzer festlegen, ab welcher Stunde des Anfangsdatums bis zu welcher Stunde des Enddatums der Verlauf angezeigt werden soll. Um die \u00c4nderungen umzusetzen, klicken Sie auf<strong>Anwenden<\/strong>.<\/p>\n\n<figure class=\"wp-block-image is-resized\"><a href=\"https:\/\/www.fmsdocumentation.com\/wp-content\/uploads\/2017\/04\/136-9.png\"><img loading=\"lazy\" decoding=\"async\" src=\"https:\/\/www.fmsdocumentation.com\/wp-content\/uploads\/2017\/04\/136-9.png\" alt=\"\" class=\"wp-image-1170\" width=\"487\" height=\"468\" srcset=\"https:\/\/www.fmsdocumentation.com\/wp-content\/uploads\/2017\/04\/136-9.png 503w, https:\/\/www.fmsdocumentation.com\/wp-content\/uploads\/2017\/04\/136-9-300x288.png 300w\" sizes=\"auto, (max-width: 487px) 100vw, 487px\" \/><\/a><\/figure>\n\n<p>Der Mindestzeitraum ist ein Tag. Um einen Tag auszuw\u00e4hlen, klicken Sie einfach die linke Maustaste doppelt auf den gew\u00fcnschten Tag, um ihn auszuw\u00e4hlen.<br\/>Der maximale Zeitraum betr\u00e4gt drei Monate (90 Tage). Sie k\u00f6nnen keinen l\u00e4ngeren Zeitraum ausw\u00e4hlen.<\/p>\n\n<p>Danach muss der Benutzer die <strong>Spaltenliste<\/strong>konfigurieren. Dieser Bericht enth\u00e4lt die folgenden standardm\u00e4\u00dfig ausgew\u00e4hlten Parameter:<\/p>\n\n<ul class=\"wp-block-list\"><li>Uhrzeit eingeben \u2013 Uhrzeit und Datum, an dem das Fahrzeug in einen Bundesstaat eingetreten ist<\/li><li>Name des Bundesstaates \u2013 der Name des US-amerikanischen\/kanadischen Bundesstaates<\/li><li>Kilometerzahl &#8211; gefahrene Gesamtkilometerzahl<\/li><\/ul>\n\n<p>Weitere optionale Parameter, die in der Spaltenliste ausgew\u00e4hlt <strong>werden k\u00f6nnen<\/strong>:<\/p>\n\n<ul class=\"wp-block-list\"><li>Austrittszeit \u2013 Uhrzeit und Datum, an dem das Fahrzeug einen Bundesstaat verlassen hat<\/li><li>Koordinaten eingeben \u2013 Koordinaten, von wo aus der Staat eingegeben wurde<\/li><li>Austrittskoordinaten \u2013 Koordinaten, an denen der Bundesstaat verlassen wurde<\/li><li>Entrittskoordinaten \u2013 Koordinaten, an denen der Bundesstaat betreten wurde<\/li><li>Verlassen\u2013 der Name des Bundesstaates, den das Fahrzeug verlassen hat<\/li><li>Arbeitsdauer \u2013 Zeit, die in einem Staat gearbeitet wird<\/li><li>Leerlaufdauer \u2013 Zeit, die im Leerlauf in einem Bundesstaat verbracht wurde<\/li><li>Stoppdauer &#8211; Zeit, die in einem Bundesstaat im Stillstand verbracht wurde<\/li><li>Kraftstoffverbrauch \u2013 die Menge des verbrauchten Kraftstoffs in Litern<\/li><li>Fahrer \u2013 der Name des Fahrers<\/li><li>Eintrittstandort \u2013 die Adresse, von der aus ein Bundesstaat betreten wurde<\/li><li>Austrittsstandort \u2013 die Adresse, von der aus ein Staat verlassen wurde<\/li><li>Eintrittstandort \u2013 die Adresse, von der aus ein Bundesstaat betreten wurde<\/li><\/ul>\n\n<figure class=\"wp-block-image\"><a href=\"https:\/\/www.fmsdocumentation.com\/wp-content\/uploads\/2020\/12\/456.png\"><img loading=\"lazy\" decoding=\"async\" class=\"alignnone wp-image-10522 \" src=\"https:\/\/www.fmsdocumentation.com\/wp-content\/uploads\/2020\/12\/456-1024x294.png\" alt=\"\" width=\"657\" height=\"188\" srcset=\"https:\/\/www.fmsdocumentation.com\/wp-content\/uploads\/2020\/12\/456-1024x294.png 1024w, https:\/\/www.fmsdocumentation.com\/wp-content\/uploads\/2020\/12\/456-300x86.png 300w, https:\/\/www.fmsdocumentation.com\/wp-content\/uploads\/2020\/12\/456-768x221.png 768w, https:\/\/www.fmsdocumentation.com\/wp-content\/uploads\/2020\/12\/456.png 1217w\" sizes=\"auto, (max-width: 657px) 100vw, 657px\" \/><\/a><\/figure>\n\n<p>Um den Bericht abzuschlie\u00dfen und zu generieren, muss der Benutzer auf die Taste <strong>Generieren<\/strong> klicken. Um die Erstellung eines Berichts abzubrechen, muss der Benutzer auf die Taste <strong>Abbrechen<\/strong> klicken.<\/p>\n\n<figure class=\"wp-block-image\"><a href=\"https:\/\/www.fmsdocumentation.com\/wp-content\/uploads\/2017\/04\/202.png\"><img loading=\"lazy\" decoding=\"async\" width=\"569\" height=\"79\" src=\"https:\/\/www.fmsdocumentation.com\/wp-content\/uploads\/2017\/04\/202.png\" alt=\"\" class=\"wp-image-398\" srcset=\"https:\/\/www.fmsdocumentation.com\/wp-content\/uploads\/2017\/04\/202.png 569w, https:\/\/www.fmsdocumentation.com\/wp-content\/uploads\/2017\/04\/202-300x42.png 300w\" sizes=\"auto, (max-width: 569px) 100vw, 569px\" \/><\/a><\/figure>\n\n<hr class=\"wp-block-separator\"\/>\n\n<p><div class=\"alignleft\"><a href=\"https:\/\/www.fmsdocumentation.com\/de\/berichte-menue\/geozonenbericht\/\" title=\"Geozonenbericht\"><span class=\"arrow\">\u2039 &nbsp <\/span> Geozonenbericht <\/a><\/div> <div class=\"alignright\"><a href=\"https:\/\/www.fmsdocumentation.com\/de\/berichte-menue\/ueber-dem-tempolimit-parameter-bericht\/\" title=\"\u00dcber-dem-Tempolimit-Parameter-Bericht\">\u00dcber-dem-Tempolimit-Parameter-Bericht <span class=\"arrow\"> &nbsp\u203a <\/span> <\/a><\/div><\/p>\n","protected":false},"excerpt":{"rendered":"<p>HinweisDiese Berichte sind nur f\u00fcr Benutzer mit BASIC USA und STANDARD-USA-Pl\u00e4nen verf\u00fcgbar. HinweisAlaska, Hawaii und der District of Columbia sind nicht im Bericht enthalten. Bundesstaatsbericht \u2013 dieser Berichtstyp enth\u00e4lt Informationen \u00fcber die Fahrzeugaktivit\u00e4t in den Staaten der Vereinigten Staaten oder Kanadas. Objekte\u2013 W\u00e4hlen Sie die Objekte aus der Dropdownliste aus, f\u00fcr die der Bericht generiert &hellip; <a href=\"https:\/\/www.fmsdocumentation.com\/de\/berichte-menue\/bundesstaatsbericht\/\" class=\"more-link\"><span class=\"screen-reader-text\">Bundesstaatsbericht<\/span> weiterlesen<\/a><\/p>\n","protected":false},"author":13,"featured_media":0,"parent":11758,"menu_order":10,"comment_status":"closed","ping_status":"closed","template":"","meta":{"footnotes":""},"class_list":["post-11855","page","type-page","status-publish","hentry"],"_links":{"self":[{"href":"https:\/\/www.fmsdocumentation.com\/de\/wp-json\/wp\/v2\/pages\/11855","targetHints":{"allow":["GET"]}}],"collection":[{"href":"https:\/\/www.fmsdocumentation.com\/de\/wp-json\/wp\/v2\/pages"}],"about":[{"href":"https:\/\/www.fmsdocumentation.com\/de\/wp-json\/wp\/v2\/types\/page"}],"author":[{"embeddable":true,"href":"https:\/\/www.fmsdocumentation.com\/de\/wp-json\/wp\/v2\/users\/13"}],"replies":[{"embeddable":true,"href":"https:\/\/www.fmsdocumentation.com\/de\/wp-json\/wp\/v2\/comments?post=11855"}],"version-history":[{"count":3,"href":"https:\/\/www.fmsdocumentation.com\/de\/wp-json\/wp\/v2\/pages\/11855\/revisions"}],"predecessor-version":[{"id":11860,"href":"https:\/\/www.fmsdocumentation.com\/de\/wp-json\/wp\/v2\/pages\/11855\/revisions\/11860"}],"up":[{"embeddable":true,"href":"https:\/\/www.fmsdocumentation.com\/de\/wp-json\/wp\/v2\/pages\/11758"}],"wp:attachment":[{"href":"https:\/\/www.fmsdocumentation.com\/de\/wp-json\/wp\/v2\/media?parent=11855"}],"curies":[{"name":"wp","href":"https:\/\/api.w.org\/{rel}","templated":true}]}}