{"id":11861,"date":"2022-06-15T10:04:22","date_gmt":"2022-06-15T07:04:22","guid":{"rendered":"https:\/\/www.fmsdocumentation.com\/berichte-menue\/ueber-dem-tempolimit-parameter-bericht\/"},"modified":"2022-06-15T10:04:22","modified_gmt":"2022-06-15T07:04:22","slug":"ueber-dem-tempolimit-parameter-bericht","status":"publish","type":"page","link":"https:\/\/www.fmsdocumentation.com\/de\/berichte-menue\/ueber-dem-tempolimit-parameter-bericht\/","title":{"rendered":"\u00dcber-dem-Tempolimit-Parameter-Bericht"},"content":{"rendered":"<p><strong>\u00dcber-dem-Tempolimit-Parameter-Bericht<\/strong> \u2013 Dieser Berichtstyp konzentriert sich auf die Fahrergeschwindigkeit und Leerlaufinformationen, haupts\u00e4chlich um zu erfahren, wann der Fahrer \u00fcber dem Tempolimit fuhr und wann das Fahrzeug im Leerlauf war. Das erste, was der Benutzer ausw\u00e4hlen muss, ist der Datumsbereich, f\u00fcr den dieser Bericht generiert wird.<\/p>\n<p><strong>Datumsbereich<\/strong> \u2013 Um ein Datum auszuw\u00e4hlen, muss der Benutzer auf \u201eDatumsbereich ausw\u00e4hlen\u201c klicken, um das Kalenderfenster zu \u00f6ffnen. Der Kalenderbereich ist in allen FMS identisch. Um ein Anfangs-\/Enddatum auszuw\u00e4hlen, muss der Benutzer einfach auf das gew\u00fcnschte Datum und dann auf das entgegengesetzte Datum klicken. Die ausgew\u00e4hlten Tage werden blau hervorgehoben. Der aktuelle Tag wird durch ein kleines blaues Dreieck auf der oberen linken Seite des Tages hervorgehoben. Wenn der aktuelle Tag ausgew\u00e4hlt (hervorgehoben) wird, wechselt das Dreieck in Wei\u00df. Danach kann der Benutzer festlegen, ab welcher Stunde des Anfangsdatums bis zu welcher Stunde des Enddatums der Verlauf angezeigt werden soll. Um die \u00c4nderungen zu \u00fcbernehmen, muss auf die Taste \u201eAnwenden\u201c geklickt werden, da die \u00c4nderungen sonst nicht gespeichert werden.<\/p>\n<p><a href=\"https:\/\/www.fmsdocumentation.com\/wp-content\/uploads\/2017\/04\/136-11.png\" data-featherlight=\"image\"><img loading=\"lazy\" decoding=\"async\" class=\"alignnone size-full wp-image-1174\" src=\"https:\/\/www.fmsdocumentation.com\/wp-content\/uploads\/2017\/04\/136-11.png\" sizes=\"auto, (max-width: 503px) 100vw, 503px\" srcset=\"https:\/\/www.fmsdocumentation.com\/wp-content\/uploads\/2017\/04\/136-11.png 503w, https:\/\/www.fmsdocumentation.com\/wp-content\/uploads\/2017\/04\/136-11-300x288.png 300w\" alt=\"\" width=\"503\" height=\"483\"><\/a><\/p>\n<p>Der Mindestzeitraum ist ein Tag. Um einen Tag auszuw\u00e4hlen, klicken Sie einfach mit der linken Maustaste doppelt auf den gew\u00fcnschten Tag, um ihn auszuw\u00e4hlen. Die maximale Zeitraum betr\u00e4gt 1 Monat.<\/p>\n<p><strong>Bericht basierend auf<\/strong>\u2013 Diese Einstellung definiert das Hauptziel des Berichts. Es stehen zwei Optionen zur Verf\u00fcgung:<\/p>\n<ul>\n<li>Fahrer<\/li>\n<li>Objekte<\/li>\n<\/ul>\n<p>Der generierte Bericht zeigt Informationen f\u00fcr das ausgew\u00e4hlte Ziel (<em>Fahrer oder Objekte<\/em>) an. Wenn <strong>Objekte<\/strong> ausgew\u00e4hlt ist, zeigt der Bericht Informationen f\u00fcr bestimmte ausgew\u00e4hlte Objekte an.<\/p>\n<p><strong>Objekte\/Fahrer<\/strong>\u2013 (H<em>\u00e4ngt von der Auswahl in der Option \u201eBericht basierend auf\u201c ab<\/em>) dies erm\u00f6glicht dem Benutzer die Auswahl, f\u00fcr welche Objekte\/Fahrer der Bericht generiert wird.<\/p>\n<p>Wenn <em>Objekte<\/em> ausgew\u00e4hlt ist, umfasst die Liste auch <strong>Gruppen<\/strong> von Objekten. Der Benutzer kann eine ganze Gruppe ausw\u00e4hlen, indem er das Markierungsfeld vor der Gruppe kennzeichnet oder auf die Taste \u201e+\u201c klickt, um die Gruppe zu erweitern und zu sehen, welche Objekte sich in der Gruppe befinden. Um die Gruppe zusammenzuklappen, muss der Benutzer auf die Taste \u201e-\u201c klicken. <strong>Einzelne Objekte k\u00f6nnen aus einer Gruppe ausgew\u00e4hlt werden<\/strong>. Es muss darauf geachtet werden, dass ein Objekt, das in mehreren Gruppen vorhanden ist, in jeder Gruppe hervorgehoben wird, wie auf dem folgenden Bild gezeigt. Wenn eine ganze Gruppe ausgew\u00e4hlt ist, ist das Markierungsfeld blau mit einem wei\u00dfen H\u00e4kchen. Wenn nur ein Teil der Gruppe ausgew\u00e4hlt ist, hat die Gruppe ein blaues Quadrat im Markierungsfeld (siehe Abbildung unten). Der Benutzer kann auch die Suche verwenden, um schnell eine lange Liste von Objekten und Gruppen zu durchsuchen. Alle Gruppen k\u00f6nnen ausgew\u00e4hlt oder die Auswahl kann aufgehoben werden, indem Sie das Markierungsfeld neben \u201eAlle Gruppen ausw\u00e4hlen\u201c aktivieren. Die Anzahl der ausgew\u00e4hlten Objekte und der Gesamtobjekte wird in der oberen rechten Ecke der Liste angezeigt.<\/p>\n<p><a href=\"https:\/\/www.fmsdocumentation.com\/wp-content\/uploads\/2018\/12\/281.png\" data-featherlight=\"image\"><img loading=\"lazy\" decoding=\"async\" class=\"alignnone size-full wp-image-6727\" src=\"https:\/\/www.fmsdocumentation.com\/wp-content\/uploads\/2018\/12\/281.png\" sizes=\"auto, (max-width: 549px) 100vw, 549px\" srcset=\"https:\/\/www.fmsdocumentation.com\/wp-content\/uploads\/2018\/12\/281.png 549w, https:\/\/www.fmsdocumentation.com\/wp-content\/uploads\/2018\/12\/281-300x162.png 300w\" alt=\"\" width=\"549\" height=\"297\"><\/a><\/p>\n<p>Wenn <em>Fahler<\/em>ausgew\u00e4hlt ist, werden die Fahrer in der Dropdownliste angezeigt. Um einen Fahrer auszuw\u00e4hlen, muss der Benutzer das Markierungsfeld neben dem Fahrer kennzeichnen. Wenn Sie das Markierungsfeld neben \u201eAlle ausw\u00e4hlen\u201c kennzeichnen, werden alle Fahrer ausgew\u00e4hlt oder die Auswahl wird aufgehoben. Die Liste wird automatisch mit jedem in der Suchleiste eingegebenen Symbol aktualisiert. In der oberen rechten Ecke der Liste wird die Anzahl der ausgew\u00e4hlten Fahrer und die Summer der Fahrer angezeigt.<\/p>\n<p><a href=\"https:\/\/www.fmsdocumentation.com\/wp-content\/uploads\/2018\/12\/340.png\" data-featherlight=\"image\"><img loading=\"lazy\" decoding=\"async\" class=\"alignnone size-full wp-image-6718\" src=\"https:\/\/www.fmsdocumentation.com\/wp-content\/uploads\/2018\/12\/340.png\" sizes=\"auto, (max-width: 549px) 100vw, 549px\" srcset=\"https:\/\/www.fmsdocumentation.com\/wp-content\/uploads\/2018\/12\/340.png 549w, https:\/\/www.fmsdocumentation.com\/wp-content\/uploads\/2018\/12\/340-300x161.png 300w\" alt=\"\" width=\"549\" height=\"295\"><\/a><\/p>\n<p><strong>\u00dcberschrittener Wert<\/strong> \u2013 diese Einstellung definiert, welcher Parameter \u00fcberwacht wird. Folgendes kann ausgew\u00e4hlt werden:<\/p>\n<ul>\n<li>Leerlaufwert<\/li>\n<li>Geschwindigkeitswert<\/li>\n<\/ul>\n<p><strong>Mindestleerlaufzeit (Sekunden)<\/strong> \u2013 verf\u00fcgbar, wenn <em>Leerlaufwert<\/em> ausgew\u00e4hlt ist. Diese Einstellung definiert die Mindestleerlaufzeit in Sekunden, die als Referenz verwendet wird. Nur ganze Zahlen k\u00f6nnen eingegeben werden.<\/p>\n<p><strong>Geschwindigkeitswert<\/strong> \u2013 verf\u00fcgbar, wenn <em>Geschwindigkeitswert<\/em> ausgew\u00e4hlt ist. Diese Einstellung definiert das Tempolimit, das als Referenz verwendet wird. Nur ganze Zahlen k\u00f6nnen eingegeben werden.<\/p>\n<p>Danach muss der Benutzer die <strong>Spaltenliste<\/strong>konfigurieren. Die folgenden Parameter werden standardm\u00e4\u00dfig ausgew\u00e4hlt, wenn der <em>Leerlaufwert<\/em>ausgew\u00e4hlt ist:<\/p>\n<ul>\n<li>Leerlauf-Startzeit \u2013 die Zeit, zu der das Leerlaufereignis ausgel\u00f6st wurde;<\/li>\n<li>Leerlaufdauer \u2013 die Dauer des erkannten Leerlaufs.<\/li>\n<\/ul>\n<p>Die folgenden Parameter werden standardm\u00e4\u00dfig ausgew\u00e4hlt, wenn der <em>Geschwindigkeitswert<\/em> ausgew\u00e4hlt ist:<\/p>\n<ul>\n<li>Zeit der Geschwindigkeits\u00fcberschreitung \u2013 die Zeit, zu der die Geschwindigkeits\u00fcberschreitung ausgel\u00f6st wurde;<\/li>\n<li>Dauer der Geschwindigkeits\u00fcberschreitung \u2013 die Dauer der festgestellten Geschwindigkeits\u00fcberschreitung;<\/li>\n<li>H\u00f6chstgeschwindigkeit \u2013 die H\u00f6chstgeschwindigkeit w\u00e4hrend der Geschwindigkeits\u00fcberschreitung;<\/li>\n<\/ul>\n<p>Folgende Parameter werden unabh\u00e4ngig von der Auswahl standardm\u00e4\u00dfig in die Spaltenliste aufgenommen:<\/p>\n<ul>\n<li>Startkoordinaten \u2013 die Koordinaten, bei denen das Ereignis ausgel\u00f6st wurde;<\/li>\n<li>Startstandort \u2013 die Adresse, an der das Ereignis ausgel\u00f6st wurde;<\/li>\n<li>Google-Starstandort \u2013 ein Hyperlink zum Startort der des Ereignisses in Google Maps;<\/li>\n<li>Fahrer \u2013 der dem Fahrzeug zugewiesene Fahrer.<\/li>\n<\/ul>\n<p>Weitere optionale Parameter, die in der Spaltenliste ausgew\u00e4hlt <strong>werden k\u00f6nnen<\/strong>:<\/p>\n<ul>\n<li>Endkoordinaten &#8211; die Koordinaten, bei denen das Ereignis endete;<\/li>\n<li>Endstandort \u2013 die Adresse, an der das Ereignis endete;<\/li>\n<li>Google-Endstandort \u2013 ein Hyperlink zum Endstandort des Ereignisses in Google Maps;<\/li>\n<li>Leerlaufendzeit \u2013 die Zeit, zu der das Leerlaufereignis endete (wenn<em>Leerlaufwert<\/em> ausgew\u00e4hlt ist)<\/li>\n<li>Geschwindigkeits\u00fcberschreitung-Endzeit \u2013 die Zeit, zu der das Geschwindigkeits\u00fcberschreitungsereignis beendet wurde (wenn der <em>Geschwindigkeits\u00fcberschreitungswert<\/em> ausgew\u00e4hlt ist).<\/li>\n<\/ul>\n<p>Nach Auswahl der Parameter kann der Benutzer die folgende Option aktivieren oder deaktivieren:<\/p>\n<ul>\n<li><strong>Berichtszusammenfassung<\/strong> \u2013 standardm\u00e4\u00dfig aktiviert. Diese Option enth\u00e4lt einen zusammenfassenden Abschnitt im Bericht. Dadurch werden alle Informationen im Bericht zusammengefasst und die zuvor ausgew\u00e4hlten <strong>Spalten in eine Zusammenfassung<\/strong> aufgenommen.<\/li>\n<\/ul>\n<p><a href=\"https:\/\/www.fmsdocumentation.com\/wp-content\/uploads\/2018\/11\/384.png\"><img loading=\"lazy\" decoding=\"async\" class=\"alignnone size-large wp-image-6251\" src=\"https:\/\/www.fmsdocumentation.com\/wp-content\/uploads\/2018\/11\/384-1024x610.png\" alt=\"\" width=\"660\" height=\"393\" srcset=\"https:\/\/www.fmsdocumentation.com\/wp-content\/uploads\/2018\/11\/384-1024x610.png 1024w, https:\/\/www.fmsdocumentation.com\/wp-content\/uploads\/2018\/11\/384-300x179.png 300w, https:\/\/www.fmsdocumentation.com\/wp-content\/uploads\/2018\/11\/384-768x458.png 768w, https:\/\/www.fmsdocumentation.com\/wp-content\/uploads\/2018\/11\/384.png 1220w\" sizes=\"auto, (max-width: 660px) 100vw, 660px\" \/><\/a><\/p>\n<p>Um den Bericht abzuschlie\u00dfen und zu generieren, muss der Benutzer auf die Taste \u201eGenerieren\u201c klicken. Um die Erstellung eines Berichts abzubrechen, muss der Benutzer entweder auf die Taste \u201eAbbrechen\u201c klicken oder irgendwo au\u00dferhalb des Fensters \u201eNeuen Bericht erstellen\u201c klicken.<\/p>\n<p><a href=\"https:\/\/www.fmsdocumentation.com\/wp-content\/uploads\/2017\/04\/202.png\" data-featherlight=\"image\"><img loading=\"lazy\" decoding=\"async\" class=\"alignnone size-full wp-image-398\" src=\"https:\/\/www.fmsdocumentation.com\/wp-content\/uploads\/2017\/04\/202.png\" sizes=\"auto, (max-width: 569px) 100vw, 569px\" srcset=\"https:\/\/www.fmsdocumentation.com\/wp-content\/uploads\/2017\/04\/202.png 569w, https:\/\/www.fmsdocumentation.com\/wp-content\/uploads\/2017\/04\/202-300x42.png 300w\" alt=\"\" width=\"569\" height=\"79\"><\/a><\/p>\n<hr>\n<p><div class=\"alignleft\"><a href=\"https:\/\/www.fmsdocumentation.com\/de\/berichte-menue\/bundesstaatsbericht\/\" title=\"Bundesstaatsbericht\"><span class=\"arrow\">\u2039 &nbsp <\/span> Bundesstaatsbericht <\/a><\/div> <div class=\"alignright\"><a href=\"https:\/\/www.fmsdocumentation.com\/de\/berichte-menue\/temperaturbericht\/\" title=\"Temperaturbericht\">Temperaturbericht <span class=\"arrow\"> &nbsp\u203a <\/span> <\/a><\/div><\/p>\n","protected":false},"excerpt":{"rendered":"<p>\u00dcber-dem-Tempolimit-Parameter-Bericht \u2013 Dieser Berichtstyp konzentriert sich auf die Fahrergeschwindigkeit und Leerlaufinformationen, haupts\u00e4chlich um zu erfahren, wann der Fahrer \u00fcber dem Tempolimit fuhr und wann das Fahrzeug im Leerlauf war. Das erste, was der Benutzer ausw\u00e4hlen muss, ist der Datumsbereich, f\u00fcr den dieser Bericht generiert wird. Datumsbereich \u2013 Um ein Datum auszuw\u00e4hlen, muss der Benutzer auf &hellip; <a href=\"https:\/\/www.fmsdocumentation.com\/de\/berichte-menue\/ueber-dem-tempolimit-parameter-bericht\/\" class=\"more-link\"><span class=\"screen-reader-text\">\u00dcber-dem-Tempolimit-Parameter-Bericht<\/span> weiterlesen<\/a><\/p>\n","protected":false},"author":5,"featured_media":0,"parent":11758,"menu_order":10,"comment_status":"closed","ping_status":"closed","template":"","meta":{"footnotes":""},"class_list":["post-11861","page","type-page","status-publish","hentry"],"_links":{"self":[{"href":"https:\/\/www.fmsdocumentation.com\/de\/wp-json\/wp\/v2\/pages\/11861","targetHints":{"allow":["GET"]}}],"collection":[{"href":"https:\/\/www.fmsdocumentation.com\/de\/wp-json\/wp\/v2\/pages"}],"about":[{"href":"https:\/\/www.fmsdocumentation.com\/de\/wp-json\/wp\/v2\/types\/page"}],"author":[{"embeddable":true,"href":"https:\/\/www.fmsdocumentation.com\/de\/wp-json\/wp\/v2\/users\/5"}],"replies":[{"embeddable":true,"href":"https:\/\/www.fmsdocumentation.com\/de\/wp-json\/wp\/v2\/comments?post=11861"}],"version-history":[{"count":0,"href":"https:\/\/www.fmsdocumentation.com\/de\/wp-json\/wp\/v2\/pages\/11861\/revisions"}],"up":[{"embeddable":true,"href":"https:\/\/www.fmsdocumentation.com\/de\/wp-json\/wp\/v2\/pages\/11758"}],"wp:attachment":[{"href":"https:\/\/www.fmsdocumentation.com\/de\/wp-json\/wp\/v2\/media?parent=11861"}],"curies":[{"name":"wp","href":"https:\/\/api.w.org\/{rel}","templated":true}]}}