{"id":11864,"date":"2022-06-15T10:14:02","date_gmt":"2022-06-15T07:14:02","guid":{"rendered":"https:\/\/www.fmsdocumentation.com\/berichte-menue\/temperaturbericht\/"},"modified":"2022-06-15T10:14:04","modified_gmt":"2022-06-15T07:14:04","slug":"temperaturbericht","status":"publish","type":"page","link":"https:\/\/www.fmsdocumentation.com\/de\/berichte-menue\/temperaturbericht\/","title":{"rendered":"Temperaturbericht"},"content":{"rendered":"<p><strong>Temperaturbericht<\/strong> \u2013 dieser Berichtstyp konzentriert sich haupts\u00e4chlich auf die Daten der Temperatursensoren. Zuerst muss der Benutzer den Datumsbereich ausw\u00e4hlen, f\u00fcr den dieser Bericht generiert wird.<\/p>\n<p><strong>Datumsbereich<\/strong> \u2013 Um ein Datum auszuw\u00e4hlen, muss der Benutzer auf \u201eDatumsbereich ausw\u00e4hlen\u201c klicken, um das Kalenderfenster zu \u00f6ffnen. Der Kalenderbereich ist in allen FMS identisch. Um ein Anfangs-\/Enddatum auszuw\u00e4hlen, muss der Benutzer einfach auf das gew\u00fcnschte Datum und dann auf das entgegengesetzte Datum wechseln. Die ausgew\u00e4hlten Tage werden blau hervorgehoben. Der aktuelle Tag wird durch ein kleines blaues Dreieck auf der oberen linken Seite des Tages hervorgehoben. Wenn der aktuelle Tag ausgew\u00e4hlt (hervorgehoben) wird, wechselt das Dreieck in Wei\u00df. Um ein bevorzugtes Datum auszuw\u00e4hlen, beginnen Sie mit einem Klick auf das End- oder Anfangsdatum (f\u00fcr die Auswahl besteht keine Priorit\u00e4t) und klicken Sie danach das entgegengesetzte Datum (Ende\/Anfang). Danach kann der Benutzer festlegen, ab welcher Stunde des Anfangsdatums bis zu welcher Stunde des Enddatums der Verlauf angezeigt werden soll. Um die \u00c4nderungen zu \u00fcbernehmen, muss die Taste <strong>Anwenden<\/strong> angeklickt werden, andernfalls werden die \u00c4nderungen nicht gespeichert.<\/p>\n<p><a href=\"https:\/\/www.fmsdocumentation.com\/wp-content\/uploads\/2017\/04\/136-9.png\"><img loading=\"lazy\" decoding=\"async\" class=\"alignnone wp-image-1170 size-full\" src=\"https:\/\/www.fmsdocumentation.com\/wp-content\/uploads\/2017\/04\/136-9.png\" alt=\"\" width=\"503\" height=\"483\" srcset=\"https:\/\/www.fmsdocumentation.com\/wp-content\/uploads\/2017\/04\/136-9.png 503w, https:\/\/www.fmsdocumentation.com\/wp-content\/uploads\/2017\/04\/136-9-300x288.png 300w\" sizes=\"auto, (max-width: 503px) 100vw, 503px\" \/><\/a><\/p>\n<p>Der Mindestzeitraum ist ein Tag. Um einen Tag auszuw\u00e4hlen, klicken Sie einfach mit der linken Maustaste doppelt auf den gew\u00fcnschten Tag, um ihn auszuw\u00e4hlen. Anschlie\u00dfend muss der Benutzer die Objekte ausw\u00e4hlen, f\u00fcr die dieser Bericht generiert werden soll.<\/p>\n<p><em>Objekte \u2013 Auf diese Weise kann der Benutzer ausw\u00e4hlen, f\u00fcr welche Objekte der Bericht generiert wird. Die Liste enth\u00e4lt auch Gruppen von Objekten.<\/em> Objekte \u2013 Auf diese Weise kann der Benutzer ausw\u00e4hlen, f\u00fcr welche Objekte der Bericht generiert wird. Die Liste enth\u00e4lt auch <strong>Gruppen<\/strong> von Objekten. Der Benutzer kann eine ganze Gruppe ausw\u00e4hlen, indem er das Markierungsfeld vor der Gruppe kennzeichnet oder auf die Taste <strong>+<\/strong> klickt, um die Gruppe zu erweitern und zu sehen, welche Objekte sich in der Gruppe befinden. Um die Gruppe zusammenzuklappen, muss der Benutzer auf die Taste <strong>\u2013<\/strong> klicken. <strong>Einzelne Objekte k\u00f6nnen aus einer Gruppe ausgew\u00e4hlt werden<\/strong>. Es muss darauf geachtet werden, dass ein Objekt, das in mehreren Gruppen vorhanden ist, in jeder Gruppe hervorgehoben wird, wie auf dem folgenden Bild gezeigt. Wenn eine ganze Gruppe ausgew\u00e4hlt ist, ist das Markierungsfeld blau mit einem wei\u00dfen H\u00e4kchen. Wenn nur ein Teil der Gruppe ausgew\u00e4hlt ist, hat die Gruppe ein blaues Quadrat im Markierungsfeld (siehe Abbildung unten). Der Benutzer kann auch die Suche verwenden, um schnell eine gro\u00dfe Liste von Objekten und Gruppen durchzugehen. Alle Gruppen k\u00f6nnen ausgew\u00e4hlt oder die Auswahl kann aufgehoben werden, indem Sie das Markierungsfeld neben \u201eAlle Gruppen ausw\u00e4hlen\u201c aktivieren. Die Anzahl der ausgew\u00e4hlten Objekte und der Gesamtobjekte wird in der oberen rechten Ecke der Liste angezeigt.<\/p>\n<p><a href=\"https:\/\/www.fmsdocumentation.com\/wp-content\/uploads\/2018\/12\/281.png\" data-featherlight=\"image\"><img loading=\"lazy\" decoding=\"async\" class=\"alignnone size-full wp-image-6727\" src=\"https:\/\/www.fmsdocumentation.com\/wp-content\/uploads\/2018\/12\/281.png\" sizes=\"auto, (max-width: 549px) 100vw, 549px\" srcset=\"https:\/\/www.fmsdocumentation.com\/wp-content\/uploads\/2018\/12\/281.png 549w, https:\/\/www.fmsdocumentation.com\/wp-content\/uploads\/2018\/12\/281-300x162.png 300w\" alt=\"\" width=\"549\" height=\"297\"><\/a><\/p>\n<p>Nachdem Objekte ausgew\u00e4hlt wurden, muss der Benutzer das Spaltintervall einstellen.<\/p>\n<p><strong>Spaltintervall<\/strong> \u2013 erm\u00f6glicht es dem Benutzer, das Zeitintervall zwischen den Temperaturdaten auszuw\u00e4hlen, das hei\u00dft, dass die Temperaturen jedes ausgew\u00e4hlte Zeitintervall angezeigt werden (z. B. alle 30 Minuten). Diese Einstellung kann nur auf voreingestellte Systemintervalle eingestellt werden:<\/p>\n<ul>\n<li>5 Min. \u2013 Standard<\/li>\n<li>15 Min.<\/li>\n<li>30 Min.<\/li>\n<li>45 Min.<\/li>\n<li>1 Stunde<\/li>\n<li>1 Stunde 30 Min.<\/li>\n<li>2 Stunden<\/li>\n<\/ul>\n<p>Nachdem das Spaltintervall konfiguriert ist, muss der Benutzer Parameter in der <strong>Spaltenliste<\/strong>ausw\u00e4hlen. Dieser Bericht enth\u00e4lt standardm\u00e4\u00dfig diese Parameter:<\/p>\n<ul>\n<li>Zeitraum \u2013 Auswahl kann nicht aufgehoben werden; zeigt den Zeitraum an, f\u00fcr den die Temperaturdaten angezeigt werden<\/li>\n<li>Temperaturmittelwert \u2013 zeigt den Mittelwert des Temperatursensors an<\/li>\n<li>H\u00f6chsttemperatur \u2013 zeigt den maximalen registrierten Wert des Temperatursensors an<\/li>\n<li>Mindesttemperatur \u2013 zeigt den minimalen registrierten Wert des Temperatursensors an<\/li>\n<\/ul>\n<p>Alle benutzerdefinierten Eingaben, die so konfiguriert sind, dass sie die Temperatur anzeigen, werden standardm\u00e4\u00dfig auch dem Temperaturbericht hinzugef\u00fcgt. Ein Temperatursensor-Parameter ist erforderlich, um Temperaturdaten anzuzeigen. Jede Eingabe hat 3 Parameter: den Mittelwert, den H\u00f6chstwert und den Mindestwert:<\/p>\n<ul>\n<li>Benutzerdefinierte Eingabe X (beginnt bei 1) Durchschnitt \u2013 Eingabe X durchschnittliche registrierte Temperatur<\/li>\n<li>Benutzerdefinierter Eingabe X (beginnt bei 1) max \u2013 Eingabe X registrierte H\u00f6chsttemperatur<\/li>\n<li>Benutzerdefinierter Eingang X (beginnt bei 1) min \u2013 Eingabe X durchschnittliche Mindesttemperatur<\/li>\n<li>Temperatursensor X (beginnt bei 0) Durchschnitt \u2013 Sensor X durchschnittliche registrierte Temperatur<\/li>\n<li>Temperatursensor X (startet von 0) max \u2013 Sensor X registrierte H\u00f6chsttemperatur<\/li>\n<li>Temperatursensor X (startet bei 0) Min. \u2013 Sensor X registrierte Mindesttemperatur<\/li>\n<\/ul>\n<p>Andere Parameter, die standardm\u00e4\u00dfig nicht enthalten sind, k\u00f6nnen zus\u00e4tzlich ausgew\u00e4hlt werden:<\/p>\n<ul>\n<li>Fahrer \u2013 der Fahrer, der das Fahrzeug f\u00e4hrt<\/li>\n<li>Endposition \u2013 Adresse der letzten Koordinate im ausgew\u00e4hlten Zeitraum<\/li>\n<li>Startposition \u2013 Adresse der ersten Koordinate im ausgew\u00e4hlten Zeitraum<\/li>\n<\/ul>\n<p>Nach Auswahl der Parameter in der Spaltenliste kann der Benutzer die Berichtszusammenfassung aktivieren oder deaktivieren.<\/p>\n<p><strong>Berichtszusammenfassung<\/strong> \u2013 standardm\u00e4\u00dfig aktiviert. Diese Option enth\u00e4lt einen zusammenfassenden Bericht. Dadurch werden alle Informationen im Bericht zusammengefasst. <strong><\/strong><\/p>\n<p><a href=\"https:\/\/www.fmsdocumentation.com\/wp-content\/uploads\/2020\/09\/204.png\"><img loading=\"lazy\" decoding=\"async\" class=\"alignnone wp-image-10043 \" src=\"https:\/\/www.fmsdocumentation.com\/wp-content\/uploads\/2020\/09\/204-1024x320.png\" alt=\"\" width=\"657\" height=\"205\" srcset=\"https:\/\/www.fmsdocumentation.com\/wp-content\/uploads\/2020\/09\/204-1024x320.png 1024w, https:\/\/www.fmsdocumentation.com\/wp-content\/uploads\/2020\/09\/204-300x94.png 300w, https:\/\/www.fmsdocumentation.com\/wp-content\/uploads\/2020\/09\/204-768x240.png 768w, https:\/\/www.fmsdocumentation.com\/wp-content\/uploads\/2020\/09\/204.png 1506w\" sizes=\"auto, (max-width: 657px) 100vw, 657px\" \/><\/a><\/p>\n<p>Um den Bericht abzuschlie\u00dfen und zu generieren, muss der Benutzer auf die Taste <strong>Generieren<\/strong> klicken. Um die Erstellung eines Berichts abzubrechen, muss der Benutzer auf die Taste <strong>Abbrechen<\/strong> klicken.<\/p>\n<p><a href=\"https:\/\/www.fmsdocumentation.com\/wp-content\/uploads\/2017\/04\/202.png\"><img loading=\"lazy\" decoding=\"async\" class=\"alignnone wp-image-398 size-full\" src=\"https:\/\/www.fmsdocumentation.com\/wp-content\/uploads\/2017\/04\/202.png\" alt=\"\" width=\"569\" height=\"79\" srcset=\"https:\/\/www.fmsdocumentation.com\/wp-content\/uploads\/2017\/04\/202.png 569w, https:\/\/www.fmsdocumentation.com\/wp-content\/uploads\/2017\/04\/202-300x42.png 300w\" sizes=\"auto, (max-width: 569px) 100vw, 569px\" \/><\/a><\/p>\n<hr>\n<p><div class=\"alignleft\"><a href=\"https:\/\/www.fmsdocumentation.com\/de\/berichte-menue\/ueber-dem-tempolimit-parameter-bericht\/\" title=\"\u00dcber-dem-Tempolimit-Parameter-Bericht\"><span class=\"arrow\">\u2039 &nbsp <\/span> \u00dcber-dem-Tempolimit-Parameter-Bericht <\/a><\/div> <div class=\"alignright\"><a href=\"https:\/\/www.fmsdocumentation.com\/de\/berichte-menue\/zusammenfassender-reisebericht\/\" title=\"Zusammenfassender Reisebericht\">Zusammenfassender Reisebericht <span class=\"arrow\"> &nbsp\u203a <\/span> <\/a><\/div><\/p>\n","protected":false},"excerpt":{"rendered":"<p>Temperaturbericht \u2013 dieser Berichtstyp konzentriert sich haupts\u00e4chlich auf die Daten der Temperatursensoren. Zuerst muss der Benutzer den Datumsbereich ausw\u00e4hlen, f\u00fcr den dieser Bericht generiert wird. Datumsbereich \u2013 Um ein Datum auszuw\u00e4hlen, muss der Benutzer auf \u201eDatumsbereich ausw\u00e4hlen\u201c klicken, um das Kalenderfenster zu \u00f6ffnen. Der Kalenderbereich ist in allen FMS identisch. Um ein Anfangs-\/Enddatum auszuw\u00e4hlen, muss &hellip; <a href=\"https:\/\/www.fmsdocumentation.com\/de\/berichte-menue\/temperaturbericht\/\" class=\"more-link\"><span class=\"screen-reader-text\">Temperaturbericht<\/span> weiterlesen<\/a><\/p>\n","protected":false},"author":1,"featured_media":0,"parent":11758,"menu_order":11,"comment_status":"closed","ping_status":"closed","template":"","meta":{"footnotes":""},"class_list":["post-11864","page","type-page","status-publish","hentry"],"_links":{"self":[{"href":"https:\/\/www.fmsdocumentation.com\/de\/wp-json\/wp\/v2\/pages\/11864","targetHints":{"allow":["GET"]}}],"collection":[{"href":"https:\/\/www.fmsdocumentation.com\/de\/wp-json\/wp\/v2\/pages"}],"about":[{"href":"https:\/\/www.fmsdocumentation.com\/de\/wp-json\/wp\/v2\/types\/page"}],"author":[{"embeddable":true,"href":"https:\/\/www.fmsdocumentation.com\/de\/wp-json\/wp\/v2\/users\/1"}],"replies":[{"embeddable":true,"href":"https:\/\/www.fmsdocumentation.com\/de\/wp-json\/wp\/v2\/comments?post=11864"}],"version-history":[{"count":1,"href":"https:\/\/www.fmsdocumentation.com\/de\/wp-json\/wp\/v2\/pages\/11864\/revisions"}],"predecessor-version":[{"id":11869,"href":"https:\/\/www.fmsdocumentation.com\/de\/wp-json\/wp\/v2\/pages\/11864\/revisions\/11869"}],"up":[{"embeddable":true,"href":"https:\/\/www.fmsdocumentation.com\/de\/wp-json\/wp\/v2\/pages\/11758"}],"wp:attachment":[{"href":"https:\/\/www.fmsdocumentation.com\/de\/wp-json\/wp\/v2\/media?parent=11864"}],"curies":[{"name":"wp","href":"https:\/\/api.w.org\/{rel}","templated":true}]}}