{"id":11870,"date":"2022-06-15T16:19:19","date_gmt":"2022-06-15T13:19:19","guid":{"rendered":"https:\/\/www.fmsdocumentation.com\/berichte-menue\/zusammenfassender-reisebericht\/"},"modified":"2022-06-15T16:19:21","modified_gmt":"2022-06-15T13:19:21","slug":"zusammenfassender-reisebericht","status":"publish","type":"page","link":"https:\/\/www.fmsdocumentation.com\/de\/berichte-menue\/zusammenfassender-reisebericht\/","title":{"rendered":"Zusammenfassender Reisebericht"},"content":{"rendered":"\n<p><strong>Zusammenfassender Reisebericht<\/strong> \u2013 konzentriert sich haupts\u00e4chlich auf die Zusammenfassung von Fahrten, Laufleistung, Arbeitsbeginn\/-ende und \u00e4hnliches. Das erste, was der Benutzer ausw\u00e4hlen muss, ist der Datumsbereich, f\u00fcr den dieser Bericht generiert wird.<\/p>\n\n<p><strong>Datumsbereich<\/strong> \u2013 Um ein Datum auszuw\u00e4hlen, muss der Benutzer auf \u201eDatumsbereich ausw\u00e4hlen\u201c klicken, um das Kalenderfenster zu \u00f6ffnen. Der Kalenderbereich ist in allen FMS identisch. Um ein Anfangs-\/Enddatum auszuw\u00e4hlen, muss der Benutzer einfach auf das gew\u00fcnschte Datum und dann auf das entgegengesetzte Datum klicken. Die ausgew\u00e4hlten Tage werden blau hervorgehoben. Der aktuelle Tag wird durch ein kleines blaues Dreieck auf der oberen linken Seite des Tages hervorgehoben. Wenn der aktuelle Tag ausgew\u00e4hlt (hervorgehoben) wird, wird das Dreieck in wei\u00df umgedreht. Der maximale Datumsbereich betr\u00e4gt 6 Monate. Nachdem ein Datum ausgew\u00e4hlt wurde, wird es in der Berichts\u00fcbersicht angezeigt.<\/p>\n\n<figure class=\"wp-block-image\"><a href=\"https:\/\/www.fmsdocumentation.com\/wp-content\/uploads\/2017\/04\/136.png\"><img loading=\"lazy\" decoding=\"async\" width=\"465\" height=\"463\" src=\"https:\/\/www.fmsdocumentation.com\/wp-content\/uploads\/2017\/04\/136.png\" alt=\"\" class=\"wp-image-233\" srcset=\"https:\/\/www.fmsdocumentation.com\/wp-content\/uploads\/2017\/04\/136.png 465w, https:\/\/www.fmsdocumentation.com\/wp-content\/uploads\/2017\/04\/136-150x150.png 150w, https:\/\/www.fmsdocumentation.com\/wp-content\/uploads\/2017\/04\/136-300x300.png 300w\" sizes=\"auto, (max-width: 465px) 100vw, 465px\" \/><\/a><\/figure>\n\n<p>Der Mindestzeitraum betr\u00e4gt einen Tag. Um einen Tag auszuw\u00e4hlen, klicken Sie einfach mit der linken Maustaste doppelt auf den gew\u00fcnschten Tag, um ihn auszuw\u00e4hlen. Danach muss der Benutzer ausw\u00e4hlen, auf welcher Grundlage der Bericht erstellt werden soll.<\/p>\n\n<p><strong>Bericht basiert auf<\/strong>\u2013 Diese Einstellung definiert das Hauptziel des Berichts. Es stehen zwei Optionen zur Verf\u00fcgung:<\/p>\n\n<ul class=\"wp-block-list\"><li>Fahrer<\/li><li>Objekte<\/li><\/ul>\n\n<p>Dadurch zeigt der generierte Bericht Informationen (<em>Parameter: Fahrstrecke, Arbeitsbeginn usw<\/em>.) f\u00fcr das ausgew\u00e4hlte Ziel <em>(Fahrer oder Objekte<\/em>) an. Wenn also Objekte ausgew\u00e4hlt wird, zeigt der Bericht Informationen f\u00fcr spezifisch ausgew\u00e4hlte Objekte an.<\/p>\n\n<p><strong>Objekte\/Fahrer<\/strong> \u2013 (<em>Abh\u00e4ngig von der Auswahl in der Option &#8220;Bericht basiert auf&#8221;<\/em>) Dies erm\u00f6glicht dem Benutzer auszuw\u00e4hlen, f\u00fcr welche Objekte\/Fahrer der Bericht generiert wird.<\/p>\n\n<p>Wenn <em>Objekte<\/em> ausgew\u00e4hlt ist, enth\u00e4lt die Liste auch <strong>Gruppen<\/strong> von Objekten. Der Benutzer kann eine ganze Gruppe ausw\u00e4hlen, indem er das Markierungsfeld vor der Gruppe markiert oder auf die Taste \u201e+\u201c klickt, um die Gruppe zu erweitern und zu sehen, welche Objekte sich in der Gruppe befinden. Um die Gruppe zusammenzuklappen, muss der Benutzer auf die Taste \u201e-\u201c klicken. Einzelne Objekte k\u00f6nnen aus einer Gruppe ausgew\u00e4hlt werden. Es ist wichtig zu beachten, dass ein Objekt, das in mehreren Gruppen vorhanden ist, in jeder Gruppe hervorgehoben wird, wie im Bild unten gezeigt. Wenn eine ganze Gruppe ausgew\u00e4hlt ist, wird das Markierungsfeld blau mit einem wei\u00dfen H\u00e4kchen. Wenn nur ein Teil der Gruppe ausgew\u00e4hlt ist, hat die Gruppe ein blaues Quadrat im Markierungsfeld (siehe Abbildung unten). Der Benutzer kann auch die Suche verwenden, um schnell eine lange Liste von Objekten und Gruppen zu durchsuchen. Alle Gruppen k\u00f6nnen ausgew\u00e4hlt oder die Auswahl kann aufgehoben werden, indem Sie das Markierungsfeld neben \u201eAlle Gruppen ausw\u00e4hlen\u201c aktivieren. Die Anzahl der ausgew\u00e4hlten Objekte und der Gesamtobjekte wird in der oberen rechten Ecke der Liste angezeigt.<\/p>\n\n<figure class=\"wp-block-image\"><a href=\"https:\/\/www.fmsdocumentation.com\/wp-content\/uploads\/2018\/12\/281.png\"><img loading=\"lazy\" decoding=\"async\" width=\"549\" height=\"297\" src=\"https:\/\/www.fmsdocumentation.com\/wp-content\/uploads\/2018\/12\/281.png\" alt=\"\" class=\"wp-image-6727\" srcset=\"https:\/\/www.fmsdocumentation.com\/wp-content\/uploads\/2018\/12\/281.png 549w, https:\/\/www.fmsdocumentation.com\/wp-content\/uploads\/2018\/12\/281-300x162.png 300w\" sizes=\"auto, (max-width: 549px) 100vw, 549px\" \/><\/a><\/figure>\n\n<p>Wenn <em>Fahrer<\/em> ausgew\u00e4hlt ist, werden die Fahrer in der Dropdown-Liste angezeigt. Um einen Fahrer auszuw\u00e4hlen, muss der Benutzer das Markierungsfeld neben dem Fahrer kennzeichnen. Wenn Sie das Markierungsfeld neben <strong>Alle ausw\u00e4hlen<\/strong> kennzeichnen, werden alle Fahrer ausgew\u00e4hlt oder die Auswahl wird aufgehoben. Die Liste wird automatisch mit jedem in der Suchleiste eingegebenen Symbol aktualisiert. In der oberen rechten Ecke der Liste wird die Anzahl der ausgew\u00e4hlten Fahrer und der gesamten Fahrer angezeigt.<\/p>\n\n<figure class=\"wp-block-image\"><a href=\"https:\/\/www.fmsdocumentation.com\/wp-content\/uploads\/2018\/12\/340.png\"><img loading=\"lazy\" decoding=\"async\" width=\"549\" height=\"295\" src=\"https:\/\/www.fmsdocumentation.com\/wp-content\/uploads\/2018\/12\/340.png\" alt=\"\" class=\"wp-image-6718\" srcset=\"https:\/\/www.fmsdocumentation.com\/wp-content\/uploads\/2018\/12\/340.png 549w, https:\/\/www.fmsdocumentation.com\/wp-content\/uploads\/2018\/12\/340-300x161.png 300w\" sizes=\"auto, (max-width: 549px) 100vw, 549px\" \/><\/a><\/figure>\n\n<p>Nachdem Objekte\/Fahrer ausgew\u00e4hlt wurden, muss der Benutzer Parameter in der <strong>Spaltenliste<\/strong> ausw\u00e4hlen. Dieser Bericht enth\u00e4lt standardm\u00e4\u00dfig die folgenden Parameter:<\/p>\n\n<ul class=\"wp-block-list\"><li>Datum \u2013 Datum und Wochentag, an dem ein Eintrag Daten enth\u00e4lt. Die Auswahl kann nicht aufgehoben werden;<\/li><li>Datum des Arbeitsbeginns \u2013 Datum und Uhrzeit der ersten Z\u00fcndung eines Tages, die Auswahl kann nicht aufgehoben werden;<\/li><li>Standort des Arbeitsbeginns \u2013 Adresse des Fahrzeugs, wenn die Z\u00fcndung das erste Mal an einem Tag gestartet wurde. Die Auswahl kann nicht aufgehoben werden;<\/li><li>Datum des Arbeitsendes \u2013 Datum und Uhrzeit der letzten Z\u00fcndung eines Tages, Auswahl kann nicht aufgehoben werden;<\/li><li>Datum des Arbeitsendes \u2013 Datum und Uhrzeit der letzten Z\u00fcndung eines Tages, Die Auswahl kann nicht aufgehoben werden;<\/li><li>Kilometerstand zu Beginn \u2013 Laufleistung am Anfang eines Arbeitstages, Auswahl kann aufgehoben werden;<\/li><li>Kilometerstand am Ende \u2013 Laufleistung am Ende des Arbeitstages, Auswahl kann aufgehoben werden;<\/li><li>Gefahrene Kilometer &#8211; Kilometer, die w\u00e4hrend des Arbeitstages zur\u00fcckgelegt wurden, Auswahl kann nicht aufgehoben werden;<\/li><li>Kraftstoffverbrauch \u2013 die Menge des Kraftstoffs, die w\u00e4hrend des Arbeitstages in Litern verbraucht wird, kann nicht ausgew\u00e4hlt werden;<\/li><li>\u00d8 Verbrauch<\/li><\/ul>\n\n<p>Optionale Parameter, die ausgew\u00e4hlt werden k\u00f6nnen:<\/p>\n\n<ul class=\"wp-block-list\"><li>Dienstreisekilometer;<\/li><li>Unterschrift des Fahrers \u2013 enth\u00e4lt ein leeres Feld im Bericht, in dem der Fahrer eine Unterschrift hinterlassen kann;<\/li><li>Fahrer \u2013 Name des Fahrers;<\/li><li>Leerlaufdauer;<\/li><li>Private Fahrtkilometer;<\/li><li>Gesamtarbeitszeit \u2013 Gesamtzahl der Arbeitsstunden f\u00fcr alle ausgew\u00e4hlten Tage;<\/li><li>Kilometerleistung bei der Arbeitsfahrt;<\/li><li>Arbeitszeit \u2013 die Dauer des Arbeitstages;<\/li><li>Stoppzeit Arbeitsstunden \u2013 Zeiten, in denen die Z\u00fcndung w\u00e4hrend der Arbeitszeit ausgeschaltet wurde.<\/li><\/ul>\n\n<p>Nach Auswahl der Parameter in der Spaltenliste kann der Benutzer die Berichtszusammenfassung aktivieren oder deaktivieren.<\/p>\n\n<p><strong>Tage ohne Eintr\u00e4ge anzeigen<\/strong> \u2013 standardm\u00e4\u00dfig deaktiviert; f\u00fcgt die Tage in den Bericht hinzu, die keine Eintr\u00e4ge aufweisen.<\/p>\n\n<p><strong>Kennzeichen anzeigen<\/strong> \u2013 standardm\u00e4\u00dfig deaktiviert. Diese Option enth\u00e4lt die Kennzeichen des Fahrzeugs im Bericht.<\/p>\n\n<p><strong>Berichtzusammenfassung anzeigen<\/strong> \u2013 standardm\u00e4\u00dfig aktiviert. Diese Option enth\u00e4lt einen Zusammenfassungsteil im Bericht. Dadurch werden alle Informationen im Bericht zusammengefasst. Nach der Auswahl der Berichtszusammenfassung kann der Benutzer ausw\u00e4hlen, ob die Tage ohne Eintr\u00e4ge angezeigt werden sollen<strong>.<\/strong><\/p>\n\n<figure class=\"wp-block-image\"><a href=\"https:\/\/www.fmsdocumentation.com\/wp-content\/uploads\/2020\/08\/205.png\"><img loading=\"lazy\" decoding=\"async\" width=\"1024\" height=\"514\" src=\"https:\/\/www.fmsdocumentation.com\/wp-content\/uploads\/2020\/08\/205-1024x514.png\" alt=\"\" class=\"wp-image-9493\" srcset=\"https:\/\/www.fmsdocumentation.com\/wp-content\/uploads\/2020\/08\/205-1024x514.png 1024w, https:\/\/www.fmsdocumentation.com\/wp-content\/uploads\/2020\/08\/205-300x151.png 300w, https:\/\/www.fmsdocumentation.com\/wp-content\/uploads\/2020\/08\/205-768x385.png 768w, https:\/\/www.fmsdocumentation.com\/wp-content\/uploads\/2020\/08\/205.png 1495w\" sizes=\"auto, (max-width: 1024px) 100vw, 1024px\" \/><\/a><\/figure>\n\n<p>Um den Bericht abzuschlie\u00dfen und zu generieren, muss der Benutzer auf die Taste <strong>Generieren<\/strong> klicken. Um die Erstellung eines Berichts abzubrechen, muss der Benutzer auf die Taste <strong>Abbrechen<\/strong> klicken.<\/p>\n\n<figure class=\"wp-block-image\"><a href=\"https:\/\/www.fmsdocumentation.com\/wp-content\/uploads\/2017\/04\/202.png\"><img loading=\"lazy\" decoding=\"async\" width=\"569\" height=\"79\" src=\"https:\/\/www.fmsdocumentation.com\/wp-content\/uploads\/2017\/04\/202.png\" alt=\"\" class=\"wp-image-398\" srcset=\"https:\/\/www.fmsdocumentation.com\/wp-content\/uploads\/2017\/04\/202.png 569w, https:\/\/www.fmsdocumentation.com\/wp-content\/uploads\/2017\/04\/202-300x42.png 300w\" sizes=\"auto, (max-width: 569px) 100vw, 569px\" \/><\/a><\/figure>\n\n<hr class=\"wp-block-separator\"\/>\n\n<p><div class=\"alignleft\"><a href=\"https:\/\/www.fmsdocumentation.com\/de\/berichte-menue\/temperaturbericht\/\" title=\"Temperaturbericht\"><span class=\"arrow\">\u2039 &nbsp <\/span> Temperaturbericht <\/a><\/div> <div class=\"alignright\"><a href=\"https:\/\/www.fmsdocumentation.com\/de\/berichte-menue\/fahrtbericht\/\" title=\"Fahrtbericht\">Fahrtbericht <span class=\"arrow\"> &nbsp\u203a <\/span> <\/a><\/div><\/p>\n","protected":false},"excerpt":{"rendered":"<p>Zusammenfassender Reisebericht \u2013 konzentriert sich haupts\u00e4chlich auf die Zusammenfassung von Fahrten, Laufleistung, Arbeitsbeginn\/-ende und \u00e4hnliches. Das erste, was der Benutzer ausw\u00e4hlen muss, ist der Datumsbereich, f\u00fcr den dieser Bericht generiert wird. Datumsbereich \u2013 Um ein Datum auszuw\u00e4hlen, muss der Benutzer auf \u201eDatumsbereich ausw\u00e4hlen\u201c klicken, um das Kalenderfenster zu \u00f6ffnen. Der Kalenderbereich ist in allen FMS &hellip; <a href=\"https:\/\/www.fmsdocumentation.com\/de\/berichte-menue\/zusammenfassender-reisebericht\/\" class=\"more-link\"><span class=\"screen-reader-text\">Zusammenfassender Reisebericht<\/span> weiterlesen<\/a><\/p>\n","protected":false},"author":1,"featured_media":0,"parent":11758,"menu_order":12,"comment_status":"closed","ping_status":"closed","template":"","meta":{"footnotes":""},"class_list":["post-11870","page","type-page","status-publish","hentry"],"_links":{"self":[{"href":"https:\/\/www.fmsdocumentation.com\/de\/wp-json\/wp\/v2\/pages\/11870","targetHints":{"allow":["GET"]}}],"collection":[{"href":"https:\/\/www.fmsdocumentation.com\/de\/wp-json\/wp\/v2\/pages"}],"about":[{"href":"https:\/\/www.fmsdocumentation.com\/de\/wp-json\/wp\/v2\/types\/page"}],"author":[{"embeddable":true,"href":"https:\/\/www.fmsdocumentation.com\/de\/wp-json\/wp\/v2\/users\/1"}],"replies":[{"embeddable":true,"href":"https:\/\/www.fmsdocumentation.com\/de\/wp-json\/wp\/v2\/comments?post=11870"}],"version-history":[{"count":3,"href":"https:\/\/www.fmsdocumentation.com\/de\/wp-json\/wp\/v2\/pages\/11870\/revisions"}],"predecessor-version":[{"id":11877,"href":"https:\/\/www.fmsdocumentation.com\/de\/wp-json\/wp\/v2\/pages\/11870\/revisions\/11877"}],"up":[{"embeddable":true,"href":"https:\/\/www.fmsdocumentation.com\/de\/wp-json\/wp\/v2\/pages\/11758"}],"wp:attachment":[{"href":"https:\/\/www.fmsdocumentation.com\/de\/wp-json\/wp\/v2\/media?parent=11870"}],"curies":[{"name":"wp","href":"https:\/\/api.w.org\/{rel}","templated":true}]}}