{"id":11878,"date":"2022-06-15T16:33:42","date_gmt":"2022-06-15T13:33:42","guid":{"rendered":"https:\/\/www.fmsdocumentation.com\/berichte-menue\/fahrtbericht\/"},"modified":"2022-06-15T16:33:44","modified_gmt":"2022-06-15T13:33:44","slug":"fahrtbericht","status":"publish","type":"page","link":"https:\/\/www.fmsdocumentation.com\/de\/berichte-menue\/fahrtbericht\/","title":{"rendered":"Fahrtbericht"},"content":{"rendered":"<p><strong>Fahrtbericht<\/strong> \u2013 konzentriert sich haupts\u00e4chlich auf die Generierung von Details zu Fahrten, wie z. B. wo die Fahrt begann, wo sie endete, wie lange sie dauerte, welche Strecke w\u00e4hrend der Fahrt zur\u00fcckgelegt wurde usw. Zuallererst muss der Benutzer den Datumsbereich ausw\u00e4hlen, f\u00fcr den dieser Bericht generiert wird.<\/p>\n<p><strong>Datumsbereich<\/strong> \u2013 Um ein Datum auszuw\u00e4hlen, muss der Benutzer auf \u201eDatumsbereich ausw\u00e4hlen\u201c klicken, um das Kalenderfenster zu \u00f6ffnen. Der Kalenderbereich ist in allen FMS identisch. Um ein Anfangs-\/Enddatum auszuw\u00e4hlen, muss der Benutzer einfach auf das gew\u00fcnschte Datum und dann auf das entgegengesetzte Datum klicken. Die ausgew\u00e4hlten Tage werden blau hervorgehoben. Der aktuelle Tag wird durch ein kleines blaues Dreieck auf der oberen linken Seite des Tages hervorgehoben. Wenn der aktuelle Tag ausgew\u00e4hlt (hervorgehoben) wird, wird das Dreieck in wei\u00df umgedreht. Um ein bevorzugtes Datum auszuw\u00e4hlen, beginnen Sie mit einem Klick auf das End- oder Anfangsdatum (f\u00fcr die Auswahl besteht keine Priorit\u00e4t) und klicken Sie danach das entgegengesetzte Datum (Ende\/Anfang). Danach kann der Benutzer festlegen, ab welcher Stunde des Anfangsdatums bis zu welcher Stunde des Enddatums der Verlauf angezeigt werden soll. Um die \u00c4nderungen zu \u00fcbernehmen, muss auf die Taste \u201eAnwenden\u201c geklickt werden, da die \u00c4nderungen sonst nicht gespeichert werden.<\/p>\n<p><a href=\"https:\/\/www.fmsdocumentation.com\/wp-content\/uploads\/2017\/04\/136-10.png\"><img loading=\"lazy\" decoding=\"async\" class=\"alignnone wp-image-1172 size-full\" src=\"https:\/\/www.fmsdocumentation.com\/wp-content\/uploads\/2017\/04\/136-10.png\" alt=\"\" width=\"503\" height=\"483\" srcset=\"https:\/\/www.fmsdocumentation.com\/wp-content\/uploads\/2017\/04\/136-10.png 503w, https:\/\/www.fmsdocumentation.com\/wp-content\/uploads\/2017\/04\/136-10-300x288.png 300w\" sizes=\"auto, (max-width: 503px) 100vw, 503px\" \/><\/a><\/p>\n<p>Der Mindestzeitraum betr\u00e4gt einen Tag. Um einen Tag auszuw\u00e4hlen, klicken Sie einfach mit der linken Maustaste doppelt auf den gew\u00fcnschten Tag, um ihn auszuw\u00e4hlen. Danach muss der Benutzer ausw\u00e4hlen, worauf basierend der Bericht generiert werden soll.<\/p>\n<p><strong>Bericht basierend auf<\/strong>\u2013 Diese Einstellung definiert das Hauptziel des Berichts. Es stehen zwei Optionen zur Verf\u00fcgung:<\/p>\n<ul>\n<li>Fahrer<\/li>\n<li>Objekte<\/li>\n<\/ul>\n<p>Dies sorgt daf\u00fcr, dass der generierte Bericht Informationen (<em>Parameter: Fahrstrecke, Arbeitsbeginn usw.<\/em>) f\u00fcr das ausgew\u00e4hlte Ziel (<em>Fahrer oder Objekte<\/em>) anzeigt. Wenn also Objekte ausgew\u00e4hlt ist, dann zeigt der Bericht Informationen f\u00fcr bestimmte ausgew\u00e4hlte Objekte an.<\/p>\n<p><strong>Objekte\/Fahrer<\/strong> \u2013 (<em>Abh\u00e4ngig von der Auswahl in der Option &#8220;Bericht basiert auf&#8221;<\/em>) Dies erm\u00f6glicht dem Benutzer auszuw\u00e4hlen, f\u00fcr welche Objekte\/Fahrer der Bericht generiert wird.<\/p>\n<p>Wenn <em>Objekte<\/em> ausgew\u00e4hlt ist, enth\u00e4lt die Liste auch <strong>Gruppen<\/strong> von Objekten. Der Benutzer kann eine ganze Gruppe ausw\u00e4hlen, indem er das Markierungsfeld vor der Gruppe kennzeichnet oder auf die Taste \u201e+\u201c klickt, um die Gruppe zu erweitern und zu sehen, welche Objekte sich in der Gruppe befinden. Um die Gruppe zusammenzuklappen, muss der Benutzer auf die Taste \u201e-\u201c klicken. <strong>Einzelne Objekte k\u00f6nnen aus einer Gruppe ausgew\u00e4hlt werden<\/strong>. Es ist wichtig zu beachten, dass ein Objekt, das in mehreren Gruppen vorhanden ist, in jeder Gruppe hervorgehoben wird, wie im Bild unten gezeigt. Wenn eine ganze Gruppe ausgew\u00e4hlt ist, wird das Markierungsfeld blau mit einem wei\u00dfen H\u00e4kchen. Wenn nur ein Teil der Gruppe ausgew\u00e4hlt ist, hat die Gruppe ein blaues Quadrat im Markierungsfeld (siehe Abbildung unten). Der Benutzer kann auch die Suche verwenden, um schnell eine lange Liste von Objekten und Gruppen zu durchsuchen. Alle Gruppen k\u00f6nnen ausgew\u00e4hlt oder die Auswahl kann aufgehoben werden, indem Sie das Markierungsfeld neben \u201eAlle Gruppen ausw\u00e4hlen\u201c aktivieren. Die Anzahl der ausgew\u00e4hlten Objekte und der Gesamtobjekte wird in der oberen rechten Ecke der Liste angezeigt.<\/p>\n<p><a href=\"https:\/\/www.fmsdocumentation.com\/wp-content\/uploads\/2018\/12\/281.png\" data-featherlight=\"image\"><img loading=\"lazy\" decoding=\"async\" class=\"alignnone size-full wp-image-6727\" src=\"https:\/\/www.fmsdocumentation.com\/wp-content\/uploads\/2018\/12\/281.png\" sizes=\"auto, (max-width: 549px) 100vw, 549px\" srcset=\"https:\/\/www.fmsdocumentation.com\/wp-content\/uploads\/2018\/12\/281.png 549w, https:\/\/www.fmsdocumentation.com\/wp-content\/uploads\/2018\/12\/281-300x162.png 300w\" alt=\"\" width=\"549\" height=\"297\"><\/a><\/p>\n<p>Wenn <em>Fahrer<\/em> ausgew\u00e4hlt ist, werden die Fahrer in der Dropdown-Liste angezeigt. Um einen Fahrer auszuw\u00e4hlen, muss der Benutzer das Markierungsfeld neben dem Fahrer kennzeichnen. Wenn Sie das Markierungsfeld neben \u201eAlle ausw\u00e4hlen\u201c kennzeichnen, werden alle Fahrer ausgew\u00e4hlt oder die Auswahl wird aufgehoben. Die Liste wird automatisch mit jedem in der Suchleiste eingegebenen Symbol aktualisiert. In der oberen rechten Ecke der Liste wird die Anzahl der ausgew\u00e4hlten Fahrer und die Summer der Fahrer angezeigt.<\/p>\n<p><a href=\"https:\/\/www.fmsdocumentation.com\/wp-content\/uploads\/2018\/12\/340.png\" data-featherlight=\"image\"><img loading=\"lazy\" decoding=\"async\" class=\"alignnone size-full wp-image-6718\" src=\"https:\/\/www.fmsdocumentation.com\/wp-content\/uploads\/2018\/12\/340.png\" sizes=\"auto, (max-width: 549px) 100vw, 549px\" srcset=\"https:\/\/www.fmsdocumentation.com\/wp-content\/uploads\/2018\/12\/340.png 549w, https:\/\/www.fmsdocumentation.com\/wp-content\/uploads\/2018\/12\/340-300x161.png 300w\" alt=\"\" width=\"549\" height=\"295\"><\/a><\/p>\n<p>Nachdem Objekte\/Fahrer ausgew\u00e4hlt wurden, muss der Benutzer Parameter in der <strong>Spaltenliste<\/strong> ausw\u00e4hlen. Dieser Bericht enth\u00e4lt standardm\u00e4\u00dfig die folgenden Parameter:<\/p>\n<ul>\n<li>Zeit des Arbeitsbeginns \u2013 Zeit des ersten Z\u00fcndung-Ein-Ereignisses, Auswahl kann nicht aufgehoben werden;<\/li>\n<li>Standort des Arbeitsbeginns \u2013 Ort, an dem das erste Z\u00fcndung-Ein-Ereignis ausgel\u00f6st wurde, Auswahl kann aufgehoben werden;<\/li>\n<li>Zeit des Arbeitsendes &#8211; Zeit des letzten Z\u00fcndung-Aus-Ereignisses, Auswahl kann nicht aufgehoben werden;<\/li>\n<li>Standort des Arbeitsendes \u2013 Ort, an dem das letzte Z\u00fcndungs-Aus-Ereignis ausgel\u00f6st wurde, kann aufgehoben werden;<\/li>\n<li>Zur\u00fcckgelegte Kilometer &#8211; w\u00e4hrend der Fahrt zur\u00fcckgelegte Kilometer.<\/li>\n<li>Kraftstoffverbrauch \u2013 Gesamtmenge des w\u00e4hrend der Fahrt verbrauchten Kraftstoffs;<\/li>\n<li>Kilometerstand zu Beginn \u2013 Kilometerstand zu Beginn der Fahrt;<\/li>\n<li>Kilometerstand am Ende \u2013 Kilometerstand, am Ende der Fahrt;<\/li>\n<li>Kraftstoffpegel zu Beginn der Fahrt \u2013 Gesamtmenge des Kraftstoffs zu Beginn der Fahrt;<\/li>\n<li>Kraftstoffpegel am Ende der Fahrt \u2013 Gesamtmenge des Kraftstoffs am Ende der Fahrt;<\/li>\n<li>Kraftstoffverbrauch pro Stunde \u2013 Kraftstoffverbrauch pro Stunde f\u00fcr die Fahrt;<\/li>\n<li>Durchschnittlicher Kraftstoffverbrauch \u2013 Kraftstoffverbrauch pro 100 km;<\/li>\n<li>Virtueller Kilometerz\u00e4hler \u2013 virtueller Kilometerstand der Fahrt, berechnet aus der Differenz von Fahrtbeginn und Fahrtende.<\/li>\n<li>Fahrer \u2013 Name des Fahrers;<\/li>\n<\/ul>\n<p>Optionale Parameter, die ausgew\u00e4hlt werden k\u00f6nnen:<\/p>\n<ul>\n<li>Kraftstoffverbrauch beim Leerlauf \u2013 Gesamtmenge des Kraftstoffverbrauchs beim Leerlauf des Fahrzeugs;<\/li>\n<li>Leerlaufdauer \u2013 Dauer des Fahrzeugs beim Leerlaufzustand;<\/li>\n<li>Kilometerstand und virtueller Kilometerstand \u2013 der Unterschied zwischen Kilometerstand und virtuellem Kilometerstand;<\/li>\n<li>Nr. \u2013 f\u00fcgt eine Nummerierungsspalte f\u00fcr die Fahrten hinzu;<\/li>\n<li>Hinweise \u2013 leere Spalte, f\u00fcr Benutzerinformationen;<\/li>\n<li>Durchschnittsgeschwindigkeit \u2013 die Durchschnittsgeschwindigkeit w\u00e4hrend der gesamten Fahrt;<\/li>\n<li>H\u00f6chstgeschwindigkeit \u2013 die H\u00f6chstgeschwindigkeit w\u00e4hrend der gesamten Fahrt;<\/li>\n<li>Stoppdauer &#8211; Gesamtzeit, w\u00e4hrend der das Fahrzeug stillsteht, kann nicht ausgew\u00e4hlt werden;<\/li>\n<li>Art der Fahrt \u2013 gibt die Art der Fahrt an, kann sein: gesch\u00e4ftlich, beruflich, privat, keine;<\/li>\n<li>Arbeitsdauer \u2013 die Gesamtzeitdauer, w\u00e4hrend der sich das Fahrzeug bewegt hat, Auswahl kann nicht aufgehoben werden<\/li>\n<li>DIN1-4 Arbeitszeit \u2013 die Gesamtarbeitszeit einer ausgew\u00e4hlten DIN. Pro DIN k\u00f6nnen 4 separate Parameter gew\u00e4hlt werden.<\/li>\n<\/ul>\n<p>Nach Auswahl der Parameter in der Spaltenliste kann der Benutzer die folgenden zus\u00e4tzlichen Einstellungen aktivieren oder deaktivieren:<\/p>\n<p><strong>Minimierte Version des Berichts anzeigen<\/strong> \u2013 standardm\u00e4\u00dfig deaktiviert. Bei Aktivierung dieser Option, werden alle Fahrtdaten f\u00fcr ein Objekt\/einen Fahrer in einer einzigen Zusammenfassung und Details-Tabelle zusammengef\u00fchrt, anstatt separater Tabellen f\u00fcr jeden im Bericht ausgew\u00e4hlten Tag. Wenn Sie diese Option aktivieren, wird auch die Option <strong>Berichtszusammenfassung<\/strong> aktiviert und die Option <strong>Karte anzeigen<\/strong> deaktiviert.<\/p>\n<p><strong>Karte anzeigen<\/strong> \u2013 Diese Option ist standardm\u00e4\u00dfig aktiviert. Sie enth\u00e4lt eine im Bericht eine Karte, auf der alle Ablass-\/Betankungsereignisse gekennzeichnet sind.<\/p>\n<p><strong>Fahrt aufteilen, wenn Landesgrenze \u00fcberschritten wird<\/strong> \u2013 standardm\u00e4\u00dfig deaktiviert, wenn aktiviert, wird eine Fahrt, die eine Landesgrenze \u00fcberquert wird, an der Stelle der \u00dcberquerung einer Grenze aufgeteilt, wodurch sie in zwei Reisen unterteilt wird, eine vor der Grenze und eine nach der Grenze.<\/p>\n<p><strong>Kleine Fahrten anzeigen<\/strong> \u2013 standardm\u00e4\u00dfig deaktiviert. Wenn diese Option aktiviert ist, werden Fahrten in den Bericht aufgenommen, die k\u00fcrzer als 50 Meter Gesamtfahrstrecke sind.<\/p>\n<p><strong>Kennzeichen anzeigen<\/strong> \u2013 standardm\u00e4\u00dfig deaktiviert. Diese Option enth\u00e4lt die Kennzeichen des Fahrzeugs im Bericht.<\/p>\n<p><strong>Berichtzusammenfassung anzeigen<\/strong> \u2013 standardm\u00e4\u00dfig aktiviert. Diese Option enth\u00e4lt einen zusammenfassenden Abschnitt im Bericht. Dadurch werden alle Informationen im Bericht zusammengefasst<strong>.<\/strong>Nach der Auswahl der Berichtszusammenfassung kann der Benutzer das Aufteilungsintervall ausw\u00e4hlen.<\/p>\n<p><a href=\"https:\/\/www.fmsdocumentation.com\/wp-content\/uploads\/2020\/08\/206-1.png\"><img loading=\"lazy\" decoding=\"async\" class=\"alignnone wp-image-9486 size-large\" src=\"https:\/\/www.fmsdocumentation.com\/wp-content\/uploads\/2020\/08\/206-1-1024x556.png\" alt=\"\" width=\"660\" height=\"358\" srcset=\"https:\/\/www.fmsdocumentation.com\/wp-content\/uploads\/2020\/08\/206-1-1024x556.png 1024w, https:\/\/www.fmsdocumentation.com\/wp-content\/uploads\/2020\/08\/206-1-300x163.png 300w, https:\/\/www.fmsdocumentation.com\/wp-content\/uploads\/2020\/08\/206-1-768x417.png 768w, https:\/\/www.fmsdocumentation.com\/wp-content\/uploads\/2020\/08\/206-1.png 1507w\" sizes=\"auto, (max-width: 660px) 100vw, 660px\" \/><\/a><\/p>\n<p>Um den Bericht abzuschlie\u00dfen und zu generieren, muss der Benutzer auf die Taste \u201eGenerieren\u201c klicken. Um die Erstellung eines Berichts abzubrechen, muss der Benutzer entweder auf die Taste \u201eAbbrechen\u201c klicken oder irgendwo au\u00dferhalb des Fensters \u201eNeuen Bericht erstellen\u201c klicken.<\/p>\n<p><a href=\"https:\/\/www.fmsdocumentation.com\/wp-content\/uploads\/2017\/04\/202.png\"><img loading=\"lazy\" decoding=\"async\" class=\"alignnone wp-image-398 size-full\" src=\"https:\/\/www.fmsdocumentation.com\/wp-content\/uploads\/2017\/04\/202.png\" alt=\"\" width=\"569\" height=\"79\" srcset=\"https:\/\/www.fmsdocumentation.com\/wp-content\/uploads\/2017\/04\/202.png 569w, https:\/\/www.fmsdocumentation.com\/wp-content\/uploads\/2017\/04\/202-300x42.png 300w\" sizes=\"auto, (max-width: 569px) 100vw, 569px\" \/><\/a><\/p>\n<hr>\n<p><div class=\"alignleft\"><a href=\"https:\/\/www.fmsdocumentation.com\/de\/berichte-menue\/zusammenfassender-reisebericht\/\" title=\"Zusammenfassender Reisebericht\"><span class=\"arrow\">\u2039 &nbsp <\/span> Zusammenfassender Reisebericht <\/a><\/div> <div class=\"alignright\"><a href=\"https:\/\/www.fmsdocumentation.com\/de\/berichte-menue\/arbeitszeitbericht\/\" title=\"Arbeitszeitbericht\">Arbeitszeitbericht <span class=\"arrow\"> &nbsp\u203a <\/span> <\/a><\/div><\/p>\n","protected":false},"excerpt":{"rendered":"<p>Fahrtbericht \u2013 konzentriert sich haupts\u00e4chlich auf die Generierung von Details zu Fahrten, wie z. B. wo die Fahrt begann, wo sie endete, wie lange sie dauerte, welche Strecke w\u00e4hrend der Fahrt zur\u00fcckgelegt wurde usw. Zuallererst muss der Benutzer den Datumsbereich ausw\u00e4hlen, f\u00fcr den dieser Bericht generiert wird. Datumsbereich \u2013 Um ein Datum auszuw\u00e4hlen, muss der &hellip; <a href=\"https:\/\/www.fmsdocumentation.com\/de\/berichte-menue\/fahrtbericht\/\" class=\"more-link\"><span class=\"screen-reader-text\">Fahrtbericht<\/span> weiterlesen<\/a><\/p>\n","protected":false},"author":1,"featured_media":0,"parent":11758,"menu_order":13,"comment_status":"closed","ping_status":"closed","template":"","meta":{"footnotes":""},"class_list":["post-11878","page","type-page","status-publish","hentry"],"_links":{"self":[{"href":"https:\/\/www.fmsdocumentation.com\/de\/wp-json\/wp\/v2\/pages\/11878","targetHints":{"allow":["GET"]}}],"collection":[{"href":"https:\/\/www.fmsdocumentation.com\/de\/wp-json\/wp\/v2\/pages"}],"about":[{"href":"https:\/\/www.fmsdocumentation.com\/de\/wp-json\/wp\/v2\/types\/page"}],"author":[{"embeddable":true,"href":"https:\/\/www.fmsdocumentation.com\/de\/wp-json\/wp\/v2\/users\/1"}],"replies":[{"embeddable":true,"href":"https:\/\/www.fmsdocumentation.com\/de\/wp-json\/wp\/v2\/comments?post=11878"}],"version-history":[{"count":1,"href":"https:\/\/www.fmsdocumentation.com\/de\/wp-json\/wp\/v2\/pages\/11878\/revisions"}],"predecessor-version":[{"id":11887,"href":"https:\/\/www.fmsdocumentation.com\/de\/wp-json\/wp\/v2\/pages\/11878\/revisions\/11887"}],"up":[{"embeddable":true,"href":"https:\/\/www.fmsdocumentation.com\/de\/wp-json\/wp\/v2\/pages\/11758"}],"wp:attachment":[{"href":"https:\/\/www.fmsdocumentation.com\/de\/wp-json\/wp\/v2\/media?parent=11878"}],"curies":[{"name":"wp","href":"https:\/\/api.w.org\/{rel}","templated":true}]}}