{"id":11888,"date":"2022-06-15T17:01:16","date_gmt":"2022-06-15T14:01:16","guid":{"rendered":"https:\/\/www.fmsdocumentation.com\/berichte-menue\/arbeitszeitbericht\/"},"modified":"2022-06-15T17:01:17","modified_gmt":"2022-06-15T14:01:17","slug":"arbeitszeitbericht","status":"publish","type":"page","link":"https:\/\/www.fmsdocumentation.com\/de\/berichte-menue\/arbeitszeitbericht\/","title":{"rendered":"Arbeitszeitbericht"},"content":{"rendered":"\n<p><strong>Arbeitszeitbericht<\/strong>\u2013 konzentriert sich haupts\u00e4chlich auf die Generierung von Details rund um die Arbeitszeit und damit verbundene Details. Zuallererst muss der Benutzer den Datumsbereich ausw\u00e4hlen, f\u00fcr den dieser Bericht generiert wird.<\/p>\n\n<p><strong>Datumsbereich<\/strong> \u2013 Um ein Datum auszuw\u00e4hlen, muss der Benutzer auf \u201eDatumsbereich ausw\u00e4hlen\u201c klicken, um das Kalenderfenster zu \u00f6ffnen. Der Kalenderbereich ist in allen FMS identisch. Um ein Anfangs-\/Enddatum auszuw\u00e4hlen, muss der Benutzer einfach auf das gew\u00fcnschte Datum und dann auf das entgegengesetzte Datum klicken. Die ausgew\u00e4hlten Tage werden blau hervorgehoben. Der aktuelle Tag wird durch ein kleines blaues Dreieck auf der oberen linken Seite des Tages hervorgehoben. Wenn der aktuelle Tag ausgew\u00e4hlt (hervorgehoben) wird, wird das Dreieck in wei\u00df umgedreht. Um ein bevorzugtes Datum auszuw\u00e4hlen, beginnen Sie mit einem Klick auf das End- oder Anfangsdatum (f\u00fcr die Auswahl besteht keine Priorit\u00e4t) und klicken Sie danach das entgegengesetzte Datum (Ende\/Anfang). Danach kann der Benutzer festlegen, ab welcher Stunde des Anfangsdatums bis zu welcher Stunde des Enddatums der Verlauf angezeigt werden soll. Um die \u00c4nderungen zu \u00fcbernehmen, muss die Taste \u201eAnwenden\u201c angeklickt werden, andernfalls werden die \u00c4nderungen nicht gespeichert.<\/p>\n\n<figure class=\"wp-block-image is-resized\"><a href=\"https:\/\/www.fmsdocumentation.com\/wp-content\/uploads\/2017\/04\/136-11.png\"><img loading=\"lazy\" decoding=\"async\" src=\"https:\/\/www.fmsdocumentation.com\/wp-content\/uploads\/2017\/04\/136-11.png\" alt=\"\" class=\"wp-image-1174\" width=\"498\" height=\"478\" srcset=\"https:\/\/www.fmsdocumentation.com\/wp-content\/uploads\/2017\/04\/136-11.png 503w, https:\/\/www.fmsdocumentation.com\/wp-content\/uploads\/2017\/04\/136-11-300x288.png 300w\" sizes=\"auto, (max-width: 498px) 100vw, 498px\" \/><\/a><\/figure>\n\n<p>Der Mindestzeitraum betr\u00e4gt einen Tag. Um einen Tag auszuw\u00e4hlen, klicken Sie einfach mit der linken Maustaste doppelt auf den gew\u00fcnschten Tag, um ihn auszuw\u00e4hlen.<br\/>Der maximale Zeitraum f\u00fcr weniger als 10 Objekte betr\u00e4gt drei Monate (90 Tage). Die Auswahl von mehr als 10 Objekten beschr\u00e4nkt diese auf 1 Monat. Sie k\u00f6nnen keinen l\u00e4ngeren Zeitraum ausw\u00e4hlen.<\/p>\n\n<p><strong>Bericht basiert auf<\/strong>\u2013 Diese Einstellung definiert das Hauptziel des Berichts. Es stehen zwei Optionen zur Verf\u00fcgung:<\/p>\n\n<ul class=\"wp-block-list\"><li>Fahrer<\/li><li>Objekte<\/li><\/ul>\n\n<p>Dadurch zeigt der generierte Bericht Informationen (Parameter: Fahrstrecke, Arbeitsbeginn usw.) f\u00fcr das ausgew\u00e4hlte Ziel (Fahrer oder Objekte) an. Wenn also Objekte ausgew\u00e4hlt wird, zeigt der Bericht Informationen f\u00fcr spezifisch ausgew\u00e4hlte Objekte an.<\/p>\n\n<p><strong>Berichtsdaten bereitgestellt als<\/strong> \u2013 Diese Einstellung bestimmt, wie die Daten angezeigt werden. Folgende Optionen sind verf\u00fcgbar:<\/p>\n\n<ul class=\"wp-block-list\"><li>Detaillierte Tage mit Zusammenfassungen und Fahrten \u2013 zeigt detaillierte Arbeitszeitdaten f\u00fcr jeden Tag an<\/li><li>Detaillierte Fahrten \u2013 zeigt detaillierte Arbeitszeitdaten an<\/li><li>Zusammenfassende Tage \u2013 zeigt eine Zusammenfassung der Arbeitszeit f\u00fcr jeden Tag an<\/li><\/ul>\n\n<p><strong>Objekte\/Fahrer<\/strong> \u2013 (<em>Abh\u00e4ngig von der Auswahl in der Option &#8220;Bericht basiert auf&#8221;<\/em>) Dies erm\u00f6glicht dem Benutzer auszuw\u00e4hlen, f\u00fcr welche Objekte\/Fahrer der Bericht generiert wird.<\/p>\n\n<p>Wenn <em>Objekte<\/em> ausgew\u00e4hlt ist, enth\u00e4lt die Liste auch <strong>Gruppen<\/strong> von Objekten. Der Benutzer kann eine ganze Gruppe ausw\u00e4hlen, indem er das Markierungsfeld vor der Gruppe kennzeichnet oder auf die Taste <strong>+<\/strong> klickt, um die Gruppe zu erweitern und zu sehen, welche Objekte sich in der Gruppe befinden. Um die Gruppe zusammenzuklappen, muss der Benutzer auf die Taste <strong>\u2013<\/strong>klicken. Einzelne Objekte k\u00f6nnen aus einer Gruppe ausgew\u00e4hlt werden. Einzelne Objekte k\u00f6nnen aus einer Gruppe ausgew\u00e4hlt werden. Es ist wichtig zu beachten, dass ein Objekt, das in mehreren Gruppen vorhanden ist, in jeder Gruppe hervorgehoben wird, wie im Bild unten gezeigt. Wenn eine ganze Gruppe ausgew\u00e4hlt ist, wird das Markierungsfeld blau mit einem wei\u00dfen H\u00e4kchen. Wenn nur ein Teil der Gruppe ausgew\u00e4hlt ist, hat die Gruppe ein blaues Quadrat im Markierungsfeld (siehe Abbildung unten). Der Benutzer kann auch die Suche verwenden, um schnell eine lange Liste von Objekten und Gruppen zu durchsuchen. Alle Gruppen k\u00f6nnen ausgew\u00e4hlt oder die Auswahl kann aufgehoben werden, indem Sie das Markierungsfeld neben \u201eAlle Gruppen ausw\u00e4hlen\u201c aktivieren. Die Anzahl der ausgew\u00e4hlten Objekte und der Gesamtobjekte wird in der oberen rechten Ecke der Liste angezeigt.<\/p>\n\n<figure class=\"wp-block-image is-resized\"><a href=\"https:\/\/www.fmsdocumentation.com\/wp-content\/uploads\/2018\/12\/281.png\"><img loading=\"lazy\" decoding=\"async\" src=\"https:\/\/www.fmsdocumentation.com\/wp-content\/uploads\/2018\/12\/281.png\" alt=\"\" class=\"wp-image-6727\" width=\"523\" height=\"283\" srcset=\"https:\/\/www.fmsdocumentation.com\/wp-content\/uploads\/2018\/12\/281.png 549w, https:\/\/www.fmsdocumentation.com\/wp-content\/uploads\/2018\/12\/281-300x162.png 300w\" sizes=\"auto, (max-width: 523px) 100vw, 523px\" \/><\/a><\/figure>\n\n<p>Wenn <em>Fahrer<\/em> ausgew\u00e4hlt ist, werden die Fahrer in der Dropdown-Liste angezeigt. Um einen Fahrer auszuw\u00e4hlen, muss der Benutzer das Markierungsfeld neben dem Fahrer kennzeichnen. Wenn Sie das Markierungsfeld neben \u201eAlle ausw\u00e4hlen\u201c kennzeichnen, werden alle Fahrer ausgew\u00e4hlt oder die Auswahl wird aufgehoben. Die Liste wird automatisch mit jedem in der Suchleiste eingegebenen Symbol aktualisiert. In der oberen rechten Ecke der Liste wird die Anzahl der ausgew\u00e4hlten Fahrer und die Summer der Fahrer angezeigt.<\/p>\n\n<figure class=\"wp-block-image is-resized\"><a href=\"https:\/\/www.fmsdocumentation.com\/wp-content\/uploads\/2018\/12\/340.png\"><img loading=\"lazy\" decoding=\"async\" src=\"https:\/\/www.fmsdocumentation.com\/wp-content\/uploads\/2018\/12\/340.png\" alt=\"\" class=\"wp-image-6718\" width=\"549\" height=\"295\" srcset=\"https:\/\/www.fmsdocumentation.com\/wp-content\/uploads\/2018\/12\/340.png 549w, https:\/\/www.fmsdocumentation.com\/wp-content\/uploads\/2018\/12\/340-300x161.png 300w\" sizes=\"auto, (max-width: 549px) 100vw, 549px\" \/><\/a><\/figure>\n\n<p>Nachdem Objekte\/Fahrer ausgew\u00e4hlt wurden, muss der Benutzer Parameter in der <strong>Spaltenliste<\/strong> ausw\u00e4hlen. Es k\u00f6nnen<strong>jeweils nur 10 Spalten<\/strong> ausgew\u00e4hlt werden. Dieser Bericht enth\u00e4lt standardm\u00e4\u00dfig die folgenden Spalten:<\/p>\n\n<ul class=\"wp-block-list\"><li>Zeit des Arbeitsbeginns \u2013 das Datum und die Uhrzeit des ersten Z\u00fcndung-Ein-Ereignisses, Auswahl kann nicht aufgehoben werden<\/li><li>Standort des Arbeitsbeginns \u2013 der Standort, an dem des erste Z\u00fcndung-Ein-Ereignis ausgel\u00f6st wurde<\/li><li>Zeit des Arbeitsendes &#8211; die Zeit des letzten Z\u00fcndung-Aus-Ereignisses<\/li><li>Standort des Arbeitsendes \u2013 der Standort, an dem das letzte Z\u00fcndung-Aus-Ereignis ausgel\u00f6st wurde<\/li><li>Dauer der Arbeit au\u00dferhalb der Gesch\u00e4ftszeiten \u2013 die Zeitdauer, w\u00e4hrend der die Z\u00fcndung au\u00dferhalb der Gesch\u00e4ftszeiten eingeschaltet war (vom Benutzer nach der Spaltenliste festgelegt)<\/li><li>Dauer der Arbeit innerhalb der Gesch\u00e4ftszeiten \u2013 die Zeitdauer, w\u00e4hrend der die Z\u00fcndung innerhalb der Gesch\u00e4ftszeiten eingeschaltet war (vom Benutzer nach der Spaltenliste festgelegt)<\/li><\/ul>\n\n<p>Weitere optionale Spalten, die ausgew\u00e4hlt werden k\u00f6nnen:<\/p>\n\n<ul class=\"wp-block-list\"><li>Gefahren au\u00dferhalb der Gesch\u00e4ftszeiten \u2013 die Summe der gesamten gefahrenen Strecke w\u00e4hrend der Gesch\u00e4ftszeiten (vom Benutzer nach der Spaltenliste festgelegt)<\/li><li>Innerhalb der Gesch\u00e4ftszeiten gefahren \u2013 die Summe der gesamten gefahrenen Strecke w\u00e4hrend der Gesch\u00e4ftszeiten (vom Benutzer nach der Spaltenliste festgelegt)<\/li><li>Kilometerstand Ende \u2013 der Kilometerstand am Ende der Fahrt (letztes Z\u00fcndung-Aus-Ereignis)<\/li><li>Kraftstoffverbrauch \u2013 der w\u00e4hrend der Fahrt verbrauchte Kraftstoff<\/li><li>Leerlaufdauer \u2013 die Dauer des Fahrzeugs im Leerlaufzustand<\/li><li>Kilometerstand Start \u2013 der Kilometerstand zu Beginn der Fahrt (erstes Z\u00fcndung-Ein-Ereignis)<\/li><li>Gesamtfahrstrecke \u2013 die gesamte gefahrene Strecke vom Beginn der Fahrt bis zum Ende (von Z\u00fcndung-An-Ereignis bis Z\u00fcndung-Aus-Ereignis)<\/li><li>Gesamtarbeitsdauer \u2013 die Gesamtdauer vom Beginn der Fahrt bis zum Ende (von Z\u00fcndung-An-Ereignis bis Z\u00fcndung-Aus-Ereignis)<\/li><li>Virtueller Kilometerz\u00e4hler \u2013 der virtuelle Kilometerstand der Fahrt, berechnet aus der Differenz von Fahrtbeginn und Fahrtende<\/li><\/ul>\n\n<p>Nach Auswahl der Parameter in der Spaltenliste muss der Benutzer die <strong>Werktage und Stunden<\/strong> definieren. Standardm\u00e4\u00dfig gelten Gesch\u00e4ftstage und -zeiten von 8 bis 17 Uhr, an jedem Tag der Woche. Gesch\u00e4ftstage (blau) werden durch Anklicken der Wochentage festgelegt, durch Anklicken eines Tages wird dieser als Nicht-Gesch\u00e4ftstag (hellgrau) festgelegt. Durch erneutes Anklicken eines Nicht-Gesch\u00e4ftstages wird dieser als Gesch\u00e4ftstag festgelegt. Gesch\u00e4ftszeiten werden durch Eingabe in die daf\u00fcr vorgesehenen Felder (Stunden und Minuten) festgelegt. Der Stundenbereich ist von 0 bis 24 begrenzt, der Minutenbereich ist von 0 bis 60 begrenzt und die &#8220;von&#8221; -Zeit darf nicht sp\u00e4ter als die &#8220;bis&#8221; -Zeit sein.<\/p>\n\n<figure class=\"wp-block-image is-resized\"><a href=\"https:\/\/www.fmsdocumentation.com\/wp-content\/uploads\/2018\/04\/344.png\"><img loading=\"lazy\" decoding=\"async\" src=\"https:\/\/www.fmsdocumentation.com\/wp-content\/uploads\/2018\/04\/344.png\" alt=\"\" class=\"wp-image-4845\" width=\"518\" height=\"173\" srcset=\"https:\/\/www.fmsdocumentation.com\/wp-content\/uploads\/2018\/04\/344.png 518w, https:\/\/www.fmsdocumentation.com\/wp-content\/uploads\/2018\/04\/344-300x100.png 300w\" sizes=\"auto, (max-width: 518px) 100vw, 518px\" \/><\/a><\/figure>\n\n<p>Der gew\u00e4hlte Zeitraum wird als Gesch\u00e4ftszeit berechnet, w\u00e4hrend alles andere als Nicht-Gesch\u00e4ftszeiten gez\u00e4hlt wird (<em>zum Beispiel: Gesch\u00e4ftszeiten werden von 8 Uhr bis 17 Uhr, Montag bis Freitag festgelegt, so dass Nicht-Gesch\u00e4ftszeiten von 0 Uhr bis 8 Uhr und von 17 Uhr bis 24 Uhr, Montag bis Freitag und den ganzen Tag am Samstag und Sonntag festgelegt werden<\/em>).<\/p>\n\n<p>Nach der Bestimmung der Gesch\u00e4ftszeiten kann der Benutzer ausw\u00e4hlen, welche Fahrten im Bericht angezeigt werden sollen:<\/p>\n\n<ul class=\"wp-block-list\"><li>Nur Fahrten au\u00dferhalb der Gesch\u00e4ftszeiten anzeigen<\/li><li>Nur Fahrten innerhalb der Gesch\u00e4ftszeiten anzeigen<\/li><li>alle Fahrten<\/li><\/ul>\n\n<p>Dann kann der Benutzer die folgenden zus\u00e4tzlichen Optionen aktivieren oder deaktivieren:<\/p>\n\n<p><strong>Berichtszusammenfassung<\/strong> \u2013 standardm\u00e4\u00dfig deaktiviert. Diese Option enth\u00e4lt einen zusammenfassen Abschnitt im Bericht. Dadurch werden alle Informationen im Bericht zusammengefasst<strong>.<\/strong>Die folgenden Spalten sind standardm\u00e4\u00dfig ausgew\u00e4hlt:<\/p>\n\n<ul class=\"wp-block-list\"><li>Objektname \u2013 Auswahl kann nicht aufgehoben werden<\/li><li>Dauer der Arbeitszeit au\u00dferhalb der Gesch\u00e4ftszeiten<\/li><li>Gesamtarbeitsdauer<\/li><li>Arbeitsdauer innerhalb der Gesch\u00e4ftszeiten<\/li><\/ul>\n\n<p>Weitere optionale Spalten k\u00f6nnen ausgew\u00e4hlt werden:<\/p>\n\n<ul class=\"wp-block-list\"><li>Gesch\u00e4ftsreise Kilometerstand<\/li><li>Land endete in<\/li><li>Land begann in<\/li><li>Au\u00dferhalb der Gesch\u00e4ftszeiten gefahren<\/li><li>Innerhalb der Gesch\u00e4ftszeiten gefahren<\/li><li>Verschwendeter Kraftstoff.<\/li><li>Privatfahrt Kilometer<\/li><li>Gesamtfahrstrecke<\/li><li>Dienstreise Kilometer<\/li><\/ul>\n\n<p><strong>Karte anzeigen<\/strong> \u2013 standardm\u00e4\u00dfig deaktiviert. Diese Option enth\u00e4lt eine Karte im Bericht, auf der alle Ablass-\/Betankungsereignisse markiert sind.<\/p>\n\n<p><strong>Fahrt aufteilen, wenn Landesgrenze \u00fcberschritten wird<\/strong> \u2013 standardm\u00e4\u00dfig deaktiviert, wenn aktiviert, wird eine Fahrt, die eine Landesgrenze \u00fcberquert wird, an der Stelle der \u00dcberquerung einer Grenze aufgeteilt, wodurch sie in zwei Reisen unterteilt wird, eine vor der Grenze und eine nach der Grenze.<\/p>\n\n<p><strong>Kleine Fahrten anzeigen<\/strong> \u2013 standardm\u00e4\u00dfig deaktiviert. Wenn diese Option aktiviert ist, werden Fahrten in den Bericht aufgenommen, die k\u00fcrzer als 50 Meter Gesamtfahrstrecke sind.<\/p>\n\n<figure class=\"wp-block-image is-resized\"><a href=\"https:\/\/www.fmsdocumentation.com\/wp-content\/uploads\/2018\/06\/207.png\"><img loading=\"lazy\" decoding=\"async\" src=\"https:\/\/www.fmsdocumentation.com\/wp-content\/uploads\/2018\/06\/207-1024x599.png\" alt=\"\" class=\"wp-image-5279\" width=\"580\" height=\"339\" srcset=\"https:\/\/www.fmsdocumentation.com\/wp-content\/uploads\/2018\/06\/207-1024x599.png 1024w, https:\/\/www.fmsdocumentation.com\/wp-content\/uploads\/2018\/06\/207-300x176.png 300w, https:\/\/www.fmsdocumentation.com\/wp-content\/uploads\/2018\/06\/207-768x450.png 768w, https:\/\/www.fmsdocumentation.com\/wp-content\/uploads\/2018\/06\/207.png 1213w\" sizes=\"auto, (max-width: 580px) 100vw, 580px\" \/><\/a><\/figure>\n\n<p>Um den Bericht abzuschlie\u00dfen und zu generieren, muss der Benutzer auf die Taste <strong>Generieren<\/strong> klicken. Um die Erstellung eines Berichts abzubrechen, muss der Benutzer auf die Taste <strong>Abbrechen<\/strong> klicken.<\/p>\n\n<figure class=\"wp-block-image is-resized\"><a href=\"https:\/\/www.fmsdocumentation.com\/wp-content\/uploads\/2017\/04\/202.png\"><img loading=\"lazy\" decoding=\"async\" src=\"https:\/\/www.fmsdocumentation.com\/wp-content\/uploads\/2017\/04\/202.png\" alt=\"\" class=\"wp-image-398\" width=\"569\" height=\"79\" srcset=\"https:\/\/www.fmsdocumentation.com\/wp-content\/uploads\/2017\/04\/202.png 569w, https:\/\/www.fmsdocumentation.com\/wp-content\/uploads\/2017\/04\/202-300x42.png 300w\" sizes=\"auto, (max-width: 569px) 100vw, 569px\" \/><\/a><\/figure>\n\n<hr class=\"wp-block-separator\"\/>\n\n<p><div class=\"alignleft\"><a href=\"https:\/\/www.fmsdocumentation.com\/de\/berichte-menue\/fahrtbericht\/\" title=\"Fahrtbericht\"><span class=\"arrow\">\u2039 &nbsp <\/span> Fahrtbericht <\/a><\/div> <div class=\"alignright\"><a href=\"https:\/\/www.fmsdocumentation.com\/de\/berichte-menue\/berichtsverwaltung\/\" title=\"Berichtsverwaltung\">Berichtsverwaltung <span class=\"arrow\"> &nbsp\u203a <\/span> <\/a><\/div><\/p>\n","protected":false},"excerpt":{"rendered":"<p>Arbeitszeitbericht\u2013 konzentriert sich haupts\u00e4chlich auf die Generierung von Details rund um die Arbeitszeit und damit verbundene Details. Zuallererst muss der Benutzer den Datumsbereich ausw\u00e4hlen, f\u00fcr den dieser Bericht generiert wird. Datumsbereich \u2013 Um ein Datum auszuw\u00e4hlen, muss der Benutzer auf \u201eDatumsbereich ausw\u00e4hlen\u201c klicken, um das Kalenderfenster zu \u00f6ffnen. Der Kalenderbereich ist in allen FMS identisch. &hellip; <a href=\"https:\/\/www.fmsdocumentation.com\/de\/berichte-menue\/arbeitszeitbericht\/\" class=\"more-link\"><span class=\"screen-reader-text\">Arbeitszeitbericht<\/span> weiterlesen<\/a><\/p>\n","protected":false},"author":1,"featured_media":0,"parent":11758,"menu_order":14,"comment_status":"closed","ping_status":"closed","template":"","meta":{"footnotes":""},"class_list":["post-11888","page","type-page","status-publish","hentry"],"_links":{"self":[{"href":"https:\/\/www.fmsdocumentation.com\/de\/wp-json\/wp\/v2\/pages\/11888","targetHints":{"allow":["GET"]}}],"collection":[{"href":"https:\/\/www.fmsdocumentation.com\/de\/wp-json\/wp\/v2\/pages"}],"about":[{"href":"https:\/\/www.fmsdocumentation.com\/de\/wp-json\/wp\/v2\/types\/page"}],"author":[{"embeddable":true,"href":"https:\/\/www.fmsdocumentation.com\/de\/wp-json\/wp\/v2\/users\/1"}],"replies":[{"embeddable":true,"href":"https:\/\/www.fmsdocumentation.com\/de\/wp-json\/wp\/v2\/comments?post=11888"}],"version-history":[{"count":1,"href":"https:\/\/www.fmsdocumentation.com\/de\/wp-json\/wp\/v2\/pages\/11888\/revisions"}],"predecessor-version":[{"id":11889,"href":"https:\/\/www.fmsdocumentation.com\/de\/wp-json\/wp\/v2\/pages\/11888\/revisions\/11889"}],"up":[{"embeddable":true,"href":"https:\/\/www.fmsdocumentation.com\/de\/wp-json\/wp\/v2\/pages\/11758"}],"wp:attachment":[{"href":"https:\/\/www.fmsdocumentation.com\/de\/wp-json\/wp\/v2\/media?parent=11888"}],"curies":[{"name":"wp","href":"https:\/\/api.w.org\/{rel}","templated":true}]}}