{"id":11906,"date":"2022-06-15T17:10:58","date_gmt":"2022-06-15T14:10:58","guid":{"rendered":"https:\/\/www.fmsdocumentation.com\/berichte-menue\/berichtsuebersicht\/"},"modified":"2022-06-15T17:10:58","modified_gmt":"2022-06-15T14:10:58","slug":"berichtsuebersicht","status":"publish","type":"page","link":"https:\/\/www.fmsdocumentation.com\/de\/berichte-menue\/berichtsuebersicht\/","title":{"rendered":"Berichts\u00fcbersicht"},"content":{"rendered":"<p>Berichte k\u00f6nnen nach mehreren Kriterien gefiltert werden:<\/p>\n<ul>\n<li>Abonnementname \u2013 eine Suchleiste, die abonnementbasierte Berichte herausfiltert;<\/li>\n<li>Berichtstyp<\/li>\n<li>Bericht basierend auf (Objekte\/Fahrer);<\/li>\n<li>Datumsbereich \u2013 der Benutzer kann ausw\u00e4hlen, dass Berichte nur f\u00fcr einen bestimmten Zeitraum angezeigt werden.<\/li>\n<\/ul>\n<p>Alle diese Filter befinden sich im oberen Bereich der Seite.<\/p>\n<p><a href=\"https:\/\/www.fmsdocumentation.com\/wp-content\/uploads\/2018\/11\/274.png\"><img loading=\"lazy\" decoding=\"async\" class=\"alignnone size-large wp-image-6254\" src=\"https:\/\/www.fmsdocumentation.com\/wp-content\/uploads\/2018\/11\/274-1024x191.png\" alt=\"\" width=\"660\" height=\"123\" srcset=\"https:\/\/www.fmsdocumentation.com\/wp-content\/uploads\/2018\/11\/274-1024x191.png 1024w, https:\/\/www.fmsdocumentation.com\/wp-content\/uploads\/2018\/11\/274-300x56.png 300w, https:\/\/www.fmsdocumentation.com\/wp-content\/uploads\/2018\/11\/274-768x143.png 768w, https:\/\/www.fmsdocumentation.com\/wp-content\/uploads\/2018\/11\/274.png 1852w\" sizes=\"auto, (max-width: 660px) 100vw, 660px\" \/><\/a><\/p>\n<p>Berichte werden in der Liste chronologisch mit den neuesten (zuletzt generierten) ganz oben formatiert. Jeder Bericht wird mit grundlegenden Informationen \u00fcber seinen Inhalt angezeigt. Die Angaben sind:<\/p>\n<ul>\n<li><strong>Berichtsart<\/strong><\/li>\n<li><strong>Berichtinfo<\/strong><\/li>\n<li><strong>Abonnementname<\/strong><\/li>\n<li><strong>Bericht basierend auf<\/strong><\/li>\n<li><strong>Berichtgenerierungsdatum<\/strong><\/li>\n<\/ul>\n<p><a href=\"https:\/\/www.fmsdocumentation.com\/wp-content\/uploads\/2017\/04\/147-1.png\"><img loading=\"lazy\" decoding=\"async\" class=\"alignnone wp-image-929 size-large\" src=\"https:\/\/www.fmsdocumentation.com\/wp-content\/uploads\/2017\/04\/147-1-1024x178.png\" alt=\"\" width=\"660\" height=\"115\" srcset=\"https:\/\/www.fmsdocumentation.com\/wp-content\/uploads\/2017\/04\/147-1-1024x178.png 1024w, https:\/\/www.fmsdocumentation.com\/wp-content\/uploads\/2017\/04\/147-1-300x52.png 300w, https:\/\/www.fmsdocumentation.com\/wp-content\/uploads\/2017\/04\/147-1-768x133.png 768w, https:\/\/www.fmsdocumentation.com\/wp-content\/uploads\/2017\/04\/147-1.png 1843w\" sizes=\"auto, (max-width: 660px) 100vw, 660px\" \/><\/a><\/p>\n<p>Um den Bericht zu \u00f6ffnen, muss der Benutzer auf die Taste &#8220;Bericht anzeigen&#8221; klicken, die sich auf der rechten Seite jeder Berichtsbeschreibung befindet.<\/p>\n<p><a href=\"https:\/\/www.fmsdocumentation.com\/wp-content\/uploads\/2017\/04\/148-1.png\"><img loading=\"lazy\" decoding=\"async\" class=\"alignnone wp-image-930 size-large\" src=\"https:\/\/www.fmsdocumentation.com\/wp-content\/uploads\/2017\/04\/148-1-1024x191.png\" alt=\"\" width=\"660\" height=\"123\" srcset=\"https:\/\/www.fmsdocumentation.com\/wp-content\/uploads\/2017\/04\/148-1-1024x191.png 1024w, https:\/\/www.fmsdocumentation.com\/wp-content\/uploads\/2017\/04\/148-1-300x56.png 300w, https:\/\/www.fmsdocumentation.com\/wp-content\/uploads\/2017\/04\/148-1-768x143.png 768w, https:\/\/www.fmsdocumentation.com\/wp-content\/uploads\/2017\/04\/148-1.png 1125w\" sizes=\"auto, (max-width: 660px) 100vw, 660px\" \/><\/a><\/p>\n<p>Der Bericht wird in einem neuen Fenster ge\u00f6ffnet und der Benutzer wird zu diesem Fenster weitergeleitet. Mehr als ein Bericht kann gleichzeitig ge\u00f6ffnet werden; jeder Bericht wird einfach in einem neuen Fenster ge\u00f6ffnet. Wenn der Bericht gro\u00df ist, kann das Laden der Berichtsseite einige Zeit in Anspruch nehmen.<\/p>\n<p>Eine Vorschau eines Berichts wird nachfolgend angezeigt. Der Bericht enth\u00e4lt alle Parameter, die der Benutzer in den Berichtseinstellungen ausgew\u00e4hlt hat. Wenn der Benutzer den Bericht drucken m\u00f6chte, muss er auf die Drucker-Taste klicken, die sich oben rechts im Bericht befindet. Berichts\u00fcbersicht<\/p>\n<p><a href=\"https:\/\/www.fmsdocumentation.com\/wp-content\/uploads\/2017\/04\/149-1.png\"><img loading=\"lazy\" decoding=\"async\" class=\"alignnone wp-image-1574 size-full\" src=\"https:\/\/www.fmsdocumentation.com\/wp-content\/uploads\/2017\/04\/149-1.png\" alt=\"\" width=\"911\" height=\"924\" srcset=\"https:\/\/www.fmsdocumentation.com\/wp-content\/uploads\/2017\/04\/149-1.png 911w, https:\/\/www.fmsdocumentation.com\/wp-content\/uploads\/2017\/04\/149-1-296x300.png 296w, https:\/\/www.fmsdocumentation.com\/wp-content\/uploads\/2017\/04\/149-1-768x779.png 768w\" sizes=\"auto, (max-width: 911px) 100vw, 911px\" \/><\/a><\/p>\n<p>Der Benutzer kann den Bericht auch im PDF- oder EXCEL-FORMAT exportieren, indem er auf das entsprechende Symbol ganz rechts auf dem Berichtsbildschirms klickt.<\/p>\n<p><a href=\"https:\/\/www.fmsdocumentation.com\/wp-content\/uploads\/2017\/04\/150.png\"><img loading=\"lazy\" decoding=\"async\" class=\"alignnone wp-image-251 size-large\" src=\"https:\/\/www.fmsdocumentation.com\/wp-content\/uploads\/2017\/04\/150-1024x185.png\" alt=\"\" width=\"660\" height=\"119\" srcset=\"https:\/\/www.fmsdocumentation.com\/wp-content\/uploads\/2017\/04\/150-1024x185.png 1024w, https:\/\/www.fmsdocumentation.com\/wp-content\/uploads\/2017\/04\/150-300x54.png 300w, https:\/\/www.fmsdocumentation.com\/wp-content\/uploads\/2017\/04\/150-768x139.png 768w, https:\/\/www.fmsdocumentation.com\/wp-content\/uploads\/2017\/04\/150.png 1271w\" sizes=\"auto, (max-width: 660px) 100vw, 660px\" \/><\/a><\/p>\n<hr>\n<p><div class=\"alignleft\"><a href=\"https:\/\/www.fmsdocumentation.com\/de\/berichte-menue\/berichtsverwaltung\/\" title=\"Berichtsverwaltung\"><span class=\"arrow\">\u2039 &nbsp <\/span> Berichtsverwaltung <\/a><\/div> <div class=\"alignright\"><a href=\"https:\/\/www.fmsdocumentation.com\/de\/ontrack-app\/\" title=\"OnTrack-App\">OnTrack-App <span class=\"arrow\"> &nbsp\u203a <\/span> <\/a><\/div><\/p>\n<p>&nbsp;<\/p>\n","protected":false},"excerpt":{"rendered":"<p>Berichte k\u00f6nnen nach mehreren Kriterien gefiltert werden: Abonnementname \u2013 eine Suchleiste, die abonnementbasierte Berichte herausfiltert; Berichtstyp Bericht basierend auf (Objekte\/Fahrer); Datumsbereich \u2013 der Benutzer kann ausw\u00e4hlen, dass Berichte nur f\u00fcr einen bestimmten Zeitraum angezeigt werden. Alle diese Filter befinden sich im oberen Bereich der Seite. Berichte werden in der Liste chronologisch mit den neuesten (zuletzt &hellip; <a href=\"https:\/\/www.fmsdocumentation.com\/de\/berichte-menue\/berichtsuebersicht\/\" class=\"more-link\"><span class=\"screen-reader-text\">Berichts\u00fcbersicht<\/span> weiterlesen<\/a><\/p>\n","protected":false},"author":1,"featured_media":0,"parent":11758,"menu_order":16,"comment_status":"closed","ping_status":"closed","template":"","meta":{"footnotes":""},"class_list":["post-11906","page","type-page","status-publish","hentry"],"_links":{"self":[{"href":"https:\/\/www.fmsdocumentation.com\/de\/wp-json\/wp\/v2\/pages\/11906","targetHints":{"allow":["GET"]}}],"collection":[{"href":"https:\/\/www.fmsdocumentation.com\/de\/wp-json\/wp\/v2\/pages"}],"about":[{"href":"https:\/\/www.fmsdocumentation.com\/de\/wp-json\/wp\/v2\/types\/page"}],"author":[{"embeddable":true,"href":"https:\/\/www.fmsdocumentation.com\/de\/wp-json\/wp\/v2\/users\/1"}],"replies":[{"embeddable":true,"href":"https:\/\/www.fmsdocumentation.com\/de\/wp-json\/wp\/v2\/comments?post=11906"}],"version-history":[{"count":0,"href":"https:\/\/www.fmsdocumentation.com\/de\/wp-json\/wp\/v2\/pages\/11906\/revisions"}],"up":[{"embeddable":true,"href":"https:\/\/www.fmsdocumentation.com\/de\/wp-json\/wp\/v2\/pages\/11758"}],"wp:attachment":[{"href":"https:\/\/www.fmsdocumentation.com\/de\/wp-json\/wp\/v2\/media?parent=11906"}],"curies":[{"name":"wp","href":"https:\/\/api.w.org\/{rel}","templated":true}]}}