{"id":11947,"date":"2022-06-15T17:27:50","date_gmt":"2022-06-15T14:27:50","guid":{"rendered":"https:\/\/www.fmsdocumentation.com\/ontrack-app\/kommunikation-mit-dem-disponenten\/"},"modified":"2022-06-15T17:27:51","modified_gmt":"2022-06-15T14:27:51","slug":"kommunikation-mit-dem-disponenten","status":"publish","type":"page","link":"https:\/\/www.fmsdocumentation.com\/de\/ontrack-app\/kommunikation-mit-dem-disponenten\/","title":{"rendered":"Kommunikation mit dem Disponenten"},"content":{"rendered":"&#13;\n<p>Um mit den Disponenten zu kommunizieren, tippen Sie auf <strong>Chat<\/strong> und tippen Sie auf den Disponenten, um das Gespr\u00e4ch zu \u00f6ffnen.<\/p>&#13;\n&#13;\n<figure class=\"wp-block-image size-large is-resized\"><a href=\"https:\/\/www.fmsdocumentation.com\/wp-content\/uploads\/2020\/05\/413.png\"><img loading=\"lazy\" decoding=\"async\" class=\"wp-image-9065\" src=\"https:\/\/www.fmsdocumentation.com\/wp-content\/uploads\/2020\/05\/413-531x1024.png\" alt=\"\" width=\"266\" height=\"512\" srcset=\"https:\/\/www.fmsdocumentation.com\/wp-content\/uploads\/2020\/05\/413-531x1024.png 531w, https:\/\/www.fmsdocumentation.com\/wp-content\/uploads\/2020\/05\/413-156x300.png 156w, https:\/\/www.fmsdocumentation.com\/wp-content\/uploads\/2020\/05\/413-768x1480.png 768w, https:\/\/www.fmsdocumentation.com\/wp-content\/uploads\/2020\/05\/413-797x1536.png 797w, https:\/\/www.fmsdocumentation.com\/wp-content\/uploads\/2020\/05\/413-1063x2048.png 1063w, https:\/\/www.fmsdocumentation.com\/wp-content\/uploads\/2020\/05\/413.png 1080w\" sizes=\"auto, (max-width: 266px) 100vw, 266px\" \/><\/a><\/figure>&#13;\n&#13;\n<p>Tippen Sie die Nachrichten ein und versenden Sie sie wie in jeder anderen Messaging-App. Die gesendeten Nachrichten k\u00f6nnen vom Disponenten im <a href=\"https:\/\/www.fmsdocumentation.com\/kommunikationsmenue\/?lang=de\">Kommunikationen-Men\u00fc<\/a> betrachtet werden.<\/p>&#13;\n&#13;\n<h4 class=\"wp-block-heading\">Hinzuf\u00fcgen von Anh\u00e4ngen<\/h4>&#13;\n&#13;\n<p>Um Anh\u00e4nge hinzuzuf\u00fcgen, tippen Sie auf das Dateisymbol in der Ecke unten links des Bildschirms. Suchen und w\u00e4hlen Sie die Datei aus, die Sie anh\u00e4ngen m\u00f6chten (es wird die Standard-Dateimanager-App wird verwendet).<\/p>&#13;\n\n\n<p><p class=\"note\">Hinweis<br\/>Die Anh\u00e4nge d\u00fcrfen nicht gr\u00f6\u00dfer als 3 MB sein.<\/p>\n\n&#13;\n<figure class=\"wp-block-image size-large is-resized\"><a href=\"https:\/\/www.fmsdocumentation.com\/wp-content\/uploads\/2021\/01\/414.png\"><img loading=\"lazy\" decoding=\"async\" class=\"alignnone wp-image-10584 \" src=\"https:\/\/www.fmsdocumentation.com\/wp-content\/uploads\/2021\/01\/414-551x1024.png\" alt=\"\" width=\"310\" height=\"577\" srcset=\"https:\/\/www.fmsdocumentation.com\/wp-content\/uploads\/2021\/01\/414-551x1024.png 551w, https:\/\/www.fmsdocumentation.com\/wp-content\/uploads\/2021\/01\/414-161x300.png 161w, https:\/\/www.fmsdocumentation.com\/wp-content\/uploads\/2021\/01\/414-768x1428.png 768w, https:\/\/www.fmsdocumentation.com\/wp-content\/uploads\/2021\/01\/414-826x1536.png 826w, https:\/\/www.fmsdocumentation.com\/wp-content\/uploads\/2021\/01\/414.png 1080w\" sizes=\"auto, (max-width: 310px) 100vw, 310px\" \/><\/a><\/figure>&#13;\n&#13;\n<h4 class=\"wp-block-heading\">Anh\u00e4nge herunterladen<\/h4>&#13;\n&#13;\n<p>Um Anh\u00e4nge herunterzuladen, tippen Sie auf den Anhang. Der Anhang wird automatisch in Ihren Download-Ordner heruntergeladen.<\/p>&#13;\n\n\n<p><p class=\"note\">Hinweis<br\/>Beim Herunterladen von Dateien gibt es derzeit keine Anzeige. Bitte \u00fcberpr\u00fcfen Sie Ihren Download-Ordner, nachdem Sie die gew\u00fcnschte Datei angetippt haben.<\/p>\n\n&#13;\n<h4 class=\"wp-block-heading\">Bilder machen<\/h4>&#13;\n&#13;\n<p>Es gibt zwei M\u00f6glichkeiten, Fotos zu machen:<\/p>&#13;\n&#13;\n<ul class=\"wp-block-list\">&#13;\n<li>Tippen Sie auf den Tab <strong>Kamera.<\/strong> Bild gemacht haben, k\u00f6nnen Sie es direkt an den Disponenten senden. Sie werden zum Tab <strong>Aufgaben<\/strong> weitergeleitet.<\/li>&#13;\n<li>Tippen Sie in einem Gespr\u00e4ch auf das Kamerasymbol. Nachdem Sie ein Bild gemacht haben, k\u00f6nnen Sie diese direkt an den Disponenten senden. Sie bleiben im Gespr\u00e4chsbildschirm.<\/li>&#13;\n<\/ul>&#13;\n&#13;\n<p>Tippen Sie auf die Taste am unteren Bildschirmrand, um ein Bild zu machen. Tippen Sie auf das Blitzsymbol in der Ecke oben rechts vom Bildschirm, um die Blitzeinstellungen zu \u00e4ndern (der Blitz ist standardm\u00e4\u00dfig eingeschaltet).<\/p>&#13;\n&#13;\n<figure class=\"wp-block-image is-resized\"><img loading=\"lazy\" decoding=\"async\" src=\"https:\/\/www.fmsdocumentation.com\/wp-content\/uploads\/2020\/05\/415-533x1024.png\" alt=\"This image has an empty alt attribute; its file name is 415-533x1024.png\" width=\"267\" height=\"512\"\/><\/figure>&#13;\n&#13;\n<p><div class=\"alignleft\"><a href=\"https:\/\/www.fmsdocumentation.com\/de\/ontrack-app\/aufgaben\/\" title=\"Aufgaben\"><span class=\"arrow\">\u2039 &nbsp <\/span> Aufgaben <\/a><\/div><div class=\"alignright\"><a href=\"https:\/\/www.fmsdocumentation.com\/de\/ontrack-app\/datenschutzrichtlinie\/\" title=\"Datenschutzrichtlinie\">Datenschutzrichtlinie <span class=\"arrow\"> &nbsp\u203a <\/span> <\/a><\/div><\/p>&#13;\n","protected":false},"excerpt":{"rendered":"<p>&#13; Um mit den Disponenten zu kommunizieren, tippen Sie auf Chat und tippen Sie auf den Disponenten, um das Gespr\u00e4ch zu \u00f6ffnen. &#13; &#13; Tippen Sie die Nachrichten ein und versenden Sie sie wie in jeder anderen Messaging-App. Die gesendeten Nachrichten k\u00f6nnen vom Disponenten im Kommunikationen-Men\u00fc betrachtet werden. &#13; &#13; Hinzuf\u00fcgen von Anh\u00e4ngen &#13; &#13; &hellip; <a href=\"https:\/\/www.fmsdocumentation.com\/de\/ontrack-app\/kommunikation-mit-dem-disponenten\/\" class=\"more-link\"><span class=\"screen-reader-text\">Kommunikation mit dem Disponenten<\/span> weiterlesen<\/a><\/p>\n","protected":false},"author":5,"featured_media":0,"parent":11916,"menu_order":2,"comment_status":"closed","ping_status":"closed","template":"","meta":{"footnotes":""},"class_list":["post-11947","page","type-page","status-publish","hentry"],"_links":{"self":[{"href":"https:\/\/www.fmsdocumentation.com\/de\/wp-json\/wp\/v2\/pages\/11947","targetHints":{"allow":["GET"]}}],"collection":[{"href":"https:\/\/www.fmsdocumentation.com\/de\/wp-json\/wp\/v2\/pages"}],"about":[{"href":"https:\/\/www.fmsdocumentation.com\/de\/wp-json\/wp\/v2\/types\/page"}],"author":[{"embeddable":true,"href":"https:\/\/www.fmsdocumentation.com\/de\/wp-json\/wp\/v2\/users\/5"}],"replies":[{"embeddable":true,"href":"https:\/\/www.fmsdocumentation.com\/de\/wp-json\/wp\/v2\/comments?post=11947"}],"version-history":[{"count":3,"href":"https:\/\/www.fmsdocumentation.com\/de\/wp-json\/wp\/v2\/pages\/11947\/revisions"}],"predecessor-version":[{"id":11953,"href":"https:\/\/www.fmsdocumentation.com\/de\/wp-json\/wp\/v2\/pages\/11947\/revisions\/11953"}],"up":[{"embeddable":true,"href":"https:\/\/www.fmsdocumentation.com\/de\/wp-json\/wp\/v2\/pages\/11916"}],"wp:attachment":[{"href":"https:\/\/www.fmsdocumentation.com\/de\/wp-json\/wp\/v2\/media?parent=11947"}],"curies":[{"name":"wp","href":"https:\/\/api.w.org\/{rel}","templated":true}]}}