{"id":11954,"date":"2022-06-15T17:35:21","date_gmt":"2022-06-15T14:35:21","guid":{"rendered":"https:\/\/www.fmsdocumentation.com\/ontrack-app\/datenschutzrichtlinie\/"},"modified":"2022-06-15T17:35:21","modified_gmt":"2022-06-15T14:35:21","slug":"datenschutzrichtlinie","status":"publish","type":"page","link":"https:\/\/www.fmsdocumentation.com\/de\/ontrack-app\/datenschutzrichtlinie\/","title":{"rendered":"Datenschutzrichtlinie"},"content":{"rendered":"<h3 style=\"text-align: center;\">OnTrack-App<br \/>\nDatenschutzrichtlinie<\/h3>\n<p style=\"text-align: center;\"><strong><br \/>\n<\/strong><strong> <\/strong>2020-05-27<br \/>\nVilnius<\/p>\n<p>Diese OnTrack App-Datenschutzrichtlinie (im Folgenden als \u201eDatenschutzrichtlinie\u201c bezeichnet) beschreibt, wie wir Ihre personenbezogenen Daten sammeln, verwenden, offenlegen und speichern.<\/p>\n<ol>\n<li><strong>Welche Arten von Informationen sammeln wir \u00fcber Sie?<\/strong><\/li>\n<\/ol>\n<ul>\n<li>Name, Vorname<\/li>\n<li>E-Mail-Adresse,<\/li>\n<li>Mobilger\u00e4tnummer;<\/li>\n<li>Ihre Standortdaten<\/li>\n<li>Fotos und Nachrichten, die \u00fcber das Kommunikationsmodul gesendet werden.<\/li>\n<\/ul>\n<ol start=\"2\">\n<li><strong>Was ist der Zweck dieser Datenschutzrichtlinie?<\/strong><strong> <\/strong><\/li>\n<\/ol>\n<ul>\n<li>Erbringung von Dienstleistungen hinsichtlich Transportkontrolle und Sicherung der Qualit\u00e4t;<\/li>\n<li>Bereitstellung n\u00fctzlicher und relevanter Informationen f\u00fcr Sie;<\/li>\n<li>Erf\u00fcllung vertraglicher Verpflichtungen;<\/li>\n<li>In anderen gesetzlich vorgeschriebenen F\u00e4llen.<\/li>\n<li>Wir verwenden auch Informationen, die wir sammeln, um Ihre Fragen zu Ihrem Konto zu beantworten oder Sie bei der Fehlerbehebung zu unterst\u00fctzen.<\/li>\n<li>Wir k\u00f6nnen Ihre Daten auch f\u00fcr interne Zwecke wie Pr\u00fcfungen, Datenanalysen und Recherchen verwenden, um unsere Produkte, Dienstleistungen, Kundenkommunikation und Inhalte zu verbessern.<\/li>\n<\/ul>\n<ol start=\"3\">\n<li><strong>Wie wir die \u00fcber Sie gesammelten Informationen speichern und sch\u00fctzen?<\/strong><\/li>\n<\/ol>\n<ul>\n<li>Wir verwenden physische, elektronische und verfahrenstechnische Sicherheitsma\u00dfnahmen, um Ihre personenbezogenen Daten zu sch\u00fctzen, w\u00e4hrend sie unter unserer Kontrolle stehen, aber trotz dieser Sicherheitsma\u00dfnahmen gibt es keine Garantie daf\u00fcr, dass Ihre Daten nicht verloren gehen, missbraucht oder ge\u00e4ndert werden.<\/li>\n<li>Wir bewahren Informationen nur so lange auf, wie wir ein Unternehmen haben oder geltende Gesetze, Vorschriften oder beh\u00f6rdliche Anordnungen erfordern. Wenn wir \u00fcber personenbezogene Daten verwerfen, wenden wir angemessene Verfahren an, um sie zu l\u00f6schen oder unlesbar zu machen (z. B. Zerkleinerung von Dokumenten und deren L\u00f6sung von elektronische Medien).<\/li>\n<\/ul>\n<ol start=\"4\">\n<li><strong>Wenn wir \u00fcber Sie gesammelte Informationen teilen?<\/strong><strong> <\/strong><\/li>\n<\/ol>\n<ul>\n<li>Ohne Ihre Zustimmung verkaufen, lizenzieren, vermieten oder stellen wir Ihre personenbezogenen Daten nicht an nicht angeschlossene Dritte (Parteien au\u00dferhalb der Ruptela UAB) zur Verf\u00fcgung, um deren Dienstleistungen oder Produkte an Sie zu vermarkten. Wir k\u00f6nnen Ihre Daten jedoch wie folgt an unabh\u00e4ngige Dritte weitergeben:\n<ul>\n<li>Wir k\u00f6nnen mit Ihrer Zustimmung personenbezogene Daten \u00fcber Sie an Dritte weitergeben;<\/li>\n<li>Wir k\u00f6nnen Informationen \u00fcber einen Account-Benutzer an den prim\u00e4ren Account-Inhaber (die f\u00fcr das Konto finanziell verantwortliche Partei) weitergeben;<\/li>\n<li>Wir k\u00f6nnen Informationen an Drittanbieter und Partner weitergeben, die Transaktionen abschlie\u00dfen oder Dienstleistungen in unserem Namen erbringen (z. B. Abrechnung, Reparatur);<\/li>\n<li>Wir k\u00f6nnen Informationen \u00fcber Sie im Rahmen einer Unternehmenstransaktion wie Fusion oder \u00dcbernahme, Joint Venture, Unternehmensreorganisation, Finanzierung oder Verkauf von Unternehmensverm\u00f6gen oder im unwahrscheinlichen Fall von Insolvenz, Konkurs oder Konkurs verkaufen, offenlegen oder \u00fcbertragen, in dem diese Informationen als Gesch\u00e4ftswert im Rahmen des Gesch\u00e4fts an Dritte weitergegeben werden k\u00f6nnten;<\/li>\n<li>Wir k\u00f6nnen personenbezogene Daten und andere Informationen \u00fcber Sie offenlegen, wenn wir in gutem Glauben der Ansicht sind, dass der Zugriff, die Verwendung, die Aufbewahrung oder die Offenlegung solcher Informationen nach vern\u00fcnftigem Ermessen erforderlich ist;<\/li>\n<li>um nach geltendem Recht, gerichtliche Auflagen, Verfahren oder durchsetzbaren beh\u00f6rdlichen Anfragen zu erf\u00fcllen,<\/li>\n<li>Im Zusammenhang mit Anspr\u00fcchen, Streitigkeiten oder Rechtsstreitigkeiten &#8211; vor Gericht oder anderswo;<\/li>\n<li>Zum Schutz der Nutzer unserer Dienste und anderer Spediteure oder Anbieter vor betr\u00fcgerischer, missbr\u00e4uchlicher oder unrechtm\u00e4\u00dfiger Nutzung oder Abonnement solcher Dienste.<\/li>\n<\/ul>\n<\/li>\n<\/ul>\n<ol start=\"5\">\n<li><strong>Was sollten Sie bei der Nutzung der mobilen App noch wissen?<\/strong><\/li>\n<\/ol>\n<ul>\n<li>Sie sind f\u00fcr die Sicherheit Ihres Mobilger\u00e4ts verantwortlich; daher m\u00fcssen Sie sicherstellen, dass Ihr Mobilger\u00e4t den technischen und Sicherheitsempfehlungen entspricht.<\/li>\n<li>Sie sind daf\u00fcr verantwortlich, dass Sie als einzige Person die Dienste der mobilen App verwenden; daher m\u00fcssen Sie sicherstellen, dass Dritte nicht auf Ihr Mobilger\u00e4t und Ihre Anmeldedaten zugreifen k\u00f6nnen.<\/li>\n<li>Die von Ihnen bereitgestellten Daten d\u00fcrfen Dritten nur in Ausnahmef\u00e4llen nach den Rechtsvorschriften der Republik Litauen mitgeteilt werden.<\/li>\n<li>Sie haben das Recht, auf Ihre von Ruptela UAB verarbeiteten personenbezogenen Daten zuzugreifen, Informationen \u00fcber die Quellen zu erhalten, aus denen diese Daten erhoben wurden, Zwecke, f\u00fcr die die Daten verarbeitet werden, und die Berichtigung unrichtiger unvollst\u00e4ndige, ungenaue personenbezogene Daten sowie andere im Gesetz \u00fcber den rechtlichen Schutz personenbezogener Daten der Republik Litauen vorgesehene Rechte verlangen.<\/li>\n<li>Um die Sicherheit der von Ihnen bereitgestellten Daten im Falle des Verlusts des mobilen Ger\u00e4ts und\/oder der Weitergabe an Dritte zu gew\u00e4hrleisten oder falls festgestellt wird, dass Ihre Daten (einschlie\u00dflich der Anmeldedaten) Dritten bekannt geworden sind und\/oder unter anderen Umst\u00e4nden, wenn die Gefahr besteht, dass das mobile Ger\u00e4t und\/oder Ihre Daten von unbefugten Dritten verwendet werden k\u00f6nnen, sind Sie verpflichtet, Ruptela UAB hier\u00fcber unverz\u00fcglich in Kenntnis zu setzen.<\/li>\n<\/ul>\n<ol start=\"6\">\n<li><strong>Updates der Datenschutzrichtlinie und Kontaktinformationen<\/strong><\/li>\n<\/ol>\n<ul>\n<li>Wir k\u00f6nnen diese Datenschutzerkl\u00e4rung zu jeder Zeit aktualisieren, um Updates oder Klarstellungen unserer Praktiken bereitzustellen. Wenn wir \u00c4nderungen vornehmen, werden wir das Datum am Anfang der Datenschutzrichtlinie \u00fcberarbeiten. Wenn wir vorschlagen, personenbezogene Daten in einer wesentlich anderen Weise zu verwenden, werden wir Sie mindestens 30 (drei\u00dfig) Tage lang \u00fcber die \u00c4nderungen auf unserer Website informieren, bevor wir diese \u00c4nderungen umsetzen, und erhalten Sie Ihre Zustimmung wie oben f\u00fcr jede wesentliche \u00c4nderung in Bezug auf die Offenlegung personenbezogener Daten angegeben. Sie sollten sich auf diese Datenschutzrichtlinie beziehen oft f\u00fcr die neuesten Informationen und das Datum des Inkrafttretens von \u00c4nderungen.<\/li>\n<li>Wir stellen sicher, dass diese Datenschutzrichtlinie st\u00e4ndig \u00fcberarbeitet und erneuert wird. Die Datenschutzerkl\u00e4rung entspricht den geltenden Gesetzen und falls Updates oder neue Gesetze in Kraft treten, wird diese Datenschutzrichtlinie aktualisiert.<\/li>\n<li>Wenn Sie Fragen oder Anmerkungen \u00fcber diese Datenschutzrichtlinie oder zu den Datenschutzpraktiken von Ruptela UAB haben, rufen Sie bitte +37052045030 an oder senden Sie eine E-Mail an support@ruptela.com. Sie k\u00f6nnen Ihre Kommentare oder Fragen in Bezug auf den Datenschutz auch an die folgende Adresse richten:<\/li>\n<\/ul>\n<p>UAB \u201eRuptela\u201c<br \/>\nPerk\u016bnkiemio g. 6.<br \/>\nLT-12130 Vilnius<br \/>\nLitauen<\/p>\n<p><div class=\"alignleft\"><a href=\"https:\/\/www.fmsdocumentation.com\/de\/ontrack-app\/kommunikation-mit-dem-disponenten\/\" title=\"Kommunikation mit dem Disponenten\"><span class=\"arrow\">\u2039 &nbsp <\/span> Kommunikation mit dem Disponenten <\/a><\/div> <div class=\"alignright\"><a href=\"https:\/\/www.fmsdocumentation.com\/de\/nutzung-der-mobilen-app\/\" title=\"Nutzung der mobilen App\">Nutzung der mobilen App <span class=\"arrow\"> &nbsp\u203a <\/span> <\/a><\/div><\/p>\n","protected":false},"excerpt":{"rendered":"<p>OnTrack-App Datenschutzrichtlinie 2020-05-27 Vilnius Diese OnTrack App-Datenschutzrichtlinie (im Folgenden als \u201eDatenschutzrichtlinie\u201c bezeichnet) beschreibt, wie wir Ihre personenbezogenen Daten sammeln, verwenden, offenlegen und speichern. Welche Arten von Informationen sammeln wir \u00fcber Sie? Name, Vorname E-Mail-Adresse, Mobilger\u00e4tnummer; Ihre Standortdaten Fotos und Nachrichten, die \u00fcber das Kommunikationsmodul gesendet werden. Was ist der Zweck dieser Datenschutzrichtlinie? Erbringung von Dienstleistungen &hellip; <a href=\"https:\/\/www.fmsdocumentation.com\/de\/ontrack-app\/datenschutzrichtlinie\/\" class=\"more-link\"><span class=\"screen-reader-text\">Datenschutzrichtlinie<\/span> weiterlesen<\/a><\/p>\n","protected":false},"author":1,"featured_media":0,"parent":11916,"menu_order":3,"comment_status":"closed","ping_status":"closed","template":"","meta":{"footnotes":""},"class_list":["post-11954","page","type-page","status-publish","hentry"],"_links":{"self":[{"href":"https:\/\/www.fmsdocumentation.com\/de\/wp-json\/wp\/v2\/pages\/11954","targetHints":{"allow":["GET"]}}],"collection":[{"href":"https:\/\/www.fmsdocumentation.com\/de\/wp-json\/wp\/v2\/pages"}],"about":[{"href":"https:\/\/www.fmsdocumentation.com\/de\/wp-json\/wp\/v2\/types\/page"}],"author":[{"embeddable":true,"href":"https:\/\/www.fmsdocumentation.com\/de\/wp-json\/wp\/v2\/users\/1"}],"replies":[{"embeddable":true,"href":"https:\/\/www.fmsdocumentation.com\/de\/wp-json\/wp\/v2\/comments?post=11954"}],"version-history":[{"count":0,"href":"https:\/\/www.fmsdocumentation.com\/de\/wp-json\/wp\/v2\/pages\/11954\/revisions"}],"up":[{"embeddable":true,"href":"https:\/\/www.fmsdocumentation.com\/de\/wp-json\/wp\/v2\/pages\/11916"}],"wp:attachment":[{"href":"https:\/\/www.fmsdocumentation.com\/de\/wp-json\/wp\/v2\/media?parent=11954"}],"curies":[{"name":"wp","href":"https:\/\/api.w.org\/{rel}","templated":true}]}}