{"id":11955,"date":"2022-06-15T17:39:58","date_gmt":"2022-06-15T14:39:58","guid":{"rendered":"https:\/\/www.fmsdocumentation.com\/nutzung-der-mobilen-app\/"},"modified":"2022-06-15T17:40:00","modified_gmt":"2022-06-15T14:40:00","slug":"nutzung-der-mobilen-app","status":"publish","type":"page","link":"https:\/\/www.fmsdocumentation.com\/de\/nutzung-der-mobilen-app\/","title":{"rendered":"Nutzung der mobilen App"},"content":{"rendered":"\n<p>Um die mobile App nutzen zu k\u00f6nnen, muss der Nutzer die App zun\u00e4chst aus dem <a href=\"https:\/\/play.google.com\/store\/apps\/details?id=com.ruptela.mobile.trusttrack\">Google Play Store<\/a> auf sein Mobilger\u00e4t herunterladen. Nachdem die App heruntergeladen und installiert wurde, kann der Benutzer die App starten, indem er auf dieses Logo klickt.<\/p>\n\n<figure class=\"wp-block-image\"><a href=\"https:\/\/www.fmsdocumentation.com\/wp-content\/uploads\/2017\/04\/tt-logo.png\"><img loading=\"lazy\" decoding=\"async\" width=\"300\" height=\"300\" src=\"https:\/\/www.fmsdocumentation.com\/wp-content\/uploads\/2017\/04\/tt-logo.png\" alt=\"\" class=\"wp-image-551\" srcset=\"https:\/\/www.fmsdocumentation.com\/wp-content\/uploads\/2017\/04\/tt-logo.png 300w, https:\/\/www.fmsdocumentation.com\/wp-content\/uploads\/2017\/04\/tt-logo-150x150.png 150w\" sizes=\"auto, (max-width: 300px) 100vw, 300px\" \/><\/a><\/figure>\n\n<p>Bei der ersten Initialisierung wird der Benutzer aufgefordert, eine Server-URL f\u00fcr das Flottenmanagementsystem des Benutzers einzugeben. Dieser Vorgang darf nur einmal durchgef\u00fchrt werden \u2013 die URL wird zusammen mit den App-Daten gespeichert. Wenn eine falsche Server-URL eingegeben wird, wird sie nicht gespeichert.<\/p>\n\n<figure class=\"wp-block-image\"><a href=\"https:\/\/www.fmsdocumentation.com\/wp-content\/uploads\/2019\/03\/232-1.png\"><img loading=\"lazy\" decoding=\"async\" width=\"207\" height=\"300\" src=\"https:\/\/www.fmsdocumentation.com\/wp-content\/uploads\/2019\/03\/232-1-207x300.png\" alt=\"\" class=\"wp-image-7365\" srcset=\"https:\/\/www.fmsdocumentation.com\/wp-content\/uploads\/2019\/03\/232-1-207x300.png 207w, https:\/\/www.fmsdocumentation.com\/wp-content\/uploads\/2019\/03\/232-1-706x1024.png 706w, https:\/\/www.fmsdocumentation.com\/wp-content\/uploads\/2019\/03\/232-1.png 720w\" sizes=\"auto, (max-width: 207px) 100vw, 207px\" \/><\/a><\/figure>\n\n<p>Eine Beispiel-URL gibt einen allgemeinen \u00dcberblick \u00fcber die URL-Struktur: track2.provider.com. Beachten Sie, dass bei der Eingabe der Server-URL kein \u201ehttp\u201c oder \u201ewww\u201c erforderlich ist. Wenn Sie nicht die richtige Adresse f\u00fcr den Server Ihres Providers haben, wenden Sie sich bitte an den technischen Support Ihres Anbieters.<\/p>\n\n<p><p class=\"note\">Hinweis<br\/>Anbieter, die erst seit kurzem mit der mobilen App begonnen haben, m\u00fcssen darauf achten, dass ihre Server-URL erst nach einem App-Update der App hinzugef\u00fcgt wird.<\/p><\/p>\n\n<p>Wenn der Benutzer die eingegebene Server-URL \u00e4ndern m\u00f6chte, m\u00fcssen er die App-Einstellungen ihrer Ger\u00e4te und die mobile App lokalisieren und die gesammelten Daten l\u00f6schen.<\/p>\n\n<figure class=\"wp-block-image\"><a href=\"https:\/\/www.fmsdocumentation.com\/wp-content\/uploads\/2019\/03\/233-1.png\"><img loading=\"lazy\" decoding=\"async\" width=\"289\" height=\"300\" src=\"https:\/\/www.fmsdocumentation.com\/wp-content\/uploads\/2019\/03\/233-1-289x300.png\" alt=\"\" class=\"wp-image-7366\" srcset=\"https:\/\/www.fmsdocumentation.com\/wp-content\/uploads\/2019\/03\/233-1-289x300.png 289w, https:\/\/www.fmsdocumentation.com\/wp-content\/uploads\/2019\/03\/233-1.png 720w\" sizes=\"auto, (max-width: 289px) 100vw, 289px\" \/><\/a><\/figure>\n\n<p>Dies wird die gespeicherte Server-URL aus dem App-Speicher entfernen und die App wird beim n\u00e4chsten Start der App eine neue Server-URL anfordern.<\/p>\n\n<p>Nachdem eine Server-URL angegeben wurde, navigiert die App zum Anmeldebildschirm, der dem auf der <a href=\"https:\/\/www.fmsdocumentation.com\/grundlagen\/login-seite\/?lang=de\">Login-Seite<\/a>beschriebenen Anmeldebildschirm \u00e4hnelt.<\/p>\n\n<p>Danach ist die App identisch mit dem Flottenmanagementsystem, mit Ausnahme der nachfolgend beschriebenen Einschr\u00e4nkungen und Ausnahmen:<\/p>\n\n<ul class=\"wp-block-list\"><li>Der linke Navigationsbereich ist verborgen und kann durch Klicken auf die Men\u00fctaste aufgerufen werden.<\/li><\/ul>\n\n<figure class=\"wp-block-image is-resized\"><a href=\"https:\/\/www.fmsdocumentation.com\/wp-content\/uploads\/2019\/03\/234-2.png\"><img loading=\"lazy\" decoding=\"async\" src=\"https:\/\/www.fmsdocumentation.com\/wp-content\/uploads\/2019\/03\/234-2-1024x742.png\" alt=\"\" class=\"wp-image-7367\" width=\"552\" height=\"400\" srcset=\"https:\/\/www.fmsdocumentation.com\/wp-content\/uploads\/2019\/03\/234-2-1024x742.png 1024w, https:\/\/www.fmsdocumentation.com\/wp-content\/uploads\/2019\/03\/234-2-300x217.png 300w, https:\/\/www.fmsdocumentation.com\/wp-content\/uploads\/2019\/03\/234-2-768x557.png 768w, https:\/\/www.fmsdocumentation.com\/wp-content\/uploads\/2019\/03\/234-2.png 1700w\" sizes=\"auto, (max-width: 552px) 100vw, 552px\" \/><\/a><\/figure>\n\n<ul class=\"wp-block-list\"><li>Bereiche und die Karte passen nicht mehr auf den Bildschirm, so dass eine Verbergen-Taste eingesetzt wird, die verwendet werden kann, um den aktuellen Bereich auszublenden \u2013 also die Karte anzuzeigen, ohne den Bereich wirklich zu schlie\u00dfen. Danach kann der Benutzer den Bereich ausblenden.<\/li><\/ul>\n\n<figure class=\"wp-block-image is-resized\"><a href=\"https:\/\/www.fmsdocumentation.com\/wp-content\/uploads\/2019\/03\/235-1.png\"><img loading=\"lazy\" decoding=\"async\" src=\"https:\/\/www.fmsdocumentation.com\/wp-content\/uploads\/2019\/03\/235-1-1024x742.png\" alt=\"\" class=\"wp-image-7368\" width=\"540\" height=\"391\" srcset=\"https:\/\/www.fmsdocumentation.com\/wp-content\/uploads\/2019\/03\/235-1-1024x742.png 1024w, https:\/\/www.fmsdocumentation.com\/wp-content\/uploads\/2019\/03\/235-1-300x217.png 300w, https:\/\/www.fmsdocumentation.com\/wp-content\/uploads\/2019\/03\/235-1-768x557.png 768w, https:\/\/www.fmsdocumentation.com\/wp-content\/uploads\/2019\/03\/235-1.png 1700w\" sizes=\"auto, (max-width: 540px) 100vw, 540px\" \/><\/a><\/figure>\n\n<ul class=\"wp-block-list\"><li>Die Bedienungsanleitung und die Logout-Taste befinden sich im Navigationsbereich.<\/li><\/ul>\n\n<figure class=\"wp-block-image\"><a href=\"https:\/\/www.fmsdocumentation.com\/wp-content\/uploads\/2019\/03\/236.png\"><img loading=\"lazy\" decoding=\"async\" width=\"168\" height=\"300\" src=\"https:\/\/www.fmsdocumentation.com\/wp-content\/uploads\/2019\/03\/236-168x300.png\" alt=\"\" class=\"wp-image-7369\" srcset=\"https:\/\/www.fmsdocumentation.com\/wp-content\/uploads\/2019\/03\/236-168x300.png 168w, https:\/\/www.fmsdocumentation.com\/wp-content\/uploads\/2019\/03\/236-575x1024.png 575w, https:\/\/www.fmsdocumentation.com\/wp-content\/uploads\/2019\/03\/236.png 640w\" sizes=\"auto, (max-width: 168px) 100vw, 168px\" \/><\/a><\/figure>\n\n<hr class=\"wp-block-separator\"\/>\n\n<p><div class=\"alignleft\"><a href=\"https:\/\/www.fmsdocumentation.com\/de\/ontrack-app\/datenschutzrichtlinie\/\" title=\"Datenschutzrichtlinie\"><span class=\"arrow\">\u2039 &nbsp <\/span> Datenschutzrichtlinie <\/a><\/div> <\/p>\n","protected":false},"excerpt":{"rendered":"<p>Um die mobile App nutzen zu k\u00f6nnen, muss der Nutzer die App zun\u00e4chst aus dem Google Play Store auf sein Mobilger\u00e4t herunterladen. Nachdem die App heruntergeladen und installiert wurde, kann der Benutzer die App starten, indem er auf dieses Logo klickt. Bei der ersten Initialisierung wird der Benutzer aufgefordert, eine Server-URL f\u00fcr das Flottenmanagementsystem des &hellip; <a href=\"https:\/\/www.fmsdocumentation.com\/de\/nutzung-der-mobilen-app\/\" class=\"more-link\"><span class=\"screen-reader-text\">Nutzung der mobilen App<\/span> weiterlesen<\/a><\/p>\n","protected":false},"author":1,"featured_media":0,"parent":0,"menu_order":138,"comment_status":"closed","ping_status":"closed","template":"","meta":{"footnotes":""},"class_list":["post-11955","page","type-page","status-publish","hentry"],"_links":{"self":[{"href":"https:\/\/www.fmsdocumentation.com\/de\/wp-json\/wp\/v2\/pages\/11955","targetHints":{"allow":["GET"]}}],"collection":[{"href":"https:\/\/www.fmsdocumentation.com\/de\/wp-json\/wp\/v2\/pages"}],"about":[{"href":"https:\/\/www.fmsdocumentation.com\/de\/wp-json\/wp\/v2\/types\/page"}],"author":[{"embeddable":true,"href":"https:\/\/www.fmsdocumentation.com\/de\/wp-json\/wp\/v2\/users\/1"}],"replies":[{"embeddable":true,"href":"https:\/\/www.fmsdocumentation.com\/de\/wp-json\/wp\/v2\/comments?post=11955"}],"version-history":[{"count":3,"href":"https:\/\/www.fmsdocumentation.com\/de\/wp-json\/wp\/v2\/pages\/11955\/revisions"}],"predecessor-version":[{"id":11973,"href":"https:\/\/www.fmsdocumentation.com\/de\/wp-json\/wp\/v2\/pages\/11955\/revisions\/11973"}],"wp:attachment":[{"href":"https:\/\/www.fmsdocumentation.com\/de\/wp-json\/wp\/v2\/media?parent=11955"}],"curies":[{"name":"wp","href":"https:\/\/api.w.org\/{rel}","templated":true}]}}