{"id":2063,"date":"2017-09-14T09:29:42","date_gmt":"2017-09-14T09:29:42","guid":{"rendered":"http:\/\/www.fmsdocumentation.com\/special-conditions\/"},"modified":"2017-11-16T10:31:19","modified_gmt":"2017-11-16T10:31:19","slug":"condiciones-especiales","status":"publish","type":"page","link":"https:\/\/www.fmsdocumentation.com\/es\/informacion-basica\/condiciones-especiales\/","title":{"rendered":"Condiciones especiales"},"content":{"rendered":"<p>Algunas funcionalidades u objetos en FMS pueden tener algunas condiciones especiales o limitaciones de uso. Se describen estas condiciones especiales en este cap\u00edtulo. Por favor, tenga en cuenta que aqu\u00ed se describen solo las condiciones que afectan una parte de FMS, las condiciones menores se describen en secciones respectivas.<\/p>\n<hr \/>\n<h3>Remolques<\/h3>\n<p>Recientemente se han a\u00f1adido remolques a FMS. Los remolques se muestran en el sistema como objetos. Pero no todas las funcionalidades est\u00e1n disponibles para remolques. Hay una lista de limitaciones:<\/p>\n<ul>\n<li>No se pueden asignar conductores a un remolque;<\/li>\n<li>No se pueden asignar tareas a un remolque y no se muestran remolques en el selector de &#8220;Veh\u00edculos cercanos&#8221;;<\/li>\n<li>No se pueden seleccionar remolques en el m\u00f3dulo del tac\u00f3grafo;<\/li>\n<li>No puede comunicarse con un remolque;<\/li>\n<li>No se pueden seleccionar remolques en la secci\u00f3n de conducci\u00f3n ecol\u00f3gica;<\/li>\n<\/ul>\n<p>Otras condiciones especiales:<\/p>\n<ul>\n<li>El remolque se asigna autom\u00e1ticamente al veh\u00edculo cuando el dispositivo de rastreo en el veh\u00edculo empieza enviar el ID del remolque. El sistema comprueba constantemente si el ID del remolque est\u00e1 en los registros;<\/li>\n<li>Solo un remolque puede ser asignado a un veh\u00edculo al mismo tiempo. Si se reconoce una nueva asignaci\u00f3n, se borra la asignaci\u00f3n anterior;<\/li>\n<li>Cuando se recibe un paquete de datos con nuevas coordenadas y sin el ID del remolque, el remolque\u00a0se separa del veh\u00edculo.<\/li>\n<\/ul>\n<hr \/>\n<h3>Grupos<\/h3>\n<p>Hay condiciones especiales cuando el remolque est\u00e1 asignado a un veh\u00edculo de un grupo diferente. Si el usuario selecciona que se muestre solo un grupo, en el cual solo un objeto es visible, pero luego el objeto est\u00e1 asignado a un objeto de otro grupo, ambos grupos son seleccionados autom\u00e1ticamente. La misma l\u00f3gica se aplica al seleccionar un grupo con un objeto, que tiene un objeto asignado de otro grupo. En este caso, ambos grupos son seleccionados autom\u00e1ticamente.<\/p>\n<hr \/>\n<p><div class=\"alignleft\"><a href=\"https:\/\/www.fmsdocumentation.com\/es\/informacion-basica\/planes-de-facturacion\/\" title=\"Planes de facturaci\u00f3n\"><span class=\"arrow\">\u2039 &nbsp <\/span> Planes de facturaci\u00f3n <\/a><\/div> <div class=\"alignright\"><a href=\"https:\/\/www.fmsdocumentation.com\/es\/ventana-principal-de-fms\/\" title=\"Ventana principal de FMS\">Ventana principal de FMS <span class=\"arrow\"> &nbsp\u203a <\/span> <\/a><\/div><\/p>\n","protected":false},"excerpt":{"rendered":"<p>Algunas funcionalidades u objetos en FMS pueden tener algunas condiciones especiales o limitaciones de uso. Se describen estas condiciones especiales en este cap\u00edtulo. Por favor, tenga en cuenta que aqu\u00ed se describen solo las condiciones que afectan una parte de FMS, las condiciones menores se describen en secciones respectivas. Remolques Recientemente se han a\u00f1adido remolques &hellip; <a href=\"https:\/\/www.fmsdocumentation.com\/es\/informacion-basica\/condiciones-especiales\/\" class=\"more-link\">Sigue leyendo <span class=\"screen-reader-text\">Condiciones especiales<\/span><\/a><\/p>\n","protected":false},"author":1,"featured_media":0,"parent":2214,"menu_order":7,"comment_status":"closed","ping_status":"closed","template":"","meta":{"footnotes":""},"class_list":["post-2063","page","type-page","status-publish","hentry"],"_links":{"self":[{"href":"https:\/\/www.fmsdocumentation.com\/es\/wp-json\/wp\/v2\/pages\/2063","targetHints":{"allow":["GET"]}}],"collection":[{"href":"https:\/\/www.fmsdocumentation.com\/es\/wp-json\/wp\/v2\/pages"}],"about":[{"href":"https:\/\/www.fmsdocumentation.com\/es\/wp-json\/wp\/v2\/types\/page"}],"author":[{"embeddable":true,"href":"https:\/\/www.fmsdocumentation.com\/es\/wp-json\/wp\/v2\/users\/1"}],"replies":[{"embeddable":true,"href":"https:\/\/www.fmsdocumentation.com\/es\/wp-json\/wp\/v2\/comments?post=2063"}],"version-history":[{"count":6,"href":"https:\/\/www.fmsdocumentation.com\/es\/wp-json\/wp\/v2\/pages\/2063\/revisions"}],"predecessor-version":[{"id":3698,"href":"https:\/\/www.fmsdocumentation.com\/es\/wp-json\/wp\/v2\/pages\/2063\/revisions\/3698"}],"up":[{"embeddable":true,"href":"https:\/\/www.fmsdocumentation.com\/es\/wp-json\/wp\/v2\/pages\/2214"}],"wp:attachment":[{"href":"https:\/\/www.fmsdocumentation.com\/es\/wp-json\/wp\/v2\/media?parent=2063"}],"curies":[{"name":"wp","href":"https:\/\/api.w.org\/{rel}","templated":true}]}}