{"id":2065,"date":"2017-08-04T11:07:58","date_gmt":"2017-08-04T11:07:58","guid":{"rendered":"http:\/\/www.fmsdocumentation.com\/account-settings\/"},"modified":"2019-04-19T14:47:54","modified_gmt":"2019-04-19T12:47:54","slug":"configuracion-de-la-cuenta","status":"publish","type":"page","link":"https:\/\/www.fmsdocumentation.com\/es\/ventana-principal-de-fms\/configuracion-de-la-cuenta\/","title":{"rendered":"Configuraci\u00f3n de la cuenta"},"content":{"rendered":"<p>La configuraci\u00f3n de la cuenta permite cambiar algunos ajustes principales que afectan los datos mostrados dentro de FMS. Se pueden modificar los siguientes ajustes:<\/p>\n<ul>\n<li>Localizaci\u00f3n del sistema \u2013 puede estar fijada por pa\u00eds. Hay una barra de b\u00fasqueda para encontrar un pa\u00eds r\u00e1pidamente. Principalmente se usa la localizaci\u00f3n para &#8220;Google Maps&#8221;, para asegurar que los ajustes cumplan con las leyes y regulaciones del pa\u00eds seleccionado. Si no hay un pa\u00eds seleccionado, el sistema autom\u00e1ticamente sincronizar\u00e1 los ajustes de localizaci\u00f3n con el ordenador usado, para iniciar sesi\u00f3n cada vez al iniciar sesi\u00f3n. Despu\u00e9s de seleccionar un pa\u00eds, la sincronizaci\u00f3n autom\u00e1tica se apagar\u00e1;<\/li>\n<li>Zonas horarias \u2013 aqu\u00ed el usuario puede seleccionar su zona horaria actual. Con una zona horaria fijada, el sistema autom\u00e1ticamente ajustar\u00e1 los registros recibidos para que coincidan con la zona horaria seleccionada;<\/li>\n<li>Idioma del sistema \u2013 el usuario puede seleccionar el idioma del sistema. El formato de fecha se cambia autom\u00e1ticamente seg\u00fan el idioma seleccionado;<\/li>\n<li>Unidades de medida \u2013 \u00a0aqu\u00ed el usuario puede seleccionar las unidades de medida mostradas dentro del sistema. Se pueden seleccionar las unidades imperiales o m\u00e9tricas;<\/li>\n<li>Nombre archivo tac\u00f3grafo \u2013 el usuario puede seleccionar un formato de denominaci\u00f3n para los archivos de tac\u00f3grafo. Se puede seleccionar entre los formatos europeos, espa\u00f1oles y franceses.<\/li>\n<\/ul>\n<p><a href=\"https:\/\/www.fmsdocumentation.com\/wp-content\/uploads\/2019\/02\/273ES.png\"><img loading=\"lazy\" decoding=\"async\" class=\"alignnone size-large wp-image-7302\" src=\"https:\/\/www.fmsdocumentation.com\/wp-content\/uploads\/2019\/02\/273ES-1024x500.png\" alt=\"\" width=\"660\" height=\"322\" srcset=\"https:\/\/www.fmsdocumentation.com\/wp-content\/uploads\/2019\/02\/273ES-1024x500.png 1024w, https:\/\/www.fmsdocumentation.com\/wp-content\/uploads\/2019\/02\/273ES-300x147.png 300w, https:\/\/www.fmsdocumentation.com\/wp-content\/uploads\/2019\/02\/273ES-768x375.png 768w, https:\/\/www.fmsdocumentation.com\/wp-content\/uploads\/2019\/02\/273ES.png 1920w\" sizes=\"auto, (max-width: 660px) 100vw, 660px\" \/><\/a><\/p>\n<p>Tras hacer cambios, hay que hacer clic en el bot\u00f3n &#8220;Guardar&#8221;, si no, los cambios ser\u00e1n descartados al salir de la p\u00e1gina. Si el usuario intenta salir de la p\u00e1gina despu\u00e9s de no guardar cambios, aparecer\u00e1 una ventana emergente, informando al usuario sobre los cambios no guardados.<\/p>\n<hr \/>\n<h3>Configuraci\u00f3n de mapa<\/h3>\n<p>La configuraci\u00f3n de mapa permite modificar como se muestran los veh\u00edculos en el mapa. Se puede modificar lo siguiente:<\/p>\n<ul>\n<li>Marcadores de veh\u00edculos de cl\u00faster\u00a0\u2013 habilita \/ deshabilita la visualizaci\u00f3n de racimos en el mapa;<\/li>\n<li>Los veh\u00edculos se agrupan hasta \u2013 define el nivel de zoom al cu\u00e1l los veh\u00edculos se muestran como un racimo, un n\u00famero bajo significa un nivel cercano de zoom. Se muestra el nivel de zoom actual en el mapa peque\u00f1o;<\/li>\n<li>Mostrar icono en marcador de veh\u00edculo\u00a0\u2013 habilita \/ deshabilita la visualizaci\u00f3n de tipo de veh\u00edculo en el mapa;<\/li>\n<li>Mostrar nombre en marcador de veh\u00edculo\u00a0\u2013\u00a0habilita \/ deshabilita la visualizaci\u00f3n de nombre de veh\u00edculo en el mapa;<\/li>\n<li>Marcadores de veh\u00edculos compactos\u00a0\u2013 habilita \/ deshabilita la visualizaci\u00f3n de marcadores de veh\u00edculos compactos en el mapa;<\/li>\n<li>Mostrar los marcadores de geozonas\u00a0\u2013 habilita \/ deshabilita la visualizaci\u00f3n de marcadores de geozonas en el mapa.<\/li>\n<\/ul>\n<p><p class=\"note\">Nota<br \/>\nHay una vista previa de cambios en el mapa peque\u00f1o al lado de los ajustes.<br \/>\n<\/p><\/p>\n<p><a href=\"https:\/\/www.fmsdocumentation.com\/wp-content\/uploads\/2019\/02\/290ES.png\"><img loading=\"lazy\" decoding=\"async\" class=\"alignnone size-large wp-image-7304\" src=\"https:\/\/www.fmsdocumentation.com\/wp-content\/uploads\/2019\/02\/290ES-1024x500.png\" alt=\"\" width=\"660\" height=\"322\" srcset=\"https:\/\/www.fmsdocumentation.com\/wp-content\/uploads\/2019\/02\/290ES-1024x500.png 1024w, https:\/\/www.fmsdocumentation.com\/wp-content\/uploads\/2019\/02\/290ES-300x147.png 300w, https:\/\/www.fmsdocumentation.com\/wp-content\/uploads\/2019\/02\/290ES-768x375.png 768w, https:\/\/www.fmsdocumentation.com\/wp-content\/uploads\/2019\/02\/290ES.png 1920w\" sizes=\"auto, (max-width: 660px) 100vw, 660px\" \/><\/a><\/p>\n<p>Tras hacer cambios, hay que hacer clic en el bot\u00f3n &#8220;Guardar&#8221;, si no, los cambios ser\u00e1n descartados al salir de la p\u00e1gina. Si el usuario intenta salir de la p\u00e1gina despu\u00e9s de no guardar cambios,\u00a0 aparecer\u00e1 una ventana emergente, informando al usuario sobre los cambios no guardados.<\/p>\n<hr \/>\n<h3>Configuraci\u00f3n de direcci\u00f3n<\/h3>\n<p>La configuraci\u00f3n de direcci\u00f3n permite cambiar en qu\u00e9 manera el sistema muestra informaci\u00f3n de direcci\u00f3n.<\/p>\n<p><a href=\"https:\/\/www.fmsdocumentation.com\/wp-content\/uploads\/2019\/02\/320ES.png\"><img loading=\"lazy\" decoding=\"async\" class=\"alignnone size-large wp-image-7305\" src=\"https:\/\/www.fmsdocumentation.com\/wp-content\/uploads\/2019\/02\/320ES-1024x500.png\" alt=\"\" width=\"660\" height=\"322\" srcset=\"https:\/\/www.fmsdocumentation.com\/wp-content\/uploads\/2019\/02\/320ES-1024x500.png 1024w, https:\/\/www.fmsdocumentation.com\/wp-content\/uploads\/2019\/02\/320ES-300x147.png 300w, https:\/\/www.fmsdocumentation.com\/wp-content\/uploads\/2019\/02\/320ES-768x375.png 768w, https:\/\/www.fmsdocumentation.com\/wp-content\/uploads\/2019\/02\/320ES.png 1920w\" sizes=\"auto, (max-width: 660px) 100vw, 660px\" \/><\/a><\/p>\n<p>Espec\u00edficamente, el usuario puede seleccionar como se muestra la ubicaci\u00f3n actual del veh\u00edculo\u00a0en informes (direcci\u00f3n larga) y la lista de veh\u00edculos (direcci\u00f3n corta).<\/p>\n<p>La direcci\u00f3n larga puede consistir en:<\/p>\n<ul>\n<li>Solo direcci\u00f3n &#8211; en informes se muestran solo direcciones (ubicaciones) del veh\u00edculo;<\/li>\n<li>Solo geozonas &#8211; en informes se muestran solo las geozonas del veh\u00edculo. Si el veh\u00edculo no estaba en ninguna geozona, en campo de direcci\u00f3n larga estar\u00e1 vac\u00edo.<\/li>\n<li>Direcci\u00f3n y geozonas &#8211; en informes se muestran ambas direcciones y geozonas.<\/li>\n<\/ul>\n<p>Ejemplo de como se muestran direcciones largas para el mismo informe: <strong>se muestran direcciones largas con solo direcciones en la parte superior, direcciones largas con solo geozonas en el medio y direcciones largas con ambas direcciones y geozonas en la parte inferior.<\/strong><\/p>\n<p><a href=\"https:\/\/www.fmsdocumentation.com\/wp-content\/uploads\/2018\/02\/326ES.png\"><img loading=\"lazy\" decoding=\"async\" class=\"alignnone size-large wp-image-4469\" src=\"https:\/\/www.fmsdocumentation.com\/wp-content\/uploads\/2018\/02\/326ES-1024x408.png\" alt=\"\" width=\"660\" height=\"263\" srcset=\"https:\/\/www.fmsdocumentation.com\/wp-content\/uploads\/2018\/02\/326ES-1024x408.png 1024w, https:\/\/www.fmsdocumentation.com\/wp-content\/uploads\/2018\/02\/326ES-300x120.png 300w, https:\/\/www.fmsdocumentation.com\/wp-content\/uploads\/2018\/02\/326ES-768x306.png 768w, https:\/\/www.fmsdocumentation.com\/wp-content\/uploads\/2018\/02\/326ES.png 1252w\" sizes=\"auto, (max-width: 660px) 100vw, 660px\" \/><\/a><\/p>\n<p>La direcci\u00f3n corta puede consistir en:<\/p>\n<ul>\n<li>Solo direcci\u00f3n &#8211;\u00a0 la direcci\u00f3n (ubicaci\u00f3n) actual del veh\u00edculo se mostrar\u00e1 en la lista de veh\u00edculos;<\/li>\n<li>Solo geozonas &#8211; el nombre de geozona, dentro de la cual el veh\u00edculo est\u00e1 actualmente situado, se mostrar\u00e1 en la lista de veh\u00edculos. Si el veh\u00edculo no est\u00e1 dentro de ninguna geozona, el campo de direcci\u00f3n corta estar\u00e1 vac\u00edo.<\/li>\n<\/ul>\n<p>Ejemplo de como se muestran direcciones cortas para los mismos veh\u00edculos:\u00a0<strong>se muestran direcciones cortas con geozonas a la izquierda, mientras direcciones cortas con direcciones se muestran a la derecha.<\/strong><\/p>\n<p><a href=\"https:\/\/www.fmsdocumentation.com\/wp-content\/uploads\/2018\/01\/321ES.png\"><img loading=\"lazy\" decoding=\"async\" class=\"alignnone size-full wp-image-4327\" src=\"https:\/\/www.fmsdocumentation.com\/wp-content\/uploads\/2018\/01\/321ES.png\" alt=\"\" width=\"691\" height=\"211\" srcset=\"https:\/\/www.fmsdocumentation.com\/wp-content\/uploads\/2018\/01\/321ES.png 691w, https:\/\/www.fmsdocumentation.com\/wp-content\/uploads\/2018\/01\/321ES-300x92.png 300w\" sizes=\"auto, (max-width: 691px) 100vw, 691px\" \/><\/a><\/p>\n<hr \/>\n<h3>Configuraci\u00f3n de las claves API<\/h3>\n<p>La configuraci\u00f3n de las claves API permite generar claves API que se pueden usar en integraciones.<\/p>\n<p><p class=\"note\">Nota<br \/>\nLa generaci\u00f3n de las claves API debe estar activada para cada usuario individualmente, o los ajustes no estar\u00e1n disponibles. Esto se ha descrito en <a href=\"https:\/\/www.fmsdocumentation.com\/es\/ventana-principal-de-fms\/gestion-de-usuarios-web\/?lang=es\">Gesti\u00f3n de usuarios web<\/a>. Los ajustes est\u00e1n disponibles para los administradores en cualquier caso. <\/p><\/p>\n<p>El usuario puede crear una nueva clave API haciendo clic en el bot\u00f3n <strong>Nueva clave API<\/strong> en la parte superior derecha de la ventana. Se abrir\u00e1 la ventana <strong>Nueva clave API<\/strong>, en la que el usuario debe nombrar la nueva clave API.<\/p>\n<p><a href=\"https:\/\/www.fmsdocumentation.com\/wp-content\/uploads\/2019\/02\/387ES.png\"><img loading=\"lazy\" decoding=\"async\" class=\"alignnone size-large wp-image-7307\" src=\"https:\/\/www.fmsdocumentation.com\/wp-content\/uploads\/2019\/02\/387ES-1024x500.png\" alt=\"\" width=\"660\" height=\"322\" srcset=\"https:\/\/www.fmsdocumentation.com\/wp-content\/uploads\/2019\/02\/387ES-1024x500.png 1024w, https:\/\/www.fmsdocumentation.com\/wp-content\/uploads\/2019\/02\/387ES-300x147.png 300w, https:\/\/www.fmsdocumentation.com\/wp-content\/uploads\/2019\/02\/387ES-768x375.png 768w, https:\/\/www.fmsdocumentation.com\/wp-content\/uploads\/2019\/02\/387ES.png 1920w\" sizes=\"auto, (max-width: 660px) 100vw, 660px\" \/><\/a><\/p>\n<p>Todas las claves API generadas por el usuario se muestran en una tabla. Haciendo clic en una clave mostrar\u00e1 la clave entera. Haciendo clic en la clave entera la copiar\u00e1. Las claves se pueden eliminar haciendo clic en el icono de papelera. Se aparecer\u00e1 un mensaje de advertencia, el usuario debe hacer clic en <strong>Eliminar<\/strong>\u00a0para eliminar la clave.<\/p>\n<p><a href=\"https:\/\/www.fmsdocumentation.com\/wp-content\/uploads\/2019\/02\/388ES.png\"><img loading=\"lazy\" decoding=\"async\" class=\"alignnone size-large wp-image-7308\" src=\"https:\/\/www.fmsdocumentation.com\/wp-content\/uploads\/2019\/02\/388ES-1024x500.png\" alt=\"\" width=\"660\" height=\"322\" srcset=\"https:\/\/www.fmsdocumentation.com\/wp-content\/uploads\/2019\/02\/388ES-1024x500.png 1024w, https:\/\/www.fmsdocumentation.com\/wp-content\/uploads\/2019\/02\/388ES-300x147.png 300w, https:\/\/www.fmsdocumentation.com\/wp-content\/uploads\/2019\/02\/388ES-768x375.png 768w, https:\/\/www.fmsdocumentation.com\/wp-content\/uploads\/2019\/02\/388ES.png 1920w\" sizes=\"auto, (max-width: 660px) 100vw, 660px\" \/><\/a><\/p>\n<hr \/>\n<p><div class=\"alignleft\"><a href=\"https:\/\/www.fmsdocumentation.com\/es\/ventana-principal-de-fms\/gestion-de-usuarios-web\/\" title=\"Gesti\u00f3n de usuarios web\"><span class=\"arrow\">\u2039 &nbsp <\/span> Gesti\u00f3n de usuarios web <\/a><\/div> <div class=\"alignright\"><a href=\"https:\/\/www.fmsdocumentation.com\/es\/ventana-principal-de-fms\/enlaces-generados\/\" title=\"Enlaces generados\">Enlaces generados <span class=\"arrow\"> &nbsp\u203a <\/span> <\/a><\/div><\/p>\n","protected":false},"excerpt":{"rendered":"<p>La configuraci\u00f3n de la cuenta permite cambiar algunos ajustes principales que afectan los datos mostrados dentro de FMS. Se pueden modificar los siguientes ajustes: Localizaci\u00f3n del sistema \u2013 puede estar fijada por pa\u00eds. Hay una barra de b\u00fasqueda para encontrar un pa\u00eds r\u00e1pidamente. Principalmente se usa la localizaci\u00f3n para &#8220;Google Maps&#8221;, para asegurar que los &hellip; <a href=\"https:\/\/www.fmsdocumentation.com\/es\/ventana-principal-de-fms\/configuracion-de-la-cuenta\/\" class=\"more-link\">Sigue leyendo <span class=\"screen-reader-text\">Configuraci\u00f3n de la cuenta<\/span><\/a><\/p>\n","protected":false},"author":1,"featured_media":0,"parent":2204,"menu_order":8,"comment_status":"closed","ping_status":"closed","template":"","meta":{"footnotes":""},"class_list":["post-2065","page","type-page","status-publish","hentry"],"_links":{"self":[{"href":"https:\/\/www.fmsdocumentation.com\/es\/wp-json\/wp\/v2\/pages\/2065","targetHints":{"allow":["GET"]}}],"collection":[{"href":"https:\/\/www.fmsdocumentation.com\/es\/wp-json\/wp\/v2\/pages"}],"about":[{"href":"https:\/\/www.fmsdocumentation.com\/es\/wp-json\/wp\/v2\/types\/page"}],"author":[{"embeddable":true,"href":"https:\/\/www.fmsdocumentation.com\/es\/wp-json\/wp\/v2\/users\/1"}],"replies":[{"embeddable":true,"href":"https:\/\/www.fmsdocumentation.com\/es\/wp-json\/wp\/v2\/comments?post=2065"}],"version-history":[{"count":18,"href":"https:\/\/www.fmsdocumentation.com\/es\/wp-json\/wp\/v2\/pages\/2065\/revisions"}],"predecessor-version":[{"id":7585,"href":"https:\/\/www.fmsdocumentation.com\/es\/wp-json\/wp\/v2\/pages\/2065\/revisions\/7585"}],"up":[{"embeddable":true,"href":"https:\/\/www.fmsdocumentation.com\/es\/wp-json\/wp\/v2\/pages\/2204"}],"wp:attachment":[{"href":"https:\/\/www.fmsdocumentation.com\/es\/wp-json\/wp\/v2\/media?parent=2065"}],"curies":[{"name":"wp","href":"https:\/\/api.w.org\/{rel}","templated":true}]}}