{"id":2067,"date":"2017-08-04T10:12:09","date_gmt":"2017-08-04T10:12:09","guid":{"rendered":"http:\/\/www.fmsdocumentation.com\/create-new-report-subscription\/"},"modified":"2019-02-11T12:09:47","modified_gmt":"2019-02-11T10:09:47","slug":"creacion-de-suscripciones-de-informes","status":"publish","type":"page","link":"https:\/\/www.fmsdocumentation.com\/es\/menu-de-informes\/creacion-de-suscripciones-de-informes\/","title":{"rendered":"Suscripciones de informes"},"content":{"rendered":"<p>Para acceder a la secci\u00f3n de suscripciones, el usuario debe hacer clic en la pesta\u00f1a &#8220;Suscripciones&#8221;. Aqu\u00ed el usuario puede resumir las existentes suscripciones de informes, editarlas, borrarlas o crear nuevas suscripciones. Las suscripciones de informes constantemente generan informes del tipo fijado, mientras un informe est\u00e1ndar crea un s\u00f3lo informe para un per\u00edodo especificado. Las suscripciones pueden generar informes a varios intervalos de tiempo y contienen informaci\u00f3n para un per\u00edodo especificado. En general, la creaci\u00f3n de suscripciones es casi igual a la de informes, excepto los campos de per\u00edodo de tiempo y opciones de notificaciones. La configuraci\u00f3n de informes se describe en los siguientes cap\u00edtulos, en este cap\u00edtulo se describen solo los ajustes de suscripciones de informes.<\/p>\n<p>Para crear una nueva suscripci\u00f3n, el usuario debe hacer clic en el bot\u00f3n &#8220;Nueva suscripci\u00f3n&#8221;, situada en el lado superior derecho del panel.<\/p>\n<p><a href=\"https:\/\/www.fmsdocumentation.com\/wp-content\/uploads\/2018\/12\/269ES.png\"><img loading=\"lazy\" decoding=\"async\" class=\"alignnone size-large wp-image-6791\" src=\"https:\/\/www.fmsdocumentation.com\/wp-content\/uploads\/2018\/12\/269ES-1024x496.png\" alt=\"\" width=\"660\" height=\"320\" srcset=\"https:\/\/www.fmsdocumentation.com\/wp-content\/uploads\/2018\/12\/269ES-1024x496.png 1024w, https:\/\/www.fmsdocumentation.com\/wp-content\/uploads\/2018\/12\/269ES-300x145.png 300w, https:\/\/www.fmsdocumentation.com\/wp-content\/uploads\/2018\/12\/269ES-768x372.png 768w, https:\/\/www.fmsdocumentation.com\/wp-content\/uploads\/2018\/12\/269ES.png 1904w\" sizes=\"auto, (max-width: 660px) 100vw, 660px\" \/><\/a><\/p>\n<hr \/>\n<h3>Creaci\u00f3n de suscripciones desde el principio<\/h3>\n<p>Si el usuario decide crear una nueva suscripci\u00f3n desde el principio, se abrir\u00e1 una nueva ventana de creaci\u00f3n de suscripci\u00f3n. Esta ventana es muy parecida a la de creaci\u00f3n de informe. Los ajustes de suscripci\u00f3n se sit\u00faan en el lado derecho de la ventana. Los ajustes incluyen lo siguiente:<\/p>\n<p><strong>Per\u00edodo<\/strong> \u2013 fija el per\u00edodo, para el cu\u00e1l se incluye informaci\u00f3n en cada informe. Este ajuste tiene una lista desplegable con una entrada adicional (de un valor entero), se puede elegir:<\/p>\n<ul>\n<li>D\u00edas<\/li>\n<li>Semanas<\/li>\n<li>Meses<\/li>\n<\/ul>\n<p><a href=\"https:\/\/www.fmsdocumentation.com\/wp-content\/uploads\/2017\/08\/270-1ES.png\"><img loading=\"lazy\" decoding=\"async\" class=\"alignnone size-large wp-image-3110\" src=\"https:\/\/www.fmsdocumentation.com\/wp-content\/uploads\/2017\/08\/270-1ES-1024x506.png\" alt=\"\" width=\"660\" height=\"326\" srcset=\"https:\/\/www.fmsdocumentation.com\/wp-content\/uploads\/2017\/08\/270-1ES-1024x506.png 1024w, https:\/\/www.fmsdocumentation.com\/wp-content\/uploads\/2017\/08\/270-1ES-300x148.png 300w, https:\/\/www.fmsdocumentation.com\/wp-content\/uploads\/2017\/08\/270-1ES-768x380.png 768w, https:\/\/www.fmsdocumentation.com\/wp-content\/uploads\/2017\/08\/270-1ES.png 1920w\" sizes=\"auto, (max-width: 660px) 100vw, 660px\" \/><\/a><\/p>\n<p><strong>Repetici\u00f3n<\/strong> \u2013 fija la repetici\u00f3n de generaci\u00f3n de informes. Tambi\u00e9n hay una lista desplegable con una entrada adicional (de un valor entero) o un selector de d\u00eda de semana, seg\u00fan la selecci\u00f3n. Se puede elegir lo siguiente:<\/p>\n<ul>\n<li>Cada (d\u00edas)<\/li>\n<li>Cada semana en<\/li>\n<li>El mismo d\u00eda de cada mes<\/li>\n<li>El primer d\u00eda del mes<\/li>\n<\/ul>\n<p><a href=\"https:\/\/www.fmsdocumentation.com\/wp-content\/uploads\/2017\/08\/271ES.png\"><img loading=\"lazy\" decoding=\"async\" class=\"alignnone size-full wp-image-3111\" src=\"https:\/\/www.fmsdocumentation.com\/wp-content\/uploads\/2017\/08\/271ES.png\" alt=\"\" width=\"567\" height=\"291\" srcset=\"https:\/\/www.fmsdocumentation.com\/wp-content\/uploads\/2017\/08\/271ES.png 567w, https:\/\/www.fmsdocumentation.com\/wp-content\/uploads\/2017\/08\/271ES-300x154.png 300w\" sizes=\"auto, (max-width: 567px) 100vw, 567px\" \/><\/a><\/p>\n<p>El per\u00edodo y la repetici\u00f3n funcionan junto con la siguiente l\u00f3gica: por ejemplo, el usuario fij\u00f3 el per\u00edodo a 7 d\u00edas y la repetici\u00f3n a 2 d\u00edas. El sistema generar\u00e1 un informe cada 2 d\u00edas para los 7 \u00faltimos d\u00edas desde el momento de generaci\u00f3n de informe. Esto significa que algunos d\u00edas coincidir\u00e1n, uno con otro, en los informes.<\/p>\n<p>Al final, el usuario puede configurar notificaciones a trav\u00e9s de correo electr\u00f3nico. Para hacerlo, el usuario simplemente tiene que introducir las direcciones de correo electr\u00f3nico que recibir\u00e1n notificaciones. Se puede introducir m\u00e1s de una direcci\u00f3n de correo electr\u00f3nico. Cada direcci\u00f3n de correo electr\u00f3nico debe separarse por un coma o pulsando la tecla Entrar despu\u00e9s de cada entrada.<\/p>\n<p><a href=\"https:\/\/www.fmsdocumentation.com\/wp-content\/uploads\/2017\/08\/272ES.png\"><img loading=\"lazy\" decoding=\"async\" class=\"alignnone size-full wp-image-3112\" src=\"https:\/\/www.fmsdocumentation.com\/wp-content\/uploads\/2017\/08\/272ES.png\" alt=\"\" width=\"567\" height=\"92\" srcset=\"https:\/\/www.fmsdocumentation.com\/wp-content\/uploads\/2017\/08\/272ES.png 567w, https:\/\/www.fmsdocumentation.com\/wp-content\/uploads\/2017\/08\/272ES-300x49.png 300w\" sizes=\"auto, (max-width: 567px) 100vw, 567px\" \/><\/a><\/p>\n<p>Si los ajustes del informe ya est\u00e1n configurados, el usuario puede hacer clic en el bot\u00f3n &#8220;Crear&#8221;. Los ajustes de cada tipo de informe se describen en los pr\u00f3ximos cap\u00edtulos.<\/p>\n<hr \/>\n<h3>Creaci\u00f3n de suscripciones con plantillas<\/h3>\n<p>Si el usuario decide crear una nueva suscripci\u00f3n usando una plantilla existente, se abrir\u00e1 una ventana de selecci\u00f3n de plantilla. Hay una barra de b\u00fasqueda, la lista se actualiza autom\u00e1ticamente con cada s\u00edmbolo introducido. Las plantillas tambi\u00e9n se pueden filtrar por tipo de informe. Para seleccionar una plantilla, el usuario debe hacerle clic y hacer clic en el bot\u00f3n \u201cHecho\u201d.<br \/>\n<p class=\"note\">Nota<br \/>\nLa creaci\u00f3n de suscripciones con plantillas no estar\u00e1 disponible si no hay plantillas existentes.<\/p><\/p>\n<p><a href=\"https:\/\/www.fmsdocumentation.com\/wp-content\/uploads\/2018\/12\/380ES.png\" data-featherlight=\"image\"><img loading=\"lazy\" decoding=\"async\" class=\"alignnone size-full wp-image-6321\" src=\"https:\/\/www.fmsdocumentation.com\/wp-content\/uploads\/2018\/12\/380ES.png\" sizes=\"auto, (max-width: 750px) 100vw, 750px\" srcset=\"https:\/\/www.fmsdocumentation.com\/wp-content\/uploads\/2018\/12\/380ES.png 750w, https:\/\/www.fmsdocumentation.com\/wp-content\/uploads\/2018\/12\/380ES-150x150.png 150w, https:\/\/www.fmsdocumentation.com\/wp-content\/uploads\/2018\/12\/380ES-300x300.png 300w\" alt=\"\" width=\"750\" height=\"750\" \/><\/a><\/p>\n<p>Se abrir\u00e1 una nueva ventana de creaci\u00f3n de suscripci\u00f3n, todos los campos y ajustes se copiar\u00e1n desde la plantilla.\u00a0Lo \u00fanico que el usuario debe introducir es el periodo y repetici\u00f3n. Se mostrar\u00e1n s\u00f3lo unos campos y ajustes al inicio. El usuario puede hacer clic en\u00a0<strong>Mostrar todos los ajustes<\/strong>\u00a0para mostrar todos los campos y ajustes.<\/p>\n<p><a href=\"https:\/\/www.fmsdocumentation.com\/wp-content\/uploads\/2019\/02\/390ES.png\"><img loading=\"lazy\" decoding=\"async\" class=\"alignnone size-full wp-image-7316\" src=\"https:\/\/www.fmsdocumentation.com\/wp-content\/uploads\/2019\/02\/390ES.png\" alt=\"\" width=\"618\" height=\"691\" srcset=\"https:\/\/www.fmsdocumentation.com\/wp-content\/uploads\/2019\/02\/390ES.png 618w, https:\/\/www.fmsdocumentation.com\/wp-content\/uploads\/2019\/02\/390ES-268x300.png 268w\" sizes=\"auto, (max-width: 618px) 100vw, 618px\" \/><\/a><\/p>\n<hr \/>\n<p><div class=\"alignleft\"><a href=\"https:\/\/www.fmsdocumentation.com\/es\/menu-de-informes\/generacion-de-nuevos-informes\/\" title=\"Generaci\u00f3n de nuevos informes\"><span class=\"arrow\">\u2039 &nbsp <\/span> Generaci\u00f3n de nuevos informes <\/a><\/div> <div class=\"alignright\"><a href=\"https:\/\/www.fmsdocumentation.com\/es\/menu-de-informes\/plantillas-de-informes\/\" title=\"Plantillas de informes\">Plantillas de informes <span class=\"arrow\"> &nbsp\u203a <\/span> <\/a><\/div><\/p>\n<p>&nbsp;<\/p>\n","protected":false},"excerpt":{"rendered":"<p>Para acceder a la secci\u00f3n de suscripciones, el usuario debe hacer clic en la pesta\u00f1a &#8220;Suscripciones&#8221;. Aqu\u00ed el usuario puede resumir las existentes suscripciones de informes, editarlas, borrarlas o crear nuevas suscripciones. Las suscripciones de informes constantemente generan informes del tipo fijado, mientras un informe est\u00e1ndar crea un s\u00f3lo informe para un per\u00edodo especificado. Las &hellip; <a href=\"https:\/\/www.fmsdocumentation.com\/es\/menu-de-informes\/creacion-de-suscripciones-de-informes\/\" class=\"more-link\">Sigue leyendo <span class=\"screen-reader-text\">Suscripciones de informes<\/span><\/a><\/p>\n","protected":false},"author":1,"featured_media":0,"parent":2139,"menu_order":2,"comment_status":"closed","ping_status":"closed","template":"","meta":{"footnotes":""},"class_list":["post-2067","page","type-page","status-publish","hentry"],"_links":{"self":[{"href":"https:\/\/www.fmsdocumentation.com\/es\/wp-json\/wp\/v2\/pages\/2067","targetHints":{"allow":["GET"]}}],"collection":[{"href":"https:\/\/www.fmsdocumentation.com\/es\/wp-json\/wp\/v2\/pages"}],"about":[{"href":"https:\/\/www.fmsdocumentation.com\/es\/wp-json\/wp\/v2\/types\/page"}],"author":[{"embeddable":true,"href":"https:\/\/www.fmsdocumentation.com\/es\/wp-json\/wp\/v2\/users\/1"}],"replies":[{"embeddable":true,"href":"https:\/\/www.fmsdocumentation.com\/es\/wp-json\/wp\/v2\/comments?post=2067"}],"version-history":[{"count":8,"href":"https:\/\/www.fmsdocumentation.com\/es\/wp-json\/wp\/v2\/pages\/2067\/revisions"}],"predecessor-version":[{"id":7317,"href":"https:\/\/www.fmsdocumentation.com\/es\/wp-json\/wp\/v2\/pages\/2067\/revisions\/7317"}],"up":[{"embeddable":true,"href":"https:\/\/www.fmsdocumentation.com\/es\/wp-json\/wp\/v2\/pages\/2139"}],"wp:attachment":[{"href":"https:\/\/www.fmsdocumentation.com\/es\/wp-json\/wp\/v2\/media?parent=2067"}],"curies":[{"name":"wp","href":"https:\/\/api.w.org\/{rel}","templated":true}]}}