{"id":2072,"date":"2017-06-27T08:28:37","date_gmt":"2017-06-27T08:28:37","guid":{"rendered":"http:\/\/www.fmsdocumentation.com\/webusers-admin-panel\/"},"modified":"2019-02-11T10:35:14","modified_gmt":"2019-02-11T08:35:14","slug":"gestion-de-usuarios-web","status":"publish","type":"page","link":"https:\/\/www.fmsdocumentation.com\/es\/ventana-principal-de-fms\/gestion-de-usuarios-web\/","title":{"rendered":"Gesti\u00f3n de usuarios web"},"content":{"rendered":"<p>El panel de gesti\u00f3n de usuarios web est\u00e1 disponible solo para los usuarios con derechos administrativos. En este panel, el usuario puede ver todos los usuarios web, asociados con la cuenta usada actualmente. La lista de usuarios web muestra solo la informaci\u00f3n principal:<\/p>\n<ul>\n<li>Nombre de usuario web;<\/li>\n<li>Papel de usuario web \u2013 usuario o administrador, administradores tienen coronas en sus iconos de usuario;<\/li>\n<li>Cantidad de objetos visibles para ese usuario.<\/li>\n<\/ul>\n<p><a href=\"https:\/\/www.fmsdocumentation.com\/wp-content\/uploads\/2018\/08\/252ES.png\"><img loading=\"lazy\" decoding=\"async\" class=\"alignnone size-full wp-image-5793\" src=\"https:\/\/www.fmsdocumentation.com\/wp-content\/uploads\/2018\/08\/252ES.png\" alt=\"\" width=\"360\" height=\"420\" srcset=\"https:\/\/www.fmsdocumentation.com\/wp-content\/uploads\/2018\/08\/252ES.png 360w, https:\/\/www.fmsdocumentation.com\/wp-content\/uploads\/2018\/08\/252ES-257x300.png 257w\" sizes=\"auto, (max-width: 360px) 100vw, 360px\" \/><\/a><\/p>\n<p>Los usuarios bloqueados tendr\u00e1n un c\u00edrculo rojo al lado de sus iconos y se mostrar\u00e1 un estado de bloqueo, como se muestra en la imagen abajo.<\/p>\n<p><a href=\"https:\/\/www.fmsdocumentation.com\/wp-content\/uploads\/2018\/08\/365ES.png\"><img loading=\"lazy\" decoding=\"async\" class=\"alignnone size-full wp-image-5794\" src=\"https:\/\/www.fmsdocumentation.com\/wp-content\/uploads\/2018\/08\/365ES.png\" alt=\"\" width=\"450\" height=\"89\" srcset=\"https:\/\/www.fmsdocumentation.com\/wp-content\/uploads\/2018\/08\/365ES.png 450w, https:\/\/www.fmsdocumentation.com\/wp-content\/uploads\/2018\/08\/365ES-300x59.png 300w\" sizes=\"auto, (max-width: 450px) 100vw, 450px\" \/><\/a><\/p>\n<p>Haciendo clic en un usuario de la lista, se expandir\u00e1 el panel y mostrar\u00e1 informaci\u00f3n adicional, por ejemplo:<\/p>\n<ul>\n<li>Nombre de usuario web;<\/li>\n<li>Tipo de usuario &#8211; administrador o usuario;<\/li>\n<li>Fecha y hora de cuando el usuario fue creado;<\/li>\n<li>Correo electr\u00f3nico asociado al usuario, si fue introducido anteriormente;<\/li>\n<li>N\u00famero de tel\u00e9fono, si fue introducido anteriormente;<\/li>\n<li>Grupos de veh\u00edculos asignados al usuario;<\/li>\n<li>Una barra para acceso de claves API. Si est\u00e1 habilitado, el usuario podr\u00e1 generar claves API, como se he descrito en <a href=\"https:\/\/www.fmsdocumentation.com\/es\/ventana-principal-de-fms\/configuracion-de-la-cuenta\/?lang=es\">Configuraci\u00f3n de la cuenta<\/a>.<\/li>\n<\/ul>\n<p><a href=\"https:\/\/www.fmsdocumentation.com\/wp-content\/uploads\/2019\/02\/253ES.png\"><img loading=\"lazy\" decoding=\"async\" class=\"alignnone size-full wp-image-7292\" src=\"https:\/\/www.fmsdocumentation.com\/wp-content\/uploads\/2019\/02\/253ES.png\" alt=\"\" width=\"720\" height=\"490\" srcset=\"https:\/\/www.fmsdocumentation.com\/wp-content\/uploads\/2019\/02\/253ES.png 720w, https:\/\/www.fmsdocumentation.com\/wp-content\/uploads\/2019\/02\/253ES-300x204.png 300w\" sizes=\"auto, (max-width: 720px) 100vw, 720px\" \/><\/a><br \/>\n<p class=\"note\">Nota<br \/>\nSi no se asigna ning\u00fan grupo de veh\u00edculos al usuario, todos los veh\u00edculos estar\u00e1n visibles para ese usuario.<\/p><\/p>\n<p>Un usuario con <strong>derechos administrativos puede asignar o desasignar grupos de veh\u00edculos<\/strong> a un usuario existente. Para hacerlo, el usuario debe hacer clic en el s\u00edmbolo &#8220;+&#8221; en la fila de grupos de veh\u00edculos.<\/p>\n<p><a href=\"https:\/\/www.fmsdocumentation.com\/wp-content\/uploads\/2017\/06\/254ES.png\"><img loading=\"lazy\" decoding=\"async\" class=\"size-full wp-image-2394 alignnone\" src=\"https:\/\/www.fmsdocumentation.com\/wp-content\/uploads\/2017\/06\/254ES.png\" alt=\"\" width=\"364\" height=\"74\" srcset=\"https:\/\/www.fmsdocumentation.com\/wp-content\/uploads\/2017\/06\/254ES.png 364w, https:\/\/www.fmsdocumentation.com\/wp-content\/uploads\/2017\/06\/254ES-300x61.png 300w\" sizes=\"auto, (max-width: 364px) 100vw, 364px\" \/><\/a><\/p>\n<p>Se abrir\u00e1 una ventana nueva con una lista de todos los grupos de veh\u00edculos creados para la cuenta actual. Hay una barra de b\u00fasqueda para una b\u00fasqueda r\u00e1pida de grupos, la lista se filtra con cada letra introducida.<\/p>\n<p>Si un grupo ya fue asignado al usuario, la casilla estar\u00e1 marcada en azul. Para asignar m\u00e1s grupos, el usuario simplemente tiene que marcar las casillas de los grupos que quiere asignar. Para desasignar un grupo, el usuario simplemente tiene que desmarcar la casilla. Tras hacer cambios, hay que hacer clic en el bot\u00f3n &#8220;Hecho&#8221; para guardar los cambios.<\/p>\n<p><a href=\"https:\/\/www.fmsdocumentation.com\/wp-content\/uploads\/2017\/06\/255ES.png\"><img loading=\"lazy\" decoding=\"async\" class=\"size-full wp-image-2395 alignnone\" src=\"https:\/\/www.fmsdocumentation.com\/wp-content\/uploads\/2017\/06\/255ES.png\" alt=\"\" width=\"755\" height=\"519\" srcset=\"https:\/\/www.fmsdocumentation.com\/wp-content\/uploads\/2017\/06\/255ES.png 755w, https:\/\/www.fmsdocumentation.com\/wp-content\/uploads\/2017\/06\/255ES-300x206.png 300w\" sizes=\"auto, (max-width: 755px) 100vw, 755px\" \/><\/a><\/p>\n<p>Si el usuario no quiere guardar los cambios, debe hacer clic en el bot\u00f3n &#8220;Cancelar&#8221; o simplemente hacer clic en cualquier lugar fuera de la ventana de asignaci\u00f3n.<\/p>\n<p>La creaci\u00f3n de grupos de veh\u00edculos se describe en <a href=\"https:\/\/www.fmsdocumentation.com\/es\/menu-de-estado-de-la-flota\/\">&#8220;Men\u00fa de estado de la flota&#8221;<\/a>.<br \/>\n<p class=\"note\">Nota<br \/>\nLos usuarios web se gestionan por el proveedor de servicios. Para crear y\/o modificar los usuarios nuevos\/existentes, por favor contacte al soporte t\u00e9cnico de su proveedor.<\/p><\/p>\n<hr \/>\n<p><div class=\"alignleft\"><a href=\"https:\/\/www.fmsdocumentation.com\/es\/ventana-principal-de-fms\/funcionalidades-y-herramientas-del-mapa\/\" title=\"Funcionalidades y herramientas del mapa\"><span class=\"arrow\">\u2039 &nbsp <\/span> Funcionalidades y herramientas del mapa <\/a><\/div> <div class=\"alignright\"><a href=\"https:\/\/www.fmsdocumentation.com\/es\/ventana-principal-de-fms\/configuracion-de-la-cuenta\/\" title=\"Configuraci\u00f3n de la cuenta\">Configuraci\u00f3n de la cuenta <span class=\"arrow\"> &nbsp\u203a <\/span> <\/a><\/div><\/p>\n","protected":false},"excerpt":{"rendered":"<p>El panel de gesti\u00f3n de usuarios web est\u00e1 disponible solo para los usuarios con derechos administrativos. En este panel, el usuario puede ver todos los usuarios web, asociados con la cuenta usada actualmente. La lista de usuarios web muestra solo la informaci\u00f3n principal: Nombre de usuario web; Papel de usuario web \u2013 usuario o administrador, &hellip; <a href=\"https:\/\/www.fmsdocumentation.com\/es\/ventana-principal-de-fms\/gestion-de-usuarios-web\/\" class=\"more-link\">Sigue leyendo <span class=\"screen-reader-text\">Gesti\u00f3n de usuarios web<\/span><\/a><\/p>\n","protected":false},"author":1,"featured_media":0,"parent":2204,"menu_order":7,"comment_status":"closed","ping_status":"closed","template":"","meta":{"footnotes":""},"class_list":["post-2072","page","type-page","status-publish","hentry"],"_links":{"self":[{"href":"https:\/\/www.fmsdocumentation.com\/es\/wp-json\/wp\/v2\/pages\/2072","targetHints":{"allow":["GET"]}}],"collection":[{"href":"https:\/\/www.fmsdocumentation.com\/es\/wp-json\/wp\/v2\/pages"}],"about":[{"href":"https:\/\/www.fmsdocumentation.com\/es\/wp-json\/wp\/v2\/types\/page"}],"author":[{"embeddable":true,"href":"https:\/\/www.fmsdocumentation.com\/es\/wp-json\/wp\/v2\/users\/1"}],"replies":[{"embeddable":true,"href":"https:\/\/www.fmsdocumentation.com\/es\/wp-json\/wp\/v2\/comments?post=2072"}],"version-history":[{"count":6,"href":"https:\/\/www.fmsdocumentation.com\/es\/wp-json\/wp\/v2\/pages\/2072\/revisions"}],"predecessor-version":[{"id":7293,"href":"https:\/\/www.fmsdocumentation.com\/es\/wp-json\/wp\/v2\/pages\/2072\/revisions\/7293"}],"up":[{"embeddable":true,"href":"https:\/\/www.fmsdocumentation.com\/es\/wp-json\/wp\/v2\/pages\/2204"}],"wp:attachment":[{"href":"https:\/\/www.fmsdocumentation.com\/es\/wp-json\/wp\/v2\/media?parent=2072"}],"curies":[{"name":"wp","href":"https:\/\/api.w.org\/{rel}","templated":true}]}}