{"id":2077,"date":"2017-04-21T09:37:04","date_gmt":"2017-04-21T09:37:04","guid":{"rendered":"http:\/\/www.fmsdocumentation.com\/object-api\/"},"modified":"2019-07-12T12:54:19","modified_gmt":"2019-07-12T10:54:19","slug":"api-de-objeto","status":"publish","type":"page","link":"https:\/\/www.fmsdocumentation.com\/es\/api\/api-de-objeto\/","title":{"rendered":"API de objeto"},"content":{"rendered":"\n<p>El prop\u00f3sito principal de la API de objeto es proporcionar informaci\u00f3n b\u00e1sica sobre un objeto o todos los objetos del usuario. La API de objeto puede ser solicitada para un objeto o si no se especifica ning\u00fan objeto, la API devolver\u00e1 todos los objetos existentes del usuario.<\/p>\n\n\n\n<p>Ejemplo de solicitud para un objeto espec\u00edfico:<\/p>\n\n\n\n<p style=\"background-color: #000000; color: #bbbdc0; font-family: Lucida Console; padding-left: 10px; padding-right: 10px;\">GET \/objects\/{object_id}?version=1&amp;api_key=&lt;&#8230;&gt;<br \/>HOST: api.fm-track.com<br \/>Content-Type:application\/json;charset=UTF-8<\/p>\n\n\n\n<p>Dos par\u00e1metros son obligatorios para que funcione esta API (sin contar el API_key):<\/p>\n\n\n\n<table id=\"tablepress-39\" class=\"tablepress tablepress-id-39\">\n<thead>\n<tr class=\"row-1\">\n\t<th class=\"column-1\">Par\u00e1metro<\/th><th class=\"column-2\">Tipo<\/th><th class=\"column-3\">Descripci\u00f3n<\/th>\n<\/tr>\n<\/thead>\n<tbody>\n<tr class=\"row-2\">\n\t<td class=\"column-1\">objectId<\/td><td class=\"column-2\">Cadena<\/td><td class=\"column-3\">Identificador del objeto (se puede obtener este ID enviando una solicitud de API para todos los objetos disponibles del usuario)<\/td>\n<\/tr>\n<tr class=\"row-3\">\n\t<td class=\"column-1\">version<\/td><td class=\"column-2\">Cadena<\/td><td class=\"column-3\">Versi\u00f3n de la API, actualmente solo version=1 est\u00e1 disponible<\/td>\n<\/tr>\n<tr class=\"row-4\">\n\t<td class=\"column-1\">api_key<\/td><td class=\"column-2\">Cadena<\/td><td class=\"column-3\">Clave de identificaci\u00f3n del usuario<\/td>\n<\/tr>\n<\/tbody>\n<\/table>\n<!-- #tablepress-39 from cache -->\n\n\n\n<div class=\"wp-block-codemirror-blocks-code-block code-block\"><pre class=\"CodeMirror cm-s-dracula\" data-setting=\"{&quot;mode&quot;:&quot;javascript&quot;,&quot;mime&quot;:&quot;application\/json&quot;,&quot;theme&quot;:&quot;dracula&quot;,&quot;lineNumbers&quot;:true,&quot;styleActiveLine&quot;:false,&quot;lineWrapping&quot;:false,&quot;readOnly&quot;:true,&quot;language&quot;:&quot;JSON&quot;,&quot;modeName&quot;:&quot;json&quot;}\">{\n            &quot;id&quot;: &quot;abc123&quot;,\n            &quot;name&quot;: &quot;AAA 000&quot;,\n            &quot;imei&quot;: &quot;123456789123&quot;,\n            &quot;vehicle_params&quot;: {\n                &quot;vin&quot;: null,\n                &quot;make&quot;: null,\n                &quot;model&quot;: null,\n            }\n}<\/pre><\/div>\n\n\n<p>Ejemplo de solicitud para todos los objetos del usuario:<\/p>\n<p style=\"background-color: #000000; color: #bbbdc0; font-family: Lucida Console; padding-left: 10px; padding-right: 10px;\">GET \/objects?version=1&amp;api_key=&lt;&#8230;&gt;<br \/>HOST: api.fm-track.com<br \/>Content-Type:application\/json;charset=UTF-8<\/p>\n<p>Un par\u00e1metro es obligatorio para que funcione esta API (sin contar el API_key):<\/p>\n\n<table id=\"tablepress-40\" class=\"tablepress tablepress-id-40\">\n<thead>\n<tr class=\"row-1\">\n\t<th class=\"column-1\">Par\u00e1metro<\/th><th class=\"column-2\">Tipo<\/th><th class=\"column-3\">Descripci\u00f3n<\/th>\n<\/tr>\n<\/thead>\n<tbody>\n<tr class=\"row-2\">\n\t<td class=\"column-1\">version<\/td><td class=\"column-2\">Cadena<\/td><td class=\"column-3\">Versi\u00f3n de la API, actualmente solo version=1 est\u00e1 disponible<\/td>\n<\/tr>\n<tr class=\"row-3\">\n\t<td class=\"column-1\">api_key<\/td><td class=\"column-2\">Cadena<\/td><td class=\"column-3\">Clave de identificaci\u00f3n del usuario<\/td>\n<\/tr>\n<\/tbody>\n<\/table>\n<!-- #tablepress-40 from cache -->\n<p>\u00a0<\/p>\n<p>La respuesta del servidor es id\u00e9ntica a la respuesta para un objeto, la lista simplemente continua para cada objeto del usuario.<\/p>\n<p>Todos los par\u00e1metros de respuesta que se puede recibir:<\/p>\n\n<table id=\"tablepress-41\" class=\"tablepress tablepress-id-41\">\n<thead>\n<tr class=\"row-1\">\n\t<th class=\"column-1\">Par\u00e1metro<\/th><th class=\"column-2\">Tipo<\/th><th class=\"column-3\">Descripci\u00f3n<\/th>\n<\/tr>\n<\/thead>\n<tbody>\n<tr class=\"row-2\">\n\t<td class=\"column-1\">name<\/td><td class=\"column-2\">Cadena<\/td><td class=\"column-3\">Nombre del objeto<\/td>\n<\/tr>\n<tr class=\"row-3\">\n\t<td class=\"column-1\">imei<\/td><td class=\"column-2\">Cadena<\/td><td class=\"column-3\">C\u00f3digo IMEI del objeto<\/td>\n<\/tr>\n<tr class=\"row-4\">\n\t<td class=\"column-1\">make<\/td><td class=\"column-2\">Cadena<\/td><td class=\"column-3\">Marca del objeto<\/td>\n<\/tr>\n<tr class=\"row-5\">\n\t<td class=\"column-1\">model<\/td><td class=\"column-2\">Cadena<\/td><td class=\"column-3\">Modelo del objeto<\/td>\n<\/tr>\n<tr class=\"row-6\">\n\t<td class=\"column-1\">object_id<\/td><td class=\"column-2\">Cadena<\/td><td class=\"column-3\">Identificador del objeto (externo)<\/td>\n<\/tr>\n<tr class=\"row-7\">\n\t<td class=\"column-1\">vin<\/td><td class=\"column-2\">Cadena<\/td><td class=\"column-3\">N\u00famero de chasis (VIN) del objeto<\/td>\n<\/tr>\n<\/tbody>\n<\/table>\n<!-- #tablepress-41 from cache -->\n<p>\u00a0<\/p>\n<p>Se puede ver los puntos finales de API, los par\u00e1metros de solicitudes y las respuestas en \u201cSwagger\u201d haciendo clic en este enlace:\u00a0<a href=\"https:\/\/api.fm-track.com\/swagger-ui.html\">https:\/\/api.fm-track.com<\/a><\/p>\n<hr \/>\n<p><div class=\"alignleft\"><a href=\"https:\/\/www.fmsdocumentation.com\/es\/api\/api-de-streaming-de-coordenadas-de-objeto-v2\/\" title=\"API de streaming de coordenadas de objeto v2\"><span class=\"arrow\">\u2039 &nbsp <\/span> API de streaming de coordenadas de objeto v2 <\/a><\/div> <div class=\"alignright\"><a href=\"https:\/\/www.fmsdocumentation.com\/es\/api\/api-de-viajes\/\" title=\"API de viajes\">API de viajes <span class=\"arrow\"> &nbsp\u203a <\/span> <\/a><\/div><\/p>","protected":false},"excerpt":{"rendered":"<p>El prop\u00f3sito principal de la API de objeto es proporcionar informaci\u00f3n b\u00e1sica sobre un objeto o todos los objetos del usuario. La API de objeto puede ser solicitada para un objeto o si no se especifica ning\u00fan objeto, la API devolver\u00e1 todos los objetos existentes del usuario. Ejemplo de solicitud para un objeto espec\u00edfico: GET &hellip; <a href=\"https:\/\/www.fmsdocumentation.com\/es\/api\/api-de-objeto\/\" class=\"more-link\">Sigue leyendo <span class=\"screen-reader-text\">API de objeto<\/span><\/a><\/p>\n","protected":false},"author":1,"featured_media":0,"parent":2084,"menu_order":5,"comment_status":"closed","ping_status":"closed","template":"","meta":{"footnotes":""},"class_list":["post-2077","page","type-page","status-publish","hentry"],"_links":{"self":[{"href":"https:\/\/www.fmsdocumentation.com\/es\/wp-json\/wp\/v2\/pages\/2077","targetHints":{"allow":["GET"]}}],"collection":[{"href":"https:\/\/www.fmsdocumentation.com\/es\/wp-json\/wp\/v2\/pages"}],"about":[{"href":"https:\/\/www.fmsdocumentation.com\/es\/wp-json\/wp\/v2\/types\/page"}],"author":[{"embeddable":true,"href":"https:\/\/www.fmsdocumentation.com\/es\/wp-json\/wp\/v2\/users\/1"}],"replies":[{"embeddable":true,"href":"https:\/\/www.fmsdocumentation.com\/es\/wp-json\/wp\/v2\/comments?post=2077"}],"version-history":[{"count":5,"href":"https:\/\/www.fmsdocumentation.com\/es\/wp-json\/wp\/v2\/pages\/2077\/revisions"}],"predecessor-version":[{"id":8101,"href":"https:\/\/www.fmsdocumentation.com\/es\/wp-json\/wp\/v2\/pages\/2077\/revisions\/8101"}],"up":[{"embeddable":true,"href":"https:\/\/www.fmsdocumentation.com\/es\/wp-json\/wp\/v2\/pages\/2084"}],"wp:attachment":[{"href":"https:\/\/www.fmsdocumentation.com\/es\/wp-json\/wp\/v2\/media?parent=2077"}],"curies":[{"name":"wp","href":"https:\/\/api.w.org\/{rel}","templated":true}]}}