{"id":2082,"date":"2017-04-21T08:16:21","date_gmt":"2017-04-21T08:16:21","guid":{"rendered":"http:\/\/www.fmsdocumentation.com\/history-api\/"},"modified":"2019-07-19T12:57:32","modified_gmt":"2019-07-19T10:57:32","slug":"api-de-historial-de-coordenadas-de-objeto","status":"publish","type":"page","link":"https:\/\/www.fmsdocumentation.com\/es\/api\/api-de-historial-de-coordenadas-de-objeto\/","title":{"rendered":"API de historial de coordenadas de objeto"},"content":{"rendered":"\n<p>El prop\u00f3sito principal de la API de historial de coordenadas de objeto es mostrar los datos historiales (coordenadas) de un objeto. La API de historial de coordenadas de objeto tiene dos puntos finales, as\u00ed que hay dos tipos de solicitudes. El primer tipo de solicitud es para un objeto y una fecha y hora espec\u00edfica. Solo se muestran datos grabados a una fecha y hora especificada.<\/p>\n\n\n\n<p>Ejemplo de solicitud para una fecha y hora espec\u00edfica:<\/p>\n\n\n\n<p style=\"background-color: #000000; color: #bbbdc0; font-family: Lucida Console; padding-left: 10px; padding-right: 10px;\">GET \/objects\/{object_id}\/coordinates\/{datetime}?version=1&amp;api_key=&lt;&#8230;&gt;<br>HOST:api.fm-track.com<br>Content-Type:application\/json;charset=UTF-8<\/p>\n\n\n\n<p>Este tipo de solicitud necesita tres par\u00e1metros (sin contar el API_key) para que la solicitud de API trabaje:<\/p>\n\n\n\n<table id=\"tablepress-32\" class=\"tablepress tablepress-id-32\">\n<thead>\n<tr class=\"row-1\">\n\t<th class=\"column-1\">Par\u00e1metro<\/th><th class=\"column-2\">Tipo<\/th><th class=\"column-3\">Descripci\u00f3n<\/th>\n<\/tr>\n<\/thead>\n<tbody>\n<tr class=\"row-2\">\n\t<td class=\"column-1\">object_id<\/td><td class=\"column-2\">Cadena<\/td><td class=\"column-3\">ID del objeto externo<\/td>\n<\/tr>\n<tr class=\"row-3\">\n\t<td class=\"column-1\">datetime<\/td><td class=\"column-2\">Fecha y hora<\/td><td class=\"column-3\">El registro solicitado para la fecha y hora especificada. Ejemplo de fecha y hora: \u201c2017-04-13T06:58:48.090Z\u201d, seg\u00fan el est\u00e1ndar ISO-8601<\/td>\n<\/tr>\n<tr class=\"row-4\">\n\t<td class=\"column-1\">version<\/td><td class=\"column-2\">Cadena<\/td><td class=\"column-3\">Versi\u00f3n de la API, actualmente solo version=1 est\u00e1 disponible<\/td>\n<\/tr>\n<tr class=\"row-5\">\n\t<td class=\"column-1\">api_key<\/td><td class=\"column-2\">Cadena<\/td><td class=\"column-3\">Clave de identificaci\u00f3n del usuario<\/td>\n<\/tr>\n<\/tbody>\n<\/table>\n<!-- #tablepress-32 from cache -->\n\n\n\n<p><p class=\"note\">Nota<br>Se recomienda utilizar el par\u00e1metro datetime desde el segundo punto final de API de historial de coordenadas de objeto, porque el par\u00e1metro de fecha y hora se espec\u00edfica por el segundo y el sistema no busca datos cerca de la fecha especificada.<\/p>\n\n\n\n<p>Se muestra un ejemplo de respuesta a continuaci\u00f3n, cuando todos los par\u00e1metros fueron incluidos y el&nbsp;API_key es v\u00e1lido:<\/p>\n\n\n\n<div class=\"wp-block-codemirror-blocks-code-block code-block\">\n<pre class=\"CodeMirror cm-s-dracula\" data-setting=\"{&quot;mode&quot;:&quot;javascript&quot;,&quot;mime&quot;:&quot;application\/json&quot;,&quot;theme&quot;:&quot;dracula&quot;,&quot;lineNumbers&quot;:true,&quot;lineWrapping&quot;:false,&quot;readOnly&quot;:true}\">{\n    \"object_id\" : \"abc123\",\n    \"datetime\" : \"2017-04-13T06:58:48.090Z\",\n    \"ignition_status\" : \"UNKNOWN\",\n    \"position\" : {\n        \"altitude\" : 0,\n        \"direction\" : 0,\n        \"latitude\" : 0,\n        \"longitude\" : 0,\n        \"hdop\": 0,\n        \"satellites_count\" : 0,\n        \"speed\" : 0\n    },\n    \"device_inputs\" : {\n        \"digital_input_1\" : true,\n        \"digital_input_2\" : true,\n        \"digital_input_3\" : true,\n        \"digital_input_4\" : true,\n        \"power_supply_voltage\" : 0,\n        \"ibutton\" : \"xxxxxxxxxx\",\n        \"first_driver_id\" : \"xxxxxxxxxx\",\n        \"second_driver_id\" : \"xxxxxxxxxx\",\n         \"temperature_sensor_0\": 0,\n         \"temperature_sensor_1\": 0,\n         \"temperature_sensor_2\": 0,\n         \"temperature_sensor_3\": 0,\n         \"temperature_sensor_0_id\": \"xxxxxxxxxx\"\n    },\n    \"calculated_inputs\":{\n        \"mileage\" : 0\n    }\n}<\/pre>\n<\/div>\n\n\n\n<p>Si se ha introducido un par\u00e1metro o API_key incorrecto, el sistema responder\u00e1 con un c\u00f3digo de error. Los c\u00f3digos de errores se describen en <a href=\"https:\/\/www.fmsdocumentation.com\/es\/api\/?lang=es\">API<\/a>. Los par\u00e1metros se describen al final de este cap\u00edtulo.<\/p>\n\n\n\n<p>El segundo punto final de la API de historial muestra un array de datos historiales para un peri\u00f3do definido, que se puede usar al enviar el primer tipo de solicitud de API.<\/p>\n\n\n\n<p>Ejemplo de solicitud para un peri\u00f3do espec\u00edfico:<\/p>\n\n\n\n<p style=\"background-color: #000000; color: #bbbdc0; font-family: Lucida Console; padding-left: 10px; padding-right: 10px;\">GET \/objects\/{object_id}\/coordinates?version=1{&amp;from_datetime,to_datetime,continuation_token,limit}&amp;api_key=&lt;&#8230;&gt;<br>HOST:api.fm-track.com<br>Content-Type:application\/json;charset=UTF-8<\/p>\n\n\n\n<p>Este tipo de solicitud necesita tres par\u00e1metros (sin contar el API_key) para que la solicitud de API trabaje:<\/p>\n\n\n\n<table id=\"tablepress-33\" class=\"tablepress tablepress-id-33\">\n<thead>\n<tr class=\"row-1\">\n\t<th class=\"column-1\">Par\u00e1metro<\/th><th class=\"column-2\">Tipo<\/th><th class=\"column-3\">Descripci\u00f3n<\/th>\n<\/tr>\n<\/thead>\n<tbody>\n<tr class=\"row-2\">\n\t<td class=\"column-1\">objectId<\/td><td class=\"column-2\">Cadena<\/td><td class=\"column-3\">ID del objeto externo<\/td>\n<\/tr>\n<tr class=\"row-3\">\n\t<td class=\"column-1\">fromDatetime<\/td><td class=\"column-2\">Fecha y hora<\/td><td class=\"column-3\">Encuentra registros desde la fecha y hora especificada. Ejemplo de fecha y hora: \u201c2017-04-13T06:58:48.090Z\u201d, seg\u00fan el est\u00e1ndar ISO-8601 <\/td>\n<\/tr>\n<tr class=\"row-4\">\n\t<td class=\"column-1\">version<\/td><td class=\"column-2\">Cadena<\/td><td class=\"column-3\">Versi\u00f3n de la API<\/td>\n<\/tr>\n<tr class=\"row-5\">\n\t<td class=\"column-1\">api_key<\/td><td class=\"column-2\">Cadena<\/td><td class=\"column-3\">Clave de identificaci\u00f3n del usuario<\/td>\n<\/tr>\n<\/tbody>\n<\/table>\n<!-- #tablepress-33 from cache -->\n\n\n\n<p>Los par\u00e1metros opcionales que no son obligatorios, pero pueden ser incluidos en la solicitud:<\/p>\n\n\n\n<table id=\"tablepress-34\" class=\"tablepress tablepress-id-34\">\n<thead>\n<tr class=\"row-1\">\n\t<th class=\"column-1\">Par\u00e1metro<\/th><th class=\"column-2\">Tipo<\/th><th class=\"column-3\">Descripci\u00f3n<\/th>\n<\/tr>\n<\/thead>\n<tbody>\n<tr class=\"row-2\">\n\t<td class=\"column-1\">toDatetime<\/td><td class=\"column-2\">Fecha y hora<\/td><td class=\"column-3\">Encuentra registros hasta la fecha y hora especificada. El sistema buscar\u00e1 registros hasta la fecha actual o hasta que se alcance el l\u00edmite de registros. Ejemplo de fecha y hora: \u201c2017-04-13T06:58:48.090Z\u201d, seg\u00fan el est\u00e1ndar ISO-8601<\/td>\n<\/tr>\n<tr class=\"row-3\">\n\t<td class=\"column-1\">continuationToken<\/td><td class=\"column-2\">Fecha y hora<\/td><td class=\"column-3\">Incluye un s\u00edmbolo de continuaci\u00f3n, mostrar\u00e1 el siguiente conjunto de registros despu\u00e9s de alcanzar el l\u00edmite previo de registros <\/td>\n<\/tr>\n<tr class=\"row-4\">\n\t<td class=\"column-1\">limit<\/td><td class=\"column-2\">N\u00famero entero<\/td><td class=\"column-3\">Fija el l\u00edmite de registros en la respuesta del sistema (el valor por defecto es 100 registros, el valor m\u00e1ximo es 1000 registros)<\/td>\n<\/tr>\n<tr class=\"row-5\">\n\t<td class=\"column-1\">api_key<\/td><td class=\"column-2\">Cadena<\/td><td class=\"column-3\">Clave de identificaci\u00f3n del usuario<\/td>\n<\/tr>\n<\/tbody>\n<\/table>\n<!-- #tablepress-34 from cache -->\n\n\n\n<p>Ejemplo de respuesta:<\/p>\n\n\n\n<div class=\"wp-block-codemirror-blocks-code-block code-block\">\n<pre class=\"CodeMirror cm-s-dracula\" data-setting=\"{&quot;mode&quot;:&quot;javascript&quot;,&quot;mime&quot;:&quot;application\/json&quot;,&quot;theme&quot;:&quot;dracula&quot;,&quot;lineNumbers&quot;:true,&quot;lineWrapping&quot;:false,&quot;readOnly&quot;:true}\">{\n  \"continuation_token\": \"2017-04-13T06:58:48.121Z\",\n  \"items\": [\n    {\n     \"object_id\" : \"abc123\",\n     \"datetime\" : \"2017-04-13T06:58:48.090Z\",\n     \"ignition_status\" : \"UNKNOWN\",\n     \"position\" : {\n         \"altitude\" : 0,\n         \"direction\" : 0,\n         \"latitude\" : 0,\n         \"longitude\" : 0,\n         \"hdop\": 0,\n         \"satellites_count\" : 0,\n         \"speed\" : 0\n     },\n     \"device_inputs\" : {\n         \"digital_input_1\" : true,\n         \"digital_input_2\" : true,\n         \"digital_input_3\" : true,\n         \"digital_input_4\" : true,\n         \"power_supply_voltage\" : 0,\n         \"ibutton\" : \"xxxxxxxxxx\",\n         \"first_driver_id\" : \"xxxxxxxxxx\",\n         \"second_driver_id\" : \"xxxxxxxxxx\",\n         \"temperature_sensor_0\": 0,\n         \"temperature_sensor_1\": 0,\n         \"temperature_sensor_2\": 0,\n         \"temperature_sensor_3\": 0,\n         \"temperature_sensor_0_id\": \"xxxxxxxxxx\"\n     },\n     \"calculated_inputs\":{\n         \"mileage\" : 0\n     }\n    }\n  ]\n}<\/pre>\n<\/div>\n\n\n<p>Todos los par\u00e1metros de respuesta que se puede recibir:<\/p>\n\n<table id=\"tablepress-35\" class=\"tablepress tablepress-id-35\">\n<thead>\n<tr class=\"row-1\">\n\t<th class=\"column-1\">Par\u00e1metro<\/th><th class=\"column-2\">Tipo<\/th><th class=\"column-3\">Descripci\u00f3n<\/th><th class=\"column-4\">Unidades<\/th>\n<\/tr>\n<\/thead>\n<tbody>\n<tr class=\"row-2\">\n\t<td class=\"column-1\">continuation_token<\/td><td class=\"column-2\"><\/td><td class=\"column-3\">Se recibe el s\u00edmbolo de continuaci\u00f3n al solicitar una cantidad grande de registros para per\u00edodos largos, as\u00ed superando el predeterminado l\u00edmite de registros. El s\u00edmbolo de continuaci\u00f3n se mostrar\u00e1 al final de la respuesta y se puede usarlo para mostrar el siguiente conjunto de registros para el per\u00edodo seleccionado. Si no hay m\u00e1s registros despu\u00e9s del s\u00edmbolo de continuaci\u00f3n, la respuesta ser\u00e1 vac\u00eda.<\/td><td class=\"column-4\">Fecha y hora<\/td>\n<\/tr>\n<tr class=\"row-3\">\n\t<td class=\"column-1\">items<\/td><td class=\"column-2\">Array<\/td><td class=\"column-3\">Contiene todos los par\u00e1metros seg\u00fan la solicitud<\/td><td class=\"column-4\"><\/td>\n<\/tr>\n<tr class=\"row-4\">\n\t<td class=\"column-1\">object_id<\/td><td class=\"column-2\">Cadena<\/td><td class=\"column-3\">ID del objeto externo<\/td><td class=\"column-4\">Texto<\/td>\n<\/tr>\n<tr class=\"row-5\">\n\t<td class=\"column-1\">datetime<\/td><td class=\"column-2\">Fecha y hora<\/td><td class=\"column-3\">La fecha y hora de coordenada, generada en el hardware. Formato: \"yyyy-mm-ddThh:mm:ss.sssZ\"<br \/>\n<\/td><td class=\"column-4\">Seg\u00fan ISO-8601<\/td>\n<\/tr>\n<tr class=\"row-6\">\n\t<td class=\"column-1\">ignition_status<\/td><td class=\"column-2\">Enum<\/td><td class=\"column-3\">Indica el estado de ignici\u00f3n del objeto.<br \/>\n\"ON\" - Ignici\u00f3n encendida <br \/>\n\"OFF\" - Ignici\u00f3n apagada<br \/>\n\"UNKNOWN\" - No hay datos de ignici\u00f3n<\/td><td class=\"column-4\">ON- OFF <\/td>\n<\/tr>\n<tr class=\"row-7\">\n\t<td class=\"column-1\">position<\/td><td class=\"column-2\">Array<\/td><td class=\"column-3\">Contiene todos los par\u00e1metros de registros GPS<\/td><td class=\"column-4\"><\/td>\n<\/tr>\n<tr class=\"row-8\">\n\t<td class=\"column-1\">latitude<\/td><td class=\"column-2\">Decimal<\/td><td class=\"column-3\">Coordenada GPS - valor de latitud<\/td><td class=\"column-4\">Grados<\/td>\n<\/tr>\n<tr class=\"row-9\">\n\t<td class=\"column-1\">longitude<\/td><td class=\"column-2\">Decimal<\/td><td class=\"column-3\">Coordenada GPS - valor de longitud<\/td><td class=\"column-4\">Grados<\/td>\n<\/tr>\n<tr class=\"row-10\">\n\t<td class=\"column-1\">altitude<\/td><td class=\"column-2\">N\u00famero entero<\/td><td class=\"column-3\">Coordenada GPS - valor de altitud<\/td><td class=\"column-4\">N\u00famero<\/td>\n<\/tr>\n<tr class=\"row-11\">\n\t<td class=\"column-1\">direction<\/td><td class=\"column-2\">N\u00famero entero<\/td><td class=\"column-3\">Direcci\u00f3n de movimiento en grados<\/td><td class=\"column-4\">0 = norte, creciente en el sentido horario<\/td>\n<\/tr>\n<tr class=\"row-12\">\n\t<td class=\"column-1\">speed<\/td><td class=\"column-2\">N\u00famero entero<\/td><td class=\"column-3\">Velocidad del objeto en movimiento<\/td><td class=\"column-4\">km\/h<\/td>\n<\/tr>\n<tr class=\"row-13\">\n\t<td class=\"column-1\">satellites_count<\/td><td class=\"column-2\">N\u00famero entero<\/td><td class=\"column-3\">Cantidad de visibles sat\u00e9lites GPS o GLONASS (depende de la configuraci\u00f3n del dispositivo) al generar el registro en el dispositivo<\/td><td class=\"column-4\">N\u00famero<\/td>\n<\/tr>\n<tr class=\"row-14\">\n\t<td class=\"column-1\">device_inputs<\/td><td class=\"column-2\">Array<\/td><td class=\"column-3\">Contiene los par\u00e1metros recibidos desde el hardware<\/td><td class=\"column-4\"><\/td>\n<\/tr>\n<tr class=\"row-15\">\n\t<td class=\"column-1\">power_supply_voltage<\/td><td class=\"column-2\">N\u00famero entero<\/td><td class=\"column-3\">Voltaje de fuente de alimentaci\u00f3n del dispositivo<\/td><td class=\"column-4\">mV<\/td>\n<\/tr>\n<tr class=\"row-16\">\n\t<td class=\"column-1\">ibutton<\/td><td class=\"column-2\">Cadena<\/td><td class=\"column-3\">C\u00f3digo de iButton o tarjeta RFID de un conductor asignado a un veh\u00edculo<\/td><td class=\"column-4\">Texto<\/td>\n<\/tr>\n<tr class=\"row-17\">\n\t<td class=\"column-1\">hdop<\/td><td class=\"column-2\">Decimal<\/td><td class=\"column-3\">Precisi\u00f3n de coordenada GPS<\/td><td class=\"column-4\">N\u00famero<\/td>\n<\/tr>\n<tr class=\"row-18\">\n\t<td class=\"column-1\">first_driver_id<\/td><td class=\"column-2\">Cadena<\/td><td class=\"column-3\">C\u00f3digo de tac\u00f3grafo del primer conductor<\/td><td class=\"column-4\">Texto<\/td>\n<\/tr>\n<tr class=\"row-19\">\n\t<td class=\"column-1\">second_driver_id<\/td><td class=\"column-2\">Cadena<\/td><td class=\"column-3\">C\u00f3digo de tac\u00f3grafo del segundo conductor<\/td><td class=\"column-4\">Texto<\/td>\n<\/tr>\n<tr class=\"row-20\">\n\t<td class=\"column-1\">digital_input_1<\/td><td class=\"column-2\">Booleano<\/td><td class=\"column-3\">Estado del objeto configurado o su equipo: <br \/>\nTrue - activo <br \/>\nFalse - inactivo<br \/>\n<\/td><td class=\"column-4\">True - False (Verdadero - Falso)<\/td>\n<\/tr>\n<tr class=\"row-21\">\n\t<td class=\"column-1\">digital_input_2<\/td><td class=\"column-2\">Booleano<\/td><td class=\"column-3\">Estado del objeto configurado o su equipo: <br \/>\nTrue - activo <br \/>\nFalse - inactivo<br \/>\n<\/td><td class=\"column-4\">True - False (Verdadero - Falso)<\/td>\n<\/tr>\n<tr class=\"row-22\">\n\t<td class=\"column-1\">digital_input_3<\/td><td class=\"column-2\">Booleano<\/td><td class=\"column-3\">Estado del objeto configurado o su equipo: <br \/>\nTrue - activo <br \/>\nFalse - inactivo<br \/>\n<br \/>\n<\/td><td class=\"column-4\">True - False (Verdadero - Falso)<\/td>\n<\/tr>\n<tr class=\"row-23\">\n\t<td class=\"column-1\">digital_input_4<\/td><td class=\"column-2\">Booleano<\/td><td class=\"column-3\">Estado del objeto configurado o su equipo: <br \/>\nTrue - activo <br \/>\nFalse - inactivo<br \/>\n<br \/>\n<\/td><td class=\"column-4\">True - False (Verdadero - Falso)<\/td>\n<\/tr>\n<tr class=\"row-24\">\n\t<td class=\"column-1\">temperature_sensor_0<\/td><td class=\"column-2\">Decimal<\/td><td class=\"column-3\">Datos de sensor de temperatura<\/td><td class=\"column-4\">\u00b0C<\/td>\n<\/tr>\n<tr class=\"row-25\">\n\t<td class=\"column-1\">temperature_sensor_1<\/td><td class=\"column-2\">Decimal<\/td><td class=\"column-3\">Datos de sensor de temperatura<\/td><td class=\"column-4\">\u00b0C<\/td>\n<\/tr>\n<tr class=\"row-26\">\n\t<td class=\"column-1\">temperature_sensor_2<\/td><td class=\"column-2\">Decimal<\/td><td class=\"column-3\">Datos de sensor de temperatura<\/td><td class=\"column-4\">\u00b0C<\/td>\n<\/tr>\n<tr class=\"row-27\">\n\t<td class=\"column-1\">temperature_sensor_3<\/td><td class=\"column-2\">Decimal<\/td><td class=\"column-3\">Datos de sensor de temperatura<\/td><td class=\"column-4\">\u00b0C<\/td>\n<\/tr>\n<tr class=\"row-28\">\n\t<td class=\"column-1\">temperature_sensor_0_id<\/td><td class=\"column-2\">Cadena<\/td><td class=\"column-3\">ID de sensor de temperatura<\/td><td class=\"column-4\">Texto<\/td>\n<\/tr>\n<tr class=\"row-29\">\n\t<td class=\"column-1\">calculated_inputs<\/td><td class=\"column-2\">Array<\/td><td class=\"column-3\">Contiene los par\u00e1metros calculados en el sistema desde otros par\u00e1metros, seg\u00fan la configuraci\u00f3n<\/td><td class=\"column-4\"><\/td>\n<\/tr>\n<tr class=\"row-30\">\n\t<td class=\"column-1\">mileage<\/td><td class=\"column-2\">Decimal<\/td><td class=\"column-3\">Distancia recorrida por el dispositivo (depende de la configuraci\u00f3n del dispositivo)<\/td><td class=\"column-4\">km<\/td>\n<\/tr>\n<\/tbody>\n<\/table>\n<!-- #tablepress-35 from cache -->\n<p>Se puede ver los puntos finales de API, los par\u00e1metros de solicitudes y las respuestas en \u201cSwagger\u201d haciendo clic en este enlace:&nbsp;<a href=\"https:\/\/api.fm-track.com\/swagger-ui.html\">https:\/\/api.fm-track.com<\/a><\/p>\n<hr>\n<p><div class=\"alignleft\"><a href=\"https:\/\/www.fmsdocumentation.com\/es\/api\/\" title=\"API\"><span class=\"arrow\">\u2039 &nbsp <\/span> API <\/a><\/div> <div class=\"alignright\"><a href=\"https:\/\/www.fmsdocumentation.com\/es\/api\/api-de-historial-de-coordenadas-de-objeto-2\/\" title=\"API de historial de coordenadas de objeto v2\">API de historial de coordenadas de objeto v2 <span class=\"arrow\"> &nbsp\u203a <\/span> <\/a><\/div><\/p>","protected":false},"excerpt":{"rendered":"<p>El prop\u00f3sito principal de la API de historial de coordenadas de objeto es mostrar los datos historiales (coordenadas) de un objeto. La API de historial de coordenadas de objeto tiene dos puntos finales, as\u00ed que hay dos tipos de solicitudes. El primer tipo de solicitud es para un objeto y una fecha y hora espec\u00edfica. &hellip; <a href=\"https:\/\/www.fmsdocumentation.com\/es\/api\/api-de-historial-de-coordenadas-de-objeto\/\" class=\"more-link\">Sigue leyendo <span class=\"screen-reader-text\">API de historial de coordenadas de objeto<\/span><\/a><\/p>\n","protected":false},"author":1,"featured_media":0,"parent":2084,"menu_order":1,"comment_status":"closed","ping_status":"closed","template":"","meta":{"footnotes":""},"class_list":["post-2082","page","type-page","status-publish","hentry"],"_links":{"self":[{"href":"https:\/\/www.fmsdocumentation.com\/es\/wp-json\/wp\/v2\/pages\/2082","targetHints":{"allow":["GET"]}}],"collection":[{"href":"https:\/\/www.fmsdocumentation.com\/es\/wp-json\/wp\/v2\/pages"}],"about":[{"href":"https:\/\/www.fmsdocumentation.com\/es\/wp-json\/wp\/v2\/types\/page"}],"author":[{"embeddable":true,"href":"https:\/\/www.fmsdocumentation.com\/es\/wp-json\/wp\/v2\/users\/1"}],"replies":[{"embeddable":true,"href":"https:\/\/www.fmsdocumentation.com\/es\/wp-json\/wp\/v2\/comments?post=2082"}],"version-history":[{"count":18,"href":"https:\/\/www.fmsdocumentation.com\/es\/wp-json\/wp\/v2\/pages\/2082\/revisions"}],"predecessor-version":[{"id":8183,"href":"https:\/\/www.fmsdocumentation.com\/es\/wp-json\/wp\/v2\/pages\/2082\/revisions\/8183"}],"up":[{"embeddable":true,"href":"https:\/\/www.fmsdocumentation.com\/es\/wp-json\/wp\/v2\/pages\/2084"}],"wp:attachment":[{"href":"https:\/\/www.fmsdocumentation.com\/es\/wp-json\/wp\/v2\/media?parent=2082"}],"curies":[{"name":"wp","href":"https:\/\/api.w.org\/{rel}","templated":true}]}}