{"id":2087,"date":"2017-04-19T09:46:42","date_gmt":"2017-04-19T09:46:42","guid":{"rendered":"http:\/\/www.fmsdocumentation.com\/trusttrack-usage\/"},"modified":"2019-03-18T10:23:01","modified_gmt":"2019-03-18T08:23:01","slug":"uso-de-la-aplicacion-movil","status":"publish","type":"page","link":"https:\/\/www.fmsdocumentation.com\/es\/uso-de-la-aplicacion-movil\/","title":{"rendered":"Uso de la aplicaci\u00f3n m\u00f3vil"},"content":{"rendered":"<p>Para usar la aplicaci\u00f3n m\u00f3vil, el usuario debe descargarla desde <a href=\"https:\/\/play.google.com\/store\/apps\/details?id=com.ruptela.mobile.trusttrack\">Google Play Store<\/a>. Despu\u00e9s de descargar e instalar la aplicaci\u00f3n, el usuario puede iniciarla haciendo clic en en logo de aplicaci\u00f3n.<\/p>\n<p><a href=\"https:\/\/www.fmsdocumentation.com\/wp-content\/uploads\/2017\/04\/tt-logo.png\"><img loading=\"lazy\" decoding=\"async\" class=\"alignnone wp-image-551 size-full\" src=\"https:\/\/www.fmsdocumentation.com\/wp-content\/uploads\/2017\/04\/tt-logo.png\" alt=\"\" width=\"300\" height=\"300\" srcset=\"https:\/\/www.fmsdocumentation.com\/wp-content\/uploads\/2017\/04\/tt-logo.png 300w, https:\/\/www.fmsdocumentation.com\/wp-content\/uploads\/2017\/04\/tt-logo-150x150.png 150w\" sizes=\"auto, (max-width: 300px) 100vw, 300px\" \/><\/a><\/p>\n<p>Al iniciar la aplicaci\u00f3n por primera vez, el usuario tendr\u00e1 que introducir la direcci\u00f3n del servidor de su sistema de gesti\u00f3n de flota. Hay que introducir la direcci\u00f3n una sola vez, al introducirla, la direcci\u00f3n se guardar\u00e1 en los datos de la aplicaci\u00f3n. Si se introduzca una direcci\u00f3n incorrecta, no se la guardar\u00e1.<\/p>\n<p><a href=\"https:\/\/www.fmsdocumentation.com\/wp-content\/uploads\/2017\/04\/232ES.png\"><img loading=\"lazy\" decoding=\"async\" class=\"alignnone wp-image-3520\" src=\"https:\/\/www.fmsdocumentation.com\/wp-content\/uploads\/2017\/04\/232ES-189x300.png\" alt=\"\" width=\"316\" height=\"500\" srcset=\"https:\/\/www.fmsdocumentation.com\/wp-content\/uploads\/2017\/04\/232ES-189x300.png 189w, https:\/\/www.fmsdocumentation.com\/wp-content\/uploads\/2017\/04\/232ES-647x1024.png 647w, https:\/\/www.fmsdocumentation.com\/wp-content\/uploads\/2017\/04\/232ES.png 720w\" sizes=\"auto, (max-width: 316px) 100vw, 316px\" \/><\/a><\/p>\n<p>Se proporciona una direcci\u00f3n de ejemplo para que el usuario sepa su estructura: track2.provider.com. Nota que &#8220;Http&#8221; o &#8220;www&#8221; no son necesarios al introducir la direcci\u00f3n del servidor. Si no tiene la direcci\u00f3n correcta, por favor contacte al soporte t\u00e9cnico de su proveedor.<br \/>\n<p class=\"note\">Nota<br \/>\nHay que notar que las direcciones del servidor de nuevos proveedores se a\u00f1aden a la aplicaci\u00f3n solo despu\u00e9s de una actualizaci\u00f3n de la aplicaci\u00f3n.<\/p><\/p>\n<p>Si el usuario desea cambiar la direcci\u00f3n del servidor por alguna raz\u00f3n, tiene que encontrar la aplicaci\u00f3n en los ajustes de aplicaciones en su dispositivo y borrar los datos almacenados.<\/p>\n<p><a href=\"https:\/\/www.fmsdocumentation.com\/wp-content\/uploads\/2019\/03\/233ES.png\"><img loading=\"lazy\" decoding=\"async\" class=\"alignnone size-medium wp-image-7379\" src=\"https:\/\/www.fmsdocumentation.com\/wp-content\/uploads\/2019\/03\/233ES-261x300.png\" alt=\"\" width=\"261\" height=\"300\" srcset=\"https:\/\/www.fmsdocumentation.com\/wp-content\/uploads\/2019\/03\/233ES-261x300.png 261w, https:\/\/www.fmsdocumentation.com\/wp-content\/uploads\/2019\/03\/233ES.png 720w\" sizes=\"auto, (max-width: 261px) 100vw, 261px\" \/><\/a><\/p>\n<p>Se borrar\u00e1 la direcci\u00f3n del servidor guardada de la memoria de la aplicaci\u00f3n y habr\u00e1 que introducir una nueva direcci\u00f3n al iniciar la aplicaci\u00f3n la siguiente vez.<\/p>\n<p>Despu\u00e9s de introducir la direcci\u00f3n del servidor, la aplicaci\u00f3n navegar\u00e1 a la pantalla de iniciar sesi\u00f3n, que es id\u00e9ntica (pero m\u00e1s peque\u00f1a) a la descrita en <a href=\"https:\/\/www.fmsdocumentation.com\/es\/informacion-basica\/pagina-de-inicio\/?lang=es\">&#8220;P\u00e1gina de inicio&#8221;<\/a>.<\/p>\n<p>Despu\u00e9s de iniciar sesi\u00f3n, la aplicaci\u00f3n es id\u00e9ntica a FMS, excluyendo unas limitaciones y excepciones descritas a continuaci\u00f3n:<\/p>\n<ul>\n<li>El panel de navegaci\u00f3n est\u00e1 oculto y se puede acceder al panel haciendo clic en el bot\u00f3n de men\u00fa.<\/li>\n<\/ul>\n<p><a href=\"https:\/\/www.fmsdocumentation.com\/wp-content\/uploads\/2019\/03\/234ES.png\"><img loading=\"lazy\" decoding=\"async\" class=\"alignnone size-large wp-image-7380\" src=\"https:\/\/www.fmsdocumentation.com\/wp-content\/uploads\/2019\/03\/234ES-1024x785.png\" alt=\"\" width=\"660\" height=\"506\" srcset=\"https:\/\/www.fmsdocumentation.com\/wp-content\/uploads\/2019\/03\/234ES-1024x785.png 1024w, https:\/\/www.fmsdocumentation.com\/wp-content\/uploads\/2019\/03\/234ES-300x230.png 300w, https:\/\/www.fmsdocumentation.com\/wp-content\/uploads\/2019\/03\/234ES-768x589.png 768w, https:\/\/www.fmsdocumentation.com\/wp-content\/uploads\/2019\/03\/234ES.png 1607w\" sizes=\"auto, (max-width: 660px) 100vw, 660px\" \/><\/a><\/p>\n<ul>\n<li>Los men\u00fas y pantallas ya no encajan en la misma pantalla, as\u00ed que hay un bot\u00f3n de ocultar para ocultar el men\u00fa actual y mostrar el mapa sin cerrar el men\u00fa. Luego en usuario puede mostrar el men\u00fa de nuevo.<\/li>\n<\/ul>\n<p><a href=\"https:\/\/www.fmsdocumentation.com\/wp-content\/uploads\/2019\/03\/235ES.png\"><img loading=\"lazy\" decoding=\"async\" class=\"alignnone size-large wp-image-7381\" src=\"https:\/\/www.fmsdocumentation.com\/wp-content\/uploads\/2019\/03\/235ES-1024x776.png\" alt=\"\" width=\"660\" height=\"500\" srcset=\"https:\/\/www.fmsdocumentation.com\/wp-content\/uploads\/2019\/03\/235ES-1024x776.png 1024w, https:\/\/www.fmsdocumentation.com\/wp-content\/uploads\/2019\/03\/235ES-300x227.png 300w, https:\/\/www.fmsdocumentation.com\/wp-content\/uploads\/2019\/03\/235ES-768x582.png 768w, https:\/\/www.fmsdocumentation.com\/wp-content\/uploads\/2019\/03\/235ES.png 1625w\" sizes=\"auto, (max-width: 660px) 100vw, 660px\" \/><\/a><\/p>\n<ul>\n<li>La gu\u00eda de usuario y bot\u00f3n de cerrar sesi\u00f3n se sit\u00faan en el fondo del panel de navegaci\u00f3n.<\/li>\n<\/ul>\n<p><a href=\"https:\/\/www.fmsdocumentation.com\/wp-content\/uploads\/2019\/03\/236ES.png\"><img loading=\"lazy\" decoding=\"async\" class=\"alignnone wp-image-7382\" src=\"https:\/\/www.fmsdocumentation.com\/wp-content\/uploads\/2019\/03\/236ES-532x1024.png\" alt=\"\" width=\"300\" height=\"578\" srcset=\"https:\/\/www.fmsdocumentation.com\/wp-content\/uploads\/2019\/03\/236ES-532x1024.png 532w, https:\/\/www.fmsdocumentation.com\/wp-content\/uploads\/2019\/03\/236ES-156x300.png 156w, https:\/\/www.fmsdocumentation.com\/wp-content\/uploads\/2019\/03\/236ES.png 640w\" sizes=\"auto, (max-width: 300px) 100vw, 300px\" \/><\/a><\/p>\n<hr \/>\n<p><div class=\"alignleft\"><a href=\"https:\/\/www.fmsdocumentation.com\/es\/menu-de-informes\/resumen-de-informes\/\" title=\"Resumen de informes\"><span class=\"arrow\">\u2039 &nbsp <\/span> Resumen de informes <\/a><\/div> <\/p>\n","protected":false},"excerpt":{"rendered":"<p>Para usar la aplicaci\u00f3n m\u00f3vil, el usuario debe descargarla desde Google Play Store. Despu\u00e9s de descargar e instalar la aplicaci\u00f3n, el usuario puede iniciarla haciendo clic en en logo de aplicaci\u00f3n. Al iniciar la aplicaci\u00f3n por primera vez, el usuario tendr\u00e1 que introducir la direcci\u00f3n del servidor de su sistema de gesti\u00f3n de flota. Hay &hellip; <a href=\"https:\/\/www.fmsdocumentation.com\/es\/uso-de-la-aplicacion-movil\/\" class=\"more-link\">Sigue leyendo <span class=\"screen-reader-text\">Uso de la aplicaci\u00f3n m\u00f3vil<\/span><\/a><\/p>\n","protected":false},"author":1,"featured_media":0,"parent":0,"menu_order":138,"comment_status":"closed","ping_status":"closed","template":"","meta":{"footnotes":""},"class_list":["post-2087","page","type-page","status-publish","hentry"],"_links":{"self":[{"href":"https:\/\/www.fmsdocumentation.com\/es\/wp-json\/wp\/v2\/pages\/2087","targetHints":{"allow":["GET"]}}],"collection":[{"href":"https:\/\/www.fmsdocumentation.com\/es\/wp-json\/wp\/v2\/pages"}],"about":[{"href":"https:\/\/www.fmsdocumentation.com\/es\/wp-json\/wp\/v2\/types\/page"}],"author":[{"embeddable":true,"href":"https:\/\/www.fmsdocumentation.com\/es\/wp-json\/wp\/v2\/users\/1"}],"replies":[{"embeddable":true,"href":"https:\/\/www.fmsdocumentation.com\/es\/wp-json\/wp\/v2\/comments?post=2087"}],"version-history":[{"count":6,"href":"https:\/\/www.fmsdocumentation.com\/es\/wp-json\/wp\/v2\/pages\/2087\/revisions"}],"predecessor-version":[{"id":7383,"href":"https:\/\/www.fmsdocumentation.com\/es\/wp-json\/wp\/v2\/pages\/2087\/revisions\/7383"}],"wp:attachment":[{"href":"https:\/\/www.fmsdocumentation.com\/es\/wp-json\/wp\/v2\/media?parent=2087"}],"curies":[{"name":"wp","href":"https:\/\/api.w.org\/{rel}","templated":true}]}}