{"id":2089,"date":"2017-04-19T09:44:30","date_gmt":"2017-04-19T09:44:30","guid":{"rendered":"http:\/\/www.fmsdocumentation.com\/mobile-limitations\/"},"modified":"2019-03-18T10:24:47","modified_gmt":"2019-03-18T08:24:47","slug":"limitaciones-de-la-version-movil","status":"publish","type":"page","link":"https:\/\/www.fmsdocumentation.com\/es\/informacion-basica\/limitaciones-de-la-version-movil\/","title":{"rendered":"Limitaciones de la versi\u00f3n m\u00f3vil"},"content":{"rendered":"<p>FMS soporta una versi\u00f3n m\u00f3vil del sistema pero con algunas limitaciones. Algunos m\u00f3dulos y funcionalidades que necesitan alta resoluci\u00f3n de pantalla est\u00e1n deshabilitados en la versi\u00f3n m\u00f3vil.<\/p>\n<p>Se incluyen estos m\u00f3dulos y funcionalidades entre los deshabilitados:<\/p>\n<ul>\n<li>M\u00f3dulo de tareas de mantenimiento &#8211; las tareas de mantenimiento asignadas a veh\u00edculos se mostrar\u00e1n en el m\u00f3dulo de resumen &#8211; secci\u00f3n de mantenimiento;<\/li>\n<li>M\u00f3dulo de informes;<\/li>\n<li>M\u00f3dulo de conducci\u00f3n ecol\u00f3gica;<\/li>\n<li>Descarga de archivos de tac\u00f3grafo desde veh\u00edculos comerciales pesados;<\/li>\n<li>La funcionalidad &#8220;Analizar por coordenadas&#8221; en el resumen historial;<\/li>\n<li>El gr\u00e1fico en el resumen de combustible;<\/li>\n<li>Editar tareas de mantenimiento en el resumen de tareas de mantenimiento;<\/li>\n<li>Crear o editar conductores en el men\u00fa de conductores;<\/li>\n<li>Mensajer\u00eda masiva en el men\u00fa de comunicaci\u00f3n;<\/li>\n<li>Crear o editar tareas en el men\u00fa de tareas;<\/li>\n<li>Crear o editar geozonas en el men\u00fa de geozonas;<\/li>\n<li>Crear o editar eventos &#8211; permite habilitar\/deshabilitar eventos.<\/li>\n<\/ul>\n<p>Otra informaci\u00f3n importante relacionada con el uso de la aplicaci\u00f3n m\u00f3vil se describe en la secci\u00f3n <a href=\"https:\/\/www.fmsdocumentation.com\/es\/uso-de-la-aplicacion-movil\/\">&#8220;Uso de la aplicaci\u00f3n m\u00f3vil&#8221;<\/a>.<\/p>\n<hr \/>\n<p><div class=\"alignleft\"><a href=\"https:\/\/www.fmsdocumentation.com\/es\/informacion-basica\/aplicacion-movil\/\" title=\"Aplicaci\u00f3n m\u00f3vil\"><span class=\"arrow\">\u2039 &nbsp <\/span> Aplicaci\u00f3n m\u00f3vil <\/a><\/div> <div class=\"alignright\"><a href=\"https:\/\/www.fmsdocumentation.com\/es\/informacion-basica\/planes-de-facturacion\/\" title=\"Planes de facturaci\u00f3n\">Planes de facturaci\u00f3n <span class=\"arrow\"> &nbsp\u203a <\/span> <\/a><\/div><\/p>\n","protected":false},"excerpt":{"rendered":"<p>FMS soporta una versi\u00f3n m\u00f3vil del sistema pero con algunas limitaciones. Algunos m\u00f3dulos y funcionalidades que necesitan alta resoluci\u00f3n de pantalla est\u00e1n deshabilitados en la versi\u00f3n m\u00f3vil. Se incluyen estos m\u00f3dulos y funcionalidades entre los deshabilitados: M\u00f3dulo de tareas de mantenimiento &#8211; las tareas de mantenimiento asignadas a veh\u00edculos se mostrar\u00e1n en el m\u00f3dulo de &hellip; <a href=\"https:\/\/www.fmsdocumentation.com\/es\/informacion-basica\/limitaciones-de-la-version-movil\/\" class=\"more-link\">Sigue leyendo <span class=\"screen-reader-text\">Limitaciones de la versi\u00f3n m\u00f3vil<\/span><\/a><\/p>\n","protected":false},"author":1,"featured_media":0,"parent":2214,"menu_order":5,"comment_status":"closed","ping_status":"closed","template":"","meta":{"footnotes":""},"class_list":["post-2089","page","type-page","status-publish","hentry"],"_links":{"self":[{"href":"https:\/\/www.fmsdocumentation.com\/es\/wp-json\/wp\/v2\/pages\/2089","targetHints":{"allow":["GET"]}}],"collection":[{"href":"https:\/\/www.fmsdocumentation.com\/es\/wp-json\/wp\/v2\/pages"}],"about":[{"href":"https:\/\/www.fmsdocumentation.com\/es\/wp-json\/wp\/v2\/types\/page"}],"author":[{"embeddable":true,"href":"https:\/\/www.fmsdocumentation.com\/es\/wp-json\/wp\/v2\/users\/1"}],"replies":[{"embeddable":true,"href":"https:\/\/www.fmsdocumentation.com\/es\/wp-json\/wp\/v2\/comments?post=2089"}],"version-history":[{"count":5,"href":"https:\/\/www.fmsdocumentation.com\/es\/wp-json\/wp\/v2\/pages\/2089\/revisions"}],"predecessor-version":[{"id":7384,"href":"https:\/\/www.fmsdocumentation.com\/es\/wp-json\/wp\/v2\/pages\/2089\/revisions\/7384"}],"up":[{"embeddable":true,"href":"https:\/\/www.fmsdocumentation.com\/es\/wp-json\/wp\/v2\/pages\/2214"}],"wp:attachment":[{"href":"https:\/\/www.fmsdocumentation.com\/es\/wp-json\/wp\/v2\/media?parent=2089"}],"curies":[{"name":"wp","href":"https:\/\/api.w.org\/{rel}","templated":true}]}}