{"id":2091,"date":"2017-04-19T09:24:32","date_gmt":"2017-04-19T09:24:32","guid":{"rendered":"http:\/\/www.fmsdocumentation.com\/trusttrack-app\/"},"modified":"2019-03-18T10:25:34","modified_gmt":"2019-03-18T08:25:34","slug":"aplicacion-movil","status":"publish","type":"page","link":"https:\/\/www.fmsdocumentation.com\/es\/informacion-basica\/aplicacion-movil\/","title":{"rendered":"Aplicaci\u00f3n m\u00f3vil"},"content":{"rendered":"<p>Hay una aplicaci\u00f3n m\u00f3vil dise\u00f1ada para facilitar el uso de FMS por los usuarios m\u00f3viles. Esta aplicaci\u00f3n es en realidad la misma que la versi\u00f3n m\u00f3vil, que los usuarios pueden ver a trav\u00e9s del navegador m\u00f3vil, pero sin el inconveniente de usar un navegador. La aplicaci\u00f3n tiene un solo requisito:<\/p>\n<ul>\n<li>Conexi\u00f3n a internet;<\/li>\n<\/ul>\n<p><a href=\"https:\/\/www.fmsdocumentation.com\/wp-content\/uploads\/2019\/03\/tt-logo-1-1.png\"><img loading=\"lazy\" decoding=\"async\" class=\"alignnone size-full wp-image-7376\" src=\"https:\/\/www.fmsdocumentation.com\/wp-content\/uploads\/2019\/03\/tt-logo-1-1.png\" alt=\"\" width=\"300\" height=\"325\" srcset=\"https:\/\/www.fmsdocumentation.com\/wp-content\/uploads\/2019\/03\/tt-logo-1-1.png 300w, https:\/\/www.fmsdocumentation.com\/wp-content\/uploads\/2019\/03\/tt-logo-1-1-277x300.png 277w\" sizes=\"auto, (max-width: 300px) 100vw, 300px\" \/><\/a><\/p>\n<p>Caracter\u00edsticas de la aplicaci\u00f3n:<\/p>\n<ul>\n<li>La posibilidad de fijar un servidor principal de FMS. Descrito en la secci\u00f3n <a href=\"https:\/\/www.fmsdocumentation.com\/es\/uso-de-la-aplicacion-movil\/?lang=es\">&#8220;Uso de la aplicaci\u00f3n m\u00f3vil&#8221;<\/a>;<\/li>\n<li>Funcionalidad completa, id\u00e9ntica a la versi\u00f3n m\u00f3vil de FMS. Las limitaciones de la versi\u00f3n m\u00f3vil se describen en el cap\u00edtulo <a href=\"https:\/\/www.fmsdocumentation.com\/es\/informacion-basica\/limitaciones-de-la-version-movil\/\">&#8220;Limitaciones de la versi\u00f3n m\u00f3vil&#8221;<\/a>.<\/li>\n<\/ul>\n<p>Se proporciona una descripci\u00f3n corta de uso de la aplicaci\u00f3n m\u00f3vil en la secci\u00f3n\u00a0<a href=\"https:\/\/www.fmsdocumentation.com\/es\/uso-de-la-aplicacion-movil\/?lang=es\">&#8220;Uso de la aplicaci\u00f3n m\u00f3vil&#8221;<\/a>.<br \/>\n<p class=\"note\">Nota<br \/>\nLa aplicaci\u00f3n no admite notificaciones push. De manera que no aparecer\u00e1n notificaciones de mensajes, eventos, etc. en el m\u00f3vil del usuario.<\/p><\/p>\n<p>La aplicaci\u00f3n m\u00f3vil est\u00e1 disponible para descargar en <a href=\"https:\/\/play.google.com\/store\/apps\/details?id=com.ruptela.mobile.trusttrack\">Google Play Store<\/a>.<\/p>\n<hr \/>\n<p><div class=\"alignleft\"><a href=\"https:\/\/www.fmsdocumentation.com\/es\/informacion-basica\/cierre-de-sesion\/\" title=\"Cierre de sesi\u00f3n\"><span class=\"arrow\">\u2039 &nbsp <\/span> Cierre de sesi\u00f3n <\/a><\/div> <div class=\"alignright\"><a href=\"https:\/\/www.fmsdocumentation.com\/es\/informacion-basica\/limitaciones-de-la-version-movil\/\" title=\"Limitaciones de la versi\u00f3n m\u00f3vil\">Limitaciones de la versi\u00f3n m\u00f3vil <span class=\"arrow\"> &nbsp\u203a <\/span> <\/a><\/div><\/p>\n","protected":false},"excerpt":{"rendered":"<p>Hay una aplicaci\u00f3n m\u00f3vil dise\u00f1ada para facilitar el uso de FMS por los usuarios m\u00f3viles. Esta aplicaci\u00f3n es en realidad la misma que la versi\u00f3n m\u00f3vil, que los usuarios pueden ver a trav\u00e9s del navegador m\u00f3vil, pero sin el inconveniente de usar un navegador. La aplicaci\u00f3n tiene un solo requisito: Conexi\u00f3n a internet; Caracter\u00edsticas de &hellip; <a href=\"https:\/\/www.fmsdocumentation.com\/es\/informacion-basica\/aplicacion-movil\/\" class=\"more-link\">Sigue leyendo <span class=\"screen-reader-text\">Aplicaci\u00f3n m\u00f3vil<\/span><\/a><\/p>\n","protected":false},"author":1,"featured_media":0,"parent":2214,"menu_order":4,"comment_status":"closed","ping_status":"closed","template":"","meta":{"footnotes":""},"class_list":["post-2091","page","type-page","status-publish","hentry"],"_links":{"self":[{"href":"https:\/\/www.fmsdocumentation.com\/es\/wp-json\/wp\/v2\/pages\/2091","targetHints":{"allow":["GET"]}}],"collection":[{"href":"https:\/\/www.fmsdocumentation.com\/es\/wp-json\/wp\/v2\/pages"}],"about":[{"href":"https:\/\/www.fmsdocumentation.com\/es\/wp-json\/wp\/v2\/types\/page"}],"author":[{"embeddable":true,"href":"https:\/\/www.fmsdocumentation.com\/es\/wp-json\/wp\/v2\/users\/1"}],"replies":[{"embeddable":true,"href":"https:\/\/www.fmsdocumentation.com\/es\/wp-json\/wp\/v2\/comments?post=2091"}],"version-history":[{"count":8,"href":"https:\/\/www.fmsdocumentation.com\/es\/wp-json\/wp\/v2\/pages\/2091\/revisions"}],"predecessor-version":[{"id":7385,"href":"https:\/\/www.fmsdocumentation.com\/es\/wp-json\/wp\/v2\/pages\/2091\/revisions\/7385"}],"up":[{"embeddable":true,"href":"https:\/\/www.fmsdocumentation.com\/es\/wp-json\/wp\/v2\/pages\/2214"}],"wp:attachment":[{"href":"https:\/\/www.fmsdocumentation.com\/es\/wp-json\/wp\/v2\/media?parent=2091"}],"curies":[{"name":"wp","href":"https:\/\/api.w.org\/{rel}","templated":true}]}}