{"id":2096,"date":"2017-04-07T08:44:47","date_gmt":"2017-04-07T08:44:47","guid":{"rendered":"http:\/\/www.fmsdocumentation.com\/trips-report\/"},"modified":"2018-12-20T15:55:50","modified_gmt":"2018-12-20T13:55:50","slug":"informe-de-trayectos","status":"publish","type":"page","link":"https:\/\/www.fmsdocumentation.com\/es\/menu-de-informes\/informe-de-trayectos\/","title":{"rendered":"Informe de trayectos"},"content":{"rendered":"<p><strong>Informe de trayectos<\/strong> \u2013 este tipo de informe se centra en generar detalles de trayectos, por ejemplo donde empez\u00f3 el trayecto, donde termin\u00f3, cu\u00e1nto tiempo dur\u00f3, qu\u00e9 distancia fue recorrida en el trayecto y m\u00e1s.\u00a0Al principio el usuario debe seleccionar el per\u00edodo, para el cu\u00e1l se generar\u00e1 este informe.<\/p>\n<p><strong>Rango de fecha<\/strong>\u00a0\u2013 para seleccionar un rango de fecha (per\u00edodo) el usuario debe hacer clic en \u201cElegir rango de fechas\u201d, se abrir\u00e1 un calendario emergente. El calendario es el mismo en todo FMS. Para seleccionar la fecha de inicio \/ final, el usuario simplemente tiene que hacer clic en la fecha deseada y entonces hacer clic en la fecha opuesta. Los d\u00edas seleccionados se resaltar\u00e1n en azul. El d\u00eda actual est\u00e1 resaltado con un tri\u00e1ngulo azul peque\u00f1o. Si se selecciona el d\u00eda actual, el tri\u00e1ngulo estar\u00e1 blanco. Luego, el usuario puede especificar las horas exactas, las cu\u00e1les incluir en el informe. Para guardar los cambios hay que hacer clic en el bot\u00f3n \u201cAplicar\u201d, si no, los cambios no se guardar\u00e1n.<\/p>\n<p><a href=\"https:\/\/www.fmsdocumentation.com\/wp-content\/uploads\/2017\/04\/136ES.png\"><img loading=\"lazy\" decoding=\"async\" class=\"alignnone size-full wp-image-3119\" src=\"https:\/\/www.fmsdocumentation.com\/wp-content\/uploads\/2017\/04\/136ES.png\" alt=\"\" width=\"575\" height=\"552\" srcset=\"https:\/\/www.fmsdocumentation.com\/wp-content\/uploads\/2017\/04\/136ES.png 575w, https:\/\/www.fmsdocumentation.com\/wp-content\/uploads\/2017\/04\/136ES-300x288.png 300w\" sizes=\"auto, (max-width: 575px) 100vw, 575px\" \/><\/a><\/p>\n<p>La longitud m\u00ednima del per\u00edodo es un d\u00eda. Para seleccionar un s\u00f3lo d\u00eda, el usuario simplemente tiene que hacer doble clic en el d\u00eda deseado. Luego, el usuario debe seleccionar el basis, para el cu\u00e1l se generar\u00e1 el informe.<\/p>\n<p><strong>Reportar por\u00a0<\/strong>\u2013 este ajuste define el basis principal del informe. Hay dos opciones disponibles:<\/p>\n<ul>\n<li>Objetos<\/li>\n<li>Conductores<\/li>\n<\/ul>\n<p>El informe generado mostrar\u00e1 informaci\u00f3n (<em>par\u00e1metros: distancia de viaje, ubicaci\u00f3n al inicio etc.<\/em>) para el basis seleccionado (<em>objetos o conductores<\/em>). Si se selecciona objetos, el informe mostrar\u00e1 informaci\u00f3n para los objetos seleccionados.<\/p>\n<p><strong>Objetos\/Conductores\u00a0<\/strong>\u2013 (<em>depende de la selecci\u00f3n de \u201cReportar por\u201d<\/em>) permite al usuario elegir para qu\u00e9 objetos \/ conductores se generar\u00e1 el informe.<\/p>\n<p>Si se selecciona\u00a0<em>Objetos<\/em>, la lista tambi\u00e9n incluir\u00e1\u00a0<strong>grupos<\/strong>\u00a0de objetos. El usuario puede seleccionar un grupo entero marcando la casilla cerca del grupo. Se puede extender el grupo haciendo clic en el s\u00edmbolo m\u00e1s y se puede hacer clic en el s\u00edmbolo menos para colapsar el grupo.\u00a0<strong>Se puede seleccionar objetos individuales.<\/strong>\u00a0Hay que notar que si se selecciona un objeto, pertenecido a varios grupos, se resaltar\u00e1 en cada grupo, como se muestra en la imagen a continuaci\u00f3n. Si se selecciona un grupo entero, la casilla estar\u00e1 resaltada en azul con una marca blanca. Si se selecciona una parte de grupo, la casilla estar\u00e1 resaltada en azul (mostrado en la imagen a continuaci\u00f3n). El usuario tambi\u00e9n puede utilizar una barra de b\u00fasqueda para encontrar grupos y objectos con rapidez. Se puede seleccionar\/deseleccionar todos los grupos marcando la casilla al lado de \u201cSeleccionar todos los grupos\u201d. La cantidad de objetos seleccionados y todos los objetos se muestra en la esquina derecha superior de la lista.<\/p>\n<p><a href=\"https:\/\/www.fmsdocumentation.com\/wp-content\/uploads\/2017\/04\/281ES.png\" data-featherlight=\"image\"><img loading=\"lazy\" decoding=\"async\" class=\"alignnone wp-image-3115 size-full\" src=\"https:\/\/www.fmsdocumentation.com\/wp-content\/uploads\/2017\/04\/281ES.png\" sizes=\"auto, (max-width: 574px) 100vw, 574px\" srcset=\"https:\/\/www.fmsdocumentation.com\/wp-content\/uploads\/2017\/04\/281ES.png 574w, https:\/\/www.fmsdocumentation.com\/wp-content\/uploads\/2017\/04\/281ES-300x218.png 300w\" alt=\"\" width=\"574\" height=\"418\" \/><\/a><\/p>\n<p>Si se selecciona\u00a0<em>Conductores<\/em>, se mostrar\u00e1n conductores en la lista desplegable. Para seleccionar a un conductor, el usuario tiene que marcar la casilla al lado del conductor. Marcando la casilla \u201cSeleccionar todo\u201d seleccionar\u00e1\/deseleccionar\u00e1 a todos los conductores. La lista se actualiza autom\u00e1ticamente con cada s\u00edmbolo introducido a la barra de b\u00fasqueda.\u00a0La cantidad de conductores seleccionados y todos los conductores se muestra en la esquina derecha superior de la lista.<\/p>\n<p><a href=\"https:\/\/www.fmsdocumentation.com\/wp-content\/uploads\/2018\/12\/340ES.png\" data-featherlight=\"image\"><img loading=\"lazy\" decoding=\"async\" class=\"alignnone size-full wp-image-6804\" src=\"https:\/\/www.fmsdocumentation.com\/wp-content\/uploads\/2018\/12\/340ES.png\" sizes=\"auto, (max-width: 549px) 100vw, 549px\" srcset=\"https:\/\/www.fmsdocumentation.com\/wp-content\/uploads\/2018\/12\/340ES.png 549w, https:\/\/www.fmsdocumentation.com\/wp-content\/uploads\/2018\/12\/340ES-300x162.png 300w\" alt=\"\" width=\"549\" height=\"296\" \/><\/a><\/p>\n<p>Despu\u00e9s de seleccionar objetos\/conductores, el usuario debe seleccionar par\u00e1metros en <strong>la lista de columnas<\/strong>. Este informe incluir\u00e1 los siguientes par\u00e1metros, seleccionados por defecto:<\/p>\n<ul>\n<li>Hora de inicio de trabajo \u2013 la fecha y hora cuando la ignici\u00f3n fue encendida por la primera vez, no puede ser eliminado;<\/li>\n<li>Ubicaci\u00f3n de inicio de trabajo \u2013 la ubicaci\u00f3n donde la ignici\u00f3n fue encendida por la primera vez;<\/li>\n<li>Hora de fin de trabajo \u2013 la fecha y hora cuando la ignici\u00f3n fue apagada por la \u00faltima vez;<\/li>\n<li>Ubicaci\u00f3n de fin de trabajo \u2013 la ubicaci\u00f3n donde la ignici\u00f3n fue apagada por la \u00faltima vez;<\/li>\n<li>Kilometraje recorrido \u2013 la distancia total del trayecto durante el d\u00eda en kil\u00f3metros;<\/li>\n<li>Combustible consumido \u2013 la cantidad total de combustible consumido en el trayecto;<\/li>\n<li>Kilometraje al inicio \u2013 el kilometraje al inicio del trayecto;<\/li>\n<li>Kilometraje al final \u2013 el kilometraje al final del trayecto;<\/li>\n<li>Conductor \u2013 el nombre del conductor;<\/li>\n<li>Notas \u2013 columna vac\u00eda para informaci\u00f3n para el usuario;<\/li>\n<li>Nivel de combustible al inicio\u00a0\u2013 el nivel de combustible al inicio del trayecto;<\/li>\n<li>Nivel de combustible al final \u2013 el nivel de combustible al final del trayecto.<\/li>\n<\/ul>\n<p>Los otros par\u00e1metros que son opcionales:<\/p>\n<ul>\n<li>Combustible consumido por 100 km\u00a0\u2013 la cantidad de combustible consumido por 100 km;<\/li>\n<li>Combustible consumido por hora \u2013 la cantidad de combustible consumido por hora;<\/li>\n<li>Consumo de combustible en inactividad \u2013 la cantidad de combustible consumido mientras el veh\u00edculo estaba inactivo;<\/li>\n<li>Diferencia entre kilometraje y od\u00f3metro virtual;<\/li>\n<li>Duraci\u00f3n de inactividad \u2013 la duraci\u00f3n de tiempo por la cu\u00e1l el veh\u00edculo estaba inactivo;<\/li>\n<li>Duraci\u00f3n de parada \u2013 la duraci\u00f3n de tiempo por la cu\u00e1l el veh\u00edculo no estaba en movimiento;<\/li>\n<li>Duraci\u00f3n de trabajo \u2013 la duraci\u00f3n de tiempo por la cu\u00e1l el veh\u00edculo estaba en movimiento;<\/li>\n<li>No. &#8211; a\u00f1ade una columna de numeraci\u00f3n para los trayectos;<\/li>\n<li>Od\u00f3metro virtual \u2013 kilometraje del od\u00f3metro virtual, calculado desde la diferencia entre el inicio del trayecto y el final;<\/li>\n<li>Tipo de trayecto \u2013 indica el tipo del trayecto, puede ser: privado, de negocio, de trabajo y ning\u00fan;<\/li>\n<li>Velocidad media \u2013 la velocidad media durante el trayecto;<\/li>\n<li>Velocidad m\u00e1xima \u2013 la velocidad m\u00e1xima durante el trayecto.<\/li>\n<\/ul>\n<p>Despu\u00e9s de seleccionar los par\u00e1metros en la lista de columnas, el usuario tambi\u00e9n puede habilitar o deshabilitar lo siguiente:<\/p>\n<p><strong>Versi\u00f3n minimizada del informe<\/strong>\u00a0\u2013 deshabilitado por defecto. Si est\u00e1 habilitado, todos los datos de trayectos para un objeto\/conductor se reunir\u00e1n en una sola tabla de resumen y detalles, en lugar de haber tablas distintas para cada d\u00eda seleccionado. Si est\u00e1 habilitado,\u00a0<strong>Resumen del informe<\/strong>\u00a0tambi\u00e9n se habilitar\u00e1, mientras <strong>Mostrar mapa<\/strong> se deshabilitar\u00e1;<\/p>\n<p><strong>Resumen del informe\u00a0<\/strong>\u2013 habilitado por defecto, incluir\u00e1 una secci\u00f3n de resumen en el informe. Esto resumir\u00e1 toda la informaci\u00f3n en el informe;<\/p>\n<p><strong>Mostrar mapa <\/strong>\u2013\u00a0deshabilitado por defecto, incluir\u00e1 un mapa en el informe, con todos los eventos de repostaje\/drenaje marcados;<\/p>\n<p><strong>Divida los trayectos en unos diferentes si cruza la frontera de un pa\u00eds<\/strong> \u2013 deshabilitado por defecto, si habilitado, un trayecto cruzando una frontera de un pa\u00eds se dividir\u00e1 en dos trayectos, antes y despu\u00e9s de la frontera;<\/p>\n<p><strong>Mostrar los trayectos peque\u00f1os\u00a0<\/strong>\u2013 deshabilitado por defecto, si habilitado, se incluir\u00e1n trayectos de menos de 50 metros en el informe.<\/p>\n<p><a href=\"https:\/\/www.fmsdocumentation.com\/wp-content\/uploads\/2018\/03\/206ES.png\"><img loading=\"lazy\" decoding=\"async\" class=\"alignnone wp-image-4795 size-large\" src=\"https:\/\/www.fmsdocumentation.com\/wp-content\/uploads\/2018\/03\/206ES-1024x589.png\" alt=\"\" width=\"660\" height=\"380\" srcset=\"https:\/\/www.fmsdocumentation.com\/wp-content\/uploads\/2018\/03\/206ES-1024x589.png 1024w, https:\/\/www.fmsdocumentation.com\/wp-content\/uploads\/2018\/03\/206ES-300x172.png 300w, https:\/\/www.fmsdocumentation.com\/wp-content\/uploads\/2018\/03\/206ES-768x442.png 768w, https:\/\/www.fmsdocumentation.com\/wp-content\/uploads\/2018\/03\/206ES.png 1207w\" sizes=\"auto, (max-width: 660px) 100vw, 660px\" \/><\/a><\/p>\n<p>Para finalizar y generar el informe, el usuario debe hacer clic en el bot\u00f3n &#8220;Generar&#8221;. Para cancelar la creaci\u00f3n del informe el usuario tiene que hacer clic en el bot\u00f3n &#8220;Cancelar&#8221;, o en cualquier otro bot\u00f3n fuera de la ventana &#8220;Generar nuevo informe&#8221;.<\/p>\n<p><a href=\"https:\/\/www.fmsdocumentation.com\/wp-content\/uploads\/2017\/04\/202ES.png\"><img loading=\"lazy\" decoding=\"async\" class=\"alignnone size-full wp-image-3121\" src=\"https:\/\/www.fmsdocumentation.com\/wp-content\/uploads\/2017\/04\/202ES.png\" alt=\"\" width=\"528\" height=\"82\" srcset=\"https:\/\/www.fmsdocumentation.com\/wp-content\/uploads\/2017\/04\/202ES.png 528w, https:\/\/www.fmsdocumentation.com\/wp-content\/uploads\/2017\/04\/202ES-300x47.png 300w\" sizes=\"auto, (max-width: 528px) 100vw, 528px\" \/><\/a><\/p>\n<hr \/>\n<p><div class=\"alignleft\"><a href=\"https:\/\/www.fmsdocumentation.com\/es\/menu-de-informes\/informe-de-resumen-del-viaje\/\" title=\"Informe de resumen del viaje\"><span class=\"arrow\">\u2039 &nbsp <\/span> Informe de resumen del viaje <\/a><\/div> <div class=\"alignright\"><a href=\"https:\/\/www.fmsdocumentation.com\/es\/menu-de-informes\/informe-de-horas-de-trabajo\/\" title=\"Informe de horas de trabajo\">Informe de horas de trabajo <span class=\"arrow\"> &nbsp\u203a <\/span> <\/a><\/div><\/p>\n","protected":false},"excerpt":{"rendered":"<p>Informe de trayectos \u2013 este tipo de informe se centra en generar detalles de trayectos, por ejemplo donde empez\u00f3 el trayecto, donde termin\u00f3, cu\u00e1nto tiempo dur\u00f3, qu\u00e9 distancia fue recorrida en el trayecto y m\u00e1s.\u00a0Al principio el usuario debe seleccionar el per\u00edodo, para el cu\u00e1l se generar\u00e1 este informe. Rango de fecha\u00a0\u2013 para seleccionar un &hellip; <a href=\"https:\/\/www.fmsdocumentation.com\/es\/menu-de-informes\/informe-de-trayectos\/\" class=\"more-link\">Sigue leyendo <span class=\"screen-reader-text\">Informe de trayectos<\/span><\/a><\/p>\n","protected":false},"author":1,"featured_media":0,"parent":2139,"menu_order":13,"comment_status":"closed","ping_status":"closed","template":"","meta":{"footnotes":""},"class_list":["post-2096","page","type-page","status-publish","hentry"],"_links":{"self":[{"href":"https:\/\/www.fmsdocumentation.com\/es\/wp-json\/wp\/v2\/pages\/2096","targetHints":{"allow":["GET"]}}],"collection":[{"href":"https:\/\/www.fmsdocumentation.com\/es\/wp-json\/wp\/v2\/pages"}],"about":[{"href":"https:\/\/www.fmsdocumentation.com\/es\/wp-json\/wp\/v2\/types\/page"}],"author":[{"embeddable":true,"href":"https:\/\/www.fmsdocumentation.com\/es\/wp-json\/wp\/v2\/users\/1"}],"replies":[{"embeddable":true,"href":"https:\/\/www.fmsdocumentation.com\/es\/wp-json\/wp\/v2\/comments?post=2096"}],"version-history":[{"count":16,"href":"https:\/\/www.fmsdocumentation.com\/es\/wp-json\/wp\/v2\/pages\/2096\/revisions"}],"predecessor-version":[{"id":6858,"href":"https:\/\/www.fmsdocumentation.com\/es\/wp-json\/wp\/v2\/pages\/2096\/revisions\/6858"}],"up":[{"embeddable":true,"href":"https:\/\/www.fmsdocumentation.com\/es\/wp-json\/wp\/v2\/pages\/2139"}],"wp:attachment":[{"href":"https:\/\/www.fmsdocumentation.com\/es\/wp-json\/wp\/v2\/media?parent=2096"}],"curies":[{"name":"wp","href":"https:\/\/api.w.org\/{rel}","templated":true}]}}